{"id":2846,"date":"2022-04-10T15:53:41","date_gmt":"2022-04-10T15:53:41","guid":{"rendered":"https:\/\/ambassadebeaute.al\/?post_type=product&#038;p=2846"},"modified":"2026-04-08T20:23:48","modified_gmt":"2026-04-08T20:23:48","slug":"%d0%b5%d0%bc%d1%83%d0%bb%d0%b7%d0%b8%d1%98%d0%b0-originalelle-regenerante-50-ml","status":"publish","type":"product","link":"https:\/\/ambassadebeaute.al\/mk\/shop\/br\/face\/creams\/emulsion-originelle-regenerante-50-ml\/","title":{"rendered":"EMULSION ORIGINELLE REGENERANTE 50 ML"},"content":{"rendered":"<div>\u0414\u0415\u0408\u0421\u0422\u0412\u0410<\/div>\n<ul>\n<li>\n<div>\u0413\u043e \u0441\u043c\u0438\u0440\u0443\u0432\u0430 \u0441\u0442\u0440\u0435\u0441\u0438\u0440\u0430\u043d\u0438\u043e\u0442 \u0435\u043f\u0438\u0434\u0435\u0440\u043c\u0438\u0441, \u0433\u0438 \u0441\u043c\u0438\u0440\u0443\u0432\u0430 \u0438\u0440\u0438\u0442\u0430\u0446\u0438\u0438\u0442\u0435 \u0438 \u0437\u0430\u0442\u0435\u0433\u043d\u0430\u0442\u043e\u0441\u0442\u0430, \u0458\u0430 \u043e\u043c\u0435\u043a\u043d\u0443\u0432\u0430 \u043a\u043e\u0436\u0430\u0442\u0430.<\/div>\n<\/li>\n<li>\n<div>\u0413\u043e \u043e\u0431\u043d\u043e\u0432\u0443\u0432\u0430 \u043d\u0435\u0434\u043e\u0441\u0442\u0430\u0442\u043e\u043a\u043e\u0442 \u043d\u0430 \u0445\u0438\u0434\u0440\u043e\u043b\u0438\u043f\u0438\u0434\u0435\u043d \u0444\u0438\u043b\u043c.<\/div>\n<\/li>\n<li>\n<div>\u0408\u0430 \u0448\u0442\u0438\u0442\u0438 \u043a\u043e\u0436\u0430\u0442\u0430 \u043e\u0434 \u043d\u0430\u0434\u0432\u043e\u0440\u0435\u0448\u043d\u0438 \u0430\u0433\u0440\u0435\u0441\u0438\u0438 \u0438 \u0441\u0443\u0432\u043e\u0441\u0442 \u043d\u0430 \u043a\u043e\u0436\u0430\u0442\u0430.<\/div>\n<\/li>\n<li>\n<div>\u0413\u043e \u0440\u0435\u0441\u0442\u0440\u0443\u043a\u0442\u0443\u0440\u0438\u0440\u0430 \u043c\u0438\u043a\u0440\u043e\u0440\u0435\u043b\u0435\u0444\u043e\u0442 \u043d\u0430 \u043a\u043e\u0436\u0430\u0442\u0430, \u0433\u043e \u0438\u0437\u0435\u0434\u043d\u0430\u0447\u0443\u0432\u0430 \u0438 \u043e\u0441\u0432\u0435\u0442\u043b\u0443\u0432\u0430 \u0442\u0435\u043d\u043e\u0442.<\/div>\n<\/li>\n<li>\n<div>\u0413\u0438 \u0445\u0438\u0434\u0440\u0438\u0440\u0430 \u0433\u043e\u0440\u043d\u0438\u0442\u0435 \u0441\u043b\u043e\u0435\u0432\u0438 \u043d\u0430 \u0435\u043f\u0438\u0434\u0435\u0440\u043c\u0438\u0441\u043e\u0442.<\/div>\n<\/li>\n<li>\n<div>\u041b\u0435\u0441\u043d\u043e \u0441\u0435 \u043d\u0430\u043d\u0435\u0441\u0443\u0432\u0430, \u0431\u0440\u0437\u043e \u0441\u0435 \u043f\u0435\u043d\u0435\u0442\u0440\u0438\u0440\u0430, \u043d\u0435 \u043e\u0441\u0442\u0430\u0432\u0430 \u043c\u0430\u0441\u0435\u043d \u0444\u0438\u043b\u043c.<\/div>\n<\/li>\n<li>\n<div>\u0412\u0435\u0434\u043d\u0430\u0448 \u0441\u043c\u0438\u0440\u0443\u0432\u0430 \u0438 \u0433\u043e \u0443\u0431\u043b\u0430\u0436\u0443\u0432\u0430 \u0447\u0443\u0432\u0441\u0442\u0432\u043e\u0442\u043e \u043d\u0430 \u043d\u0435\u043f\u0440\u0438\u0458\u0430\u0442\u043d\u043e\u0441\u0442.<\/div>\n<\/li>\n<li>\n<div>\u0408\u0430 \u043e\u0441\u0442\u0430\u0432\u0430 \u0432\u0430\u0448\u0430\u0442\u0430 \u043a\u043e\u0436\u0430 \u043c\u0435\u043a\u0430, \u0441\u043c\u0438\u0440\u0435\u043d\u0430 \u0438 \u0441\u0458\u0430\u0458\u043d\u0430.<\/div>\n<\/li>\n<li>\n<div>\u0408\u0430 \u0440\u0435\u0441\u0442\u0440\u0443\u043a\u0442\u0443\u0440\u0438\u0440\u0430 \u0435\u043f\u0438\u0434\u0435\u0440\u043c\u0430\u043b\u043d\u0430\u0442\u0430 \u0431\u0430\u0440\u0438\u0435\u0440\u0430, \u0458\u0430 \u0445\u0440\u0430\u043d\u0438 \u043a\u043e\u0436\u0430\u0442\u0430.<\/div>\n<\/li>\n<li>\n<div>\u0418\u043d\u0442\u0435\u043d\u0437\u0438\u0432\u043d\u043e \u0433\u0438 \u0445\u0438\u0434\u0440\u0438\u0440\u0430 \u0433\u043e\u0440\u043d\u0438\u0442\u0435 \u0441\u043b\u043e\u0435\u0432\u0438 \u043d\u0430 \u0435\u043f\u0438\u0434\u0435\u0440\u043c\u0438\u0441\u043e\u0442.<\/div>\n<\/li>\n<li>\n<div>\u0417\u0430\u0448\u0442\u0438\u0442\u0443\u0432\u0430 \u0438 \u043f\u043e\u043f\u0440\u0430\u0432\u0430 \u043d\u0430\u0434\u0432\u043e\u0440\u0435\u0448\u043d\u0438 \u0430\u0433\u0440\u0435\u0441\u0438\u0438.<\/div>\n<\/li>\n<li>\n<div>\u0413\u043e \u0443\u0435\u0434\u043d\u0430\u0447\u0443\u0432\u0430 \u0442\u0435\u043d\u043e\u0442, \u0433\u0438 \u0443\u0431\u043b\u0430\u0436\u0443\u0432\u0430 \u0431\u0440\u0447\u043a\u0438\u0442\u0435 \u043f\u0440\u0435\u0434\u0438\u0437\u0432\u0438\u043a\u0430\u043d\u0438 \u043e\u0434 \u0434\u0435\u0445\u0438\u0434\u0440\u0430\u0446\u0438\u0458\u0430.<\/div>\n<\/li>\n<li>\n<div>\u041e\u0431\u0435\u0437\u0431\u0435\u0434\u0443\u0432\u0430 \u0430\u043d\u0442\u0438\u043e\u043a\u0441\u0438\u0434\u0430\u043d\u0442\u043d\u0430 \u0437\u0430\u0448\u0442\u0438\u0442\u0430.<\/div>\n<\/li>\n<li>\n<div>\u0412\u0438\u0441\u0442\u0438\u043d\u0441\u043a\u0438 \u043c\u043e\u043c\u0435\u043d\u0442 \u043d\u0430 \u0443\u0434\u043e\u0431\u043d\u043e\u0441\u0442 \u0437\u0430 \u043a\u043e\u0436\u0430\u0442\u0430 \u0448\u0442\u043e \u0441\u0442\u0440\u0430\u0434\u0430 (\u0437\u0430\u0442\u0435\u0433\u043d\u0430\u0442\u043e\u0441\u0442, \u0446\u0440\u0432\u0435\u043d\u0438\u043b\u043e\u2026)<\/div>\n<\/li>\n<\/ul>","protected":false},"excerpt":{"rendered":"<div class=\"translate-block\">\n<div>\u0420\u0435\u0433\u0435\u043d\u0435\u0440\u0438\u0440\u0430\u0447\u043a\u0438 \u0438 \u0445\u0438\u0434\u0440\u0430\u0442\u0430\u043d\u0442\u0435\u043d \u043a\u0440\u0435\u043c \u0437\u0430 \u043b\u0438\u0446\u0435<\/div>\n<div><\/div>\n<div>\u2022 \u0425\u0418\u0414\u0420\u0410\u0422\u0410\u041d\u0422\u0415\u041d \u2022 \u0425\u0420\u0410\u041d\u041b\u0418\u0412 \u2022 \u0420\u0415\u0413\u0415\u041d\u0415\u0420\u0410\u0422\u0418\u0412\u0415\u041d<\/div>\n<div>\u0415\u043c\u0443\u043b\u0437\u0438\u0458\u0430\u0442\u0430 Originelle R\u00e9g\u00e9n\u00e9rante \u0435 \u0431\u043e\u0433\u0430\u0442 \u0438 \u0441\u043c\u0438\u0440\u0443\u0432\u0430\u0447\u043a\u0438 \u043a\u0440\u0435\u043c \u0437\u0430 \u043b\u0438\u0446\u0435. \u041d\u0430\u043f\u0440\u0430\u0432\u0435\u043d \u0441\u043e \u043c\u0430\u0441\u043b\u043e \u043e\u0434 \u043c\u0430\u043a\u0430\u0434\u0430\u043c\u0438\u0458\u0430 \u0438 \u0441\u043a\u0432\u0430\u043b\u0430\u043d \u043e\u0434 \u0440\u0430\u0441\u0442\u0438\u0442\u0435\u043b\u043d\u043e \u043f\u043e\u0442\u0435\u043a\u043b\u043e, \u043e\u0432\u043e\u0458 \u043a\u0440\u0435\u043c \u0437\u0430 \u043b\u0438\u0446\u0435 \u0458\u0430 \u0440\u0435\u0433\u0435\u043d\u0435\u0440\u0438\u0440\u0430 \u043f\u0440\u0438\u0440\u043e\u0434\u043d\u0430\u0442\u0430 \u043b\u0438\u043f\u0438\u0434\u043d\u0430 \u0431\u0430\u0440\u0438\u0435\u0440\u0430 \u043d\u0430 \u043a\u043e\u0436\u0430\u0442\u0430, \u0437\u0430\u0448\u0442\u0438\u0442\u0443\u0432\u0430\u0458\u045c\u0438 \u0458\u0430 \u043e\u0434 \u0448\u0442\u0435\u0442\u043d\u043e\u0442\u043e \u0432\u043b\u0438\u0458\u0430\u043d\u0438\u0435 \u0432\u0440\u0437 \u0436\u0438\u0432\u043e\u0442\u043d\u0430\u0442\u0430 \u0441\u0440\u0435\u0434\u0438\u043d\u0430. \u041a\u043e\u0433\u0430 \u0441\u0435 \u043d\u0430\u043d\u0435\u0441\u0443\u0432\u0430, \u0432\u0435\u0434\u043d\u0430\u0448 \u0458\u0430 \u043f\u0440\u0430\u0432\u0438 \u043a\u043e\u0436\u0430\u0442\u0430 \u0434\u0430 \u0438\u0437\u0433\u043b\u0435\u0434\u0430 \u043f\u043e\u0440\u0430\u043c\u043d\u043e\u043c\u0435\u0440\u043d\u0430, \u0430 \u0442\u0435\u043d\u043e\u0442 \u043f\u043e\u0441\u0432\u0435\u0442\u043e\u043b.<\/div>\n<div>\u041f\u0440\u0435\u043f\u043e\u0440\u0430\u0447\u0430\u043d\u043e \u0437\u0430 \u0434\u0435\u0445\u0438\u0434\u0440\u0438\u0440\u0430\u043d\u0430 Skin Instants\u00a9 \u0438\/\u0438\u043b\u0438 \u0437\u0430 \u043b\u0438\u0446\u0430 \u0441\u043e \u043d\u0435\u0434\u043e\u0441\u0442\u0430\u0442\u043e\u043a \u043d\u0430 \u043b\u0438\u043f\u0438\u0434\u0438.<\/div>\n<\/div>","protected":false},"featured_media":2847,"template":"","meta":{"_uag_custom_page_level_css":"","site-sidebar-layout":"default","site-content-layout":"","ast-site-content-layout":"default","site-content-style":"default","site-sidebar-style":"default","ast-global-header-display":"","ast-banner-title-visibility":"","ast-main-header-display":"","ast-hfb-above-header-display":"","ast-hfb-below-header-display":"","ast-hfb-mobile-header-display":"","site-post-title":"","ast-breadcrumbs-content":"","ast-featured-img":"","footer-sml-layout":"","ast-disable-related-posts":"","theme-transparent-header-meta":"","adv-header-id-meta":"","stick-header-meta":"","header-above-stick-meta":"","header-main-stick-meta":"","header-below-stick-meta":"","astra-migrate-meta-layouts":"default","ast-page-background-enabled":"default","ast-page-background-meta":{"desktop":{"background-color":"var(--ast-global-color-4)","background-image":"","background-repeat":"repeat","background-position":"center center","background-size":"auto","background-attachment":"scroll","background-type":"","background-media":"","overlay-type":"","overlay-color":"","overlay-opacity":"","overlay-gradient":""},"tablet":{"background-color":"","background-image":"","background-repeat":"repeat","background-position":"center center","background-size":"auto","background-attachment":"scroll","background-type":"","background-media":"","overlay-type":"","overlay-color":"","overlay-opacity":"","overlay-gradient":""},"mobile":{"background-color":"","background-image":"","background-repeat":"repeat","background-position":"center center","background-size":"auto","background-attachment":"scroll","background-type":"","background-media":"","overlay-type":"","overlay-color":"","overlay-opacity":"","overlay-gradient":""}},"ast-content-background-meta":{"desktop":{"background-color":"var(--ast-global-color-5)","background-image":"","background-repeat":"repeat","background-position":"center center","background-size":"auto","background-attachment":"scroll","background-type":"","background-media":"","overlay-type":"","overlay-color":"","overlay-opacity":"","overlay-gradient":""},"tablet":{"background-color":"var(--ast-global-color-5)","background-image":"","background-repeat":"repeat","background-position":"center center","background-size":"auto","background-attachment":"scroll","background-type":"","background-media":"","overlay-type":"","overlay-color":"","overlay-opacity":"","overlay-gradient":""},"mobile":{"background-color":"var(--ast-global-color-5)","background-image":"","background-repeat":"repeat","background-position":"center center","background-size":"auto","background-attachment":"scroll","background-type":"","background-media":"","overlay-type":"","overlay-color":"","overlay-opacity":"","overlay-gradient":""}}},"product_brand":[199],"product_cat":[27,61,114],"product_tag":[56,154,156,133],"class_list":{"0":"post-2846","1":"product","2":"type-product","3":"status-publish","4":"has-post-thumbnail","6":"product_brand-biologique-recherche","7":"product_cat-br","8":"product_cat-creams","9":"product_cat-face","10":"product_tag-biologique-recherche","11":"product_tag-creams","12":"product_tag-dehydrated-skin","13":"product_tag-face-products","14":"desktop-align-center","15":"tablet-align-center","16":"mobile-align-center","17":"ast-product-gallery-layout-vertical-slider","18":"ast-product-gallery-with-no-image","19":"ast-product-tabs-layout-horizontal","20":"ast-qv-on-image","22":"first","23":"instock","24":"taxable","25":"shipping-taxable","26":"purchasable","27":"product-type-simple"},"uagb_featured_image_src":{"full":["https:\/\/ambassadebeaute.al\/wp-content\/uploads\/2022\/04\/Emulsion-Originelle-Regenerante-50ml.jpg",1024,1023,false],"thumbnail":["https:\/\/ambassadebeaute.al\/wp-content\/uploads\/2022\/04\/Emulsion-Originelle-Regenerante-50ml-150x150.jpg",150,150,true],"medium":["https:\/\/ambassadebeaute.al\/wp-content\/uploads\/2022\/04\/Emulsion-Originelle-Regenerante-50ml-300x300.jpg",300,300,true],"medium_large":["https:\/\/ambassadebeaute.al\/wp-content\/uploads\/2022\/04\/Emulsion-Originelle-Regenerante-50ml-768x767.jpg",768,767,true],"large":["https:\/\/ambassadebeaute.al\/wp-content\/uploads\/2022\/04\/Emulsion-Originelle-Regenerante-50ml.jpg",1024,1023,false],"1536x1536":["https:\/\/ambassadebeaute.al\/wp-content\/uploads\/2022\/04\/Emulsion-Originelle-Regenerante-50ml.jpg",1024,1023,false],"2048x2048":["https:\/\/ambassadebeaute.al\/wp-content\/uploads\/2022\/04\/Emulsion-Originelle-Regenerante-50ml.jpg",1024,1023,false],"trp-custom-language-flag":["https:\/\/ambassadebeaute.al\/wp-content\/uploads\/2022\/04\/Emulsion-Originelle-Regenerante-50ml-12x12.jpg",12,12,true],"woocommerce_thumbnail":["https:\/\/ambassadebeaute.al\/wp-content\/uploads\/2022\/04\/Emulsion-Originelle-Regenerante-50ml-300x300.jpg",300,300,true],"woocommerce_single":["https:\/\/ambassadebeaute.al\/wp-content\/uploads\/2022\/04\/Emulsion-Originelle-Regenerante-50ml-600x599.jpg",600,599,true],"woocommerce_gallery_thumbnail":["https:\/\/ambassadebeaute.al\/wp-content\/uploads\/2022\/04\/Emulsion-Originelle-Regenerante-50ml-100x100.jpg",100,100,true]},"uagb_author_info":{"display_name":"admin","author_link":"https:\/\/ambassadebeaute.al\/mk\/author\/"},"uagb_comment_info":0,"uagb_excerpt":"Regenerating and moisturizing cream for the face \u2022 MOISTURIZING \u2022 NOURISHING \u2022 REGENERATING Emulsion Originelle R\u00e9g\u00e9n\u00e9rante is a rich and soothing cream for the face. Made with macadamia oil and plant-derived squalane, this face cream regenerates skin\u2019s natural lipidic barrier while protecting it from environmental damage. When applied, it instantly makes the skin look more&hellip;","_links":{"self":[{"href":"https:\/\/ambassadebeaute.al\/mk\/wp-json\/wp\/v2\/product\/2846","targetHints":{"allow":["GET"]}}],"collection":[{"href":"https:\/\/ambassadebeaute.al\/mk\/wp-json\/wp\/v2\/product"}],"about":[{"href":"https:\/\/ambassadebeaute.al\/mk\/wp-json\/wp\/v2\/types\/product"}],"wp:featuredmedia":[{"embeddable":true,"href":"https:\/\/ambassadebeaute.al\/mk\/wp-json\/wp\/v2\/media\/2847"}],"wp:attachment":[{"href":"https:\/\/ambassadebeaute.al\/mk\/wp-json\/wp\/v2\/media?parent=2846"}],"wp:term":[{"taxonomy":"product_brand","embeddable":true,"href":"https:\/\/ambassadebeaute.al\/mk\/wp-json\/wp\/v2\/product_brand?post=2846"},{"taxonomy":"product_cat","embeddable":true,"href":"https:\/\/ambassadebeaute.al\/mk\/wp-json\/wp\/v2\/product_cat?post=2846"},{"taxonomy":"product_tag","embeddable":true,"href":"https:\/\/ambassadebeaute.al\/mk\/wp-json\/wp\/v2\/product_tag?post=2846"}],"curies":[{"name":"wp","href":"https:\/\/api.w.org\/{rel}","templated":true}]}}