{"id":4892,"date":"2026-03-30T21:15:35","date_gmt":"2026-03-30T21:15:35","guid":{"rendered":"https:\/\/ambassadebeaute.al\/?page_id=4892"},"modified":"2026-03-30T21:15:36","modified_gmt":"2026-03-30T21:15:36","slug":"monika-heiligmann","status":"publish","type":"page","link":"https:\/\/ambassadebeaute.al\/sq\/monika-heiligmann\/","title":{"rendered":"Monika Heiligmann"},"content":{"rendered":"<h2 class=\"wp-block-heading alignwide has-text-align-center has-x-large-font-size\" style=\"border-style:none;border-width:0px;border-top-left-radius:20px;border-top-right-radius:20px;border-bottom-left-radius:20px;border-bottom-right-radius:20px;margin-top:var(--wp--preset--spacing--50);margin-right:var(--wp--preset--spacing--70);margin-bottom:var(--wp--preset--spacing--50);margin-left:var(--wp--preset--spacing--70)\">Koleksioni<\/h2>\n\n\n\n<div class=\"wp-block-columns is-layout-flex wp-container-core-columns-is-layout-28f84493 wp-block-columns-is-layout-flex\">\n<div class=\"wp-block-column is-layout-flow wp-block-column-is-layout-flow\" style=\"flex-basis:100%\">\n<p class=\"has-medium-font-size\" style=\"border-style:none;border-width:0px;border-top-left-radius:20px;border-top-right-radius:20px;border-bottom-left-radius:20px;border-bottom-right-radius:20px;margin-top:var(--wp--preset--spacing--60);margin-right:var(--wp--preset--spacing--70);margin-bottom:var(--wp--preset--spacing--60);margin-left:var(--wp--preset--spacing--70)\">Linja e kujdesit p\u00ebr buz\u00ebt e Monika Heiligmann, e frym\u00ebzuar nga stili i mod\u00ebs, \u00ebsht\u00eb nj\u00eb bashkim p\u00ebrb\u00ebr\u00ebsish natyral\u00eb dhe shkenc\u00ebs s\u00eb p\u00ebrparuar, duke siguruar efikasitet transformues p\u00ebr t\u00eb rritur volumin, hidratuar dhe p\u00ebrsosur buz\u00ebt tuaja.<\/p>\n<\/div>\n<\/div>\n\n\n\n<div class=\"wp-block-group is-nowrap is-layout-flex wp-container-core-group-is-layout-c3906792 wp-block-group-is-layout-flex\" style=\"margin-top:0;margin-bottom:0;padding-top:calc( 0.5 * var(--wp--style--root--padding-right, var(--wp--custom--gap--horizontal)));padding-right:var(--wp--style--root--padding-right, var(--wp--custom--gap--horizontal));padding-bottom:calc( 0.5 * var(--wp--style--root--padding-right, var(--wp--custom--gap--horizontal)));padding-left:var(--wp--style--root--padding-left, var(--wp--custom--gap--horizontal))\">\n<div class=\"wp-block-media-text alignfull has-media-on-the-right is-stacked-on-mobile is-vertically-aligned-center\" style=\"margin-top:var(--wp--preset--spacing--50);margin-right:var(--wp--preset--spacing--20);margin-bottom:var(--wp--preset--spacing--50);margin-left:var(--wp--preset--spacing--20);padding-top:var(--wp--preset--spacing--60);padding-right:var(--wp--preset--spacing--20);padding-bottom:var(--wp--preset--spacing--60);padding-left:var(--wp--preset--spacing--20)\"><div class=\"wp-block-media-text__content\">\n<h3 class=\"wp-block-heading\">Rezultatet transformuese<\/h3>\n\n\n\n<p>Monika Heiligmann, \u00e7do produkt p\u00ebr kujdesin e buz\u00ebve \u00ebsht\u00eb projektuar duke pasur parasysh mir\u00ebqenien dhe sh\u00ebndetin tuaj. Formulat e mod\u00ebs s\u00eb lart\u00eb kombinojn\u00eb shkenc\u00ebn e p\u00ebrparuar me vajrat dhe ekstraktet m\u00eb t\u00eb mira t\u00eb natyr\u00ebs p\u00ebr t\u00eb rritur duksh\u00ebm v\u00ebllimin, hidratimin dhe p\u00ebrkufizimin e buz\u00ebve \u2014 pavar\u00ebsisht n\u00ebse buz\u00ebt tuaja jan\u00eb natyrale apo po i n\u00ebnshtrohen kujdesit estetik.<\/p>\n\n\n\n<p>Ne e b\u00ebjm\u00eb bukurin\u00eb e past\u00ebr v\u00ebrtet efektive<\/p>\n<\/div><figure class=\"wp-block-media-text__media\"><img decoding=\"async\" width=\"720\" height=\"720\" src=\"https:\/\/ambassadebeaute.al\/wp-content\/uploads\/2026\/03\/31_720x.webp\" alt=\"\" class=\"wp-image-4908 size-full\" srcset=\"https:\/\/ambassadebeaute.al\/wp-content\/uploads\/2026\/03\/31_720x.webp 720w, https:\/\/ambassadebeaute.al\/wp-content\/uploads\/2026\/03\/31_720x-300x300.webp 300w, https:\/\/ambassadebeaute.al\/wp-content\/uploads\/2026\/03\/31_720x-150x150.webp 150w, https:\/\/ambassadebeaute.al\/wp-content\/uploads\/2026\/03\/31_720x-12x12.webp 12w, https:\/\/ambassadebeaute.al\/wp-content\/uploads\/2026\/03\/31_720x-600x600.webp 600w, https:\/\/ambassadebeaute.al\/wp-content\/uploads\/2026\/03\/31_720x-100x100.webp 100w\" sizes=\"(max-width: 720px) 100vw, 720px\" \/><\/figure><\/div>\n\n\n\n<div style=\"height:calc( 0.25 * var(--wp--style--root--padding-right, var(--wp--custom--gap--horizontal)));width:0px\" aria-hidden=\"true\" class=\"wp-block-spacer wp-container-content-ff24c794\"><\/div>\n\n\n\n<div style=\"height:calc( 0.25 * var(--wp--style--root--padding-right, var(--wp--custom--gap--horizontal)));width:0px\" aria-hidden=\"true\" class=\"wp-block-spacer wp-container-content-ff24c794\"><\/div>\n<\/div>\n\n\n\n<div class=\"wp-block-media-text alignfull is-stacked-on-mobile\" style=\"margin-top:var(--wp--preset--spacing--50);margin-right:var(--wp--preset--spacing--20);margin-bottom:var(--wp--preset--spacing--50);margin-left:var(--wp--preset--spacing--20);padding-top:var(--wp--preset--spacing--50);padding-right:var(--wp--preset--spacing--20);padding-bottom:var(--wp--preset--spacing--50);padding-left:var(--wp--preset--spacing--20)\"><figure class=\"wp-block-media-text__media\"><img decoding=\"async\" width=\"819\" height=\"1024\" src=\"https:\/\/ambassadebeaute.al\/wp-content\/uploads\/2026\/03\/4_638ef647-9fa9-49b6-8ef3-ca1d88c47adf_1296x-2-819x1024.webp\" alt=\"\" class=\"wp-image-4919 size-full\" srcset=\"https:\/\/ambassadebeaute.al\/wp-content\/uploads\/2026\/03\/4_638ef647-9fa9-49b6-8ef3-ca1d88c47adf_1296x-2-819x1024.webp 819w, https:\/\/ambassadebeaute.al\/wp-content\/uploads\/2026\/03\/4_638ef647-9fa9-49b6-8ef3-ca1d88c47adf_1296x-2-240x300.webp 240w, https:\/\/ambassadebeaute.al\/wp-content\/uploads\/2026\/03\/4_638ef647-9fa9-49b6-8ef3-ca1d88c47adf_1296x-2-768x960.webp 768w, https:\/\/ambassadebeaute.al\/wp-content\/uploads\/2026\/03\/4_638ef647-9fa9-49b6-8ef3-ca1d88c47adf_1296x-2-10x12.webp 10w, https:\/\/ambassadebeaute.al\/wp-content\/uploads\/2026\/03\/4_638ef647-9fa9-49b6-8ef3-ca1d88c47adf_1296x-2-300x375.webp 300w, https:\/\/ambassadebeaute.al\/wp-content\/uploads\/2026\/03\/4_638ef647-9fa9-49b6-8ef3-ca1d88c47adf_1296x-2-600x750.webp 600w, https:\/\/ambassadebeaute.al\/wp-content\/uploads\/2026\/03\/4_638ef647-9fa9-49b6-8ef3-ca1d88c47adf_1296x-2.webp 1080w\" sizes=\"(max-width: 819px) 100vw, 819px\" \/><\/figure><div class=\"wp-block-media-text__content\">\n<p>\u2013 Buz\u00eb t\u00eb Volumizuara dhe t\u00eb Definuara<\/p>\n\n\n\n<p>P\u00ebrjetoni buz\u00eb me volum, p\u00ebrmir\u00ebsoni ngjyr\u00ebn e buz\u00ebve, p\u00ebrsosni konturet dhe riktheni plot\u00ebsin\u00eb.<\/p>\n\n\n\n<h4 class=\"wp-block-heading\">\u2013 Rigjall\u00ebroni dhe luftoni shenjat e plakjes<\/h4>\n\n\n\n<p>Zbuloni formulat tona t\u00eb fuqishme q\u00eb zvog\u00eblojn\u00eb rrudhat dhe stimulojn\u00eb mikroqarkullimin e buz\u00ebve p\u00ebr buz\u00eb t\u00eb pap\u00ebrmbajtshme.<\/p>\n\n\n\n<h4 class=\"wp-block-heading\">\u2013 Qet\u00ebson, hidraton dhe mbron<\/h4>\n\n\n\n<p>L\u00ebrini buz\u00ebt e thata dhe t\u00eb d\u00ebmtuara pas. Formulat tona ultra-ushqyese p\u00ebr kujdesin e buz\u00ebve qet\u00ebsojn\u00eb, hidratojn\u00eb dhe mbrojn\u00eb buz\u00ebt tuaja.<\/p>\n<\/div><\/div>\n\n\n\n<h2 class=\"wp-block-heading alignwide has-text-align-center\" style=\"border-style:none;border-width:0px;border-top-left-radius:20px;border-top-right-radius:20px;border-bottom-left-radius:20px;border-bottom-right-radius:20px;margin-top:var(--wp--preset--spacing--50);margin-right:var(--wp--preset--spacing--50);margin-bottom:var(--wp--preset--spacing--50);margin-left:var(--wp--preset--spacing--50)\">Ekskluzivisht i kuruar p\u00ebr Spa dhe Klinika Estetike t\u00eb Nivelit t\u00eb Lart\u00eb<\/h2>\n\n\n\n<p class=\"has-text-align-left has-border-color has-white-border-color has-medium-font-size\" style=\"border-width:60px;border-top-left-radius:0px;border-top-right-radius:0px;border-bottom-left-radius:0px;border-bottom-right-radius:0px;margin-top:var(--wp--preset--spacing--70);margin-right:var(--wp--preset--spacing--60);margin-bottom:var(--wp--preset--spacing--70);margin-left:var(--wp--preset--spacing--60)\">Trajtimet transformuese t\u00eb buz\u00ebve nga Monika Heiligmann jan\u00eb t\u00eb disponueshme vet\u00ebm p\u00ebrmes nj\u00eb rrjeti t\u00eb p\u00ebrzgjedhur me kujdes t\u00eb spa-ve luksoze dhe klinikave estetike elitare. E zhvilluar nga ekspert\u00eb kryesor\u00eb t\u00eb l\u00ebkur\u00ebs, \u00e7do formul\u00eb \u00ebsht\u00eb krijuar p\u00ebr t\u00eb ofruar rezultate t\u00eb provuara klinikisht q\u00eb mb\u00ebshtesin buz\u00ebt natyrale, si dhe kujdesin para dhe pas trajtimit estetik.<\/p>\n\n\n\n<p style=\"margin-top:var(--wp--preset--spacing--30);margin-bottom:var(--wp--preset--spacing--30)\"><\/p>\n\n\n\n<p><\/p>\n\n\n\n<p><\/p>","protected":false},"excerpt":{"rendered":"<p>The Collection Monika Heiligmann&#8217;s couture-inspired lip care line is a fusion of natural ingredients and cutting-edge science, ensuring transformative efficacy to volumize, hydrate and perfect your lips Transformative Results Monika Heiligmann, every lip care product is designed with your well-being and health in mind. Haute-couture formulas combine cutting-edge science with nature\u2019s finest oils and extracts [&hellip;]<\/p>\n","protected":false},"author":572,"featured_media":0,"parent":0,"menu_order":0,"comment_status":"closed","ping_status":"closed","template":"","meta":{"_uag_custom_page_level_css":"","site-sidebar-layout":"default","site-content-layout":"","ast-site-content-layout":"default","site-content-style":"default","site-sidebar-style":"default","ast-global-header-display":"","ast-banner-title-visibility":"","ast-main-header-display":"","ast-hfb-above-header-display":"","ast-hfb-below-header-display":"","ast-hfb-mobile-header-display":"","site-post-title":"disabled","ast-breadcrumbs-content":"disabled","ast-featured-img":"","footer-sml-layout":"","ast-disable-related-posts":"","theme-transparent-header-meta":"enabled","adv-header-id-meta":"","stick-header-meta":"","header-above-stick-meta":"","header-main-stick-meta":"","header-below-stick-meta":"","astra-migrate-meta-layouts":"set","ast-page-background-enabled":"default","ast-page-background-meta":{"desktop":{"background-color":"var(--ast-global-color-4)","background-image":"","background-repeat":"repeat","background-position":"center center","background-size":"auto","background-attachment":"scroll","background-type":"","background-media":"","overlay-type":"","overlay-color":"","overlay-opacity":"","overlay-gradient":""},"tablet":{"background-color":"","background-image":"","background-repeat":"repeat","background-position":"center center","background-size":"auto","background-attachment":"scroll","background-type":"","background-media":"","overlay-type":"","overlay-color":"","overlay-opacity":"","overlay-gradient":""},"mobile":{"background-color":"","background-image":"","background-repeat":"repeat","background-position":"center center","background-size":"auto","background-attachment":"scroll","background-type":"","background-media":"","overlay-type":"","overlay-color":"","overlay-opacity":"","overlay-gradient":""}},"ast-content-background-meta":{"desktop":{"background-color":"var(--ast-global-color-5)","background-image":"","background-repeat":"repeat","background-position":"center center","background-size":"auto","background-attachment":"scroll","background-type":"","background-media":"","overlay-type":"","overlay-color":"","overlay-opacity":"","overlay-gradient":""},"tablet":{"background-color":"var(--ast-global-color-5)","background-image":"","background-repeat":"repeat","background-position":"center center","background-size":"auto","background-attachment":"scroll","background-type":"","background-media":"","overlay-type":"","overlay-color":"","overlay-opacity":"","overlay-gradient":""},"mobile":{"background-color":"var(--ast-global-color-5)","background-image":"","background-repeat":"repeat","background-position":"center center","background-size":"auto","background-attachment":"scroll","background-type":"","background-media":"","overlay-type":"","overlay-color":"","overlay-opacity":"","overlay-gradient":""}},"footnotes":""},"class_list":["post-4892","page","type-page","status-publish","hentry"],"uagb_featured_image_src":{"full":false,"thumbnail":false,"medium":false,"medium_large":false,"large":false,"1536x1536":false,"2048x2048":false,"trp-custom-language-flag":false,"woocommerce_thumbnail":false,"woocommerce_single":false,"woocommerce_gallery_thumbnail":false},"uagb_author_info":{"display_name":"admin","author_link":"https:\/\/ambassadebeaute.al\/sq\/author\/admin\/"},"uagb_comment_info":0,"uagb_excerpt":"The Collection Monika Heiligmann&#8217;s couture-inspired lip care line is a fusion of natural ingredients and cutting-edge science, ensuring transformative efficacy to volumize, hydrate and perfect your lips Transformative Results Monika Heiligmann, every lip care product is designed with your well-being and health in mind. Haute-couture formulas combine cutting-edge science with nature\u2019s finest oils and extracts&hellip;","_links":{"self":[{"href":"https:\/\/ambassadebeaute.al\/sq\/wp-json\/wp\/v2\/pages\/4892","targetHints":{"allow":["GET"]}}],"collection":[{"href":"https:\/\/ambassadebeaute.al\/sq\/wp-json\/wp\/v2\/pages"}],"about":[{"href":"https:\/\/ambassadebeaute.al\/sq\/wp-json\/wp\/v2\/types\/page"}],"author":[{"embeddable":true,"href":"https:\/\/ambassadebeaute.al\/sq\/wp-json\/wp\/v2\/users\/572"}],"replies":[{"embeddable":true,"href":"https:\/\/ambassadebeaute.al\/sq\/wp-json\/wp\/v2\/comments?post=4892"}],"version-history":[{"count":17,"href":"https:\/\/ambassadebeaute.al\/sq\/wp-json\/wp\/v2\/pages\/4892\/revisions"}],"predecessor-version":[{"id":4956,"href":"https:\/\/ambassadebeaute.al\/sq\/wp-json\/wp\/v2\/pages\/4892\/revisions\/4956"}],"wp:attachment":[{"href":"https:\/\/ambassadebeaute.al\/sq\/wp-json\/wp\/v2\/media?parent=4892"}],"curies":[{"name":"wp","href":"https:\/\/api.w.org\/{rel}","templated":true}]}}