{"id":5277,"date":"2026-04-08T17:06:49","date_gmt":"2026-04-08T17:06:49","guid":{"rendered":"https:\/\/ambassadebeaute.al\/?page_id=5277"},"modified":"2026-04-08T20:22:00","modified_gmt":"2026-04-08T20:22:00","slug":"trajtime-manuale-ne-faceologji","status":"publish","type":"page","link":"https:\/\/ambassadebeaute.al\/sq\/treatments\/manual-treatments-at-faceology\/","title":{"rendered":"Trajtimet manuale"},"content":{"rendered":"<div class=\"wp-block-uagb-container uagb-block-y4rw8sjv alignfull uagb-is-root-container\"><div class=\"uagb-container-inner-blocks-wrap\">\n<div class=\"wp-block-uagb-info-box uagb-block-ferobttv uagb-infobox__content-wrap  uagb-infobox-icon-above-title uagb-infobox-image-valign-top\"><div class=\"uagb-ifb-content\"><div class=\"uagb-ifb-title-wrap\"><h2 class=\"uagb-ifb-title\">MANUAL BIOLOGIQUE RECHERCHE\u00ae TRAJTIMET<\/h2><\/div><\/div><\/div>\n\n\n\n<div class=\"wp-block-uagb-container uagb-layout-grid uagb-block-msxocr58\">\n<div class=\"wp-block-uagb-container equal-card uagb-block-nwodmvyw\">\n<div class=\"wp-block-uagb-info-box uagb-block-zaslisl9 uagb-infobox__content-wrap  uagb-infobox-icon-above-title uagb-infobox-image-valign-top\"><div class=\"uagb-ifb-content\"><div class=\"uagb-ifb-icon-wrap\"><svg xmlns=\"https:\/\/www.w3.org\/2000\/svg\" viewbox=\"0 0 576 512\"><path d=\"M568.3 192c-29 .125-135 6.124-213.9 82.1C321.2 304.7 301 338.3 288 369.9c-13-31.63-33.25-65.25-66.38-94.87C142.8 198.2 36.75 192.2 7.75 192C3.375 192 0 195.4 0 199.9c.25 27.88 7.125 126.2 88.75 199.3C172.8 481 256 479.1 288 479.1s115.2 1.025 199.3-80.85C568.9 326 575.8 227.7 576 199.9C576 195.4 572.6 192 568.3 192zM288 302.6c12.75-18.87 27.62-35.75 44.13-50.5c19-18.62 39.5-33.37 60.25-45.25c-16.5-70.5-51.75-133-96.75-172.3c-4.125-3.5-11-3.5-15.12 0c-45 39.25-80.25 101.6-96.75 172.1c20.37 11.75 40.5 26.12 59.25 44.37C260 266.4 275.1 283.7 288 302.6z\"><\/path><\/svg><\/div><div class=\"uagb-ifb-title-wrap\"><h3 class=\"uagb-ifb-title\">Trajtimi CVS me Lift<\/h3><\/div><div class=\"uagb-ifb-separator\"><\/div><p class=\"uagb-ifb-desc\">Nj\u00eb trajtim eksfoliues, lifting, rimodelues, skulpturues, hidratues dhe anti-ndotje.<br>Ky protokoll p\u00ebrfaq\u00ebson themelin thelb\u00ebsor t\u00eb trajtimeve t\u00eb Biologique Recherche.<\/p><\/div><\/div>\n<\/div>\n\n\n\n<div class=\"wp-block-uagb-container equal-card uagb-block-ixlf6fo0\">\n<div class=\"wp-block-uagb-info-box uagb-block-rt1yqpue uagb-infobox__content-wrap  uagb-infobox-icon-above-title uagb-infobox-image-valign-top\"><div class=\"uagb-ifb-content\"><div class=\"uagb-ifb-icon-wrap\"><svg xmlns=\"https:\/\/www.w3.org\/2000\/svg\" viewbox=\"0 0 576 512\"><path d=\"M568.3 192c-29 .125-135 6.124-213.9 82.1C321.2 304.7 301 338.3 288 369.9c-13-31.63-33.25-65.25-66.38-94.87C142.8 198.2 36.75 192.2 7.75 192C3.375 192 0 195.4 0 199.9c.25 27.88 7.125 126.2 88.75 199.3C172.8 481 256 479.1 288 479.1s115.2 1.025 199.3-80.85C568.9 326 575.8 227.7 576 199.9C576 195.4 572.6 192 568.3 192zM288 302.6c12.75-18.87 27.62-35.75 44.13-50.5c19-18.62 39.5-33.37 60.25-45.25c-16.5-70.5-51.75-133-96.75-172.3c-4.125-3.5-11-3.5-15.12 0c-45 39.25-80.25 101.6-96.75 172.1c20.37 11.75 40.5 26.12 59.25 44.37C260 266.4 275.1 283.7 288 302.6z\"><\/path><\/svg><\/div><div class=\"uagb-ifb-title-wrap\"><h3 class=\"uagb-ifb-title\">Soin Ristrukturues dhe Lissant<\/h3><\/div><div class=\"uagb-ifb-separator\"><\/div><p class=\"uagb-ifb-desc\">Nj\u00eb trajtim ristrukturues dhe hidratues q\u00eb ofron rikondicionim t\u00eb menj\u00ebhersh\u00ebm p\u00ebr l\u00ebkur\u00eb t\u00eb holl\u00eb, t\u00eb ndjeshme, reaktive ose t\u00eb plakur.<\/p><\/div><\/div>\n<\/div>\n\n\n\n<div class=\"wp-block-uagb-container equal-card uagb-block-h7zpayer\">\n<div class=\"wp-block-uagb-info-box uagb-block-tvduxvv8 uagb-infobox__content-wrap  uagb-infobox-icon-above-title uagb-infobox-image-valign-top\"><div class=\"uagb-ifb-content\"><div class=\"uagb-ifb-icon-wrap\"><svg xmlns=\"https:\/\/www.w3.org\/2000\/svg\" viewbox=\"0 0 576 512\"><path d=\"M568.3 192c-29 .125-135 6.124-213.9 82.1C321.2 304.7 301 338.3 288 369.9c-13-31.63-33.25-65.25-66.38-94.87C142.8 198.2 36.75 192.2 7.75 192C3.375 192 0 195.4 0 199.9c.25 27.88 7.125 126.2 88.75 199.3C172.8 481 256 479.1 288 479.1s115.2 1.025 199.3-80.85C568.9 326 575.8 227.7 576 199.9C576 195.4 572.6 192 568.3 192zM288 302.6c12.75-18.87 27.62-35.75 44.13-50.5c19-18.62 39.5-33.37 60.25-45.25c-16.5-70.5-51.75-133-96.75-172.3c-4.125-3.5-11-3.5-15.12 0c-45 39.25-80.25 101.6-96.75 172.1c20.37 11.75 40.5 26.12 59.25 44.37C260 266.4 275.1 283.7 288 302.6z\"><\/path><\/svg><\/div><div class=\"uagb-ifb-title-wrap\"><h3 class=\"uagb-ifb-title\">Soin Peeling aux Acids de Fruits<\/h3><\/div><div class=\"uagb-ifb-separator\"><\/div><p class=\"uagb-ifb-desc\">Nj\u00eb trajtim pastrues dhe rigjenerues i projektuar p\u00ebr l\u00ebkur\u00eb m\u00eb t\u00eb trash\u00eb.<br>Zbut dhe hidraton linjat e holla dhe rrudhat nd\u00ebrsa relakson dhe tonifikon l\u00ebkur\u00ebn.<\/p><\/div><\/div>\n<\/div>\n<\/div>\n<\/div><\/div>\n\n\n\n<div class=\"wp-block-uagb-container uagb-block-7f245cd1 alignfull uagb-is-root-container\"><div class=\"uagb-container-inner-blocks-wrap\">\n<div class=\"wp-block-uagb-container uagb-block-d0df45fb\">\n<div class=\"wp-block-uagb-info-box uagb-block-c9e526ea uagb-infobox__content-wrap  uagb-infobox-icon-above-title uagb-infobox-image-valign-top equal-card\"><div class=\"uagb-ifb-content\"><div class=\"uagb-ifb-icon-wrap\"><svg xmlns=\"https:\/\/www.w3.org\/2000\/svg\" viewbox=\"0 0 576 512\"><path d=\"M568.3 192c-29 .125-135 6.124-213.9 82.1C321.2 304.7 301 338.3 288 369.9c-13-31.63-33.25-65.25-66.38-94.87C142.8 198.2 36.75 192.2 7.75 192C3.375 192 0 195.4 0 199.9c.25 27.88 7.125 126.2 88.75 199.3C172.8 481 256 479.1 288 479.1s115.2 1.025 199.3-80.85C568.9 326 575.8 227.7 576 199.9C576 195.4 572.6 192 568.3 192zM288 302.6c12.75-18.87 27.62-35.75 44.13-50.5c19-18.62 39.5-33.37 60.25-45.25c-16.5-70.5-51.75-133-96.75-172.3c-4.125-3.5-11-3.5-15.12 0c-45 39.25-80.25 101.6-96.75 172.1c20.37 11.75 40.5 26.12 59.25 44.37C260 266.4 275.1 283.7 288 302.6z\"><\/path><\/svg><\/div><div class=\"uagb-ifb-title-wrap\"><h3 class=\"uagb-ifb-title\">Soin Masque Exfoliant P50 Visage<\/h3><\/div><div class=\"uagb-ifb-separator\"><\/div><p class=\"uagb-ifb-desc\">Nj\u00eb trajtim unik rip\u00ebrt\u00ebrit\u00ebs dhe unifikues.<br>Pastron n\u00eb thell\u00ebsi, nj\u00ebtrajt\u00ebson ngjyr\u00ebn e l\u00ebkur\u00ebs dhe i jep shk\u00eblqim pamjes.<br>Konturet e fytyr\u00ebs suaj duken t\u00eb rafinuara, t\u00eb fresk\u00ebta dhe t\u00eb rigjall\u00ebruara.<\/p><\/div><\/div>\n<\/div>\n\n\n\n<div class=\"wp-block-uagb-container uagb-block-871e1d55\">\n<div class=\"wp-block-uagb-info-box uagb-block-da4975ce uagb-infobox__content-wrap  uagb-infobox-icon-above-title uagb-infobox-image-valign-top equal-card\"><div class=\"uagb-ifb-content\"><div class=\"uagb-ifb-icon-wrap\"><svg xmlns=\"https:\/\/www.w3.org\/2000\/svg\" viewbox=\"0 0 576 512\"><path d=\"M568.3 192c-29 .125-135 6.124-213.9 82.1C321.2 304.7 301 338.3 288 369.9c-13-31.63-33.25-65.25-66.38-94.87C142.8 198.2 36.75 192.2 7.75 192C3.375 192 0 195.4 0 199.9c.25 27.88 7.125 126.2 88.75 199.3C172.8 481 256 479.1 288 479.1s115.2 1.025 199.3-80.85C568.9 326 575.8 227.7 576 199.9C576 195.4 572.6 192 568.3 192zM288 302.6c12.75-18.87 27.62-35.75 44.13-50.5c19-18.62 39.5-33.37 60.25-45.25c-16.5-70.5-51.75-133-96.75-172.3c-4.125-3.5-11-3.5-15.12 0c-45 39.25-80.25 101.6-96.75 172.1c20.37 11.75 40.5 26.12 59.25 44.37C260 266.4 275.1 283.7 288 302.6z\"><\/path><\/svg><\/div><div class=\"uagb-ifb-title-wrap\"><h3 class=\"uagb-ifb-title\">Ristrukturues Soin MC110<\/h3><\/div><div class=\"uagb-ifb-separator\"><\/div><p class=\"uagb-ifb-desc\">Nj\u00eb trajtim \u201cplot\u00ebsues\u201d i p\u00ebrshtatur posa\u00e7\u00ebrisht p\u00ebr l\u00ebkur\u00eb normale, t\u00eb devitalizuar ose t\u00eb rrudhur.<br>Konturet e \u00e7rregullta zbuten dhe rrudhat zbuten.<br>Pas trajtimit, fytyra duket m\u00eb e plot\u00eb dhe m\u00eb e ngritur, me l\u00ebkur\u00ebn q\u00eb duket e fresk\u00ebt dhe e hidratuar.<\/p><\/div><\/div>\n<\/div>\n<\/div><\/div>\n\n\n\n<p><\/p>","protected":false},"excerpt":{"rendered":"","protected":false},"author":572,"featured_media":0,"parent":5279,"menu_order":0,"comment_status":"closed","ping_status":"closed","template":"","meta":{"_uag_custom_page_level_css":"","site-sidebar-layout":"default","site-content-layout":"","ast-site-content-layout":"default","site-content-style":"default","site-sidebar-style":"default","ast-global-header-display":"","ast-banner-title-visibility":"disabled","ast-main-header-display":"","ast-hfb-above-header-display":"","ast-hfb-below-header-display":"","ast-hfb-mobile-header-display":"","site-post-title":"","ast-breadcrumbs-content":"","ast-featured-img":"","footer-sml-layout":"","ast-disable-related-posts":"","theme-transparent-header-meta":"","adv-header-id-meta":"","stick-header-meta":"","header-above-stick-meta":"","header-main-stick-meta":"","header-below-stick-meta":"","astra-migrate-meta-layouts":"set","ast-page-background-enabled":"default","ast-page-background-meta":{"desktop":{"background-color":"var(--ast-global-color-4)","background-image":"","background-repeat":"repeat","background-position":"center center","background-size":"auto","background-attachment":"scroll","background-type":"","background-media":"","overlay-type":"","overlay-color":"","overlay-opacity":"","overlay-gradient":""},"tablet":{"background-color":"","background-image":"","background-repeat":"repeat","background-position":"center center","background-size":"auto","background-attachment":"scroll","background-type":"","background-media":"","overlay-type":"","overlay-color":"","overlay-opacity":"","overlay-gradient":""},"mobile":{"background-color":"","background-image":"","background-repeat":"repeat","background-position":"center center","background-size":"auto","background-attachment":"scroll","background-type":"","background-media":"","overlay-type":"","overlay-color":"","overlay-opacity":"","overlay-gradient":""}},"ast-content-background-meta":{"desktop":{"background-color":"var(--ast-global-color-5)","background-image":"","background-repeat":"repeat","background-position":"center center","background-size":"auto","background-attachment":"scroll","background-type":"","background-media":"","overlay-type":"","overlay-color":"","overlay-opacity":"","overlay-gradient":""},"tablet":{"background-color":"var(--ast-global-color-5)","background-image":"","background-repeat":"repeat","background-position":"center center","background-size":"auto","background-attachment":"scroll","background-type":"","background-media":"","overlay-type":"","overlay-color":"","overlay-opacity":"","overlay-gradient":""},"mobile":{"background-color":"var(--ast-global-color-5)","background-image":"","background-repeat":"repeat","background-position":"center center","background-size":"auto","background-attachment":"scroll","background-type":"","background-media":"","overlay-type":"","overlay-color":"","overlay-opacity":"","overlay-gradient":""}},"footnotes":""},"class_list":["post-5277","page","type-page","status-publish","hentry"],"uagb_featured_image_src":{"full":false,"thumbnail":false,"medium":false,"medium_large":false,"large":false,"1536x1536":false,"2048x2048":false,"trp-custom-language-flag":false,"woocommerce_thumbnail":false,"woocommerce_single":false,"woocommerce_gallery_thumbnail":false},"uagb_author_info":{"display_name":"admin","author_link":"https:\/\/ambassadebeaute.al\/sq\/author\/admin\/"},"uagb_comment_info":0,"uagb_excerpt":null,"_links":{"self":[{"href":"https:\/\/ambassadebeaute.al\/sq\/wp-json\/wp\/v2\/pages\/5277","targetHints":{"allow":["GET"]}}],"collection":[{"href":"https:\/\/ambassadebeaute.al\/sq\/wp-json\/wp\/v2\/pages"}],"about":[{"href":"https:\/\/ambassadebeaute.al\/sq\/wp-json\/wp\/v2\/types\/page"}],"author":[{"embeddable":true,"href":"https:\/\/ambassadebeaute.al\/sq\/wp-json\/wp\/v2\/users\/572"}],"replies":[{"embeddable":true,"href":"https:\/\/ambassadebeaute.al\/sq\/wp-json\/wp\/v2\/comments?post=5277"}],"version-history":[{"count":20,"href":"https:\/\/ambassadebeaute.al\/sq\/wp-json\/wp\/v2\/pages\/5277\/revisions"}],"predecessor-version":[{"id":5328,"href":"https:\/\/ambassadebeaute.al\/sq\/wp-json\/wp\/v2\/pages\/5277\/revisions\/5328"}],"up":[{"embeddable":true,"href":"https:\/\/ambassadebeaute.al\/sq\/wp-json\/wp\/v2\/pages\/5279"}],"wp:attachment":[{"href":"https:\/\/ambassadebeaute.al\/sq\/wp-json\/wp\/v2\/media?parent=5277"}],"curies":[{"name":"wp","href":"https:\/\/api.w.org\/{rel}","templated":true}]}}