{"id":5314,"date":"2026-04-08T17:05:54","date_gmt":"2026-04-08T17:05:54","guid":{"rendered":"https:\/\/ambassadebeaute.al\/?page_id=5314"},"modified":"2026-04-08T20:22:16","modified_gmt":"2026-04-08T20:22:16","slug":"trajtime-trupi-ne-faceology","status":"publish","type":"page","link":"https:\/\/ambassadebeaute.al\/sq\/treatments\/body-treatments-at-faceology\/","title":{"rendered":"Trajtime Trupi n\u00eb Faceology"},"content":{"rendered":"<div class=\"wp-block-uagb-container uagb-block-y4rw8sjv alignfull uagb-is-root-container\"><div class=\"uagb-container-inner-blocks-wrap\">\n<div class=\"wp-block-uagb-info-box uagb-block-ferobttv uagb-infobox__content-wrap  uagb-infobox-icon-above-title uagb-infobox-image-valign-top\"><div class=\"uagb-ifb-content\"><div class=\"uagb-ifb-title-wrap\"><h2 class=\"uagb-ifb-title\">TRUPI \u2013 BIOLOGIQUE RECHERCHE\u00ae TRAJTIMET<\/h2><\/div><\/div><\/div>\n\n\n\n<div class=\"wp-block-uagb-container uagb-layout-grid uagb-block-msxocr58\">\n<div class=\"wp-block-uagb-container equal-card uagb-block-nwodmvyw\">\n<div class=\"wp-block-uagb-info-box uagb-block-zaslisl9 uagb-infobox__content-wrap  uagb-infobox-icon-above-title uagb-infobox-image-valign-top\"><div class=\"uagb-ifb-content\"><div class=\"uagb-ifb-icon-wrap\"><svg xmlns=\"https:\/\/www.w3.org\/2000\/svg\" viewbox=\"0 0 576 512\"><path d=\"M568.3 192c-29 .125-135 6.124-213.9 82.1C321.2 304.7 301 338.3 288 369.9c-13-31.63-33.25-65.25-66.38-94.87C142.8 198.2 36.75 192.2 7.75 192C3.375 192 0 195.4 0 199.9c.25 27.88 7.125 126.2 88.75 199.3C172.8 481 256 479.1 288 479.1s115.2 1.025 199.3-80.85C568.9 326 575.8 227.7 576 199.9C576 195.4 572.6 192 568.3 192zM288 302.6c12.75-18.87 27.62-35.75 44.13-50.5c19-18.62 39.5-33.37 60.25-45.25c-16.5-70.5-51.75-133-96.75-172.3c-4.125-3.5-11-3.5-15.12 0c-45 39.25-80.25 101.6-96.75 172.1c20.37 11.75 40.5 26.12 59.25 44.37C260 266.4 275.1 283.7 288 302.6z\"><\/path><\/svg><\/div><div class=\"uagb-ifb-title-wrap\"><h3 class=\"uagb-ifb-title\">Soin Exfoliant P50 &quot;Peau Neuve&quot;\u201c<\/h3><\/div><div class=\"uagb-ifb-separator\"><\/div><p class=\"uagb-ifb-desc\">Nj\u00eb eksfolim rip\u00ebrt\u00ebrit\u00ebs i trupit q\u00eb largon qelizat e vdekura t\u00eb l\u00ebkur\u00ebs dhe papast\u00ebrtit\u00eb, duke e l\u00ebn\u00eb l\u00ebkur\u00ebn t\u00eb tonifikuar, t\u00eb l\u00ebmuar dhe t\u00eb rigjall\u00ebruar.<\/p><\/div><\/div>\n<\/div>\n\n\n\n<div class=\"wp-block-uagb-container equal-card uagb-block-ixlf6fo0\">\n<div class=\"wp-block-uagb-info-box uagb-block-rt1yqpue uagb-infobox__content-wrap  uagb-infobox-icon-above-title uagb-infobox-image-valign-top\"><div class=\"uagb-ifb-content\"><div class=\"uagb-ifb-icon-wrap\"><svg xmlns=\"https:\/\/www.w3.org\/2000\/svg\" viewbox=\"0 0 576 512\"><path d=\"M568.3 192c-29 .125-135 6.124-213.9 82.1C321.2 304.7 301 338.3 288 369.9c-13-31.63-33.25-65.25-66.38-94.87C142.8 198.2 36.75 192.2 7.75 192C3.375 192 0 195.4 0 199.9c.25 27.88 7.125 126.2 88.75 199.3C172.8 481 256 479.1 288 479.1s115.2 1.025 199.3-80.85C568.9 326 575.8 227.7 576 199.9C576 195.4 572.6 192 568.3 192zM288 302.6c12.75-18.87 27.62-35.75 44.13-50.5c19-18.62 39.5-33.37 60.25-45.25c-16.5-70.5-51.75-133-96.75-172.3c-4.125-3.5-11-3.5-15.12 0c-45 39.25-80.25 101.6-96.75 172.1c20.37 11.75 40.5 26.12 59.25 44.37C260 266.4 275.1 283.7 288 302.6z\"><\/path><\/svg><\/div><div class=\"uagb-ifb-title-wrap\"><h3 class=\"uagb-ifb-title\">Matriciel i Korpusit t\u00eb Ngritjes Soin<\/h3><\/div><div class=\"uagb-ifb-separator\"><\/div><p class=\"uagb-ifb-desc\">Nj\u00eb trajtim i synuar i projektuar p\u00ebr zonat e prirura p\u00ebr humbje t\u00eb fort\u00ebsis\u00eb (k\u00ebmb\u00ebt dhe krah\u00ebt).<br>Ideal pas programeve t\u00eb humbjes s\u00eb pesh\u00ebs, forcon dhe tonifikon l\u00ebkur\u00ebn e dob\u00ebsuar, largon qelizat e vdekura dhe ndihmon n\u00eb ristrukturimin e kontureve t\u00eb trupit.<\/p><\/div><\/div>\n<\/div>\n\n\n\n<div class=\"wp-block-uagb-container equal-card uagb-block-h7zpayer\">\n<div class=\"wp-block-uagb-info-box uagb-block-tvduxvv8 uagb-infobox__content-wrap  uagb-infobox-icon-above-title uagb-infobox-image-valign-top\"><div class=\"uagb-ifb-content\"><div class=\"uagb-ifb-icon-wrap\"><svg xmlns=\"https:\/\/www.w3.org\/2000\/svg\" viewbox=\"0 0 576 512\"><path d=\"M568.3 192c-29 .125-135 6.124-213.9 82.1C321.2 304.7 301 338.3 288 369.9c-13-31.63-33.25-65.25-66.38-94.87C142.8 198.2 36.75 192.2 7.75 192C3.375 192 0 195.4 0 199.9c.25 27.88 7.125 126.2 88.75 199.3C172.8 481 256 479.1 288 479.1s115.2 1.025 199.3-80.85C568.9 326 575.8 227.7 576 199.9C576 195.4 572.6 192 568.3 192zM288 302.6c12.75-18.87 27.62-35.75 44.13-50.5c19-18.62 39.5-33.37 60.25-45.25c-16.5-70.5-51.75-133-96.75-172.3c-4.125-3.5-11-3.5-15.12 0c-45 39.25-80.25 101.6-96.75 172.1c20.37 11.75 40.5 26.12 59.25 44.37C260 266.4 275.1 283.7 288 302.6z\"><\/path><\/svg><\/div><div class=\"uagb-ifb-title-wrap\"><h3 class=\"uagb-ifb-title\">Cure Anti-C &amp; Booster Minceur<\/h3><\/div><div class=\"uagb-ifb-separator\"><\/div><p class=\"uagb-ifb-desc\">Nj\u00eb trajtim i plot\u00eb p\u00ebr trupin q\u00eb p\u00ebrmir\u00ebson q\u00ebndrueshm\u00ebrin\u00eb dhe mikroqarkullimin.<br>I p\u00ebrmir\u00ebsuar me Slimming Booster, ky protokoll rrit ndjesh\u00ebm efektivitetin e trajtimit p\u00ebr nj\u00eb l\u00ebkur\u00eb duksh\u00ebm m\u00eb t\u00eb l\u00ebmuar dhe m\u00eb t\u00eb rafinuar.<\/p><\/div><\/div>\n<\/div>\n<\/div>\n<\/div><\/div>\n\n\n\n<p><\/p>","protected":false},"excerpt":{"rendered":"","protected":false},"author":572,"featured_media":0,"parent":5279,"menu_order":0,"comment_status":"closed","ping_status":"closed","template":"","meta":{"_uag_custom_page_level_css":"","site-sidebar-layout":"default","site-content-layout":"","ast-site-content-layout":"default","site-content-style":"default","site-sidebar-style":"default","ast-global-header-display":"","ast-banner-title-visibility":"disabled","ast-main-header-display":"","ast-hfb-above-header-display":"","ast-hfb-below-header-display":"","ast-hfb-mobile-header-display":"","site-post-title":"","ast-breadcrumbs-content":"","ast-featured-img":"","footer-sml-layout":"","ast-disable-related-posts":"","theme-transparent-header-meta":"","adv-header-id-meta":"","stick-header-meta":"","header-above-stick-meta":"","header-main-stick-meta":"","header-below-stick-meta":"","astra-migrate-meta-layouts":"set","ast-page-background-enabled":"default","ast-page-background-meta":{"desktop":{"background-color":"var(--ast-global-color-4)","background-image":"","background-repeat":"repeat","background-position":"center center","background-size":"auto","background-attachment":"scroll","background-type":"","background-media":"","overlay-type":"","overlay-color":"","overlay-opacity":"","overlay-gradient":""},"tablet":{"background-color":"","background-image":"","background-repeat":"repeat","background-position":"center center","background-size":"auto","background-attachment":"scroll","background-type":"","background-media":"","overlay-type":"","overlay-color":"","overlay-opacity":"","overlay-gradient":""},"mobile":{"background-color":"","background-image":"","background-repeat":"repeat","background-position":"center center","background-size":"auto","background-attachment":"scroll","background-type":"","background-media":"","overlay-type":"","overlay-color":"","overlay-opacity":"","overlay-gradient":""}},"ast-content-background-meta":{"desktop":{"background-color":"var(--ast-global-color-5)","background-image":"","background-repeat":"repeat","background-position":"center center","background-size":"auto","background-attachment":"scroll","background-type":"","background-media":"","overlay-type":"","overlay-color":"","overlay-opacity":"","overlay-gradient":""},"tablet":{"background-color":"var(--ast-global-color-5)","background-image":"","background-repeat":"repeat","background-position":"center center","background-size":"auto","background-attachment":"scroll","background-type":"","background-media":"","overlay-type":"","overlay-color":"","overlay-opacity":"","overlay-gradient":""},"mobile":{"background-color":"var(--ast-global-color-5)","background-image":"","background-repeat":"repeat","background-position":"center center","background-size":"auto","background-attachment":"scroll","background-type":"","background-media":"","overlay-type":"","overlay-color":"","overlay-opacity":"","overlay-gradient":""}},"footnotes":""},"class_list":["post-5314","page","type-page","status-publish","hentry"],"uagb_featured_image_src":{"full":false,"thumbnail":false,"medium":false,"medium_large":false,"large":false,"1536x1536":false,"2048x2048":false,"trp-custom-language-flag":false,"woocommerce_thumbnail":false,"woocommerce_single":false,"woocommerce_gallery_thumbnail":false},"uagb_author_info":{"display_name":"admin","author_link":"https:\/\/ambassadebeaute.al\/sq\/author\/admin\/"},"uagb_comment_info":0,"uagb_excerpt":null,"_links":{"self":[{"href":"https:\/\/ambassadebeaute.al\/sq\/wp-json\/wp\/v2\/pages\/5314","targetHints":{"allow":["GET"]}}],"collection":[{"href":"https:\/\/ambassadebeaute.al\/sq\/wp-json\/wp\/v2\/pages"}],"about":[{"href":"https:\/\/ambassadebeaute.al\/sq\/wp-json\/wp\/v2\/types\/page"}],"author":[{"embeddable":true,"href":"https:\/\/ambassadebeaute.al\/sq\/wp-json\/wp\/v2\/users\/572"}],"replies":[{"embeddable":true,"href":"https:\/\/ambassadebeaute.al\/sq\/wp-json\/wp\/v2\/comments?post=5314"}],"version-history":[{"count":2,"href":"https:\/\/ambassadebeaute.al\/sq\/wp-json\/wp\/v2\/pages\/5314\/revisions"}],"predecessor-version":[{"id":5316,"href":"https:\/\/ambassadebeaute.al\/sq\/wp-json\/wp\/v2\/pages\/5314\/revisions\/5316"}],"up":[{"embeddable":true,"href":"https:\/\/ambassadebeaute.al\/sq\/wp-json\/wp\/v2\/pages\/5279"}],"wp:attachment":[{"href":"https:\/\/ambassadebeaute.al\/sq\/wp-json\/wp\/v2\/media?parent=5314"}],"curies":[{"name":"wp","href":"https:\/\/api.w.org\/{rel}","templated":true}]}}