{"id":112,"date":"2020-02-11T21:17:19","date_gmt":"2020-02-11T21:17:19","guid":{"rendered":"https:\/\/faceology.net\/product\/serum-t-e-w-l-30-ml\/"},"modified":"2026-03-27T20:36:47","modified_gmt":"2026-03-27T20:36:47","slug":"-12","status":"publish","type":"product","link":"https:\/\/ambassadebeaute.al\/sq\/shop\/br\/face\/targeted-serums\/serum-t-e-w-l-30-ml\/","title":{"rendered":"SERUM TEWL"},"content":{"rendered":"<div class=\"translation-block\">\n<ul><li>\nNdihmon n\u00eb rivendosjen e nj\u00eb barriere t\u00eb l\u00ebkur\u00ebs me cil\u00ebsi t\u00eb lart\u00eb p\u00ebr t\u00eb p\u00ebrmir\u00ebsuar sistemin e mbrojtjes s\u00eb l\u00ebkur\u00ebs\nKrijon nj\u00eb film mbrojt\u00ebs q\u00eb ndihmon n\u00eb mir\u00ebmbajtjen e lipideve n\u00eb sip\u00ebrfaqen e l\u00ebkur\u00ebs dhe n\u00eb t\u00eb gjith\u00eb mjedisin jasht\u00ebqelizor <\/li>\n<li>Rikthen mang\u00ebsit\u00eb e l\u00ebkur\u00ebs n\u00eb yndyrna<\/li>\n<li>Siguron nj\u00eb ndjesi rehatije menj\u00ebher\u00eb pas aplikimit dhe gjat\u00eb gjith\u00eb dit\u00ebs<\/li>\n<li>Mbron l\u00ebkur\u00ebn kund\u00ebr kushteve ekstreme t\u00eb ftohta dhe lag\u00ebshtir\u00ebs s\u00eb ajrit.<\/li>\n<li>Nj\u00eb serum p\u00ebr t\u00eb kompensuar mang\u00ebsit\u00eb e lipideve.<\/li>\n<li>Nj\u00eb trajtim jasht\u00ebzakonisht aktiv, rigjall\u00ebron dhe rigjeneron l\u00ebkur\u00ebn.<\/li>\n<li>Esht\u00eb ideal p\u00ebr t\u00eb eleminuar ndjesit\u00eb e shtr\u00ebngimit dhe p\u00ebr t\u00eb zvog\u00ebluar shfaqjen e linjave t\u00eb im\u00ebta t\u00eb shoq\u00ebruara me dehidratimin sip\u00ebrfaq\u00ebsor t\u00eb l\u00ebkur\u00ebs.<\/li>\n<li>Nj\u00eb mburoj\u00eb e mir\u00ebfillt\u00eb lipidike.\n<\/li><\/ul>\nSh\u00ebnim :\n- Mos e p\u00ebrdorni n\u00eb lekure te yndyrshme\n- Jo i p\u00ebrshtatsh\u00ebm p\u00ebr f\u00ebmij\u00ebt.\n<\/div>","protected":false},"excerpt":{"rendered":"<p class=\" translation-block\">P\u00ebrshkrimi i produktit: Serum T.E.W.L., nj\u00eb mburoj\u00eb yndyrore autentike, e cila \u00ebsht\u00eb adekuate p\u00ebr kushte ekstreme n\u00eb temperatura t\u00eb ul\u00ebta dhe kur niveli i lag\u00ebshtis\u00eb s\u00eb ajrit \u00ebsht\u00eb i ul\u00ebt. \u00cbsht\u00eb ideal p\u00ebr l\u00ebkur\u00ebn q\u00eb ka munges\u00eb dometh\u00ebn\u00ebse t\u00eb yndyr\u00ebs, e q\u00eb shoq\u00ebrohet nga ndjenja e theksuar e ngurt\u00ebsis\u00eb t\u00eb l\u00ebkur\u00ebs dhe shenja t\u00eb vijave t\u00eb vogla dhe dehidrimit t\u00eb sip\u00ebrfaqes t\u00eb epiderm\u00ebs.<\/p>","protected":false},"featured_media":2173,"template":"","meta":{"_uag_custom_page_level_css":"","site-sidebar-layout":"default","site-content-layout":"","ast-site-content-layout":"default","site-content-style":"default","site-sidebar-style":"default","ast-global-header-display":"","ast-banner-title-visibility":"","ast-main-header-display":"","ast-hfb-above-header-display":"","ast-hfb-below-header-display":"","ast-hfb-mobile-header-display":"","site-post-title":"","ast-breadcrumbs-content":"","ast-featured-img":"","footer-sml-layout":"","ast-disable-related-posts":"","theme-transparent-header-meta":"default","adv-header-id-meta":"","stick-header-meta":"","header-above-stick-meta":"","header-main-stick-meta":"","header-below-stick-meta":"","astra-migrate-meta-layouts":"set","ast-page-background-enabled":"default","ast-page-background-meta":{"desktop":{"background-color":"var(--ast-global-color-4)","background-image":"","background-repeat":"repeat","background-position":"center center","background-size":"auto","background-attachment":"scroll","background-type":"","background-media":"","overlay-type":"","overlay-color":"","overlay-opacity":"","overlay-gradient":""},"tablet":{"background-color":"","background-image":"","background-repeat":"repeat","background-position":"center center","background-size":"auto","background-attachment":"scroll","background-type":"","background-media":"","overlay-type":"","overlay-color":"","overlay-opacity":"","overlay-gradient":""},"mobile":{"background-color":"","background-image":"","background-repeat":"repeat","background-position":"center center","background-size":"auto","background-attachment":"scroll","background-type":"","background-media":"","overlay-type":"","overlay-color":"","overlay-opacity":"","overlay-gradient":""}},"ast-content-background-meta":{"desktop":{"background-color":"var(--ast-global-color-5)","background-image":"","background-repeat":"repeat","background-position":"center center","background-size":"auto","background-attachment":"scroll","background-type":"","background-media":"","overlay-type":"","overlay-color":"","overlay-opacity":"","overlay-gradient":""},"tablet":{"background-color":"var(--ast-global-color-5)","background-image":"","background-repeat":"repeat","background-position":"center center","background-size":"auto","background-attachment":"scroll","background-type":"","background-media":"","overlay-type":"","overlay-color":"","overlay-opacity":"","overlay-gradient":""},"mobile":{"background-color":"var(--ast-global-color-5)","background-image":"","background-repeat":"repeat","background-position":"center center","background-size":"auto","background-attachment":"scroll","background-type":"","background-media":"","overlay-type":"","overlay-color":"","overlay-opacity":"","overlay-gradient":""}}},"product_brand":[199],"product_cat":[27,114,87],"product_tag":[],"class_list":{"0":"post-112","1":"product","2":"type-product","3":"status-publish","4":"has-post-thumbnail","6":"product_brand-biologique-recherche","7":"product_cat-br","8":"product_cat-face","9":"product_cat-targeted-serums","10":"desktop-align-center","11":"tablet-align-center","12":"mobile-align-center","13":"ast-product-gallery-layout-vertical-slider","14":"ast-product-gallery-with-no-image","15":"ast-product-single-variable","16":"ast-product-tabs-layout-horizontal","17":"ast-qv-on-image","19":"first","20":"instock","21":"taxable","22":"shipping-taxable","23":"purchasable","24":"product-type-variable","25":"has-default-attributes"},"uagb_featured_image_src":{"full":["https:\/\/ambassadebeaute.al\/wp-content\/uploads\/2020\/03\/Serum-T.E.W.L-30ML-1.jpg",1024,1024,false],"thumbnail":["https:\/\/ambassadebeaute.al\/wp-content\/uploads\/2020\/03\/Serum-T.E.W.L-30ML-1-150x150.jpg",150,150,true],"medium":["https:\/\/ambassadebeaute.al\/wp-content\/uploads\/2020\/03\/Serum-T.E.W.L-30ML-1-300x300.jpg",300,300,true],"medium_large":["https:\/\/ambassadebeaute.al\/wp-content\/uploads\/2020\/03\/Serum-T.E.W.L-30ML-1-768x768.jpg",768,768,true],"large":["https:\/\/ambassadebeaute.al\/wp-content\/uploads\/2020\/03\/Serum-T.E.W.L-30ML-1-1024x1024.jpg",1024,1024,true],"1536x1536":["https:\/\/ambassadebeaute.al\/wp-content\/uploads\/2020\/03\/Serum-T.E.W.L-30ML-1.jpg",1024,1024,false],"2048x2048":["https:\/\/ambassadebeaute.al\/wp-content\/uploads\/2020\/03\/Serum-T.E.W.L-30ML-1.jpg",1024,1024,false],"trp-custom-language-flag":["https:\/\/ambassadebeaute.al\/wp-content\/uploads\/2020\/03\/Serum-T.E.W.L-30ML-1.jpg",12,12,false],"woocommerce_thumbnail":["https:\/\/ambassadebeaute.al\/wp-content\/uploads\/2020\/03\/Serum-T.E.W.L-30ML-1-300x300.jpg",300,300,true],"woocommerce_single":["https:\/\/ambassadebeaute.al\/wp-content\/uploads\/2020\/03\/Serum-T.E.W.L-30ML-1-600x600.jpg",600,600,true],"woocommerce_gallery_thumbnail":["https:\/\/ambassadebeaute.al\/wp-content\/uploads\/2020\/03\/Serum-T.E.W.L-30ML-1-100x100.jpg",100,100,true]},"uagb_author_info":{"display_name":"admin","author_link":"https:\/\/ambassadebeaute.al\/sq\/author\/"},"uagb_comment_info":0,"uagb_excerpt":"For sun damaged, leathery, very dry skin. Also good for extreme cold weather. Great if you\u2019re skiing, or going from a hot to cold climate. A genuine lipidic shield, this serum helps reverse the skin\u2019s fat deficiency. It restores the barrier against environmental elements, and helps protect against extreme cold and dry conditions. Must be&hellip;","_links":{"self":[{"href":"https:\/\/ambassadebeaute.al\/sq\/wp-json\/wp\/v2\/product\/112","targetHints":{"allow":["GET"]}}],"collection":[{"href":"https:\/\/ambassadebeaute.al\/sq\/wp-json\/wp\/v2\/product"}],"about":[{"href":"https:\/\/ambassadebeaute.al\/sq\/wp-json\/wp\/v2\/types\/product"}],"wp:featuredmedia":[{"embeddable":true,"href":"https:\/\/ambassadebeaute.al\/sq\/wp-json\/wp\/v2\/media\/2173"}],"wp:attachment":[{"href":"https:\/\/ambassadebeaute.al\/sq\/wp-json\/wp\/v2\/media?parent=112"}],"wp:term":[{"taxonomy":"product_brand","embeddable":true,"href":"https:\/\/ambassadebeaute.al\/sq\/wp-json\/wp\/v2\/product_brand?post=112"},{"taxonomy":"product_cat","embeddable":true,"href":"https:\/\/ambassadebeaute.al\/sq\/wp-json\/wp\/v2\/product_cat?post=112"},{"taxonomy":"product_tag","embeddable":true,"href":"https:\/\/ambassadebeaute.al\/sq\/wp-json\/wp\/v2\/product_tag?post=112"}],"curies":[{"name":"wp","href":"https:\/\/api.w.org\/{rel}","templated":true}]}}