{"id":120,"date":"2020-02-11T21:17:21","date_gmt":"2020-02-11T21:17:21","guid":{"rendered":"https:\/\/faceology.net\/product\/serum-erythros-30-ml\/"},"modified":"2026-03-27T20:36:26","modified_gmt":"2026-03-27T20:36:26","slug":"erythros-serum-30-ml","status":"publish","type":"product","link":"https:\/\/ambassadebeaute.al\/sq\/shop\/br\/face\/targeted-serums\/serum-erythros-30-ml\/","title":{"rendered":"ERITROSI I SERUMIT"},"content":{"rendered":"<div class=\"translation-block\">\n<ul><li>\nNj\u00eb koktej me 9 p\u00ebrb\u00ebr\u00ebs aktiv\u00eb t\u00eb testuar n\u00eb m\u00ebnyr\u00eb objektive n\u00eb Instalimet e ndjeshme t\u00eb l\u00ebkur\u00ebs \u00a9 t\u00eb prirura p\u00ebr rosacea.<\/li>\n<li>3 veprime plot\u00ebsuese dhe sinergjike:\n1. leht\u00ebson duksh\u00ebm skuqjen.\n2. Rregullon vaskularizimin.\n3. Redukton rrjedh\u00ebn e gjakut t\u00eb l\u00ebkur\u00ebs.<\/li>\n<li>Ideale p\u00ebr trajtimin e l\u00ebkur\u00ebs me tendenc\u00eb rosacea.<\/li>\n<li>I thjesht\u00eb p\u00ebr t\u2019u aplikuar, produkti thithet shpejt.<\/li>\n<li>P\u00ebrdorimi i tij i kombinuar me Cr\u00e8me <li>Verte Espoir ose Emulsion Gel <\/li><li>Biosensible lufton simptomat e rosacea duke rritur rehatin\u00eb.<\/li>\n<li>Redukton skuqjen e dukshme.<\/li>\n<li>Thith dhe mbron nga inflamacioni.<\/li>\n<li>Qet\u00ebson iritimin e lekures.<\/li>\n<li>Redukton rrjedh\u00ebn e gjakut t\u00eb l\u00ebkur\u00ebs.<\/li>\nInhibon formimin e en\u00ebve t\u00eb reja t\u00eb gjakut (testet in vitro).<\/li>\n<\/div>","protected":false},"excerpt":{"rendered":"<p class=\" translation-block\">P\u00ebrshkrimi i produktit: \u00ebsht\u00eb serum i p\u00ebrzgjedhur i cili e redukton t\u00eb skuqurit e fytyr\u00ebs. \u00cbsht\u00eb ideal p\u00ebr l\u00ebkur\u00ebn e ndjeshme. Ky produkt \u00ebsht\u00eb testuar n\u00eb kontrollin dermatologjik t\u00eb l\u00ebkur\u00ebs me prezenc\u00eb t\u00eb shenjave t\u00eb kapilar\u00ebve t\u00eb zgjeruar.<\/p>","protected":false},"featured_media":2162,"template":"","meta":{"_uag_custom_page_level_css":"","site-sidebar-layout":"default","site-content-layout":"","ast-site-content-layout":"default","site-content-style":"default","site-sidebar-style":"default","ast-global-header-display":"","ast-banner-title-visibility":"","ast-main-header-display":"","ast-hfb-above-header-display":"","ast-hfb-below-header-display":"","ast-hfb-mobile-header-display":"","site-post-title":"","ast-breadcrumbs-content":"","ast-featured-img":"","footer-sml-layout":"","ast-disable-related-posts":"","theme-transparent-header-meta":"","adv-header-id-meta":"","stick-header-meta":"","header-above-stick-meta":"","header-main-stick-meta":"","header-below-stick-meta":"","astra-migrate-meta-layouts":"default","ast-page-background-enabled":"default","ast-page-background-meta":{"desktop":{"background-color":"var(--ast-global-color-4)","background-image":"","background-repeat":"repeat","background-position":"center center","background-size":"auto","background-attachment":"scroll","background-type":"","background-media":"","overlay-type":"","overlay-color":"","overlay-opacity":"","overlay-gradient":""},"tablet":{"background-color":"","background-image":"","background-repeat":"repeat","background-position":"center center","background-size":"auto","background-attachment":"scroll","background-type":"","background-media":"","overlay-type":"","overlay-color":"","overlay-opacity":"","overlay-gradient":""},"mobile":{"background-color":"","background-image":"","background-repeat":"repeat","background-position":"center center","background-size":"auto","background-attachment":"scroll","background-type":"","background-media":"","overlay-type":"","overlay-color":"","overlay-opacity":"","overlay-gradient":""}},"ast-content-background-meta":{"desktop":{"background-color":"var(--ast-global-color-5)","background-image":"","background-repeat":"repeat","background-position":"center center","background-size":"auto","background-attachment":"scroll","background-type":"","background-media":"","overlay-type":"","overlay-color":"","overlay-opacity":"","overlay-gradient":""},"tablet":{"background-color":"var(--ast-global-color-5)","background-image":"","background-repeat":"repeat","background-position":"center center","background-size":"auto","background-attachment":"scroll","background-type":"","background-media":"","overlay-type":"","overlay-color":"","overlay-opacity":"","overlay-gradient":""},"mobile":{"background-color":"var(--ast-global-color-5)","background-image":"","background-repeat":"repeat","background-position":"center center","background-size":"auto","background-attachment":"scroll","background-type":"","background-media":"","overlay-type":"","overlay-color":"","overlay-opacity":"","overlay-gradient":""}}},"product_brand":[199],"product_cat":[27,114,87],"product_tag":[56,133,135,134,136],"class_list":{"0":"post-120","1":"product","2":"type-product","3":"status-publish","4":"has-post-thumbnail","6":"product_brand-biologique-recherche","7":"product_cat-br","8":"product_cat-face","9":"product_cat-targeted-serums","10":"product_tag-biologique-recherche","11":"product_tag-face-products","12":"product_tag-rosacea","13":"product_tag-sensitive-skin","14":"product_tag-targeted-serum","15":"desktop-align-center","16":"tablet-align-center","17":"mobile-align-center","18":"ast-product-gallery-layout-vertical-slider","19":"ast-product-gallery-with-no-image","20":"ast-product-tabs-layout-horizontal","21":"ast-qv-on-image","23":"first","24":"instock","25":"taxable","26":"shipping-taxable","27":"purchasable","28":"product-type-simple"},"uagb_featured_image_src":{"full":["https:\/\/ambassadebeaute.al\/wp-content\/uploads\/2020\/03\/Serum-Erythros-30ml-1.jpg",1024,1024,false],"thumbnail":["https:\/\/ambassadebeaute.al\/wp-content\/uploads\/2020\/03\/Serum-Erythros-30ml-1-150x150.jpg",150,150,true],"medium":["https:\/\/ambassadebeaute.al\/wp-content\/uploads\/2020\/03\/Serum-Erythros-30ml-1-300x300.jpg",300,300,true],"medium_large":["https:\/\/ambassadebeaute.al\/wp-content\/uploads\/2020\/03\/Serum-Erythros-30ml-1-768x768.jpg",768,768,true],"large":["https:\/\/ambassadebeaute.al\/wp-content\/uploads\/2020\/03\/Serum-Erythros-30ml-1-1024x1024.jpg",1024,1024,true],"1536x1536":["https:\/\/ambassadebeaute.al\/wp-content\/uploads\/2020\/03\/Serum-Erythros-30ml-1.jpg",1024,1024,false],"2048x2048":["https:\/\/ambassadebeaute.al\/wp-content\/uploads\/2020\/03\/Serum-Erythros-30ml-1.jpg",1024,1024,false],"trp-custom-language-flag":["https:\/\/ambassadebeaute.al\/wp-content\/uploads\/2020\/03\/Serum-Erythros-30ml-1.jpg",12,12,false],"woocommerce_thumbnail":["https:\/\/ambassadebeaute.al\/wp-content\/uploads\/2020\/03\/Serum-Erythros-30ml-1-300x300.jpg",300,300,true],"woocommerce_single":["https:\/\/ambassadebeaute.al\/wp-content\/uploads\/2020\/03\/Serum-Erythros-30ml-1-600x600.jpg",600,600,true],"woocommerce_gallery_thumbnail":["https:\/\/ambassadebeaute.al\/wp-content\/uploads\/2020\/03\/Serum-Erythros-30ml-1-100x100.jpg",100,100,true]},"uagb_author_info":{"display_name":"admin","author_link":"https:\/\/ambassadebeaute.al\/sq\/author\/"},"uagb_comment_info":0,"uagb_excerpt":"Serum Erythros was formulated specifically for skin instants that are prone to rosacea and are extremely sensitive. This targeted serum eases diffuse redness of the face and tends to reduce the skin bloodstream and the formation of new blood vessels.","_links":{"self":[{"href":"https:\/\/ambassadebeaute.al\/sq\/wp-json\/wp\/v2\/product\/120","targetHints":{"allow":["GET"]}}],"collection":[{"href":"https:\/\/ambassadebeaute.al\/sq\/wp-json\/wp\/v2\/product"}],"about":[{"href":"https:\/\/ambassadebeaute.al\/sq\/wp-json\/wp\/v2\/types\/product"}],"wp:featuredmedia":[{"embeddable":true,"href":"https:\/\/ambassadebeaute.al\/sq\/wp-json\/wp\/v2\/media\/2162"}],"wp:attachment":[{"href":"https:\/\/ambassadebeaute.al\/sq\/wp-json\/wp\/v2\/media?parent=120"}],"wp:term":[{"taxonomy":"product_brand","embeddable":true,"href":"https:\/\/ambassadebeaute.al\/sq\/wp-json\/wp\/v2\/product_brand?post=120"},{"taxonomy":"product_cat","embeddable":true,"href":"https:\/\/ambassadebeaute.al\/sq\/wp-json\/wp\/v2\/product_cat?post=120"},{"taxonomy":"product_tag","embeddable":true,"href":"https:\/\/ambassadebeaute.al\/sq\/wp-json\/wp\/v2\/product_tag?post=120"}],"curies":[{"name":"wp","href":"https:\/\/api.w.org\/{rel}","templated":true}]}}