{"id":121,"date":"2020-02-11T21:17:21","date_gmt":"2020-02-11T21:17:21","guid":{"rendered":"https:\/\/faceology.net\/product\/serum-matriciel-visage-30-ml\/"},"modified":"2026-03-27T20:36:26","modified_gmt":"2026-03-27T20:36:26","slug":"serum-matriciel-visage-30-ml","status":"publish","type":"product","link":"https:\/\/ambassadebeaute.al\/sq\/shop\/br\/face\/targeted-serums\/serum-matriciel-visage-30-ml\/","title":{"rendered":"SERUM MATRICIEL VISAGE 30 ml"},"content":{"rendered":"<div class=\"translation-block\">\n<ul>VEPRIMET<\/p>\n<li>Vendos ve\u00e7orit\u00eb e tensionit t\u00eb fytyr\u00ebs<\/li>\n<li>Forcon epiderm\u00ebn<\/li>\n<li>Rrit volumin e moll\u00ebzave<\/li>\n<li>Rrit viskoelasticitetin e indit t\u00eb l\u00ebkur\u00ebs<\/li>\n<li>Rikrijon struktur\u00ebn dhe v\u00ebllimin e fytyr\u00ebs<\/li>\n<li>Duke trajtuar nj\u00eb nga problemet m\u00eb komplekse dhe m\u00eb t\u00eb pashmangshmet: kolapsin gradual t\u00eb fytyr\u00ebs, S\u00e9rum Matriciel Visage kombinon, me m\u00eb shum\u00eb se 10 veprime aktive t\u00eb trefishta:<br \/>\n\u2013 V\u00ebllime t\u00eb intensifikuara dhe fytyr\u00eb t\u00eb zbraz\u00ebt t\u00eb mbushur<br \/>\n\u2013 Tenzori i sip\u00ebrfaqes<br \/>\n-P\u00ebrmir\u00ebsimi i komunikimit epiderm\u00eb\/derm\u00eb\/hipoderm\u00eb<\/li>\n<li>Ai jep rezultate t\u00eb menj\u00ebhershme dhe t\u00eb q\u00ebndrueshme n\u00eb faqet, nyjet, qaf\u00ebn dhe konturet e fytyr\u00ebs.<\/li>\n<\/ul>\n<\/div>","protected":false},"excerpt":{"rendered":"<p class=\" translation-block\">P\u00ebr \u00e7do lloj l\u00ebkure p\u00ebrve\u00e7 t\u00eb yndyrshmes. Jasht\u00ebzakonisht hidratues dhe tonifikues. Duhet t\u00eb p\u00ebrdoret n\u00ebn kremra.<br>\nMe plakjen, v\u00ebllimi dhe struktura e fytyr\u00ebs mund t\u00eb evoluojn\u00eb dhe p\u00ebr k\u00ebt\u00eb arsye t\u00eb ndryshojn\u00eb pamjen e saj.<br>\nNivelet e fibrave t\u00eb elastin\u00ebs dhe kolagjenit, p\u00ebrgjegj\u00ebse p\u00ebr elasticitetin, zvog\u00eblohen.<br>\nL\u00ebkura m\u00eb pas ka tendenc\u00eb t\u00eb ulet, duke krijuar zgavra pran\u00eb syve, moll\u00ebzave dhe faqeve.<br>\nDuke stimuluar sintez\u00ebn e elastin\u00ebs dhe kolagjenit, Serum Matriciel p\u00ebr fytyr\u00ebn p\u00ebrmir\u00ebson elasticitetin e l\u00ebkur\u00ebs, duke rritur tiparet e fytyr\u00ebs. Si nj\u00eb serum shtr\u00ebngues i menj\u00ebhersh\u00ebm, Matriciel p\u00ebr fytyr\u00ebn, p\u00ebrmir\u00ebson tonin dhe q\u00ebndrueshm\u00ebrin\u00eb e l\u00ebkur\u00ebs dhe redukton duksh\u00ebm shenjat e plakjes.<\/p>","protected":false},"featured_media":2163,"template":"","meta":{"_uag_custom_page_level_css":"","site-sidebar-layout":"default","site-content-layout":"","ast-site-content-layout":"default","site-content-style":"default","site-sidebar-style":"default","ast-global-header-display":"","ast-banner-title-visibility":"","ast-main-header-display":"","ast-hfb-above-header-display":"","ast-hfb-below-header-display":"","ast-hfb-mobile-header-display":"","site-post-title":"","ast-breadcrumbs-content":"","ast-featured-img":"","footer-sml-layout":"","ast-disable-related-posts":"","theme-transparent-header-meta":"","adv-header-id-meta":"","stick-header-meta":"","header-above-stick-meta":"","header-main-stick-meta":"","header-below-stick-meta":"","astra-migrate-meta-layouts":"default","ast-page-background-enabled":"default","ast-page-background-meta":{"desktop":{"background-color":"var(--ast-global-color-4)","background-image":"","background-repeat":"repeat","background-position":"center center","background-size":"auto","background-attachment":"scroll","background-type":"","background-media":"","overlay-type":"","overlay-color":"","overlay-opacity":"","overlay-gradient":""},"tablet":{"background-color":"","background-image":"","background-repeat":"repeat","background-position":"center center","background-size":"auto","background-attachment":"scroll","background-type":"","background-media":"","overlay-type":"","overlay-color":"","overlay-opacity":"","overlay-gradient":""},"mobile":{"background-color":"","background-image":"","background-repeat":"repeat","background-position":"center center","background-size":"auto","background-attachment":"scroll","background-type":"","background-media":"","overlay-type":"","overlay-color":"","overlay-opacity":"","overlay-gradient":""}},"ast-content-background-meta":{"desktop":{"background-color":"var(--ast-global-color-5)","background-image":"","background-repeat":"repeat","background-position":"center center","background-size":"auto","background-attachment":"scroll","background-type":"","background-media":"","overlay-type":"","overlay-color":"","overlay-opacity":"","overlay-gradient":""},"tablet":{"background-color":"var(--ast-global-color-5)","background-image":"","background-repeat":"repeat","background-position":"center center","background-size":"auto","background-attachment":"scroll","background-type":"","background-media":"","overlay-type":"","overlay-color":"","overlay-opacity":"","overlay-gradient":""},"mobile":{"background-color":"var(--ast-global-color-5)","background-image":"","background-repeat":"repeat","background-position":"center center","background-size":"auto","background-attachment":"scroll","background-type":"","background-media":"","overlay-type":"","overlay-color":"","overlay-opacity":"","overlay-gradient":""}}},"product_brand":[199],"product_cat":[27,114,87],"product_tag":[137,56,133,138,136,139],"class_list":{"0":"post-121","1":"product","2":"type-product","3":"status-publish","4":"has-post-thumbnail","6":"product_brand-biologique-recherche","7":"product_cat-br","8":"product_cat-face","9":"product_cat-targeted-serums","10":"product_tag-all-skin-types","11":"product_tag-biologique-recherche","12":"product_tag-face-products","13":"product_tag-hydrating","14":"product_tag-targeted-serum","15":"product_tag-toning","16":"desktop-align-center","17":"tablet-align-center","18":"mobile-align-center","19":"ast-product-gallery-layout-vertical-slider","20":"ast-product-gallery-with-no-image","21":"ast-product-tabs-layout-horizontal","22":"ast-qv-on-image","24":"first","25":"instock","26":"taxable","27":"shipping-taxable","28":"purchasable","29":"product-type-simple"},"uagb_featured_image_src":{"full":["https:\/\/ambassadebeaute.al\/wp-content\/uploads\/2020\/02\/Serum-Matriciel-Visage-30ml-1.jpg",1024,1024,false],"thumbnail":["https:\/\/ambassadebeaute.al\/wp-content\/uploads\/2020\/02\/Serum-Matriciel-Visage-30ml-1-150x150.jpg",150,150,true],"medium":["https:\/\/ambassadebeaute.al\/wp-content\/uploads\/2020\/02\/Serum-Matriciel-Visage-30ml-1-300x300.jpg",300,300,true],"medium_large":["https:\/\/ambassadebeaute.al\/wp-content\/uploads\/2020\/02\/Serum-Matriciel-Visage-30ml-1-768x768.jpg",768,768,true],"large":["https:\/\/ambassadebeaute.al\/wp-content\/uploads\/2020\/02\/Serum-Matriciel-Visage-30ml-1-1024x1024.jpg",1024,1024,true],"1536x1536":["https:\/\/ambassadebeaute.al\/wp-content\/uploads\/2020\/02\/Serum-Matriciel-Visage-30ml-1.jpg",1024,1024,false],"2048x2048":["https:\/\/ambassadebeaute.al\/wp-content\/uploads\/2020\/02\/Serum-Matriciel-Visage-30ml-1.jpg",1024,1024,false],"trp-custom-language-flag":["https:\/\/ambassadebeaute.al\/wp-content\/uploads\/2020\/02\/Serum-Matriciel-Visage-30ml-1.jpg",12,12,false],"woocommerce_thumbnail":["https:\/\/ambassadebeaute.al\/wp-content\/uploads\/2020\/02\/Serum-Matriciel-Visage-30ml-1-300x300.jpg",300,300,true],"woocommerce_single":["https:\/\/ambassadebeaute.al\/wp-content\/uploads\/2020\/02\/Serum-Matriciel-Visage-30ml-1-600x600.jpg",600,600,true],"woocommerce_gallery_thumbnail":["https:\/\/ambassadebeaute.al\/wp-content\/uploads\/2020\/02\/Serum-Matriciel-Visage-30ml-1-100x100.jpg",100,100,true]},"uagb_author_info":{"display_name":"admin","author_link":"https:\/\/ambassadebeaute.al\/sq\/author\/"},"uagb_comment_info":0,"uagb_excerpt":"For any type of skin except oily. Extremely hydrating and toning. Should be used under creams. With aging, volume and structure of the face may evolve and therefore change its appearance. The levels of elastin and collagen fibers, responsible for the elasticity become low. The skin then tends to sag, creating hollows near the eyes,&hellip;","_links":{"self":[{"href":"https:\/\/ambassadebeaute.al\/sq\/wp-json\/wp\/v2\/product\/121","targetHints":{"allow":["GET"]}}],"collection":[{"href":"https:\/\/ambassadebeaute.al\/sq\/wp-json\/wp\/v2\/product"}],"about":[{"href":"https:\/\/ambassadebeaute.al\/sq\/wp-json\/wp\/v2\/types\/product"}],"wp:featuredmedia":[{"embeddable":true,"href":"https:\/\/ambassadebeaute.al\/sq\/wp-json\/wp\/v2\/media\/2163"}],"wp:attachment":[{"href":"https:\/\/ambassadebeaute.al\/sq\/wp-json\/wp\/v2\/media?parent=121"}],"wp:term":[{"taxonomy":"product_brand","embeddable":true,"href":"https:\/\/ambassadebeaute.al\/sq\/wp-json\/wp\/v2\/product_brand?post=121"},{"taxonomy":"product_cat","embeddable":true,"href":"https:\/\/ambassadebeaute.al\/sq\/wp-json\/wp\/v2\/product_cat?post=121"},{"taxonomy":"product_tag","embeddable":true,"href":"https:\/\/ambassadebeaute.al\/sq\/wp-json\/wp\/v2\/product_tag?post=121"}],"curies":[{"name":"wp","href":"https:\/\/api.w.org\/{rel}","templated":true}]}}