{"id":124,"date":"2020-02-11T21:17:21","date_gmt":"2020-02-11T21:17:21","guid":{"rendered":"https:\/\/faceology.net\/product\/creme-placenta-50-ml\/"},"modified":"2026-03-27T20:36:26","modified_gmt":"2026-03-27T20:36:26","slug":"krem-placente-50-ml","status":"publish","type":"product","link":"https:\/\/ambassadebeaute.al\/sq\/shop\/br\/face\/creams\/creme-placenta-50-ml\/","title":{"rendered":"CREME ISO PLACENTA 50 ml"},"content":{"rendered":"<p class=\"para-text-bold\">Cr\u00e8me Iso-Placenta* siguron kujdes intensiv rigjenerues p\u00ebr l\u00ebkur\u00ebn, duke vepruar ve\u00e7an\u00ebrisht n\u00eb l\u00ebkur\u00ebn e prirur ndaj akneve. Promovon rigjenerimin e qelizave p\u00ebr t\u00eb zvog\u00ebluar pamjen e pap\u00ebrsosm\u00ebrive t\u00eb shkaktuara nga aknet, duke ushqyer thell\u00ebsisht indet e l\u00ebkur\u00ebs p\u00ebrmes biomimikimit t\u00eb vetive t\u00eb placent\u00ebs njer\u00ebzore. Dhimbjet e akneve sh\u00ebrohen dhe sip\u00ebrfaqja e l\u00ebkur\u00ebs b\u00ebhet m\u00eb e nj\u00ebtrajtshme me m\u00eb pak skuqje.<\/p>\n<p class=\"para-text-bold\">Rekomandohet p\u00ebr Skin Instants\u00a9 intolerant.<sup>\u00a9<\/sup>\u00a0duke shfaqur gjurm\u00eb aknesh.<br \/>\n*Iso-Placenta: biomimikria e polipeptideve t\u00eb placent\u00ebs.<\/p>","protected":false},"excerpt":{"rendered":"<ul>Veprimet<\/p>\n<li>Rind\u00ebrtim intensiv i l\u00ebkur\u00ebs s\u00eb dob\u00ebsuar dhe t\u00eb d\u00ebmtuar.<\/li>\n<li>Redukton pap\u00ebrsosm\u00ebrit\u00eb e pigmentit.<\/li>\n<li>Hidraton shtresat e sip\u00ebrme t\u00eb epiderm\u00ebs.<\/li>\n<li>Trajtim intensiv rinovues q\u00eb i jep energji l\u00ebkur\u00ebs tuaj.<\/li>\n<li>Cr\u00e8me Placenta rigjeneron epiderm\u00ebn, duke siguruar t\u00eb gjith\u00eb ushqimin q\u00eb i nevojitet.<\/li>\n<li>L\u00ebkura juaj \u00ebsht\u00eb ringjallur dhe \u00e7ehrja juaj e unifikuar.<\/li>\n<\/ul>\n<p>&nbsp;<\/p>","protected":false},"featured_media":2814,"template":"","meta":{"_uag_custom_page_level_css":"","site-sidebar-layout":"default","site-content-layout":"","ast-site-content-layout":"default","site-content-style":"default","site-sidebar-style":"default","ast-global-header-display":"","ast-banner-title-visibility":"","ast-main-header-display":"","ast-hfb-above-header-display":"","ast-hfb-below-header-display":"","ast-hfb-mobile-header-display":"","site-post-title":"","ast-breadcrumbs-content":"","ast-featured-img":"","footer-sml-layout":"","ast-disable-related-posts":"","theme-transparent-header-meta":"","adv-header-id-meta":"","stick-header-meta":"","header-above-stick-meta":"","header-main-stick-meta":"","header-below-stick-meta":"","astra-migrate-meta-layouts":"default","ast-page-background-enabled":"default","ast-page-background-meta":{"desktop":{"background-color":"var(--ast-global-color-4)","background-image":"","background-repeat":"repeat","background-position":"center center","background-size":"auto","background-attachment":"scroll","background-type":"","background-media":"","overlay-type":"","overlay-color":"","overlay-opacity":"","overlay-gradient":""},"tablet":{"background-color":"","background-image":"","background-repeat":"repeat","background-position":"center center","background-size":"auto","background-attachment":"scroll","background-type":"","background-media":"","overlay-type":"","overlay-color":"","overlay-opacity":"","overlay-gradient":""},"mobile":{"background-color":"","background-image":"","background-repeat":"repeat","background-position":"center center","background-size":"auto","background-attachment":"scroll","background-type":"","background-media":"","overlay-type":"","overlay-color":"","overlay-opacity":"","overlay-gradient":""}},"ast-content-background-meta":{"desktop":{"background-color":"var(--ast-global-color-5)","background-image":"","background-repeat":"repeat","background-position":"center center","background-size":"auto","background-attachment":"scroll","background-type":"","background-media":"","overlay-type":"","overlay-color":"","overlay-opacity":"","overlay-gradient":""},"tablet":{"background-color":"var(--ast-global-color-5)","background-image":"","background-repeat":"repeat","background-position":"center center","background-size":"auto","background-attachment":"scroll","background-type":"","background-media":"","overlay-type":"","overlay-color":"","overlay-opacity":"","overlay-gradient":""},"mobile":{"background-color":"var(--ast-global-color-5)","background-image":"","background-repeat":"repeat","background-position":"center center","background-size":"auto","background-attachment":"scroll","background-type":"","background-media":"","overlay-type":"","overlay-color":"","overlay-opacity":"","overlay-gradient":""}}},"product_brand":[199],"product_cat":[27,61,114],"product_tag":[148,157,56,154,133],"class_list":{"0":"post-124","1":"product","2":"type-product","3":"status-publish","4":"has-post-thumbnail","6":"product_brand-biologique-recherche","7":"product_cat-br","8":"product_cat-creams","9":"product_cat-face","10":"product_tag-acne","11":"product_tag-acne-skin","12":"product_tag-biologique-recherche","13":"product_tag-creams","14":"product_tag-face-products","15":"desktop-align-center","16":"tablet-align-center","17":"mobile-align-center","18":"ast-product-gallery-layout-vertical-slider","19":"ast-product-gallery-with-no-image","20":"ast-product-tabs-layout-horizontal","21":"ast-qv-on-image","23":"first","24":"instock","25":"taxable","26":"shipping-taxable","27":"purchasable","28":"product-type-simple"},"uagb_featured_image_src":{"full":["https:\/\/ambassadebeaute.al\/wp-content\/uploads\/2020\/02\/Creme-Iso-Placenta1024.jpg",1024,1024,false],"thumbnail":["https:\/\/ambassadebeaute.al\/wp-content\/uploads\/2020\/02\/Creme-Iso-Placenta1024-150x150.jpg",150,150,true],"medium":["https:\/\/ambassadebeaute.al\/wp-content\/uploads\/2020\/02\/Creme-Iso-Placenta1024-300x300.jpg",300,300,true],"medium_large":["https:\/\/ambassadebeaute.al\/wp-content\/uploads\/2020\/02\/Creme-Iso-Placenta1024-768x768.jpg",768,768,true],"large":["https:\/\/ambassadebeaute.al\/wp-content\/uploads\/2020\/02\/Creme-Iso-Placenta1024-1024x1024.jpg",1024,1024,true],"1536x1536":["https:\/\/ambassadebeaute.al\/wp-content\/uploads\/2020\/02\/Creme-Iso-Placenta1024.jpg",1024,1024,false],"2048x2048":["https:\/\/ambassadebeaute.al\/wp-content\/uploads\/2020\/02\/Creme-Iso-Placenta1024.jpg",1024,1024,false],"trp-custom-language-flag":["https:\/\/ambassadebeaute.al\/wp-content\/uploads\/2020\/02\/Creme-Iso-Placenta1024-12x12.jpg",12,12,true],"woocommerce_thumbnail":["https:\/\/ambassadebeaute.al\/wp-content\/uploads\/2020\/02\/Creme-Iso-Placenta1024-300x300.jpg",300,300,true],"woocommerce_single":["https:\/\/ambassadebeaute.al\/wp-content\/uploads\/2020\/02\/Creme-Iso-Placenta1024-600x600.jpg",600,600,true],"woocommerce_gallery_thumbnail":["https:\/\/ambassadebeaute.al\/wp-content\/uploads\/2020\/02\/Creme-Iso-Placenta1024-100x100.jpg",100,100,true]},"uagb_author_info":{"display_name":"admin","author_link":"https:\/\/ambassadebeaute.al\/sq\/author\/"},"uagb_comment_info":0,"uagb_excerpt":"ACTIONS Intense reconstruction of weakened and damaged skin. Reduces pigment imperfections. Hydrates the top layers of the epidermis. Intensive renovating treatment that energizes your skin. Cr\u00e8me Placenta regenerates the epidermis, providing all the nourishment it needs. Your skin is revived and your complexion unified. &nbsp;","_links":{"self":[{"href":"https:\/\/ambassadebeaute.al\/sq\/wp-json\/wp\/v2\/product\/124","targetHints":{"allow":["GET"]}}],"collection":[{"href":"https:\/\/ambassadebeaute.al\/sq\/wp-json\/wp\/v2\/product"}],"about":[{"href":"https:\/\/ambassadebeaute.al\/sq\/wp-json\/wp\/v2\/types\/product"}],"wp:featuredmedia":[{"embeddable":true,"href":"https:\/\/ambassadebeaute.al\/sq\/wp-json\/wp\/v2\/media\/2814"}],"wp:attachment":[{"href":"https:\/\/ambassadebeaute.al\/sq\/wp-json\/wp\/v2\/media?parent=124"}],"wp:term":[{"taxonomy":"product_brand","embeddable":true,"href":"https:\/\/ambassadebeaute.al\/sq\/wp-json\/wp\/v2\/product_brand?post=124"},{"taxonomy":"product_cat","embeddable":true,"href":"https:\/\/ambassadebeaute.al\/sq\/wp-json\/wp\/v2\/product_cat?post=124"},{"taxonomy":"product_tag","embeddable":true,"href":"https:\/\/ambassadebeaute.al\/sq\/wp-json\/wp\/v2\/product_tag?post=124"}],"curies":[{"name":"wp","href":"https:\/\/api.w.org\/{rel}","templated":true}]}}