{"id":125,"date":"2020-02-11T21:17:21","date_gmt":"2020-02-11T21:17:21","guid":{"rendered":"https:\/\/faceology.net\/product\/creme-hydravits-50-ml\/"},"modified":"2026-03-27T20:36:26","modified_gmt":"2026-03-27T20:36:26","slug":"krem-hidravit-50-ml","status":"publish","type":"product","link":"https:\/\/ambassadebeaute.al\/sq\/shop\/br\/face\/creams\/creme-hydravits-50-ml\/","title":{"rendered":"CREME HYDRAVIT&#039;S 50 ml"},"content":{"rendered":"<div class=\"translation-block\">\n<ul><li>Rimineralizon epiderm\u00ebn.<\/li>\n<li>Siguron hidratim t\u00eb q\u00ebndruesh\u00ebm t\u00eb shtresave t\u00eb sip\u00ebrme t\u00eb epiderm\u00ebs.<\/li>\n<li>Energjizon menj\u00ebher\u00eb dhe rigjall\u00ebron l\u00ebkur\u00ebn tuaj.<\/li>\n<li>Fytyra juaj ndri\u00e7ohet menj\u00ebher\u00eb.<\/li>\nIdeale p\u00ebr l\u00ebkurat e reja. Cr\u00e8me Hydravit 'e ndjekur nga disa pika t\u00eb m\u00ebndafshit Plus do t'ju b\u00ebj\u00eb t\u00eb rrezatoni me bukuri. P\u00ebrdorni pa moderim n\u00eb raste t\u00eb ve\u00e7anta.<\/li>\n<\/ul>\nSh\u00ebnim :\n- Kremrat Biologique Recherche kan\u00eb nj\u00eb struktur\u00eb t\u00eb ve\u00e7ant\u00eb q\u00eb hidratojne pa l\u00ebn\u00eb nj\u00eb film me vaj n\u00eb l\u00ebkur\u00eb.\n- Ato jan\u00eb t\u00eb lehta p\u00ebr t\u2019u zbatuar dhe t\u00eb pasura me p\u00ebrb\u00ebr\u00ebs aktiv\u00eb, duke siguruar rezultate maksimale vet\u00ebm me nj\u00eb sasi t\u00eb arrave t\u00eb lajthis\u00eb.\n- Jo i p\u00ebrshtatsh\u00ebm p\u00ebr f\u00ebmij\u00ebt.\n<\/div>","protected":false},"excerpt":{"rendered":"<p class=\" translation-block\">P\u00ebrshkrimi i produktit: ky krem \u200b\u200bp\u00ebr hidratim, p\u00ebrmban tharm dhe ekstrakte t\u00eb algave  termike. Ai e b\u00ebn l\u00ebkur\u00ebn t\u00eb shndritshme dhe e ringjall\u00eb at\u00eb andaj rekomandohet p\u00ebr l\u00ebkur\u00ebn e dehidruar.<\/p>","protected":false},"featured_media":2166,"template":"","meta":{"_uag_custom_page_level_css":"","site-sidebar-layout":"default","site-content-layout":"","ast-site-content-layout":"default","site-content-style":"default","site-sidebar-style":"default","ast-global-header-display":"","ast-banner-title-visibility":"","ast-main-header-display":"","ast-hfb-above-header-display":"","ast-hfb-below-header-display":"","ast-hfb-mobile-header-display":"","site-post-title":"","ast-breadcrumbs-content":"","ast-featured-img":"","footer-sml-layout":"","ast-disable-related-posts":"","theme-transparent-header-meta":"","adv-header-id-meta":"","stick-header-meta":"","header-above-stick-meta":"","header-main-stick-meta":"","header-below-stick-meta":"","astra-migrate-meta-layouts":"default","ast-page-background-enabled":"default","ast-page-background-meta":{"desktop":{"background-color":"var(--ast-global-color-4)","background-image":"","background-repeat":"repeat","background-position":"center center","background-size":"auto","background-attachment":"scroll","background-type":"","background-media":"","overlay-type":"","overlay-color":"","overlay-opacity":"","overlay-gradient":""},"tablet":{"background-color":"","background-image":"","background-repeat":"repeat","background-position":"center center","background-size":"auto","background-attachment":"scroll","background-type":"","background-media":"","overlay-type":"","overlay-color":"","overlay-opacity":"","overlay-gradient":""},"mobile":{"background-color":"","background-image":"","background-repeat":"repeat","background-position":"center center","background-size":"auto","background-attachment":"scroll","background-type":"","background-media":"","overlay-type":"","overlay-color":"","overlay-opacity":"","overlay-gradient":""}},"ast-content-background-meta":{"desktop":{"background-color":"var(--ast-global-color-5)","background-image":"","background-repeat":"repeat","background-position":"center center","background-size":"auto","background-attachment":"scroll","background-type":"","background-media":"","overlay-type":"","overlay-color":"","overlay-opacity":"","overlay-gradient":""},"tablet":{"background-color":"var(--ast-global-color-5)","background-image":"","background-repeat":"repeat","background-position":"center center","background-size":"auto","background-attachment":"scroll","background-type":"","background-media":"","overlay-type":"","overlay-color":"","overlay-opacity":"","overlay-gradient":""},"mobile":{"background-color":"var(--ast-global-color-5)","background-image":"","background-repeat":"repeat","background-position":"center center","background-size":"auto","background-attachment":"scroll","background-type":"","background-media":"","overlay-type":"","overlay-color":"","overlay-opacity":"","overlay-gradient":""}}},"product_brand":[199],"product_cat":[27,61,114],"product_tag":[],"class_list":{"0":"post-125","1":"product","2":"type-product","3":"status-publish","4":"has-post-thumbnail","6":"product_brand-biologique-recherche","7":"product_cat-br","8":"product_cat-creams","9":"product_cat-face","10":"desktop-align-center","11":"tablet-align-center","12":"mobile-align-center","13":"ast-product-gallery-layout-vertical-slider","14":"ast-product-gallery-with-no-image","15":"ast-product-tabs-layout-horizontal","16":"ast-qv-on-image","18":"first","19":"instock","20":"taxable","21":"shipping-taxable","22":"purchasable","23":"product-type-simple"},"uagb_featured_image_src":{"full":["https:\/\/ambassadebeaute.al\/wp-content\/uploads\/2020\/02\/Creme-Hydravits-50ml-1.jpg",1024,1024,false],"thumbnail":["https:\/\/ambassadebeaute.al\/wp-content\/uploads\/2020\/02\/Creme-Hydravits-50ml-1-150x150.jpg",150,150,true],"medium":["https:\/\/ambassadebeaute.al\/wp-content\/uploads\/2020\/02\/Creme-Hydravits-50ml-1-300x300.jpg",300,300,true],"medium_large":["https:\/\/ambassadebeaute.al\/wp-content\/uploads\/2020\/02\/Creme-Hydravits-50ml-1-768x768.jpg",768,768,true],"large":["https:\/\/ambassadebeaute.al\/wp-content\/uploads\/2020\/02\/Creme-Hydravits-50ml-1-1024x1024.jpg",1024,1024,true],"1536x1536":["https:\/\/ambassadebeaute.al\/wp-content\/uploads\/2020\/02\/Creme-Hydravits-50ml-1.jpg",1024,1024,false],"2048x2048":["https:\/\/ambassadebeaute.al\/wp-content\/uploads\/2020\/02\/Creme-Hydravits-50ml-1.jpg",1024,1024,false],"trp-custom-language-flag":["https:\/\/ambassadebeaute.al\/wp-content\/uploads\/2020\/02\/Creme-Hydravits-50ml-1.jpg",12,12,false],"woocommerce_thumbnail":["https:\/\/ambassadebeaute.al\/wp-content\/uploads\/2020\/02\/Creme-Hydravits-50ml-1-300x300.jpg",300,300,true],"woocommerce_single":["https:\/\/ambassadebeaute.al\/wp-content\/uploads\/2020\/02\/Creme-Hydravits-50ml-1-600x600.jpg",600,600,true],"woocommerce_gallery_thumbnail":["https:\/\/ambassadebeaute.al\/wp-content\/uploads\/2020\/02\/Creme-Hydravits-50ml-1-100x100.jpg",100,100,true]},"uagb_author_info":{"display_name":"admin","author_link":"https:\/\/ambassadebeaute.al\/sq\/author\/"},"uagb_comment_info":0,"uagb_excerpt":"Good for very dry skin, hydrating. Use with Biologique Recherche Oligo Protein Marine serum as they\u2019re both algae based. NOTE: Be careful if you\u2019re allergic to shellfish. Aida says: This is a great, inexpensive cream for dry skin. It\u2019s best used with Serum Oligo-Prot\u00e9ines Marines because of the marine ingredients, although these are not for&hellip;","_links":{"self":[{"href":"https:\/\/ambassadebeaute.al\/sq\/wp-json\/wp\/v2\/product\/125","targetHints":{"allow":["GET"]}}],"collection":[{"href":"https:\/\/ambassadebeaute.al\/sq\/wp-json\/wp\/v2\/product"}],"about":[{"href":"https:\/\/ambassadebeaute.al\/sq\/wp-json\/wp\/v2\/types\/product"}],"wp:featuredmedia":[{"embeddable":true,"href":"https:\/\/ambassadebeaute.al\/sq\/wp-json\/wp\/v2\/media\/2166"}],"wp:attachment":[{"href":"https:\/\/ambassadebeaute.al\/sq\/wp-json\/wp\/v2\/media?parent=125"}],"wp:term":[{"taxonomy":"product_brand","embeddable":true,"href":"https:\/\/ambassadebeaute.al\/sq\/wp-json\/wp\/v2\/product_brand?post=125"},{"taxonomy":"product_cat","embeddable":true,"href":"https:\/\/ambassadebeaute.al\/sq\/wp-json\/wp\/v2\/product_cat?post=125"},{"taxonomy":"product_tag","embeddable":true,"href":"https:\/\/ambassadebeaute.al\/sq\/wp-json\/wp\/v2\/product_tag?post=125"}],"curies":[{"name":"wp","href":"https:\/\/api.w.org\/{rel}","templated":true}]}}