{"id":127,"date":"2020-02-11T21:17:22","date_gmt":"2020-02-11T21:17:22","guid":{"rendered":"https:\/\/faceology.net\/product\/creme-splendide-50-ml\/"},"modified":"2026-03-27T20:36:26","modified_gmt":"2026-03-27T20:36:26","slug":"krem-splendide-50-ml","status":"publish","type":"product","link":"https:\/\/ambassadebeaute.al\/sq\/shop\/br\/face\/creams\/creme-splendide-50-ml\/","title":{"rendered":"CREME SPLENDIDE 50 ml"},"content":{"rendered":"<div class=\"translation-block\">\n<ul><li>\nNdihmon p\u00ebr t\u00eb tonifikuar dhe forcuar l\u00ebkur\u00ebn.<\/li>\n<li>Rivitalizon dhe rikthen funksionet natyrale t\u00eb l\u00ebkur\u00ebs.<\/li>\n<li>Hidraton shtresat e sip\u00ebrme t\u00eb epiderm\u00ebs.<\/li>\n<li>Mbron l\u00ebkur\u00ebn nga agresionet e jashtme.<\/li>\n<li>Cr\u00e8me Splendide \u00ebsht\u00eb nj\u00eb krem \u200b\u200btonifikues q\u00eb forcon dhe hidraton thell\u00ebsisht l\u00ebkur\u00ebn.<\/li>\n<li>Nj\u00eb shp\u00ebrthim i v\u00ebrtet\u00eb i jet\u00ebs, ky trajtim kund\u00ebr plakjes rikthen densitetin dhe siguron hidratim t\u00eb menj\u00ebhersh\u00ebm, duke e b\u00ebr\u00eb l\u00ebkur\u00ebn t\u00eb duket m\u00eb e ndritshme.<\/li>\n<li>Cr\u00e8me Splendide \u00ebsht\u00eb nj\u00eb trajtim gjith\u00ebp\u00ebrfshir\u00ebs, \u200b\u200bkund\u00ebr plakjes q\u00eb ofron performanc\u00eb t\u00eb p\u00ebrparuar.<\/li><\/ul>\nSh\u00ebnim :<br>\n- Kremrat Biologique Recherche kan\u00eb nj\u00eb struktur\u00eb t\u00eb ve\u00e7ant\u00eb q\u00eb hidraton pa l\u00ebn\u00eb nj\u00eb film me vaj, okluziv n\u00eb l\u00ebkur\u00eb.<br>\n- Jan\u00eb t\u00eb leht\u00eb p\u00ebr t\u2019u zbatuar dhe t\u00eb pasura me p\u00ebrb\u00ebr\u00ebs aktiv\u00eb, duke siguruar rezultate maksimale vet\u00ebm me nj\u00eb sasi t\u00eb arrave t\u00eb lajthis\u00eb.<br>\n- Jo i p\u00ebrshtatsh\u00ebm p\u00ebr f\u00ebmij\u00ebt.\n<\/div>","protected":false},"excerpt":{"rendered":"<p class=\" translation-block\">P\u00ebrshkrimi i produktit: ky krem \u200b\u200b\u00ebsht\u00eb i pasur me p\u00ebrb\u00ebr\u00ebs aktiv duke p\u00ebrfshir\u00eb kompleksin bimor\u00eb me efikasitet t\u00eb lart\u00eb t\u00eb Biologique Recherche dhe maje e buk\u00ebs. Efektet pozitive si shtr\u00ebngimi dhe forcimi i l\u00ebkur\u00ebs etj. ndjehen q\u00eb nga p\u00ebrdorimi i par\u00eb. Rekomandohet p\u00ebr l\u00ebkur\u00ebn e plakur dhe at\u00eb m\u00eb pak t\u00eb tonifikuar.<\/p>","protected":false},"featured_media":2156,"template":"","meta":{"_uag_custom_page_level_css":"","site-sidebar-layout":"default","site-content-layout":"","ast-site-content-layout":"default","site-content-style":"default","site-sidebar-style":"default","ast-global-header-display":"","ast-banner-title-visibility":"","ast-main-header-display":"","ast-hfb-above-header-display":"","ast-hfb-below-header-display":"","ast-hfb-mobile-header-display":"","site-post-title":"","ast-breadcrumbs-content":"","ast-featured-img":"","footer-sml-layout":"","ast-disable-related-posts":"","theme-transparent-header-meta":"","adv-header-id-meta":"","stick-header-meta":"","header-above-stick-meta":"","header-main-stick-meta":"","header-below-stick-meta":"","astra-migrate-meta-layouts":"default","ast-page-background-enabled":"default","ast-page-background-meta":{"desktop":{"background-color":"var(--ast-global-color-4)","background-image":"","background-repeat":"repeat","background-position":"center center","background-size":"auto","background-attachment":"scroll","background-type":"","background-media":"","overlay-type":"","overlay-color":"","overlay-opacity":"","overlay-gradient":""},"tablet":{"background-color":"","background-image":"","background-repeat":"repeat","background-position":"center center","background-size":"auto","background-attachment":"scroll","background-type":"","background-media":"","overlay-type":"","overlay-color":"","overlay-opacity":"","overlay-gradient":""},"mobile":{"background-color":"","background-image":"","background-repeat":"repeat","background-position":"center center","background-size":"auto","background-attachment":"scroll","background-type":"","background-media":"","overlay-type":"","overlay-color":"","overlay-opacity":"","overlay-gradient":""}},"ast-content-background-meta":{"desktop":{"background-color":"var(--ast-global-color-5)","background-image":"","background-repeat":"repeat","background-position":"center center","background-size":"auto","background-attachment":"scroll","background-type":"","background-media":"","overlay-type":"","overlay-color":"","overlay-opacity":"","overlay-gradient":""},"tablet":{"background-color":"var(--ast-global-color-5)","background-image":"","background-repeat":"repeat","background-position":"center center","background-size":"auto","background-attachment":"scroll","background-type":"","background-media":"","overlay-type":"","overlay-color":"","overlay-opacity":"","overlay-gradient":""},"mobile":{"background-color":"var(--ast-global-color-5)","background-image":"","background-repeat":"repeat","background-position":"center center","background-size":"auto","background-attachment":"scroll","background-type":"","background-media":"","overlay-type":"","overlay-color":"","overlay-opacity":"","overlay-gradient":""}}},"product_brand":[199],"product_cat":[27,61],"product_tag":[],"class_list":{"0":"post-127","1":"product","2":"type-product","3":"status-publish","4":"has-post-thumbnail","6":"product_brand-biologique-recherche","7":"product_cat-br","8":"product_cat-creams","9":"desktop-align-center","10":"tablet-align-center","11":"mobile-align-center","12":"ast-product-gallery-layout-vertical-slider","13":"ast-product-gallery-with-no-image","14":"ast-product-tabs-layout-horizontal","15":"ast-qv-on-image","17":"first","18":"instock","19":"taxable","20":"shipping-taxable","21":"purchasable","22":"product-type-simple"},"uagb_featured_image_src":{"full":["https:\/\/ambassadebeaute.al\/wp-content\/uploads\/2020\/02\/Creme-Splendide-50ml-1.jpg",1024,1024,false],"thumbnail":["https:\/\/ambassadebeaute.al\/wp-content\/uploads\/2020\/02\/Creme-Splendide-50ml-1-150x150.jpg",150,150,true],"medium":["https:\/\/ambassadebeaute.al\/wp-content\/uploads\/2020\/02\/Creme-Splendide-50ml-1-300x300.jpg",300,300,true],"medium_large":["https:\/\/ambassadebeaute.al\/wp-content\/uploads\/2020\/02\/Creme-Splendide-50ml-1-768x768.jpg",768,768,true],"large":["https:\/\/ambassadebeaute.al\/wp-content\/uploads\/2020\/02\/Creme-Splendide-50ml-1-1024x1024.jpg",1024,1024,true],"1536x1536":["https:\/\/ambassadebeaute.al\/wp-content\/uploads\/2020\/02\/Creme-Splendide-50ml-1.jpg",1024,1024,false],"2048x2048":["https:\/\/ambassadebeaute.al\/wp-content\/uploads\/2020\/02\/Creme-Splendide-50ml-1.jpg",1024,1024,false],"trp-custom-language-flag":["https:\/\/ambassadebeaute.al\/wp-content\/uploads\/2020\/02\/Creme-Splendide-50ml-1.jpg",12,12,false],"woocommerce_thumbnail":["https:\/\/ambassadebeaute.al\/wp-content\/uploads\/2020\/02\/Creme-Splendide-50ml-1-300x300.jpg",300,300,true],"woocommerce_single":["https:\/\/ambassadebeaute.al\/wp-content\/uploads\/2020\/02\/Creme-Splendide-50ml-1-600x600.jpg",600,600,true],"woocommerce_gallery_thumbnail":["https:\/\/ambassadebeaute.al\/wp-content\/uploads\/2020\/02\/Creme-Splendide-50ml-1-100x100.jpg",100,100,true]},"uagb_author_info":{"display_name":"admin","author_link":"https:\/\/ambassadebeaute.al\/sq\/author\/"},"uagb_comment_info":0,"uagb_excerpt":"For dry skin only. Penetrates beyond the first layer. Because the cream is brown it may look thick when applied. One of Biologique Recherche\u2019s best and oldest creams. If you want one cream that helps elasticity of the neck and face use Creme Splendide. Aida says:\u00a0Great for the face and neck, this cream will firm&hellip;","_links":{"self":[{"href":"https:\/\/ambassadebeaute.al\/sq\/wp-json\/wp\/v2\/product\/127","targetHints":{"allow":["GET"]}}],"collection":[{"href":"https:\/\/ambassadebeaute.al\/sq\/wp-json\/wp\/v2\/product"}],"about":[{"href":"https:\/\/ambassadebeaute.al\/sq\/wp-json\/wp\/v2\/types\/product"}],"wp:featuredmedia":[{"embeddable":true,"href":"https:\/\/ambassadebeaute.al\/sq\/wp-json\/wp\/v2\/media\/2156"}],"wp:attachment":[{"href":"https:\/\/ambassadebeaute.al\/sq\/wp-json\/wp\/v2\/media?parent=127"}],"wp:term":[{"taxonomy":"product_brand","embeddable":true,"href":"https:\/\/ambassadebeaute.al\/sq\/wp-json\/wp\/v2\/product_brand?post=127"},{"taxonomy":"product_cat","embeddable":true,"href":"https:\/\/ambassadebeaute.al\/sq\/wp-json\/wp\/v2\/product_cat?post=127"},{"taxonomy":"product_tag","embeddable":true,"href":"https:\/\/ambassadebeaute.al\/sq\/wp-json\/wp\/v2\/product_tag?post=127"}],"curies":[{"name":"wp","href":"https:\/\/api.w.org\/{rel}","templated":true}]}}