{"id":129,"date":"2020-02-11T21:17:22","date_gmt":"2020-02-11T21:17:22","guid":{"rendered":"https:\/\/faceology.net\/product\/creme-grand-millesime-50-ml\/"},"modified":"2026-03-27T20:36:26","modified_gmt":"2026-03-27T20:36:26","slug":"krem-i-madh-millesime-50-ml","status":"publish","type":"product","link":"https:\/\/ambassadebeaute.al\/sq\/shop\/br\/face\/creams\/creme-grand-millesime-50-ml\/","title":{"rendered":"CREME GRAND MILLESIME 50 ml"},"content":{"rendered":"<div class=\"translation-block\">\n<li>\nRigjall\u00ebron epiderm\u00ebn.<\/li>\n<li>Ndri\u00e7on fytyr\u00ebn.<\/li>\n<li>Hidraton shtresat e sip\u00ebrme t\u00eb epiderm\u00ebs.<\/li>\n<li>Nxit mbrojtjen natyrore t\u00eb l\u00ebkur\u00ebs.<\/li>\n<li>P\u00ebrmir\u00ebson rigjenerimin e epiderm\u00ebs.<\/li>\n<li>Ndihmon n\u00eb parandalimin e shenjave t\u00eb plakjes n\u00eb l\u00ebkur\u00eb.<\/li>\n<li>Nj\u00eb krem \u200b\u200bme shum\u00eb funksione q\u00eb hidraton intensivisht dhe p\u00ebrmir\u00ebson elasticitetin e l\u00ebkur\u00ebs tuaj, duke e l\u00ebn\u00eb fytyr\u00ebn tuaj t\u00eb unifikuar dhe t\u00eb ndritshme.<\/li>\n<li>Me vetit\u00eb e tij antioksiduese ky trajtim i fuqish\u00ebm bukurie rinovon l\u00ebkur\u00ebn tuaj \u00e7do dit\u00eb.<\/li><\/ul>\n<\/div>","protected":false},"excerpt":{"rendered":"<p class=\" translation-block\">P\u00ebrshkrimi i produktit: ky krem p\u00ebr rigjall\u00ebrimin e bukuris\u00eb, i kombinon ekstraktet qelizore dhe nj\u00eb kompleks antioksidues fito-biologjik shum\u00eb efikas, p\u00ebr rinovimin e l\u00ebkur\u00ebs \u00e7do dit\u00eb. Rekomandohet p\u00ebr l\u00ebkur\u00ebn e \u00e7vitalizuar<\/p>","protected":false},"featured_media":2157,"template":"","meta":{"_uag_custom_page_level_css":"","site-sidebar-layout":"default","site-content-layout":"","ast-site-content-layout":"default","site-content-style":"default","site-sidebar-style":"default","ast-global-header-display":"","ast-banner-title-visibility":"","ast-main-header-display":"","ast-hfb-above-header-display":"","ast-hfb-below-header-display":"","ast-hfb-mobile-header-display":"","site-post-title":"","ast-breadcrumbs-content":"","ast-featured-img":"","footer-sml-layout":"","ast-disable-related-posts":"","theme-transparent-header-meta":"","adv-header-id-meta":"","stick-header-meta":"","header-above-stick-meta":"","header-main-stick-meta":"","header-below-stick-meta":"","astra-migrate-meta-layouts":"default","ast-page-background-enabled":"default","ast-page-background-meta":{"desktop":{"background-color":"var(--ast-global-color-4)","background-image":"","background-repeat":"repeat","background-position":"center center","background-size":"auto","background-attachment":"scroll","background-type":"","background-media":"","overlay-type":"","overlay-color":"","overlay-opacity":"","overlay-gradient":""},"tablet":{"background-color":"","background-image":"","background-repeat":"repeat","background-position":"center center","background-size":"auto","background-attachment":"scroll","background-type":"","background-media":"","overlay-type":"","overlay-color":"","overlay-opacity":"","overlay-gradient":""},"mobile":{"background-color":"","background-image":"","background-repeat":"repeat","background-position":"center center","background-size":"auto","background-attachment":"scroll","background-type":"","background-media":"","overlay-type":"","overlay-color":"","overlay-opacity":"","overlay-gradient":""}},"ast-content-background-meta":{"desktop":{"background-color":"var(--ast-global-color-5)","background-image":"","background-repeat":"repeat","background-position":"center center","background-size":"auto","background-attachment":"scroll","background-type":"","background-media":"","overlay-type":"","overlay-color":"","overlay-opacity":"","overlay-gradient":""},"tablet":{"background-color":"var(--ast-global-color-5)","background-image":"","background-repeat":"repeat","background-position":"center center","background-size":"auto","background-attachment":"scroll","background-type":"","background-media":"","overlay-type":"","overlay-color":"","overlay-opacity":"","overlay-gradient":""},"mobile":{"background-color":"var(--ast-global-color-5)","background-image":"","background-repeat":"repeat","background-position":"center center","background-size":"auto","background-attachment":"scroll","background-type":"","background-media":"","overlay-type":"","overlay-color":"","overlay-opacity":"","overlay-gradient":""}}},"product_brand":[199],"product_cat":[27,61,114],"product_tag":[],"class_list":{"0":"post-129","1":"product","2":"type-product","3":"status-publish","4":"has-post-thumbnail","6":"product_brand-biologique-recherche","7":"product_cat-br","8":"product_cat-creams","9":"product_cat-face","10":"desktop-align-center","11":"tablet-align-center","12":"mobile-align-center","13":"ast-product-gallery-layout-vertical-slider","14":"ast-product-gallery-with-no-image","15":"ast-product-tabs-layout-horizontal","16":"ast-qv-on-image","18":"first","19":"instock","20":"taxable","21":"shipping-taxable","22":"purchasable","23":"product-type-simple"},"uagb_featured_image_src":{"full":["https:\/\/ambassadebeaute.al\/wp-content\/uploads\/2020\/02\/Creme-Grand-Millesime-50ml-1.jpg",1024,1024,false],"thumbnail":["https:\/\/ambassadebeaute.al\/wp-content\/uploads\/2020\/02\/Creme-Grand-Millesime-50ml-1-150x150.jpg",150,150,true],"medium":["https:\/\/ambassadebeaute.al\/wp-content\/uploads\/2020\/02\/Creme-Grand-Millesime-50ml-1-300x300.jpg",300,300,true],"medium_large":["https:\/\/ambassadebeaute.al\/wp-content\/uploads\/2020\/02\/Creme-Grand-Millesime-50ml-1-768x768.jpg",768,768,true],"large":["https:\/\/ambassadebeaute.al\/wp-content\/uploads\/2020\/02\/Creme-Grand-Millesime-50ml-1-1024x1024.jpg",1024,1024,true],"1536x1536":["https:\/\/ambassadebeaute.al\/wp-content\/uploads\/2020\/02\/Creme-Grand-Millesime-50ml-1.jpg",1024,1024,false],"2048x2048":["https:\/\/ambassadebeaute.al\/wp-content\/uploads\/2020\/02\/Creme-Grand-Millesime-50ml-1.jpg",1024,1024,false],"trp-custom-language-flag":["https:\/\/ambassadebeaute.al\/wp-content\/uploads\/2020\/02\/Creme-Grand-Millesime-50ml-1.jpg",12,12,false],"woocommerce_thumbnail":["https:\/\/ambassadebeaute.al\/wp-content\/uploads\/2020\/02\/Creme-Grand-Millesime-50ml-1-300x300.jpg",300,300,true],"woocommerce_single":["https:\/\/ambassadebeaute.al\/wp-content\/uploads\/2020\/02\/Creme-Grand-Millesime-50ml-1-600x600.jpg",600,600,true],"woocommerce_gallery_thumbnail":["https:\/\/ambassadebeaute.al\/wp-content\/uploads\/2020\/02\/Creme-Grand-Millesime-50ml-1-100x100.jpg",100,100,true]},"uagb_author_info":{"display_name":"admin","author_link":"https:\/\/ambassadebeaute.al\/sq\/author\/"},"uagb_comment_info":0,"uagb_excerpt":"For dry skin. Penetrates and hydrates, so light it doesn\u2019t sit on the surface or clog the pores. This multi-function, intense-moisture cream improves skin\u2019s elasticity while boosting skin\u2019s natural defenses and enhancing epidermal regeneration.","_links":{"self":[{"href":"https:\/\/ambassadebeaute.al\/sq\/wp-json\/wp\/v2\/product\/129","targetHints":{"allow":["GET"]}}],"collection":[{"href":"https:\/\/ambassadebeaute.al\/sq\/wp-json\/wp\/v2\/product"}],"about":[{"href":"https:\/\/ambassadebeaute.al\/sq\/wp-json\/wp\/v2\/types\/product"}],"wp:featuredmedia":[{"embeddable":true,"href":"https:\/\/ambassadebeaute.al\/sq\/wp-json\/wp\/v2\/media\/2157"}],"wp:attachment":[{"href":"https:\/\/ambassadebeaute.al\/sq\/wp-json\/wp\/v2\/media?parent=129"}],"wp:term":[{"taxonomy":"product_brand","embeddable":true,"href":"https:\/\/ambassadebeaute.al\/sq\/wp-json\/wp\/v2\/product_brand?post=129"},{"taxonomy":"product_cat","embeddable":true,"href":"https:\/\/ambassadebeaute.al\/sq\/wp-json\/wp\/v2\/product_cat?post=129"},{"taxonomy":"product_tag","embeddable":true,"href":"https:\/\/ambassadebeaute.al\/sq\/wp-json\/wp\/v2\/product_tag?post=129"}],"curies":[{"name":"wp","href":"https:\/\/api.w.org\/{rel}","templated":true}]}}