{"id":134,"date":"2020-02-11T21:17:23","date_gmt":"2020-02-11T21:17:23","guid":{"rendered":"https:\/\/faceology.net\/product\/creme-msr-h-50-ml\/"},"modified":"2026-03-27T20:36:25","modified_gmt":"2026-03-27T20:36:25","slug":"krem-msr-h-50-ml","status":"publish","type":"product","link":"https:\/\/ambassadebeaute.al\/sq\/shop\/br\/face\/creams\/creme-msr-h-50-ml\/","title":{"rendered":"CREME MSR-H 50 ml"},"content":{"rendered":"<div class=\"translation-block\">Cr\u00e8me MSR-H \u00ebsht\u00eb nj\u00eb trajtim i plot\u00eb kund\u00ebr plakjes: I p\u00ebrqendruar n\u00eb luftime aktive kund\u00ebr efekteve t\u00eb menopauz\u00ebs, lejon t\u00eb forconi q\u00ebndrueshm\u00ebrin\u00eb dhe t\u00eb p\u00ebrmir\u00ebsoni elasticitetin e l\u00ebkur\u00ebs.\nMe k\u00ebt\u00eb veprim global n\u00eb l\u00ebkur\u00eb t\u00eb q\u00ebndrueshme, zbut linjat dhe rrudhat dhe riformon fytyr\u00ebn ovale. L\u00ebkura duket m\u00eb e re dhe e fresk\u00ebt.\n<ul><li>\nLeht\u00ebson ngusht\u00ebsin\u00eb e epiderm\u00ebs.<\/li>\n<li>Ribalancon dhe rigjall\u00ebron funksionet e l\u00ebkur\u00ebs.<\/li>\n<li>P\u00ebrmir\u00ebson elasticitetin e l\u00ebkur\u00ebs.<\/li>\n<li>Intensifikon hidratimin e shtresave t\u00eb sip\u00ebrme t\u00eb epiderm\u00ebs.<\/li><\/ul>\n<\/div>","protected":false},"excerpt":{"rendered":"<p>Kremi MSR-H ka nj\u00eb p\u00ebrqendrim t\u00eb lart\u00eb t\u00eb p\u00ebrb\u00ebr\u00ebsve aktiv\u00eb q\u00eb synojn\u00eb \u00e7ekuilibrat e l\u00ebkur\u00ebs t\u00eb shkaktuara nga menopauza. Formula e saj dermo-rigjeneruese vepron p\u00ebr t\u00eb ridensifikuar indet e l\u00ebkur\u00ebs, duke e b\u00ebr\u00eb at\u00eb m\u00eb t\u00eb fort\u00eb dhe m\u00eb elastike. Rrudhat dhe linjat e holla zbuten nd\u00ebrsa l\u00ebkura rifiton sh\u00ebndoshjen e saj. Duke dh\u00ebn\u00eb hidratim intensiv dhe t\u00eb q\u00ebndruesh\u00ebm, Cr\u00e8me MSR-H lufton that\u00ebsin\u00eb e l\u00ebkur\u00ebs q\u00eb mund t\u00eb jet\u00eb nj\u00eb ankes\u00eb e zakonshme n\u00eb k\u00ebt\u00eb periudh\u00eb t\u00eb jet\u00ebs.<\/p>\n<p>Rekomandohet p\u00ebr instantet e l\u00ebkur\u00ebs para ose pas menopauz\u00ebs\u00a9.<\/p>","protected":false},"featured_media":2149,"template":"","meta":{"_uag_custom_page_level_css":"","site-sidebar-layout":"default","site-content-layout":"","ast-site-content-layout":"default","site-content-style":"default","site-sidebar-style":"default","ast-global-header-display":"","ast-banner-title-visibility":"","ast-main-header-display":"","ast-hfb-above-header-display":"","ast-hfb-below-header-display":"","ast-hfb-mobile-header-display":"","site-post-title":"","ast-breadcrumbs-content":"","ast-featured-img":"","footer-sml-layout":"","ast-disable-related-posts":"","theme-transparent-header-meta":"","adv-header-id-meta":"","stick-header-meta":"","header-above-stick-meta":"","header-main-stick-meta":"","header-below-stick-meta":"","astra-migrate-meta-layouts":"default","ast-page-background-enabled":"default","ast-page-background-meta":{"desktop":{"background-color":"var(--ast-global-color-4)","background-image":"","background-repeat":"repeat","background-position":"center center","background-size":"auto","background-attachment":"scroll","background-type":"","background-media":"","overlay-type":"","overlay-color":"","overlay-opacity":"","overlay-gradient":""},"tablet":{"background-color":"","background-image":"","background-repeat":"repeat","background-position":"center center","background-size":"auto","background-attachment":"scroll","background-type":"","background-media":"","overlay-type":"","overlay-color":"","overlay-opacity":"","overlay-gradient":""},"mobile":{"background-color":"","background-image":"","background-repeat":"repeat","background-position":"center center","background-size":"auto","background-attachment":"scroll","background-type":"","background-media":"","overlay-type":"","overlay-color":"","overlay-opacity":"","overlay-gradient":""}},"ast-content-background-meta":{"desktop":{"background-color":"var(--ast-global-color-5)","background-image":"","background-repeat":"repeat","background-position":"center center","background-size":"auto","background-attachment":"scroll","background-type":"","background-media":"","overlay-type":"","overlay-color":"","overlay-opacity":"","overlay-gradient":""},"tablet":{"background-color":"var(--ast-global-color-5)","background-image":"","background-repeat":"repeat","background-position":"center center","background-size":"auto","background-attachment":"scroll","background-type":"","background-media":"","overlay-type":"","overlay-color":"","overlay-opacity":"","overlay-gradient":""},"mobile":{"background-color":"var(--ast-global-color-5)","background-image":"","background-repeat":"repeat","background-position":"center center","background-size":"auto","background-attachment":"scroll","background-type":"","background-media":"","overlay-type":"","overlay-color":"","overlay-opacity":"","overlay-gradient":""}}},"product_brand":[199],"product_cat":[27,61,114],"product_tag":[],"class_list":{"0":"post-134","1":"product","2":"type-product","3":"status-publish","4":"has-post-thumbnail","6":"product_brand-biologique-recherche","7":"product_cat-br","8":"product_cat-creams","9":"product_cat-face","10":"desktop-align-center","11":"tablet-align-center","12":"mobile-align-center","13":"ast-product-gallery-layout-vertical-slider","14":"ast-product-gallery-with-no-image","15":"ast-product-tabs-layout-horizontal","16":"ast-qv-on-image","18":"first","19":"instock","20":"taxable","21":"shipping-taxable","22":"purchasable","23":"product-type-simple"},"uagb_featured_image_src":{"full":["https:\/\/ambassadebeaute.al\/wp-content\/uploads\/2020\/02\/Creme-MSR-H-50ml-1.jpg",1024,1025,false],"thumbnail":["https:\/\/ambassadebeaute.al\/wp-content\/uploads\/2020\/02\/Creme-MSR-H-50ml-1-150x150.jpg",150,150,true],"medium":["https:\/\/ambassadebeaute.al\/wp-content\/uploads\/2020\/02\/Creme-MSR-H-50ml-1-300x300.jpg",300,300,true],"medium_large":["https:\/\/ambassadebeaute.al\/wp-content\/uploads\/2020\/02\/Creme-MSR-H-50ml-1-768x769.jpg",768,769,true],"large":["https:\/\/ambassadebeaute.al\/wp-content\/uploads\/2020\/02\/Creme-MSR-H-50ml-1.jpg",1023,1024,false],"1536x1536":["https:\/\/ambassadebeaute.al\/wp-content\/uploads\/2020\/02\/Creme-MSR-H-50ml-1.jpg",1024,1025,false],"2048x2048":["https:\/\/ambassadebeaute.al\/wp-content\/uploads\/2020\/02\/Creme-MSR-H-50ml-1.jpg",1024,1025,false],"trp-custom-language-flag":["https:\/\/ambassadebeaute.al\/wp-content\/uploads\/2020\/02\/Creme-MSR-H-50ml-1.jpg",12,12,false],"woocommerce_thumbnail":["https:\/\/ambassadebeaute.al\/wp-content\/uploads\/2020\/02\/Creme-MSR-H-50ml-1-300x300.jpg",300,300,true],"woocommerce_single":["https:\/\/ambassadebeaute.al\/wp-content\/uploads\/2020\/02\/Creme-MSR-H-50ml-1-600x600.jpg",600,600,true],"woocommerce_gallery_thumbnail":["https:\/\/ambassadebeaute.al\/wp-content\/uploads\/2020\/02\/Creme-MSR-H-50ml-1-100x100.jpg",100,100,true]},"uagb_author_info":{"display_name":"admin","author_link":"https:\/\/ambassadebeaute.al\/sq\/author\/"},"uagb_comment_info":0,"uagb_excerpt":"Cr\u00e8me MSR-H has a high concentration of active ingredients that target the skin imbalances caused by menopause. Its dermo-regenerating formula acts to redensify skin tissue, making it firmer and more elastic. Wrinkles and fine lines are smoothed out as skin regains its plumpness. Giving intense and lasting hydration, Cr\u00e8me MSR-H combats the skin dryness that&hellip;","_links":{"self":[{"href":"https:\/\/ambassadebeaute.al\/sq\/wp-json\/wp\/v2\/product\/134","targetHints":{"allow":["GET"]}}],"collection":[{"href":"https:\/\/ambassadebeaute.al\/sq\/wp-json\/wp\/v2\/product"}],"about":[{"href":"https:\/\/ambassadebeaute.al\/sq\/wp-json\/wp\/v2\/types\/product"}],"wp:featuredmedia":[{"embeddable":true,"href":"https:\/\/ambassadebeaute.al\/sq\/wp-json\/wp\/v2\/media\/2149"}],"wp:attachment":[{"href":"https:\/\/ambassadebeaute.al\/sq\/wp-json\/wp\/v2\/media?parent=134"}],"wp:term":[{"taxonomy":"product_brand","embeddable":true,"href":"https:\/\/ambassadebeaute.al\/sq\/wp-json\/wp\/v2\/product_brand?post=134"},{"taxonomy":"product_cat","embeddable":true,"href":"https:\/\/ambassadebeaute.al\/sq\/wp-json\/wp\/v2\/product_cat?post=134"},{"taxonomy":"product_tag","embeddable":true,"href":"https:\/\/ambassadebeaute.al\/sq\/wp-json\/wp\/v2\/product_tag?post=134"}],"curies":[{"name":"wp","href":"https:\/\/api.w.org\/{rel}","templated":true}]}}