{"id":135,"date":"2020-02-11T21:17:23","date_gmt":"2020-02-11T21:17:23","guid":{"rendered":"https:\/\/faceology.net\/product\/creme-biofixine-50-ml\/"},"modified":"2026-03-27T20:36:25","modified_gmt":"2026-03-27T20:36:25","slug":"krem-biofixine-50-ml","status":"publish","type":"product","link":"https:\/\/ambassadebeaute.al\/sq\/shop\/br\/face\/creams\/creme-biofixine-50-ml\/","title":{"rendered":"CREME BIOFIXINE 50 ml"},"content":{"rendered":"<p>\u2018&#039;\u2018\t<b>Veprimet<\/b><\/p>\n<li> Ndihmon p\u00ebr t\u00eb reduktuar shfaqjen e linjave t\u00eb holla dhe rrudhave<\/li>\n<li> Nxit sintez\u00ebn optimale t\u00eb fibrave mb\u00ebshtet\u00ebse.<\/li>\n<li> Ndihmon n\u00eb parandalimin e shenjave t\u00eb dukshme t\u00eb plakjes<\/li>\n<li> Ndihmon n\u00eb p\u00ebrmir\u00ebsimin e elasticitetit t\u00eb l\u00ebkur\u00ebs<\/li>\n<li> Hidraton dhe ndri\u00e7on \u00e7ehren Zbut l\u00ebkur\u00ebn tuaj brenda 2 jav\u00ebsh.<\/li>\n<li>Pamja e linjave ekzistuese \u00ebsht\u00eb reduktuar duksh\u00ebm:<br \/> - 40% vijat e im\u00ebta<br \/> \u2013 20% n\u00eb vijat e ballit<br \/> \u2013 22% n\u00eb linjat e buz\u00ebqeshjes<\/li>\n<li> L\u00ebkura juaj \u00ebsht\u00eb e zbutur, rrezatuese dhe duksh\u00ebm m\u00eb e re.<\/li>\n<li> Nj\u00eb koncentrat i p\u00ebrb\u00ebr\u00ebsve t\u00eb cil\u00ebsis\u00eb s\u00eb lart\u00eb.<\/li>","protected":false},"excerpt":{"rendered":"<p>\u2022 KUND\u00cbR RRUDHA \u2022 FRYR\u00cbS \u2022 TONIFIKUES<br \/>\nCr\u00e8me Biofixine i p\u00ebrket gjenerat\u00ebs s\u00eb fundit t\u00eb kremrave kund\u00ebr plakjes. \u00cbsht\u00eb i pasuruar me Myorelax Peptide, i njohur p\u00ebr efektet e tij relaksuese n\u00eb mikro-kontraktimet q\u00eb \u00e7ojn\u00eb n\u00eb formimin e rrudhave dhe linjave t\u00eb imta t\u00eb shprehjes.<br \/>\nRekomandohet p\u00ebr Skin Instants\u00a9 q\u00eb shfaqin shenjat e para t\u00eb rrudhave.<\/p>","protected":false},"featured_media":2151,"template":"","meta":{"_uag_custom_page_level_css":"","site-sidebar-layout":"default","site-content-layout":"","ast-site-content-layout":"default","site-content-style":"default","site-sidebar-style":"default","ast-global-header-display":"","ast-banner-title-visibility":"","ast-main-header-display":"","ast-hfb-above-header-display":"","ast-hfb-below-header-display":"","ast-hfb-mobile-header-display":"","site-post-title":"","ast-breadcrumbs-content":"","ast-featured-img":"","footer-sml-layout":"","ast-disable-related-posts":"","theme-transparent-header-meta":"","adv-header-id-meta":"","stick-header-meta":"","header-above-stick-meta":"","header-main-stick-meta":"","header-below-stick-meta":"","astra-migrate-meta-layouts":"default","ast-page-background-enabled":"default","ast-page-background-meta":{"desktop":{"background-color":"var(--ast-global-color-4)","background-image":"","background-repeat":"repeat","background-position":"center center","background-size":"auto","background-attachment":"scroll","background-type":"","background-media":"","overlay-type":"","overlay-color":"","overlay-opacity":"","overlay-gradient":""},"tablet":{"background-color":"","background-image":"","background-repeat":"repeat","background-position":"center center","background-size":"auto","background-attachment":"scroll","background-type":"","background-media":"","overlay-type":"","overlay-color":"","overlay-opacity":"","overlay-gradient":""},"mobile":{"background-color":"","background-image":"","background-repeat":"repeat","background-position":"center center","background-size":"auto","background-attachment":"scroll","background-type":"","background-media":"","overlay-type":"","overlay-color":"","overlay-opacity":"","overlay-gradient":""}},"ast-content-background-meta":{"desktop":{"background-color":"var(--ast-global-color-5)","background-image":"","background-repeat":"repeat","background-position":"center center","background-size":"auto","background-attachment":"scroll","background-type":"","background-media":"","overlay-type":"","overlay-color":"","overlay-opacity":"","overlay-gradient":""},"tablet":{"background-color":"var(--ast-global-color-5)","background-image":"","background-repeat":"repeat","background-position":"center center","background-size":"auto","background-attachment":"scroll","background-type":"","background-media":"","overlay-type":"","overlay-color":"","overlay-opacity":"","overlay-gradient":""},"mobile":{"background-color":"var(--ast-global-color-5)","background-image":"","background-repeat":"repeat","background-position":"center center","background-size":"auto","background-attachment":"scroll","background-type":"","background-media":"","overlay-type":"","overlay-color":"","overlay-opacity":"","overlay-gradient":""}}},"product_brand":[199],"product_cat":[27,61,114],"product_tag":[],"class_list":{"0":"post-135","1":"product","2":"type-product","3":"status-publish","4":"has-post-thumbnail","6":"product_brand-biologique-recherche","7":"product_cat-br","8":"product_cat-creams","9":"product_cat-face","10":"desktop-align-center","11":"tablet-align-center","12":"mobile-align-center","13":"ast-product-gallery-layout-vertical-slider","14":"ast-product-gallery-with-no-image","15":"ast-product-tabs-layout-horizontal","16":"ast-qv-on-image","18":"first","19":"instock","20":"taxable","21":"shipping-taxable","22":"purchasable","23":"product-type-simple"},"uagb_featured_image_src":{"full":["https:\/\/ambassadebeaute.al\/wp-content\/uploads\/2020\/02\/Creme-Biofixine-50ml-1.jpg",1024,1024,false],"thumbnail":["https:\/\/ambassadebeaute.al\/wp-content\/uploads\/2020\/02\/Creme-Biofixine-50ml-1-150x150.jpg",150,150,true],"medium":["https:\/\/ambassadebeaute.al\/wp-content\/uploads\/2020\/02\/Creme-Biofixine-50ml-1-300x300.jpg",300,300,true],"medium_large":["https:\/\/ambassadebeaute.al\/wp-content\/uploads\/2020\/02\/Creme-Biofixine-50ml-1-768x768.jpg",768,768,true],"large":["https:\/\/ambassadebeaute.al\/wp-content\/uploads\/2020\/02\/Creme-Biofixine-50ml-1-1024x1024.jpg",1024,1024,true],"1536x1536":["https:\/\/ambassadebeaute.al\/wp-content\/uploads\/2020\/02\/Creme-Biofixine-50ml-1.jpg",1024,1024,false],"2048x2048":["https:\/\/ambassadebeaute.al\/wp-content\/uploads\/2020\/02\/Creme-Biofixine-50ml-1.jpg",1024,1024,false],"trp-custom-language-flag":["https:\/\/ambassadebeaute.al\/wp-content\/uploads\/2020\/02\/Creme-Biofixine-50ml-1.jpg",12,12,false],"woocommerce_thumbnail":["https:\/\/ambassadebeaute.al\/wp-content\/uploads\/2020\/02\/Creme-Biofixine-50ml-1-300x300.jpg",300,300,true],"woocommerce_single":["https:\/\/ambassadebeaute.al\/wp-content\/uploads\/2020\/02\/Creme-Biofixine-50ml-1-600x600.jpg",600,600,true],"woocommerce_gallery_thumbnail":["https:\/\/ambassadebeaute.al\/wp-content\/uploads\/2020\/02\/Creme-Biofixine-50ml-1-100x100.jpg",100,100,true]},"uagb_author_info":{"display_name":"admin","author_link":"https:\/\/ambassadebeaute.al\/sq\/author\/"},"uagb_comment_info":0,"uagb_excerpt":"\u2022 ANTI WRINKLE \u2022 PLUMPING \u2022 TONING Cr\u00e8me Biofixine belongs to the latest generation of anti-ageing creams. It is enriched with Myorelax Peptide, known for its relaxant effects on the micro-contractions that lead wrinkles and fine expression lines to form. Recommended for Skin Instants\u00a9 that are beginning to show wrinkles.","_links":{"self":[{"href":"https:\/\/ambassadebeaute.al\/sq\/wp-json\/wp\/v2\/product\/135","targetHints":{"allow":["GET"]}}],"collection":[{"href":"https:\/\/ambassadebeaute.al\/sq\/wp-json\/wp\/v2\/product"}],"about":[{"href":"https:\/\/ambassadebeaute.al\/sq\/wp-json\/wp\/v2\/types\/product"}],"wp:featuredmedia":[{"embeddable":true,"href":"https:\/\/ambassadebeaute.al\/sq\/wp-json\/wp\/v2\/media\/2151"}],"wp:attachment":[{"href":"https:\/\/ambassadebeaute.al\/sq\/wp-json\/wp\/v2\/media?parent=135"}],"wp:term":[{"taxonomy":"product_brand","embeddable":true,"href":"https:\/\/ambassadebeaute.al\/sq\/wp-json\/wp\/v2\/product_brand?post=135"},{"taxonomy":"product_cat","embeddable":true,"href":"https:\/\/ambassadebeaute.al\/sq\/wp-json\/wp\/v2\/product_cat?post=135"},{"taxonomy":"product_tag","embeddable":true,"href":"https:\/\/ambassadebeaute.al\/sq\/wp-json\/wp\/v2\/product_tag?post=135"}],"curies":[{"name":"wp","href":"https:\/\/api.w.org\/{rel}","templated":true}]}}