{"id":137,"date":"2020-02-11T21:17:23","date_gmt":"2020-02-11T21:17:23","guid":{"rendered":"https:\/\/faceology.net\/product\/gel-adn-silkgen-50-ml\/"},"modified":"2026-03-27T20:36:25","modified_gmt":"2026-03-27T20:36:25","slug":"xhel-dhe-mendafsh-50-ml","status":"publish","type":"product","link":"https:\/\/ambassadebeaute.al\/sq\/shop\/br\/face\/creams\/gel-adn-silkgen-50-ml\/","title":{"rendered":"GEL ADN M\u00cbNDAFSHT 50 ml"},"content":{"rendered":"<div class=\"translation-block\">\n<ul><li>\nIntensifikon hidratimin e shtresave t\u00eb sip\u00ebrme t\u00eb epiderm\u00ebs.<\/li>\n<li>Zbut l\u00ebkur\u00ebn.<\/li>\n<li>Zbulon shk\u00eblqimin e l\u00ebkur\u00ebs dhe rafinon struktur\u00ebn e saj.<\/li>\n<li>Ndihmon n\u00eb mbrojtjen e l\u00ebkur\u00ebs kund\u00ebr agresioneve t\u00eb jashtme dhe that\u00ebsis\u00eb s\u00eb l\u00ebkur\u00ebs.<\/li>\n<li>Ndihmon n\u00eb minimizimin e efekteve t\u00eb jashtme dhe t\u00eb jashtme t\u00eb plakjes.<\/li>\n<li>Nj\u00eb xhel aktiv, i fresk\u00ebt dhe tonifikues q\u00eb rihidraton epiderm\u00ebn dhe zbut rrudhat e shkaktuara nga dehidratimi.<\/li>\n<li>Nj\u00eb struktur\u00eb e leht\u00eb, transparente, pa vaj q\u00eb absorbohet shpejt dhe q\u00eb mund t\u00eb ruhet n\u00eb frigorifer p\u00ebr t\u00eb rritur efektivitetin e trajtimit.<\/li>\n<li>Menj\u00ebher\u00eb pas aplikimit, l\u00ebkura juaj \u00ebsht\u00eb m\u00eb e but\u00eb dhe rrezatuese.\n<\/li><\/ul>\n<\/div>","protected":false},"excerpt":{"rendered":"<p class=\" translation-block\">P\u00ebrshkrimi i produktit: kjo xhelatin\u00eb e fresk\u00ebt dhe q\u00eb hidraton, prodhohet me  nj\u00eb formul\u00eb inovative q\u00eb kombinon ADN-n\u00eb dhe proteinat e ristrukturuar t\u00eb aminoacideve t\u00eb m\u00ebndafshit q\u00eb e ruajn\u00eb hidratimin e epiderm\u00ebs. L\u00ebkura b\u00ebhet menj\u00ebher\u00eb e but\u00eb, e fresk\u00ebt dhe e ndritshme. Kjo xhelatin\u00eb, ndihmon n\u00eb mbrojtjen e l\u00ebkur\u00ebs ndaj ndot\u00ebsve dhe dehidrimit nga jasht\u00eb dhe minimizon shenjat e plakjes. \u00cbsht\u00eb ideal p\u00ebr ata q\u00eb udh\u00ebtojn\u00eb shpesh, ata q\u00eb i ekspozohen  klimave t\u00eb thata ose p\u00ebr p\u00ebrdorim pas operacionit plastik. Rekomandohet p\u00ebr t\u00eb gjitha llojet e l\u00ebkur\u00ebs.<\/p>","protected":false},"featured_media":2153,"template":"","meta":{"_uag_custom_page_level_css":"","site-sidebar-layout":"default","site-content-layout":"","ast-site-content-layout":"default","site-content-style":"default","site-sidebar-style":"default","ast-global-header-display":"","ast-banner-title-visibility":"","ast-main-header-display":"","ast-hfb-above-header-display":"","ast-hfb-below-header-display":"","ast-hfb-mobile-header-display":"","site-post-title":"","ast-breadcrumbs-content":"","ast-featured-img":"","footer-sml-layout":"","ast-disable-related-posts":"","theme-transparent-header-meta":"","adv-header-id-meta":"","stick-header-meta":"","header-above-stick-meta":"","header-main-stick-meta":"","header-below-stick-meta":"","astra-migrate-meta-layouts":"default","ast-page-background-enabled":"default","ast-page-background-meta":{"desktop":{"background-color":"var(--ast-global-color-4)","background-image":"","background-repeat":"repeat","background-position":"center center","background-size":"auto","background-attachment":"scroll","background-type":"","background-media":"","overlay-type":"","overlay-color":"","overlay-opacity":"","overlay-gradient":""},"tablet":{"background-color":"","background-image":"","background-repeat":"repeat","background-position":"center center","background-size":"auto","background-attachment":"scroll","background-type":"","background-media":"","overlay-type":"","overlay-color":"","overlay-opacity":"","overlay-gradient":""},"mobile":{"background-color":"","background-image":"","background-repeat":"repeat","background-position":"center center","background-size":"auto","background-attachment":"scroll","background-type":"","background-media":"","overlay-type":"","overlay-color":"","overlay-opacity":"","overlay-gradient":""}},"ast-content-background-meta":{"desktop":{"background-color":"var(--ast-global-color-5)","background-image":"","background-repeat":"repeat","background-position":"center center","background-size":"auto","background-attachment":"scroll","background-type":"","background-media":"","overlay-type":"","overlay-color":"","overlay-opacity":"","overlay-gradient":""},"tablet":{"background-color":"var(--ast-global-color-5)","background-image":"","background-repeat":"repeat","background-position":"center center","background-size":"auto","background-attachment":"scroll","background-type":"","background-media":"","overlay-type":"","overlay-color":"","overlay-opacity":"","overlay-gradient":""},"mobile":{"background-color":"var(--ast-global-color-5)","background-image":"","background-repeat":"repeat","background-position":"center center","background-size":"auto","background-attachment":"scroll","background-type":"","background-media":"","overlay-type":"","overlay-color":"","overlay-opacity":"","overlay-gradient":""}}},"product_brand":[199],"product_cat":[27,61,114],"product_tag":[],"class_list":{"0":"post-137","1":"product","2":"type-product","3":"status-publish","4":"has-post-thumbnail","6":"product_brand-biologique-recherche","7":"product_cat-br","8":"product_cat-creams","9":"product_cat-face","10":"desktop-align-center","11":"tablet-align-center","12":"mobile-align-center","13":"ast-product-gallery-layout-vertical-slider","14":"ast-product-gallery-with-no-image","15":"ast-product-tabs-layout-horizontal","16":"ast-qv-on-image","18":"first","19":"instock","20":"taxable","21":"shipping-taxable","22":"purchasable","23":"product-type-simple"},"uagb_featured_image_src":{"full":["https:\/\/ambassadebeaute.al\/wp-content\/uploads\/2020\/02\/Gel-ADN-Silkgen-50ml.jpg",1024,1024,false],"thumbnail":["https:\/\/ambassadebeaute.al\/wp-content\/uploads\/2020\/02\/Gel-ADN-Silkgen-50ml-150x150.jpg",150,150,true],"medium":["https:\/\/ambassadebeaute.al\/wp-content\/uploads\/2020\/02\/Gel-ADN-Silkgen-50ml-300x300.jpg",300,300,true],"medium_large":["https:\/\/ambassadebeaute.al\/wp-content\/uploads\/2020\/02\/Gel-ADN-Silkgen-50ml-768x768.jpg",768,768,true],"large":["https:\/\/ambassadebeaute.al\/wp-content\/uploads\/2020\/02\/Gel-ADN-Silkgen-50ml-1024x1024.jpg",1024,1024,true],"1536x1536":["https:\/\/ambassadebeaute.al\/wp-content\/uploads\/2020\/02\/Gel-ADN-Silkgen-50ml.jpg",1024,1024,false],"2048x2048":["https:\/\/ambassadebeaute.al\/wp-content\/uploads\/2020\/02\/Gel-ADN-Silkgen-50ml.jpg",1024,1024,false],"trp-custom-language-flag":["https:\/\/ambassadebeaute.al\/wp-content\/uploads\/2020\/02\/Gel-ADN-Silkgen-50ml.jpg",12,12,false],"woocommerce_thumbnail":["https:\/\/ambassadebeaute.al\/wp-content\/uploads\/2020\/02\/Gel-ADN-Silkgen-50ml-300x300.jpg",300,300,true],"woocommerce_single":["https:\/\/ambassadebeaute.al\/wp-content\/uploads\/2020\/02\/Gel-ADN-Silkgen-50ml-600x600.jpg",600,600,true],"woocommerce_gallery_thumbnail":["https:\/\/ambassadebeaute.al\/wp-content\/uploads\/2020\/02\/Gel-ADN-Silkgen-50ml-100x100.jpg",100,100,true]},"uagb_author_info":{"display_name":"admin","author_link":"https:\/\/ambassadebeaute.al\/sq\/author\/"},"uagb_comment_info":0,"uagb_excerpt":"For dry skin. Penetrating and hydrating. Use alone in the summertime if it\u2019s very humid, or combine with Biologique Recherche Creme ADN. Aida says \u201cWhen I fly in an airplane I apply it many times during the flight.\u201d Also great with Biologique Recherche Eye Cream Biosensible around the eye area. This gel tones and restructures&hellip;","_links":{"self":[{"href":"https:\/\/ambassadebeaute.al\/sq\/wp-json\/wp\/v2\/product\/137","targetHints":{"allow":["GET"]}}],"collection":[{"href":"https:\/\/ambassadebeaute.al\/sq\/wp-json\/wp\/v2\/product"}],"about":[{"href":"https:\/\/ambassadebeaute.al\/sq\/wp-json\/wp\/v2\/types\/product"}],"wp:featuredmedia":[{"embeddable":true,"href":"https:\/\/ambassadebeaute.al\/sq\/wp-json\/wp\/v2\/media\/2153"}],"wp:attachment":[{"href":"https:\/\/ambassadebeaute.al\/sq\/wp-json\/wp\/v2\/media?parent=137"}],"wp:term":[{"taxonomy":"product_brand","embeddable":true,"href":"https:\/\/ambassadebeaute.al\/sq\/wp-json\/wp\/v2\/product_brand?post=137"},{"taxonomy":"product_cat","embeddable":true,"href":"https:\/\/ambassadebeaute.al\/sq\/wp-json\/wp\/v2\/product_cat?post=137"},{"taxonomy":"product_tag","embeddable":true,"href":"https:\/\/ambassadebeaute.al\/sq\/wp-json\/wp\/v2\/product_tag?post=137"}],"curies":[{"name":"wp","href":"https:\/\/api.w.org\/{rel}","templated":true}]}}