{"id":138,"date":"2020-02-11T21:17:24","date_gmt":"2020-02-11T21:17:24","guid":{"rendered":"https:\/\/faceology.net\/product\/creme-dermo-rl-50-ml\/"},"modified":"2026-03-27T20:36:25","modified_gmt":"2026-03-27T20:36:25","slug":"krem-dermo-rl-50-ml","status":"publish","type":"product","link":"https:\/\/ambassadebeaute.al\/sq\/shop\/br\/face\/creams\/creme-dermo-rl-50-ml\/","title":{"rendered":"CREME DERMO-RL 50 ml"},"content":{"rendered":"<p><b>Veprimet<\/b><\/p>\n<p class=\" translation-block\"><ul><li>\n\nRikthen mang\u00ebsit\u00eb e l\u00ebkur\u00ebs n\u00eb yndyrna\n<li>Riparon, ristrukturon dhe rikondicionon duksh\u00ebm  l\u00ebkur\u00ebn<\/li>\n<li>Siguron elemente hidratuese<\/li>\n<li>Siguron nj\u00eb ndjesi rehatije menj\u00ebher\u00eb pas aplikimit dhe gjat\u00eb gjith\u00eb dit\u00ebs<\/li>\n<li>Nj\u00eb trajtim i prer\u00eb me p\u00ebrb\u00ebr\u00ebs aktiv\u00eb.<\/li>\n<li>Nj\u00eb krem \u200b\u200bi plot\u00eb q\u00eb p\u00ebrb\u00ebn mang\u00ebsit\u00eb e l\u00ebkur\u00ebs t\u00eb privuar nga lipidi dhe dehidratimi.<\/li>\n<li>Nj\u00eb struktur\u00eb e mbushur me elemente hidratuese, lipide-plot\u00ebsuese dhe mbrojt\u00ebse.<\/li>\n<li>Fal\u00eb k\u00ebtij burimi t\u00eb acideve yndyrore, l\u00ebkura forcohet n\u00eb funksionet e saj natyrale dhe rifiton shk\u00eblqimin dhe gjall\u00ebrin\u00eb e saj, dit\u00eb pas dite<\/li><\/ul><\/p>","protected":false},"excerpt":{"rendered":"<p class=\" translation-block\">P\u00ebrshkrimi i produktit: Cr me Dermo-RL, \u00ebsht\u00eb nj\u00eb tretman i riparimit dhe rigjenerimit t\u00eb plot\u00eb. I pasur me gjalp\u00eb t\u00eb rrushit pa fara (ribizl\u00ebs apo ribes rubrum), NMF (faktori natyral i lag\u00ebshtis\u00eb), acidin Hyaluronic dhe me p\u00ebrmbajtje tjera mbrojt\u00ebse dhe riparuese, formula e tij rikthen yndyr\u00ebn dhe lag\u00ebshtin\u00eb e l\u00ebkur\u00ebs. Ky tretman \u00ebsht\u00eb ideal p\u00ebr l\u00ebkur\u00ebn q\u00eb i mungon yndyra dhe at\u00eb t\u00eb dehidratuar.<\/p>","protected":false},"featured_media":4558,"template":"","meta":{"_uag_custom_page_level_css":"","site-sidebar-layout":"default","site-content-layout":"","ast-site-content-layout":"default","site-content-style":"default","site-sidebar-style":"default","ast-global-header-display":"","ast-banner-title-visibility":"","ast-main-header-display":"","ast-hfb-above-header-display":"","ast-hfb-below-header-display":"","ast-hfb-mobile-header-display":"","site-post-title":"","ast-breadcrumbs-content":"","ast-featured-img":"","footer-sml-layout":"","ast-disable-related-posts":"","theme-transparent-header-meta":"default","adv-header-id-meta":"","stick-header-meta":"default","header-above-stick-meta":"","header-main-stick-meta":"","header-below-stick-meta":"","astra-migrate-meta-layouts":"set","ast-page-background-enabled":"default","ast-page-background-meta":{"desktop":{"background-color":"var(--ast-global-color-4)","background-image":"","background-repeat":"repeat","background-position":"center center","background-size":"auto","background-attachment":"scroll","background-type":"","background-media":"","overlay-type":"","overlay-color":"","overlay-opacity":"","overlay-gradient":""},"tablet":{"background-color":"","background-image":"","background-repeat":"repeat","background-position":"center center","background-size":"auto","background-attachment":"scroll","background-type":"","background-media":"","overlay-type":"","overlay-color":"","overlay-opacity":"","overlay-gradient":""},"mobile":{"background-color":"","background-image":"","background-repeat":"repeat","background-position":"center center","background-size":"auto","background-attachment":"scroll","background-type":"","background-media":"","overlay-type":"","overlay-color":"","overlay-opacity":"","overlay-gradient":""}},"ast-content-background-meta":{"desktop":{"background-color":"var(--ast-global-color-5)","background-image":"","background-repeat":"repeat","background-position":"center center","background-size":"auto","background-attachment":"scroll","background-type":"","background-media":"","overlay-type":"","overlay-color":"","overlay-opacity":"","overlay-gradient":""},"tablet":{"background-color":"var(--ast-global-color-5)","background-image":"","background-repeat":"repeat","background-position":"center center","background-size":"auto","background-attachment":"scroll","background-type":"","background-media":"","overlay-type":"","overlay-color":"","overlay-opacity":"","overlay-gradient":""},"mobile":{"background-color":"var(--ast-global-color-5)","background-image":"","background-repeat":"repeat","background-position":"center center","background-size":"auto","background-attachment":"scroll","background-type":"","background-media":"","overlay-type":"","overlay-color":"","overlay-opacity":"","overlay-gradient":""}}},"product_brand":[199],"product_cat":[27,61,114],"product_tag":[],"class_list":{"0":"post-138","1":"product","2":"type-product","3":"status-publish","4":"has-post-thumbnail","6":"product_brand-biologique-recherche","7":"product_cat-br","8":"product_cat-creams","9":"product_cat-face","10":"desktop-align-center","11":"tablet-align-center","12":"mobile-align-center","13":"ast-product-gallery-layout-vertical-slider","14":"ast-product-gallery-with-no-image","15":"ast-product-tabs-layout-horizontal","16":"ast-qv-on-image","18":"first","19":"instock","20":"virtual","21":"taxable","22":"purchasable","23":"product-type-simple"},"uagb_featured_image_src":{"full":["https:\/\/ambassadebeaute.al\/wp-content\/uploads\/2020\/02\/Creme-Dermo-RL-50ml.webp",1024,1024,false],"thumbnail":["https:\/\/ambassadebeaute.al\/wp-content\/uploads\/2020\/02\/Creme-Dermo-RL-50ml-150x150.webp",150,150,true],"medium":["https:\/\/ambassadebeaute.al\/wp-content\/uploads\/2020\/02\/Creme-Dermo-RL-50ml-300x300.webp",300,300,true],"medium_large":["https:\/\/ambassadebeaute.al\/wp-content\/uploads\/2020\/02\/Creme-Dermo-RL-50ml-768x768.webp",768,768,true],"large":["https:\/\/ambassadebeaute.al\/wp-content\/uploads\/2020\/02\/Creme-Dermo-RL-50ml.webp",1024,1024,false],"1536x1536":["https:\/\/ambassadebeaute.al\/wp-content\/uploads\/2020\/02\/Creme-Dermo-RL-50ml.webp",1024,1024,false],"2048x2048":["https:\/\/ambassadebeaute.al\/wp-content\/uploads\/2020\/02\/Creme-Dermo-RL-50ml.webp",1024,1024,false],"trp-custom-language-flag":["https:\/\/ambassadebeaute.al\/wp-content\/uploads\/2020\/02\/Creme-Dermo-RL-50ml-12x12.webp",12,12,true],"woocommerce_thumbnail":["https:\/\/ambassadebeaute.al\/wp-content\/uploads\/2020\/02\/Creme-Dermo-RL-50ml-300x300.webp",300,300,true],"woocommerce_single":["https:\/\/ambassadebeaute.al\/wp-content\/uploads\/2020\/02\/Creme-Dermo-RL-50ml-600x600.webp",600,600,true],"woocommerce_gallery_thumbnail":["https:\/\/ambassadebeaute.al\/wp-content\/uploads\/2020\/02\/Creme-Dermo-RL-50ml-100x100.webp",100,100,true]},"uagb_author_info":{"display_name":"admin","author_link":"https:\/\/ambassadebeaute.al\/sq\/author\/"},"uagb_comment_info":0,"uagb_excerpt":"This cream reverses skin\u2019s fat deficiency, while fatty acids promote skin\u2019s natural functions, radiance and vitality. Excellent in the winter months. Not for use on skin with seborrheic tendencies. For mature skin, dry and reactive skin, skin that reddens easily, wind and cold. Use during the daytime.","_links":{"self":[{"href":"https:\/\/ambassadebeaute.al\/sq\/wp-json\/wp\/v2\/product\/138","targetHints":{"allow":["GET"]}}],"collection":[{"href":"https:\/\/ambassadebeaute.al\/sq\/wp-json\/wp\/v2\/product"}],"about":[{"href":"https:\/\/ambassadebeaute.al\/sq\/wp-json\/wp\/v2\/types\/product"}],"wp:featuredmedia":[{"embeddable":true,"href":"https:\/\/ambassadebeaute.al\/sq\/wp-json\/wp\/v2\/media\/4558"}],"wp:attachment":[{"href":"https:\/\/ambassadebeaute.al\/sq\/wp-json\/wp\/v2\/media?parent=138"}],"wp:term":[{"taxonomy":"product_brand","embeddable":true,"href":"https:\/\/ambassadebeaute.al\/sq\/wp-json\/wp\/v2\/product_brand?post=138"},{"taxonomy":"product_cat","embeddable":true,"href":"https:\/\/ambassadebeaute.al\/sq\/wp-json\/wp\/v2\/product_cat?post=138"},{"taxonomy":"product_tag","embeddable":true,"href":"https:\/\/ambassadebeaute.al\/sq\/wp-json\/wp\/v2\/product_tag?post=138"}],"curies":[{"name":"wp","href":"https:\/\/api.w.org\/{rel}","templated":true}]}}