{"id":140,"date":"2020-02-11T21:17:24","date_gmt":"2020-02-11T21:17:24","guid":{"rendered":"https:\/\/faceology.net\/product\/la-grande-creme-50-ml\/"},"modified":"2026-03-27T20:36:25","modified_gmt":"2026-03-27T20:36:25","slug":"krem-i-madh-50-ml","status":"publish","type":"product","link":"https:\/\/ambassadebeaute.al\/sq\/shop\/br\/face\/creams\/la-grande-creme-50-ml\/","title":{"rendered":"LA GRANDE CREME 50 ml"},"content":{"rendered":"<div class=\"translation-block\">\n<ul><li>\nRigjenerimi i qelizave: mbron qelizat p\u00ebr t\u00eb ruajtur jet\u00ebgjat\u00ebsin\u00eb e tyre p\u00ebr nj\u00eb efekt rigjenerues<\/li>\n<li>P\u00ebrmir\u00ebson ekuilibrin e p\u00ebrgjithsh\u00ebm ujor t\u00eb epiderm\u00ebs<\/li>\n<li>Ristrukturon dhe rigjeneron dermisin p\u00ebr nj\u00eb efekt korrigjues kund\u00ebr plakjes dhe anti-rrudhave<\/li>\n<li>Intensifikon kohezionin qelizor<\/li>\n<li>Ristrukturimi dhe efekti i fort\u00eb<\/li>\n<li>Riparon funksionin e penges\u00ebs s\u00eb l\u00ebkur\u00ebs kund\u00ebr faktor\u00ebve t\u00eb ashp\u00ebr t\u00eb jasht\u00ebm<\/li>\n<li>Nxit bashk\u00ebveprimet dermal-epidermale, t\u00eb cilat shpesh bien me mosh\u00ebn\n<\/li><\/ul>\n<\/div>","protected":false},"excerpt":{"rendered":"<p class=\" translation-block\">Duke qen\u00eb nj\u00eb inovacion total n\u00eb bot\u00ebn e kozmetik\u00ebs profesionale, La Grande Cr\u008fme i trajton t\u00eb gjith\u00eb fenomenet q\u00eb kan\u00eb t\u00eb b\u00ebjn\u00eb me mosh\u00ebn. Ai ndikon n\u00eb ndalimin e procesin t\u00eb plakjes s\u00eb l\u00ebkur\u00ebs, p\u00ebr t\u2019a promovuar rritjen e qelizave t\u00eb reja.<\/p>","protected":false},"featured_media":2145,"template":"","meta":{"_uag_custom_page_level_css":"","site-sidebar-layout":"default","site-content-layout":"","ast-site-content-layout":"default","site-content-style":"default","site-sidebar-style":"default","ast-global-header-display":"","ast-banner-title-visibility":"","ast-main-header-display":"","ast-hfb-above-header-display":"","ast-hfb-below-header-display":"","ast-hfb-mobile-header-display":"","site-post-title":"","ast-breadcrumbs-content":"","ast-featured-img":"","footer-sml-layout":"","ast-disable-related-posts":"","theme-transparent-header-meta":"","adv-header-id-meta":"","stick-header-meta":"","header-above-stick-meta":"","header-main-stick-meta":"","header-below-stick-meta":"","astra-migrate-meta-layouts":"default","ast-page-background-enabled":"default","ast-page-background-meta":{"desktop":{"background-color":"var(--ast-global-color-4)","background-image":"","background-repeat":"repeat","background-position":"center center","background-size":"auto","background-attachment":"scroll","background-type":"","background-media":"","overlay-type":"","overlay-color":"","overlay-opacity":"","overlay-gradient":""},"tablet":{"background-color":"","background-image":"","background-repeat":"repeat","background-position":"center center","background-size":"auto","background-attachment":"scroll","background-type":"","background-media":"","overlay-type":"","overlay-color":"","overlay-opacity":"","overlay-gradient":""},"mobile":{"background-color":"","background-image":"","background-repeat":"repeat","background-position":"center center","background-size":"auto","background-attachment":"scroll","background-type":"","background-media":"","overlay-type":"","overlay-color":"","overlay-opacity":"","overlay-gradient":""}},"ast-content-background-meta":{"desktop":{"background-color":"var(--ast-global-color-5)","background-image":"","background-repeat":"repeat","background-position":"center center","background-size":"auto","background-attachment":"scroll","background-type":"","background-media":"","overlay-type":"","overlay-color":"","overlay-opacity":"","overlay-gradient":""},"tablet":{"background-color":"var(--ast-global-color-5)","background-image":"","background-repeat":"repeat","background-position":"center center","background-size":"auto","background-attachment":"scroll","background-type":"","background-media":"","overlay-type":"","overlay-color":"","overlay-opacity":"","overlay-gradient":""},"mobile":{"background-color":"var(--ast-global-color-5)","background-image":"","background-repeat":"repeat","background-position":"center center","background-size":"auto","background-attachment":"scroll","background-type":"","background-media":"","overlay-type":"","overlay-color":"","overlay-opacity":"","overlay-gradient":""}}},"product_brand":[199],"product_cat":[27,61,114],"product_tag":[],"class_list":{"0":"post-140","1":"product","2":"type-product","3":"status-publish","4":"has-post-thumbnail","6":"product_brand-biologique-recherche","7":"product_cat-br","8":"product_cat-creams","9":"product_cat-face","10":"desktop-align-center","11":"tablet-align-center","12":"mobile-align-center","13":"ast-product-gallery-layout-vertical-slider","14":"ast-product-gallery-with-no-image","15":"ast-product-tabs-layout-horizontal","16":"ast-qv-on-image","18":"first","19":"instock","20":"taxable","21":"shipping-taxable","22":"purchasable","23":"product-type-simple"},"uagb_featured_image_src":{"full":["https:\/\/ambassadebeaute.al\/wp-content\/uploads\/2020\/02\/La-Grande-Creme-Biologique-Recherche-1.jpg",1024,1024,false],"thumbnail":["https:\/\/ambassadebeaute.al\/wp-content\/uploads\/2020\/02\/La-Grande-Creme-Biologique-Recherche-1-150x150.jpg",150,150,true],"medium":["https:\/\/ambassadebeaute.al\/wp-content\/uploads\/2020\/02\/La-Grande-Creme-Biologique-Recherche-1-300x300.jpg",300,300,true],"medium_large":["https:\/\/ambassadebeaute.al\/wp-content\/uploads\/2020\/02\/La-Grande-Creme-Biologique-Recherche-1-768x768.jpg",768,768,true],"large":["https:\/\/ambassadebeaute.al\/wp-content\/uploads\/2020\/02\/La-Grande-Creme-Biologique-Recherche-1-1024x1024.jpg",1024,1024,true],"1536x1536":["https:\/\/ambassadebeaute.al\/wp-content\/uploads\/2020\/02\/La-Grande-Creme-Biologique-Recherche-1.jpg",1024,1024,false],"2048x2048":["https:\/\/ambassadebeaute.al\/wp-content\/uploads\/2020\/02\/La-Grande-Creme-Biologique-Recherche-1.jpg",1024,1024,false],"trp-custom-language-flag":["https:\/\/ambassadebeaute.al\/wp-content\/uploads\/2020\/02\/La-Grande-Creme-Biologique-Recherche-1.jpg",12,12,false],"woocommerce_thumbnail":["https:\/\/ambassadebeaute.al\/wp-content\/uploads\/2020\/02\/La-Grande-Creme-Biologique-Recherche-1-300x300.jpg",300,300,true],"woocommerce_single":["https:\/\/ambassadebeaute.al\/wp-content\/uploads\/2020\/02\/La-Grande-Creme-Biologique-Recherche-1-600x600.jpg",600,600,true],"woocommerce_gallery_thumbnail":["https:\/\/ambassadebeaute.al\/wp-content\/uploads\/2020\/02\/La-Grande-Creme-Biologique-Recherche-1-100x100.jpg",100,100,true]},"uagb_author_info":{"display_name":"admin","author_link":"https:\/\/ambassadebeaute.al\/sq\/author\/"},"uagb_comment_info":0,"uagb_excerpt":"A total innovation in the world of professional cosmetics, La Grande Cr\u00e8me targets all age-related phenomena. It acts on the cutaneous aging process to promote genuine cellular regrowth.","_links":{"self":[{"href":"https:\/\/ambassadebeaute.al\/sq\/wp-json\/wp\/v2\/product\/140","targetHints":{"allow":["GET"]}}],"collection":[{"href":"https:\/\/ambassadebeaute.al\/sq\/wp-json\/wp\/v2\/product"}],"about":[{"href":"https:\/\/ambassadebeaute.al\/sq\/wp-json\/wp\/v2\/types\/product"}],"wp:featuredmedia":[{"embeddable":true,"href":"https:\/\/ambassadebeaute.al\/sq\/wp-json\/wp\/v2\/media\/2145"}],"wp:attachment":[{"href":"https:\/\/ambassadebeaute.al\/sq\/wp-json\/wp\/v2\/media?parent=140"}],"wp:term":[{"taxonomy":"product_brand","embeddable":true,"href":"https:\/\/ambassadebeaute.al\/sq\/wp-json\/wp\/v2\/product_brand?post=140"},{"taxonomy":"product_cat","embeddable":true,"href":"https:\/\/ambassadebeaute.al\/sq\/wp-json\/wp\/v2\/product_cat?post=140"},{"taxonomy":"product_tag","embeddable":true,"href":"https:\/\/ambassadebeaute.al\/sq\/wp-json\/wp\/v2\/product_tag?post=140"}],"curies":[{"name":"wp","href":"https:\/\/api.w.org\/{rel}","templated":true}]}}