{"id":141,"date":"2020-02-11T21:17:29","date_gmt":"2020-02-11T21:17:29","guid":{"rendered":"https:\/\/faceology.net\/product\/emulsion-gel-biosensible-50-ml\/"},"modified":"2026-03-27T20:36:09","modified_gmt":"2026-03-27T20:36:09","slug":"xhel-emulsioni-biosensible-50-ml","status":"publish","type":"product","link":"https:\/\/ambassadebeaute.al\/sq\/shop\/br\/face\/creams\/emulsion-gel-biosensible-50-ml\/","title":{"rendered":"GEL EMULZIONI BIOSENSIBLUE 50 ml"},"content":{"rendered":"<div class=\"translation-block\"><ul><li>\n<li>Redukton njollat \u200b\u200be kuqe<li>\n<li>Menj\u00ebher\u00eb qet\u00ebsohet dhe zbut sikletin<li>\n<li>Ristrukturon mikro-leht\u00ebsimin e l\u00ebkur\u00ebs<li>\n<li>Rivendos filmin e mang\u00ebt hidrolipidik<li>\n<li>Fortifikon funksionin natyror t\u00eb mbrojtjes s\u00eb l\u00ebkur\u00ebs kund\u00ebr agresioneve t\u00eb p\u00ebrditshme<li>\n<li>Ruan l\u00ebkur\u00ebn nga sulmi i koh\u00ebs<\/li><\/ul>\n<\/div>","protected":false},"excerpt":{"rendered":"<div class=\"translation-block\">P\u00ebrshkrimi i produktit: ky tretman, ka formul\u00eb t\u00eb posa\u00e7me p\u00ebr l\u00ebkurat q\u00eb jan\u00eb normalisht t\u00eb ndjeshme (nga natyra) apo q\u00eb jan\u00eb b\u00ebr\u00eb t\u00eb ndjeshme p\u00ebr shkak t\u00eb faktor\u00ebve t\u00eb ndrysh\u00ebm. P\u00ebrmbajtja e l\u00ebngut t\u00eb tij anti-alergjik \u00ebsht\u00eb nj\u00eb  thesar i p\u00ebrb\u00ebr\u00ebsve aktiv\u00eb shum\u00eb t\u00eb p\u00ebrqendruar p\u00ebr hidratim, si acidi Hyaluronic, p\u00ebrmbajtjet p\u00ebr qet\u00ebsimin e l\u00ebkur\u00ebs, q\u00eb rrjedhin nga bioteknologjia m\u00eb e fundit dhe acidet yndyrore esenciale t\u00eb pangopura si vaji i far\u00ebs s\u00eb rrushit dhe vaji Sacha Inchi si dhe antioksidues, si sheg\u00eb dhe p\u00ebrmbajt\u00ebs p\u00ebr anti-inflamacion si ekstrakti Kudzu. Rekomandohet p\u00ebr l\u00ebkur\u00eb t\u00eb dehidruar, t\u00eb stresuar dhe t\u00eb ndjeshme (mos e p\u00ebrdorni n\u00eb l\u00ebkur\u00ebn me zbokth).\n<\/div>","protected":false},"featured_media":2136,"template":"","meta":{"_uag_custom_page_level_css":"","site-sidebar-layout":"default","site-content-layout":"","ast-site-content-layout":"default","site-content-style":"default","site-sidebar-style":"default","ast-global-header-display":"","ast-banner-title-visibility":"","ast-main-header-display":"","ast-hfb-above-header-display":"","ast-hfb-below-header-display":"","ast-hfb-mobile-header-display":"","site-post-title":"","ast-breadcrumbs-content":"","ast-featured-img":"","footer-sml-layout":"","ast-disable-related-posts":"","theme-transparent-header-meta":"","adv-header-id-meta":"","stick-header-meta":"","header-above-stick-meta":"","header-main-stick-meta":"","header-below-stick-meta":"","astra-migrate-meta-layouts":"default","ast-page-background-enabled":"default","ast-page-background-meta":{"desktop":{"background-color":"var(--ast-global-color-4)","background-image":"","background-repeat":"repeat","background-position":"center center","background-size":"auto","background-attachment":"scroll","background-type":"","background-media":"","overlay-type":"","overlay-color":"","overlay-opacity":"","overlay-gradient":""},"tablet":{"background-color":"","background-image":"","background-repeat":"repeat","background-position":"center center","background-size":"auto","background-attachment":"scroll","background-type":"","background-media":"","overlay-type":"","overlay-color":"","overlay-opacity":"","overlay-gradient":""},"mobile":{"background-color":"","background-image":"","background-repeat":"repeat","background-position":"center center","background-size":"auto","background-attachment":"scroll","background-type":"","background-media":"","overlay-type":"","overlay-color":"","overlay-opacity":"","overlay-gradient":""}},"ast-content-background-meta":{"desktop":{"background-color":"var(--ast-global-color-5)","background-image":"","background-repeat":"repeat","background-position":"center center","background-size":"auto","background-attachment":"scroll","background-type":"","background-media":"","overlay-type":"","overlay-color":"","overlay-opacity":"","overlay-gradient":""},"tablet":{"background-color":"var(--ast-global-color-5)","background-image":"","background-repeat":"repeat","background-position":"center center","background-size":"auto","background-attachment":"scroll","background-type":"","background-media":"","overlay-type":"","overlay-color":"","overlay-opacity":"","overlay-gradient":""},"mobile":{"background-color":"var(--ast-global-color-5)","background-image":"","background-repeat":"repeat","background-position":"center center","background-size":"auto","background-attachment":"scroll","background-type":"","background-media":"","overlay-type":"","overlay-color":"","overlay-opacity":"","overlay-gradient":""}}},"product_brand":[199],"product_cat":[27,61,114],"product_tag":[],"class_list":{"0":"post-141","1":"product","2":"type-product","3":"status-publish","4":"has-post-thumbnail","6":"product_brand-biologique-recherche","7":"product_cat-br","8":"product_cat-creams","9":"product_cat-face","10":"desktop-align-center","11":"tablet-align-center","12":"mobile-align-center","13":"ast-product-gallery-layout-vertical-slider","14":"ast-product-gallery-with-no-image","15":"ast-product-tabs-layout-horizontal","16":"ast-qv-on-image","18":"first","19":"instock","20":"taxable","21":"shipping-taxable","22":"purchasable","23":"product-type-simple"},"uagb_featured_image_src":{"full":["https:\/\/ambassadebeaute.al\/wp-content\/uploads\/2020\/02\/Emulsion-Gel-Biosensible-50ml-1.jpg",907,907,false],"thumbnail":["https:\/\/ambassadebeaute.al\/wp-content\/uploads\/2020\/02\/Emulsion-Gel-Biosensible-50ml-1-150x150.jpg",150,150,true],"medium":["https:\/\/ambassadebeaute.al\/wp-content\/uploads\/2020\/02\/Emulsion-Gel-Biosensible-50ml-1-300x300.jpg",300,300,true],"medium_large":["https:\/\/ambassadebeaute.al\/wp-content\/uploads\/2020\/02\/Emulsion-Gel-Biosensible-50ml-1-768x768.jpg",768,768,true],"large":["https:\/\/ambassadebeaute.al\/wp-content\/uploads\/2020\/02\/Emulsion-Gel-Biosensible-50ml-1.jpg",907,907,false],"1536x1536":["https:\/\/ambassadebeaute.al\/wp-content\/uploads\/2020\/02\/Emulsion-Gel-Biosensible-50ml-1.jpg",907,907,false],"2048x2048":["https:\/\/ambassadebeaute.al\/wp-content\/uploads\/2020\/02\/Emulsion-Gel-Biosensible-50ml-1.jpg",907,907,false],"trp-custom-language-flag":["https:\/\/ambassadebeaute.al\/wp-content\/uploads\/2020\/02\/Emulsion-Gel-Biosensible-50ml-1.jpg",12,12,false],"woocommerce_thumbnail":["https:\/\/ambassadebeaute.al\/wp-content\/uploads\/2020\/02\/Emulsion-Gel-Biosensible-50ml-1-300x300.jpg",300,300,true],"woocommerce_single":["https:\/\/ambassadebeaute.al\/wp-content\/uploads\/2020\/02\/Emulsion-Gel-Biosensible-50ml-1-600x600.jpg",600,600,true],"woocommerce_gallery_thumbnail":["https:\/\/ambassadebeaute.al\/wp-content\/uploads\/2020\/02\/Emulsion-Gel-Biosensible-50ml-1-100x100.jpg",100,100,true]},"uagb_author_info":{"display_name":"admin","author_link":"https:\/\/ambassadebeaute.al\/sq\/author\/"},"uagb_comment_info":0,"uagb_excerpt":"This intuitive emulsion reconstructs weakened skins and restores uniformity and calm.The Biologique Recherche Emulsion Gel Biosensible fuses hyaluronic acid, royal jelly extract and silk extract to provide immediate relief, nourishment and strength to the skin. Your skin is left intensely hydrated, resilient, soothed and protected.","_links":{"self":[{"href":"https:\/\/ambassadebeaute.al\/sq\/wp-json\/wp\/v2\/product\/141","targetHints":{"allow":["GET"]}}],"collection":[{"href":"https:\/\/ambassadebeaute.al\/sq\/wp-json\/wp\/v2\/product"}],"about":[{"href":"https:\/\/ambassadebeaute.al\/sq\/wp-json\/wp\/v2\/types\/product"}],"wp:featuredmedia":[{"embeddable":true,"href":"https:\/\/ambassadebeaute.al\/sq\/wp-json\/wp\/v2\/media\/2136"}],"wp:attachment":[{"href":"https:\/\/ambassadebeaute.al\/sq\/wp-json\/wp\/v2\/media?parent=141"}],"wp:term":[{"taxonomy":"product_brand","embeddable":true,"href":"https:\/\/ambassadebeaute.al\/sq\/wp-json\/wp\/v2\/product_brand?post=141"},{"taxonomy":"product_cat","embeddable":true,"href":"https:\/\/ambassadebeaute.al\/sq\/wp-json\/wp\/v2\/product_cat?post=141"},{"taxonomy":"product_tag","embeddable":true,"href":"https:\/\/ambassadebeaute.al\/sq\/wp-json\/wp\/v2\/product_tag?post=141"}],"curies":[{"name":"wp","href":"https:\/\/api.w.org\/{rel}","templated":true}]}}