{"id":143,"date":"2020-02-11T21:17:29","date_gmt":"2020-02-11T21:17:29","guid":{"rendered":"https:\/\/faceology.net\/product\/creme-dermopurifiante-50-ml\/"},"modified":"2026-03-27T20:36:09","modified_gmt":"2026-03-27T20:36:09","slug":"krem-dermopurifiante-50-ml","status":"publish","type":"product","link":"https:\/\/ambassadebeaute.al\/sq\/shop\/br\/face\/creams\/creme-dermopurifiante-50-ml\/","title":{"rendered":"CREME DERMOPURIFIANTE 50 ml"},"content":{"rendered":"<div class=\"translation-block\"><ul><li>\nZhbllokon boshtin e hiperkeratinizuar t\u00eb flok\u00ebve fal\u00eb p\u00ebrb\u00ebr\u00ebsve aktiv\u00eb t\u00eb tij mikro-eksfoliant.<\/li>\n<li>Pastron l\u00ebkur\u00ebn fal\u00eb p\u00ebrb\u00ebr\u00ebsve aktiv\u00eb t\u00eb saj antibakterial\u00eb.<\/li>\n<li>Ndihmon n\u00eb zbutjen e skuqjes fal\u00eb p\u00ebrb\u00ebr\u00ebsve aktiv\u00eb anti-inflamator.<\/li>\n<li>Ndihmon p\u00ebr rregullimin e sekrecioneve dhjamore,<\/li>\n<li>Ndihmon p\u00ebr shtr\u00ebngimin e poreve.<\/li>\n<li>Mbron l\u00ebkur\u00ebn nga agresioni i jasht\u00ebm.<\/li>\n<li>Hidraton shtresat e sip\u00ebrme t\u00eb l\u00ebkur\u00ebs.<\/li>\n<li>Ul ndjesh\u00ebm aspektin e ndritsh\u00ebm t\u00eb fytyr\u00ebs<\/li>\n<li>Zbut njollat ne lekure.<\/li>\n<li>Kujdes i theksuar p\u00ebr l\u00ebkur\u00ebn seborreike.<\/li>\n<li>Nj\u00eb krem \u200b\u200bpastrues i but\u00eb nga i cili nuk thahet l\u00ebkura dhe e l\u00eb fytyr\u00ebn t\u00eb unifikuar.<\/li>\n<li>Fytyra juaj pastrohet, unifikohet dhe mbrohet kund\u00ebr agresioneve t\u00eb jashtme.<\/li>\n<li>Nj\u00ebzet p\u00ebrb\u00ebr\u00ebs aktiv\u00eb t\u00eb p\u00ebrqendruar q\u00eb synojn\u00eb shkaqet dhe pasojat kryesore t\u00eb mekanizmit t\u00eb seborres\u00eb.<\/li>\n<li>Veprim i thell\u00eb me rezultate t\u00eb dukshme n\u00eb sip\u00ebrfaqe.<\/li>\n<li>Toleranc\u00eb e mir\u00eb, gjithashtu i p\u00ebrshtaten l\u00ebkurave reaktive.<\/li>\n<li>Nuk p\u00ebrmban vajra minerale.<\/li>\n<li>Nuk e l\u00eb l\u00ebkur\u00ebn me vaj.<\/li>\n<li>Produkti \u00ebsht\u00eb ideal p\u00ebr pu\u00e7rrat<\/li><\/ul>\n<\/div>","protected":false},"excerpt":{"rendered":"<p class=\" translation-block\">P\u00ebrshkrimi i produktit: ky krem p\u00ebr pastrim e zvog\u00eblon skuqjen e shkaktuar nga aknet dhe rregullon krijimin e zbokthit. E mbron epiderm\u00ebn nga ndikimet e jashtme. Ofron nj\u00eb tretman efikas p\u00ebr l\u00ebkur\u00ebn me zbokth, pa e thar\u00eb epiderm\u00ebn. Rekomandohet p\u00ebr l\u00ebkur\u00eb t\u00eb \u00e7ekuilibruar dhe reaktive.<\/p>","protected":false},"featured_media":2140,"template":"","meta":{"_uag_custom_page_level_css":"","site-sidebar-layout":"default","site-content-layout":"","ast-site-content-layout":"default","site-content-style":"default","site-sidebar-style":"default","ast-global-header-display":"","ast-banner-title-visibility":"","ast-main-header-display":"","ast-hfb-above-header-display":"","ast-hfb-below-header-display":"","ast-hfb-mobile-header-display":"","site-post-title":"","ast-breadcrumbs-content":"","ast-featured-img":"","footer-sml-layout":"","ast-disable-related-posts":"","theme-transparent-header-meta":"","adv-header-id-meta":"","stick-header-meta":"","header-above-stick-meta":"","header-main-stick-meta":"","header-below-stick-meta":"","astra-migrate-meta-layouts":"default","ast-page-background-enabled":"default","ast-page-background-meta":{"desktop":{"background-color":"var(--ast-global-color-4)","background-image":"","background-repeat":"repeat","background-position":"center center","background-size":"auto","background-attachment":"scroll","background-type":"","background-media":"","overlay-type":"","overlay-color":"","overlay-opacity":"","overlay-gradient":""},"tablet":{"background-color":"","background-image":"","background-repeat":"repeat","background-position":"center center","background-size":"auto","background-attachment":"scroll","background-type":"","background-media":"","overlay-type":"","overlay-color":"","overlay-opacity":"","overlay-gradient":""},"mobile":{"background-color":"","background-image":"","background-repeat":"repeat","background-position":"center center","background-size":"auto","background-attachment":"scroll","background-type":"","background-media":"","overlay-type":"","overlay-color":"","overlay-opacity":"","overlay-gradient":""}},"ast-content-background-meta":{"desktop":{"background-color":"var(--ast-global-color-5)","background-image":"","background-repeat":"repeat","background-position":"center center","background-size":"auto","background-attachment":"scroll","background-type":"","background-media":"","overlay-type":"","overlay-color":"","overlay-opacity":"","overlay-gradient":""},"tablet":{"background-color":"var(--ast-global-color-5)","background-image":"","background-repeat":"repeat","background-position":"center center","background-size":"auto","background-attachment":"scroll","background-type":"","background-media":"","overlay-type":"","overlay-color":"","overlay-opacity":"","overlay-gradient":""},"mobile":{"background-color":"var(--ast-global-color-5)","background-image":"","background-repeat":"repeat","background-position":"center center","background-size":"auto","background-attachment":"scroll","background-type":"","background-media":"","overlay-type":"","overlay-color":"","overlay-opacity":"","overlay-gradient":""}}},"product_brand":[199],"product_cat":[27,61,114],"product_tag":[],"class_list":{"0":"post-143","1":"product","2":"type-product","3":"status-publish","4":"has-post-thumbnail","6":"product_brand-biologique-recherche","7":"product_cat-br","8":"product_cat-creams","9":"product_cat-face","10":"desktop-align-center","11":"tablet-align-center","12":"mobile-align-center","13":"ast-product-gallery-layout-vertical-slider","14":"ast-product-gallery-with-no-image","15":"ast-product-tabs-layout-horizontal","16":"ast-qv-on-image","18":"first","19":"instock","20":"taxable","21":"shipping-taxable","22":"purchasable","23":"product-type-simple"},"uagb_featured_image_src":{"full":["https:\/\/ambassadebeaute.al\/wp-content\/uploads\/2020\/02\/Creme-Dermopurifiante-50ml-1.jpg",1024,1024,false],"thumbnail":["https:\/\/ambassadebeaute.al\/wp-content\/uploads\/2020\/02\/Creme-Dermopurifiante-50ml-1-150x150.jpg",150,150,true],"medium":["https:\/\/ambassadebeaute.al\/wp-content\/uploads\/2020\/02\/Creme-Dermopurifiante-50ml-1-300x300.jpg",300,300,true],"medium_large":["https:\/\/ambassadebeaute.al\/wp-content\/uploads\/2020\/02\/Creme-Dermopurifiante-50ml-1-768x768.jpg",768,768,true],"large":["https:\/\/ambassadebeaute.al\/wp-content\/uploads\/2020\/02\/Creme-Dermopurifiante-50ml-1-1024x1024.jpg",1024,1024,true],"1536x1536":["https:\/\/ambassadebeaute.al\/wp-content\/uploads\/2020\/02\/Creme-Dermopurifiante-50ml-1.jpg",1024,1024,false],"2048x2048":["https:\/\/ambassadebeaute.al\/wp-content\/uploads\/2020\/02\/Creme-Dermopurifiante-50ml-1.jpg",1024,1024,false],"trp-custom-language-flag":["https:\/\/ambassadebeaute.al\/wp-content\/uploads\/2020\/02\/Creme-Dermopurifiante-50ml-1.jpg",12,12,false],"woocommerce_thumbnail":["https:\/\/ambassadebeaute.al\/wp-content\/uploads\/2020\/02\/Creme-Dermopurifiante-50ml-1-300x300.jpg",300,300,true],"woocommerce_single":["https:\/\/ambassadebeaute.al\/wp-content\/uploads\/2020\/02\/Creme-Dermopurifiante-50ml-1-600x600.jpg",600,600,true],"woocommerce_gallery_thumbnail":["https:\/\/ambassadebeaute.al\/wp-content\/uploads\/2020\/02\/Creme-Dermopurifiante-50ml-1-100x100.jpg",100,100,true]},"uagb_author_info":{"display_name":"admin","author_link":"https:\/\/ambassadebeaute.al\/sq\/author\/"},"uagb_comment_info":0,"uagb_excerpt":"For oily skin. Calms, balances, and prevents the spread of acne. Aida says: \u201cLike prescription medicine for the skin.\u201d NOTE: Avoid the eye area. Initially you may experience more breakouts because it\u2019s bringing oil to the surface. Aida says: This balancing, antibacterial cream is like medicine for the skin. It\u2019s meant for skin with open&hellip;","_links":{"self":[{"href":"https:\/\/ambassadebeaute.al\/sq\/wp-json\/wp\/v2\/product\/143","targetHints":{"allow":["GET"]}}],"collection":[{"href":"https:\/\/ambassadebeaute.al\/sq\/wp-json\/wp\/v2\/product"}],"about":[{"href":"https:\/\/ambassadebeaute.al\/sq\/wp-json\/wp\/v2\/types\/product"}],"wp:featuredmedia":[{"embeddable":true,"href":"https:\/\/ambassadebeaute.al\/sq\/wp-json\/wp\/v2\/media\/2140"}],"wp:attachment":[{"href":"https:\/\/ambassadebeaute.al\/sq\/wp-json\/wp\/v2\/media?parent=143"}],"wp:term":[{"taxonomy":"product_brand","embeddable":true,"href":"https:\/\/ambassadebeaute.al\/sq\/wp-json\/wp\/v2\/product_brand?post=143"},{"taxonomy":"product_cat","embeddable":true,"href":"https:\/\/ambassadebeaute.al\/sq\/wp-json\/wp\/v2\/product_cat?post=143"},{"taxonomy":"product_tag","embeddable":true,"href":"https:\/\/ambassadebeaute.al\/sq\/wp-json\/wp\/v2\/product_tag?post=143"}],"curies":[{"name":"wp","href":"https:\/\/api.w.org\/{rel}","templated":true}]}}