{"id":144,"date":"2020-02-11T21:17:29","date_gmt":"2020-02-11T21:17:29","guid":{"rendered":"https:\/\/faceology.net\/product\/creme-verte-espoir-50-ml\/"},"modified":"2026-03-27T20:36:25","modified_gmt":"2026-03-27T20:36:25","slug":"krem-verte-espoir-50-ml","status":"publish","type":"product","link":"https:\/\/ambassadebeaute.al\/sq\/shop\/br\/face\/creams\/creme-verte-espoir-50-ml\/","title":{"rendered":"CREME VERTE ESPOIR AR 50 ML"},"content":{"rendered":"<div class=\"translation-block\">\n<ul><li>\n<li>Qet\u00ebson dhe ndihmon n\u00eb uljen e skuqjes.\n<li>Rigjall\u00ebron epiderm\u00ebn.<\/li>\n<li>Hidraton shtresat e sip\u00ebrme t\u00eb epiderm\u00ebs.<\/li>\n<li>Nj\u00eb krem \u200b\u200bqet\u00ebsues q\u00eb siguron rehati t\u00eb v\u00ebrtet\u00eb p\u00ebr l\u00ebkurat reaktive.<\/li>\n<li>L\u00ebkura juaj \u00ebsht\u00eb e ushqyer dhe s\u00ebrish e but\u00eb dhe e l\u00ebmuar.<\/li>\n<li>L\u00ebkura juaj \u00ebsht\u00eb e fresk\u00ebt dhe shk\u00eblqen me lumturi.<\/li><\/ul>\n<\/div>","protected":false},"excerpt":{"rendered":"<div class=\"translation-block\">\nKrem qet\u00ebsues p\u00ebr fytyr\u00eb\n\n\u2022 ANTI SKUQJE \u2022 MBROJT\u00cbS \u2022 PLOT\u00cbSIM I LIPIDEVE\nIdeale p\u00ebr t\u00eb trajtuar skuqjen n\u00eb fytyr\u00eb, Cr\u00e8me Verte Espoir A.R. parandalon dhe zvog\u00eblon shenjat e rosacea. Vepron n\u00eb kapilar\u00ebt e thyer, duke zvog\u00ebluar duksh\u00ebm pamjen e tyre p\u00ebr t\u00eb zvog\u00ebluar shkall\u00ebn dhe intensitetin e skuqjes kronike. Reaksionet e ndjeshme t\u00eb l\u00ebkur\u00ebs q\u00eb shkaktojn\u00eb njolla t\u00eb her\u00ebpashershme t\u00eb skuqjes jan\u00eb gjithashtu t\u00eb zbutura. L\u00ebkura e brisht\u00eb dhe reaktive ndjehet e qet\u00ebsuar menj\u00ebher\u00eb, dhe kompleksioni fiton nj\u00eb pamje m\u00eb uniforme.\nRekomandohet p\u00ebr Skin Instants \u00a9 me eritro-rosacea.\n<\/div>","protected":false},"featured_media":2854,"template":"","meta":{"_uag_custom_page_level_css":"","site-sidebar-layout":"default","site-content-layout":"","ast-site-content-layout":"default","site-content-style":"default","site-sidebar-style":"default","ast-global-header-display":"","ast-banner-title-visibility":"","ast-main-header-display":"","ast-hfb-above-header-display":"","ast-hfb-below-header-display":"","ast-hfb-mobile-header-display":"","site-post-title":"","ast-breadcrumbs-content":"","ast-featured-img":"","footer-sml-layout":"","ast-disable-related-posts":"","theme-transparent-header-meta":"","adv-header-id-meta":"","stick-header-meta":"","header-above-stick-meta":"","header-main-stick-meta":"","header-below-stick-meta":"","astra-migrate-meta-layouts":"default","ast-page-background-enabled":"default","ast-page-background-meta":{"desktop":{"background-color":"var(--ast-global-color-4)","background-image":"","background-repeat":"repeat","background-position":"center center","background-size":"auto","background-attachment":"scroll","background-type":"","background-media":"","overlay-type":"","overlay-color":"","overlay-opacity":"","overlay-gradient":""},"tablet":{"background-color":"","background-image":"","background-repeat":"repeat","background-position":"center center","background-size":"auto","background-attachment":"scroll","background-type":"","background-media":"","overlay-type":"","overlay-color":"","overlay-opacity":"","overlay-gradient":""},"mobile":{"background-color":"","background-image":"","background-repeat":"repeat","background-position":"center center","background-size":"auto","background-attachment":"scroll","background-type":"","background-media":"","overlay-type":"","overlay-color":"","overlay-opacity":"","overlay-gradient":""}},"ast-content-background-meta":{"desktop":{"background-color":"var(--ast-global-color-5)","background-image":"","background-repeat":"repeat","background-position":"center center","background-size":"auto","background-attachment":"scroll","background-type":"","background-media":"","overlay-type":"","overlay-color":"","overlay-opacity":"","overlay-gradient":""},"tablet":{"background-color":"var(--ast-global-color-5)","background-image":"","background-repeat":"repeat","background-position":"center center","background-size":"auto","background-attachment":"scroll","background-type":"","background-media":"","overlay-type":"","overlay-color":"","overlay-opacity":"","overlay-gradient":""},"mobile":{"background-color":"var(--ast-global-color-5)","background-image":"","background-repeat":"repeat","background-position":"center center","background-size":"auto","background-attachment":"scroll","background-type":"","background-media":"","overlay-type":"","overlay-color":"","overlay-opacity":"","overlay-gradient":""}}},"product_brand":[199],"product_cat":[27,61,114],"product_tag":[56,154,133,163],"class_list":{"0":"post-144","1":"product","2":"type-product","3":"status-publish","4":"has-post-thumbnail","6":"product_brand-biologique-recherche","7":"product_cat-br","8":"product_cat-creams","9":"product_cat-face","10":"product_tag-biologique-recherche","11":"product_tag-creams","12":"product_tag-face-products","13":"product_tag-sensitive-rosacea-skin","14":"desktop-align-center","15":"tablet-align-center","16":"mobile-align-center","17":"ast-product-gallery-layout-vertical-slider","18":"ast-product-gallery-with-no-image","19":"ast-product-tabs-layout-horizontal","20":"ast-qv-on-image","22":"first","23":"instock","24":"taxable","25":"shipping-taxable","26":"purchasable","27":"product-type-simple"},"uagb_featured_image_src":{"full":["https:\/\/ambassadebeaute.al\/wp-content\/uploads\/2020\/02\/CremeVerteEspoirAR.jpg",1593,1593,false],"thumbnail":["https:\/\/ambassadebeaute.al\/wp-content\/uploads\/2020\/02\/CremeVerteEspoirAR-150x150.jpg",150,150,true],"medium":["https:\/\/ambassadebeaute.al\/wp-content\/uploads\/2020\/02\/CremeVerteEspoirAR-300x300.jpg",300,300,true],"medium_large":["https:\/\/ambassadebeaute.al\/wp-content\/uploads\/2020\/02\/CremeVerteEspoirAR-768x768.jpg",768,768,true],"large":["https:\/\/ambassadebeaute.al\/wp-content\/uploads\/2020\/02\/CremeVerteEspoirAR-1024x1024.jpg",1024,1024,true],"1536x1536":["https:\/\/ambassadebeaute.al\/wp-content\/uploads\/2020\/02\/CremeVerteEspoirAR-1536x1536.jpg",1536,1536,true],"2048x2048":["https:\/\/ambassadebeaute.al\/wp-content\/uploads\/2020\/02\/CremeVerteEspoirAR.jpg",1593,1593,false],"trp-custom-language-flag":["https:\/\/ambassadebeaute.al\/wp-content\/uploads\/2020\/02\/CremeVerteEspoirAR-12x12.jpg",12,12,true],"woocommerce_thumbnail":["https:\/\/ambassadebeaute.al\/wp-content\/uploads\/2020\/02\/CremeVerteEspoirAR-300x300.jpg",300,300,true],"woocommerce_single":["https:\/\/ambassadebeaute.al\/wp-content\/uploads\/2020\/02\/CremeVerteEspoirAR-600x600.jpg",600,600,true],"woocommerce_gallery_thumbnail":["https:\/\/ambassadebeaute.al\/wp-content\/uploads\/2020\/02\/CremeVerteEspoirAR-100x100.jpg",100,100,true]},"uagb_author_info":{"display_name":"admin","author_link":"https:\/\/ambassadebeaute.al\/sq\/author\/"},"uagb_comment_info":0,"uagb_excerpt":"Soothing face cream \u2022 ANTI REDNESS \u2022 PROTECTIVE \u2022 LIPID-REPLENISHING Ideal for tackling redness on the face, Cr\u00e8me Verte Espoir A.R. prevents and reduces the signs of rosacea. It acts on broken capillaries, visibly reducing their appearance to decrease the extent and intensity of chronic redness. The sensitive skin reactions that cause occasional patches of&hellip;","_links":{"self":[{"href":"https:\/\/ambassadebeaute.al\/sq\/wp-json\/wp\/v2\/product\/144","targetHints":{"allow":["GET"]}}],"collection":[{"href":"https:\/\/ambassadebeaute.al\/sq\/wp-json\/wp\/v2\/product"}],"about":[{"href":"https:\/\/ambassadebeaute.al\/sq\/wp-json\/wp\/v2\/types\/product"}],"wp:featuredmedia":[{"embeddable":true,"href":"https:\/\/ambassadebeaute.al\/sq\/wp-json\/wp\/v2\/media\/2854"}],"wp:attachment":[{"href":"https:\/\/ambassadebeaute.al\/sq\/wp-json\/wp\/v2\/media?parent=144"}],"wp:term":[{"taxonomy":"product_brand","embeddable":true,"href":"https:\/\/ambassadebeaute.al\/sq\/wp-json\/wp\/v2\/product_brand?post=144"},{"taxonomy":"product_cat","embeddable":true,"href":"https:\/\/ambassadebeaute.al\/sq\/wp-json\/wp\/v2\/product_cat?post=144"},{"taxonomy":"product_tag","embeddable":true,"href":"https:\/\/ambassadebeaute.al\/sq\/wp-json\/wp\/v2\/product_tag?post=144"}],"curies":[{"name":"wp","href":"https:\/\/api.w.org\/{rel}","templated":true}]}}