{"id":145,"date":"2020-02-11T21:17:29","date_gmt":"2020-02-11T21:17:29","guid":{"rendered":"https:\/\/faceology.net\/product\/creme-pigm-400-50-ml\/"},"modified":"2026-03-27T20:36:25","modified_gmt":"2026-03-27T20:36:25","slug":"krem-pigm-400-50-ml","status":"publish","type":"product","link":"https:\/\/ambassadebeaute.al\/sq\/shop\/br\/face\/creams\/creme-pigm-400-50-ml\/","title":{"rendered":"CREME PIGM 400 50 ml"},"content":{"rendered":"<div class=\"translation-block\">\n<ul>\n<li>\nVeprim i menj\u00ebhersh\u00ebm i ndri\u00e7imit te lekures\n<li>Zvog\u00eblon intensitetin e pikave ekzistuese t\u00eb pigmentarit<\/li>\n<li>Parandalon \/ kufizon shfaqjen e njollave t\u00eb reja<\/li>\n<li>Unifikon \u00e7ehren, zvog\u00eblon problemet e parregullsis\u00eb<\/li>\n<li>Veprimi anti-radikal: kufizon plakjen e qelizave<\/li>\n<li>Fal\u00eb 5 p\u00ebrb\u00ebr\u00ebsve aktiv\u00eb t\u00eb p\u00ebrqendruar, Cr\u00e8me PIGM 400 shk\u00eblqen l\u00ebkur\u00ebn.<\/li>\nCr\u00e8me PIGM 400 shkakton nj\u00eb veprim t\u00eb menj\u00ebhersh\u00ebm zbardhues, efektiv pas aplikimit.<\/li>\n<li>Ky trajtim vepron n\u00eb 3 faza t\u00eb melanogjenez\u00ebs dhe rregullon akumulimin e lipofuscin\u00ebs n\u00eb origjin\u00ebn e njollave t\u00eb err\u00ebta.<\/li>\n<li>Nj\u00eb mbrojtje antioksiduese q\u00eb kufizon plakjen e l\u00ebkur\u00ebs.<\/li>\n<li>Nj\u00eb trajtim miq\u00ebsor me epiderm\u00ebn edhe pse efikas.<\/li><\/ul>\n<\/div>","protected":false},"excerpt":{"rendered":"<p class=\" translation-block\">P\u00ebrshkrimi i produktit: Cr me PIGM 400 \u00ebsht\u00eb nj\u00eb p\u00ebrzierje e p\u00ebrqendruar e substancave p\u00ebr b\u00ebrjen e l\u00ebkur\u00eb t\u00eb shndritshme, p\u00ebr largimin e njollave dhe p\u00ebr mbrojtjen e saj\u00eb. Formula e tij me shum\u00eb faktor\u00eb ndihmon n\u00eb korrigjimin e pap\u00ebrsosm\u00ebrive ekzistuese dhe parandalon shfaqjen e njollave t\u00eb tjera. Fytyra \u00ebsht\u00eb m\u00eb e ndritshme dhe l\u00ebkura m\u00eb e nj\u00ebtrajtshme. \u00cbsht\u00eb ideal p\u00ebr l\u00ebkurat me njolla pigmenti dhe ato pa shk\u00eblqim (t\u00eb d\u00ebmtuara).<\/p>","protected":false},"featured_media":2143,"template":"","meta":{"_uag_custom_page_level_css":"","site-sidebar-layout":"default","site-content-layout":"","ast-site-content-layout":"default","site-content-style":"default","site-sidebar-style":"default","ast-global-header-display":"","ast-banner-title-visibility":"","ast-main-header-display":"","ast-hfb-above-header-display":"","ast-hfb-below-header-display":"","ast-hfb-mobile-header-display":"","site-post-title":"","ast-breadcrumbs-content":"","ast-featured-img":"","footer-sml-layout":"","ast-disable-related-posts":"","theme-transparent-header-meta":"","adv-header-id-meta":"","stick-header-meta":"","header-above-stick-meta":"","header-main-stick-meta":"","header-below-stick-meta":"","astra-migrate-meta-layouts":"default","ast-page-background-enabled":"default","ast-page-background-meta":{"desktop":{"background-color":"var(--ast-global-color-4)","background-image":"","background-repeat":"repeat","background-position":"center center","background-size":"auto","background-attachment":"scroll","background-type":"","background-media":"","overlay-type":"","overlay-color":"","overlay-opacity":"","overlay-gradient":""},"tablet":{"background-color":"","background-image":"","background-repeat":"repeat","background-position":"center center","background-size":"auto","background-attachment":"scroll","background-type":"","background-media":"","overlay-type":"","overlay-color":"","overlay-opacity":"","overlay-gradient":""},"mobile":{"background-color":"","background-image":"","background-repeat":"repeat","background-position":"center center","background-size":"auto","background-attachment":"scroll","background-type":"","background-media":"","overlay-type":"","overlay-color":"","overlay-opacity":"","overlay-gradient":""}},"ast-content-background-meta":{"desktop":{"background-color":"var(--ast-global-color-5)","background-image":"","background-repeat":"repeat","background-position":"center center","background-size":"auto","background-attachment":"scroll","background-type":"","background-media":"","overlay-type":"","overlay-color":"","overlay-opacity":"","overlay-gradient":""},"tablet":{"background-color":"var(--ast-global-color-5)","background-image":"","background-repeat":"repeat","background-position":"center center","background-size":"auto","background-attachment":"scroll","background-type":"","background-media":"","overlay-type":"","overlay-color":"","overlay-opacity":"","overlay-gradient":""},"mobile":{"background-color":"var(--ast-global-color-5)","background-image":"","background-repeat":"repeat","background-position":"center center","background-size":"auto","background-attachment":"scroll","background-type":"","background-media":"","overlay-type":"","overlay-color":"","overlay-opacity":"","overlay-gradient":""}}},"product_brand":[199],"product_cat":[27,61,114],"product_tag":[],"class_list":{"0":"post-145","1":"product","2":"type-product","3":"status-publish","4":"has-post-thumbnail","6":"product_brand-biologique-recherche","7":"product_cat-br","8":"product_cat-creams","9":"product_cat-face","10":"desktop-align-center","11":"tablet-align-center","12":"mobile-align-center","13":"ast-product-gallery-layout-vertical-slider","14":"ast-product-gallery-with-no-image","15":"ast-product-tabs-layout-horizontal","16":"ast-qv-on-image","18":"first","19":"instock","20":"taxable","21":"shipping-taxable","22":"purchasable","23":"product-type-simple"},"uagb_featured_image_src":{"full":["https:\/\/ambassadebeaute.al\/wp-content\/uploads\/2020\/02\/Creme-Pigm-400-50ml-1.jpg",1024,1024,false],"thumbnail":["https:\/\/ambassadebeaute.al\/wp-content\/uploads\/2020\/02\/Creme-Pigm-400-50ml-1-150x150.jpg",150,150,true],"medium":["https:\/\/ambassadebeaute.al\/wp-content\/uploads\/2020\/02\/Creme-Pigm-400-50ml-1-300x300.jpg",300,300,true],"medium_large":["https:\/\/ambassadebeaute.al\/wp-content\/uploads\/2020\/02\/Creme-Pigm-400-50ml-1-768x768.jpg",768,768,true],"large":["https:\/\/ambassadebeaute.al\/wp-content\/uploads\/2020\/02\/Creme-Pigm-400-50ml-1-1024x1024.jpg",1024,1024,true],"1536x1536":["https:\/\/ambassadebeaute.al\/wp-content\/uploads\/2020\/02\/Creme-Pigm-400-50ml-1.jpg",1024,1024,false],"2048x2048":["https:\/\/ambassadebeaute.al\/wp-content\/uploads\/2020\/02\/Creme-Pigm-400-50ml-1.jpg",1024,1024,false],"trp-custom-language-flag":["https:\/\/ambassadebeaute.al\/wp-content\/uploads\/2020\/02\/Creme-Pigm-400-50ml-1.jpg",12,12,false],"woocommerce_thumbnail":["https:\/\/ambassadebeaute.al\/wp-content\/uploads\/2020\/02\/Creme-Pigm-400-50ml-1-300x300.jpg",300,300,true],"woocommerce_single":["https:\/\/ambassadebeaute.al\/wp-content\/uploads\/2020\/02\/Creme-Pigm-400-50ml-1-600x600.jpg",600,600,true],"woocommerce_gallery_thumbnail":["https:\/\/ambassadebeaute.al\/wp-content\/uploads\/2020\/02\/Creme-Pigm-400-50ml-1-100x100.jpg",100,100,true]},"uagb_author_info":{"display_name":"admin","author_link":"https:\/\/ambassadebeaute.al\/sq\/author\/"},"uagb_comment_info":0,"uagb_excerpt":"For sun damaged skin. Use in the winter, day or night. In the summer use only at night. Biologique Recherche Cr\u00e8me PIGM 400 reduces the intensity of existing pigmentary spots, brightens the skin, prevents\/limits the appearance of new spots and unifies the complexion. This cream has optimum anti-radical action which helps correct existing pigmentation imperfections&hellip;","_links":{"self":[{"href":"https:\/\/ambassadebeaute.al\/sq\/wp-json\/wp\/v2\/product\/145","targetHints":{"allow":["GET"]}}],"collection":[{"href":"https:\/\/ambassadebeaute.al\/sq\/wp-json\/wp\/v2\/product"}],"about":[{"href":"https:\/\/ambassadebeaute.al\/sq\/wp-json\/wp\/v2\/types\/product"}],"wp:featuredmedia":[{"embeddable":true,"href":"https:\/\/ambassadebeaute.al\/sq\/wp-json\/wp\/v2\/media\/2143"}],"wp:attachment":[{"href":"https:\/\/ambassadebeaute.al\/sq\/wp-json\/wp\/v2\/media?parent=145"}],"wp:term":[{"taxonomy":"product_brand","embeddable":true,"href":"https:\/\/ambassadebeaute.al\/sq\/wp-json\/wp\/v2\/product_brand?post=145"},{"taxonomy":"product_cat","embeddable":true,"href":"https:\/\/ambassadebeaute.al\/sq\/wp-json\/wp\/v2\/product_cat?post=145"},{"taxonomy":"product_tag","embeddable":true,"href":"https:\/\/ambassadebeaute.al\/sq\/wp-json\/wp\/v2\/product_tag?post=145"}],"curies":[{"name":"wp","href":"https:\/\/api.w.org\/{rel}","templated":true}]}}