{"id":146,"date":"2020-02-11T21:17:29","date_gmt":"2020-02-11T21:17:29","guid":{"rendered":"https:\/\/faceology.net\/product\/creme-contour-des-yeux-vip-o2-30-ml\/"},"modified":"2026-03-27T20:36:25","modified_gmt":"2026-03-27T20:36:25","slug":"creme-contour-des-yeux-vip-o2-30-ml","status":"publish","type":"product","link":"https:\/\/ambassadebeaute.al\/sq\/shop\/br\/face\/creams\/creme-contour-des-yeux-vip-o2-30-ml\/","title":{"rendered":"CREME CONTOUR DES YEUX VIP O2 15 ml"},"content":{"rendered":"<p class=\" translation-block\">Rezultati: e zbut\u00eb dhe tonifikon zon\u00ebn e syve dhe i redukton qeskat e zeza n\u00ebn sy.\n<ul><li>\nP\u00ebrmir\u00ebson elasticitetin e epiderm\u00ebs. <\/li>\n<li>Zbut rrudhat dhe linjat e im\u00ebta<\/li>\n<li>Ndihmon n\u00eb parandalimin e shenjave t\u00eb plakjes n\u00eb l\u00ebkur\u00eb<\/li>\n<li>Ndri\u00e7on dhe tonifikon zon\u00ebn e syve<\/li>\n<li>Redukton qarqet e err\u00ebta dhe \u00e7antat n\u00ebn sy<\/li>\n<li>Hidraton shtresat m\u00eb t\u00eb larta t\u00eb epiderm\u00ebs. <\/li>\n<li>Rivendos rinin\u00eb dhe gjall\u00ebrin\u00eb e shikimit tuaj. Redukton fryrjen dhe qarqet e err\u00ebta, dhe zbut linjat e holla<\/li>\n<li>Ndri\u00e7on zon\u00ebn e syve dhe shk\u00eblqen l\u00ebkur\u00ebn tuaj<\/li>\n<li>L\u00ebkura juaj \u00ebsht\u00eb e but\u00eb, e mbrojtur dhe e gatshme p\u00ebr t'u p\u00ebrballur me agresionin e jasht\u00ebm.<\/li><\/ul><\/p>","protected":false},"excerpt":{"rendered":"<p class=\" translation-block\">P\u00ebrshkrimi i produktit: formula unike e kremit, q\u00eb e pasuron l\u00ebkur\u00ebn me oksigjen si dhe e hidraton at\u00eb i \u200b\u200bkombinon acidet yndyrore gjysm\u00eb t\u00eb ngopura me kompleksin specifik t\u00eb pasurimit me oksigjen t\u00eb Biologique Recherche, p\u00ebr t\u00eb ndihmuar n\u00eb zvog\u00eblimin e rrudhave dhe fituar pamjen e shndritshme t\u00eb fytyr\u00ebs.<\/p>","protected":false},"featured_media":2135,"template":"","meta":{"_uag_custom_page_level_css":"","site-sidebar-layout":"default","site-content-layout":"","ast-site-content-layout":"default","site-content-style":"default","site-sidebar-style":"default","ast-global-header-display":"","ast-banner-title-visibility":"","ast-main-header-display":"","ast-hfb-above-header-display":"","ast-hfb-below-header-display":"","ast-hfb-mobile-header-display":"","site-post-title":"","ast-breadcrumbs-content":"","ast-featured-img":"","footer-sml-layout":"","ast-disable-related-posts":"","theme-transparent-header-meta":"","adv-header-id-meta":"","stick-header-meta":"","header-above-stick-meta":"","header-main-stick-meta":"","header-below-stick-meta":"","astra-migrate-meta-layouts":"default","ast-page-background-enabled":"default","ast-page-background-meta":{"desktop":{"background-color":"var(--ast-global-color-4)","background-image":"","background-repeat":"repeat","background-position":"center center","background-size":"auto","background-attachment":"scroll","background-type":"","background-media":"","overlay-type":"","overlay-color":"","overlay-opacity":"","overlay-gradient":""},"tablet":{"background-color":"","background-image":"","background-repeat":"repeat","background-position":"center center","background-size":"auto","background-attachment":"scroll","background-type":"","background-media":"","overlay-type":"","overlay-color":"","overlay-opacity":"","overlay-gradient":""},"mobile":{"background-color":"","background-image":"","background-repeat":"repeat","background-position":"center center","background-size":"auto","background-attachment":"scroll","background-type":"","background-media":"","overlay-type":"","overlay-color":"","overlay-opacity":"","overlay-gradient":""}},"ast-content-background-meta":{"desktop":{"background-color":"var(--ast-global-color-5)","background-image":"","background-repeat":"repeat","background-position":"center center","background-size":"auto","background-attachment":"scroll","background-type":"","background-media":"","overlay-type":"","overlay-color":"","overlay-opacity":"","overlay-gradient":""},"tablet":{"background-color":"var(--ast-global-color-5)","background-image":"","background-repeat":"repeat","background-position":"center center","background-size":"auto","background-attachment":"scroll","background-type":"","background-media":"","overlay-type":"","overlay-color":"","overlay-opacity":"","overlay-gradient":""},"mobile":{"background-color":"var(--ast-global-color-5)","background-image":"","background-repeat":"repeat","background-position":"center center","background-size":"auto","background-attachment":"scroll","background-type":"","background-media":"","overlay-type":"","overlay-color":"","overlay-opacity":"","overlay-gradient":""}}},"product_brand":[199],"product_cat":[27,61,82,114],"product_tag":[56,84],"class_list":{"0":"post-146","1":"product","2":"type-product","3":"status-publish","4":"has-post-thumbnail","6":"product_brand-biologique-recherche","7":"product_cat-br","8":"product_cat-creams","9":"product_cat-eye-contour","10":"product_cat-face","11":"product_tag-biologique-recherche","12":"product_tag-eye-contour","13":"desktop-align-center","14":"tablet-align-center","15":"mobile-align-center","16":"ast-product-gallery-layout-vertical-slider","17":"ast-product-gallery-with-no-image","18":"ast-product-tabs-layout-horizontal","19":"ast-qv-on-image","21":"first","22":"instock","23":"taxable","24":"shipping-taxable","25":"purchasable","26":"product-type-simple"},"uagb_featured_image_src":{"full":["https:\/\/ambassadebeaute.al\/wp-content\/uploads\/2020\/02\/Creme-Contour-des-Yeux-VIP-O2-pack-30ml-1.jpg",1024,1024,false],"thumbnail":["https:\/\/ambassadebeaute.al\/wp-content\/uploads\/2020\/02\/Creme-Contour-des-Yeux-VIP-O2-pack-30ml-1-150x150.jpg",150,150,true],"medium":["https:\/\/ambassadebeaute.al\/wp-content\/uploads\/2020\/02\/Creme-Contour-des-Yeux-VIP-O2-pack-30ml-1-300x300.jpg",300,300,true],"medium_large":["https:\/\/ambassadebeaute.al\/wp-content\/uploads\/2020\/02\/Creme-Contour-des-Yeux-VIP-O2-pack-30ml-1-768x768.jpg",768,768,true],"large":["https:\/\/ambassadebeaute.al\/wp-content\/uploads\/2020\/02\/Creme-Contour-des-Yeux-VIP-O2-pack-30ml-1-1024x1024.jpg",1024,1024,true],"1536x1536":["https:\/\/ambassadebeaute.al\/wp-content\/uploads\/2020\/02\/Creme-Contour-des-Yeux-VIP-O2-pack-30ml-1.jpg",1024,1024,false],"2048x2048":["https:\/\/ambassadebeaute.al\/wp-content\/uploads\/2020\/02\/Creme-Contour-des-Yeux-VIP-O2-pack-30ml-1.jpg",1024,1024,false],"trp-custom-language-flag":["https:\/\/ambassadebeaute.al\/wp-content\/uploads\/2020\/02\/Creme-Contour-des-Yeux-VIP-O2-pack-30ml-1.jpg",12,12,false],"woocommerce_thumbnail":["https:\/\/ambassadebeaute.al\/wp-content\/uploads\/2020\/02\/Creme-Contour-des-Yeux-VIP-O2-pack-30ml-1-300x300.jpg",300,300,true],"woocommerce_single":["https:\/\/ambassadebeaute.al\/wp-content\/uploads\/2020\/02\/Creme-Contour-des-Yeux-VIP-O2-pack-30ml-1-600x600.jpg",600,600,true],"woocommerce_gallery_thumbnail":["https:\/\/ambassadebeaute.al\/wp-content\/uploads\/2020\/02\/Creme-Contour-des-Yeux-VIP-O2-pack-30ml-1-100x100.jpg",100,100,true]},"uagb_author_info":{"display_name":"admin","author_link":"https:\/\/ambassadebeaute.al\/sq\/author\/"},"uagb_comment_info":0,"uagb_excerpt":"Like Creme Contour des Yeux but especially benefits people with dark circles. This eye cream lightens dark circles and softens wrinkles and fine lines, brightening, toning and reducing puffiness in the eye area.","_links":{"self":[{"href":"https:\/\/ambassadebeaute.al\/sq\/wp-json\/wp\/v2\/product\/146","targetHints":{"allow":["GET"]}}],"collection":[{"href":"https:\/\/ambassadebeaute.al\/sq\/wp-json\/wp\/v2\/product"}],"about":[{"href":"https:\/\/ambassadebeaute.al\/sq\/wp-json\/wp\/v2\/types\/product"}],"wp:featuredmedia":[{"embeddable":true,"href":"https:\/\/ambassadebeaute.al\/sq\/wp-json\/wp\/v2\/media\/2135"}],"wp:attachment":[{"href":"https:\/\/ambassadebeaute.al\/sq\/wp-json\/wp\/v2\/media?parent=146"}],"wp:term":[{"taxonomy":"product_brand","embeddable":true,"href":"https:\/\/ambassadebeaute.al\/sq\/wp-json\/wp\/v2\/product_brand?post=146"},{"taxonomy":"product_cat","embeddable":true,"href":"https:\/\/ambassadebeaute.al\/sq\/wp-json\/wp\/v2\/product_cat?post=146"},{"taxonomy":"product_tag","embeddable":true,"href":"https:\/\/ambassadebeaute.al\/sq\/wp-json\/wp\/v2\/product_tag?post=146"}],"curies":[{"name":"wp","href":"https:\/\/api.w.org\/{rel}","templated":true}]}}