{"id":147,"date":"2020-02-11T21:17:30","date_gmt":"2020-02-11T21:17:30","guid":{"rendered":"https:\/\/faceology.net\/product\/creme-contour-des-yeux-biosensible-30-ml\/"},"modified":"2026-03-27T20:36:08","modified_gmt":"2026-03-27T20:36:08","slug":"creme-contour-des-yeux-biosensible-30-ml","status":"publish","type":"product","link":"https:\/\/ambassadebeaute.al\/sq\/shop\/br\/face\/creams\/creme-contour-des-yeux-biosensible-30-ml\/","title":{"rendered":"CREME CONTOUR DES YEUX BIOSENSIBLE 15 ml"},"content":{"rendered":"<p class=\" translation-block\">Rezultati: nj\u00eb krem mbrojt\u00ebs, zbut\u00ebs dhe kund\u00ebr rrath\u00ebve t\u00eb nxim\u00eb t\u00eb qeskave n\u00ebn sy, p\u00ebr sip\u00ebrfaqet e d\u00ebmtuara dhe t\u00eb ndjeshme rreth syve.\n\nCil\u00ebsia e saj e shk\u00eblqyeshme siguron nj\u00eb veprim t\u00eb v\u00ebrtet\u00eb dhe t\u00eb thelluar p\u00ebr t\u00eb rikthyer hidratimin e nevojsh\u00ebm nga l\u00ebkura juaj.\nAjo qet\u00ebson syt\u00eb, zbut linjat e shk\u00eblqyera nd\u00ebrsa ndri\u00e7on rrath\u00ebt e err\u00ebta\n<ul><li>\nNdihmon n\u00eb kufizimin e reaksioneve inflamatore<\/li>\n<li>Menj\u00ebher\u00eb zbut zonat periokulare pas aplikimit <\/li>\n<li>Kontribuon n\u00eb zbutjen e linjave t\u00eb dehidrimit t\u00eb zon\u00ebs s\u00eb konturit t\u00eb syrit<\/li>\n<li>Ruan but\u00ebsin\u00eb e l\u00ebkur\u00ebs <\/li>\n<li>Relakson dhe zvog\u00eblon shenjat e lodhjes<\/li> <li>P\u00ebrmir\u00ebson mikroqarkullimin e l\u00ebkur\u00ebs<\/li><\/ul><\/p>","protected":false},"excerpt":{"rendered":"<p class=\" translation-block\">P\u00ebrshkrimi i produktit: nj\u00eb tretman me toleranc\u00eb dhe efikasitet t\u00eb lart\u00eb p\u00ebr sip\u00ebrfaqet e ndjeshme rreth syve, i cili i mbron, zbut\u00eb dhe i redukton rrath\u00ebt e nxir\u00eb n\u00ebn sy dhe rrudhat, duke ju fal\u00ebnderuar kombinimit t\u00eb p\u00ebrmbajtjeve aktive t\u00eb tij.<\/p>","protected":false},"featured_media":2126,"template":"","meta":{"_uag_custom_page_level_css":"","site-sidebar-layout":"default","site-content-layout":"","ast-site-content-layout":"default","site-content-style":"default","site-sidebar-style":"default","ast-global-header-display":"","ast-banner-title-visibility":"","ast-main-header-display":"","ast-hfb-above-header-display":"","ast-hfb-below-header-display":"","ast-hfb-mobile-header-display":"","site-post-title":"","ast-breadcrumbs-content":"","ast-featured-img":"","footer-sml-layout":"","ast-disable-related-posts":"","theme-transparent-header-meta":"","adv-header-id-meta":"","stick-header-meta":"","header-above-stick-meta":"","header-main-stick-meta":"","header-below-stick-meta":"","astra-migrate-meta-layouts":"default","ast-page-background-enabled":"default","ast-page-background-meta":{"desktop":{"background-color":"var(--ast-global-color-4)","background-image":"","background-repeat":"repeat","background-position":"center center","background-size":"auto","background-attachment":"scroll","background-type":"","background-media":"","overlay-type":"","overlay-color":"","overlay-opacity":"","overlay-gradient":""},"tablet":{"background-color":"","background-image":"","background-repeat":"repeat","background-position":"center center","background-size":"auto","background-attachment":"scroll","background-type":"","background-media":"","overlay-type":"","overlay-color":"","overlay-opacity":"","overlay-gradient":""},"mobile":{"background-color":"","background-image":"","background-repeat":"repeat","background-position":"center center","background-size":"auto","background-attachment":"scroll","background-type":"","background-media":"","overlay-type":"","overlay-color":"","overlay-opacity":"","overlay-gradient":""}},"ast-content-background-meta":{"desktop":{"background-color":"var(--ast-global-color-5)","background-image":"","background-repeat":"repeat","background-position":"center center","background-size":"auto","background-attachment":"scroll","background-type":"","background-media":"","overlay-type":"","overlay-color":"","overlay-opacity":"","overlay-gradient":""},"tablet":{"background-color":"var(--ast-global-color-5)","background-image":"","background-repeat":"repeat","background-position":"center center","background-size":"auto","background-attachment":"scroll","background-type":"","background-media":"","overlay-type":"","overlay-color":"","overlay-opacity":"","overlay-gradient":""},"mobile":{"background-color":"var(--ast-global-color-5)","background-image":"","background-repeat":"repeat","background-position":"center center","background-size":"auto","background-attachment":"scroll","background-type":"","background-media":"","overlay-type":"","overlay-color":"","overlay-opacity":"","overlay-gradient":""}}},"product_brand":[199],"product_cat":[27,61,82,114],"product_tag":[],"class_list":{"0":"post-147","1":"product","2":"type-product","3":"status-publish","4":"has-post-thumbnail","6":"product_brand-biologique-recherche","7":"product_cat-br","8":"product_cat-creams","9":"product_cat-eye-contour","10":"product_cat-face","11":"desktop-align-center","12":"tablet-align-center","13":"mobile-align-center","14":"ast-product-gallery-layout-vertical-slider","15":"ast-product-gallery-with-no-image","16":"ast-product-tabs-layout-horizontal","17":"ast-qv-on-image","19":"first","20":"instock","21":"taxable","22":"shipping-taxable","23":"purchasable","24":"product-type-simple"},"uagb_featured_image_src":{"full":["https:\/\/ambassadebeaute.al\/wp-content\/uploads\/2020\/02\/Creme-Contour-des-Yeux-Biosensible-Pack-15ml-1.jpg",1024,1024,false],"thumbnail":["https:\/\/ambassadebeaute.al\/wp-content\/uploads\/2020\/02\/Creme-Contour-des-Yeux-Biosensible-Pack-15ml-1-150x150.jpg",150,150,true],"medium":["https:\/\/ambassadebeaute.al\/wp-content\/uploads\/2020\/02\/Creme-Contour-des-Yeux-Biosensible-Pack-15ml-1-300x300.jpg",300,300,true],"medium_large":["https:\/\/ambassadebeaute.al\/wp-content\/uploads\/2020\/02\/Creme-Contour-des-Yeux-Biosensible-Pack-15ml-1-768x768.jpg",768,768,true],"large":["https:\/\/ambassadebeaute.al\/wp-content\/uploads\/2020\/02\/Creme-Contour-des-Yeux-Biosensible-Pack-15ml-1-1024x1024.jpg",1024,1024,true],"1536x1536":["https:\/\/ambassadebeaute.al\/wp-content\/uploads\/2020\/02\/Creme-Contour-des-Yeux-Biosensible-Pack-15ml-1.jpg",1024,1024,false],"2048x2048":["https:\/\/ambassadebeaute.al\/wp-content\/uploads\/2020\/02\/Creme-Contour-des-Yeux-Biosensible-Pack-15ml-1.jpg",1024,1024,false],"trp-custom-language-flag":["https:\/\/ambassadebeaute.al\/wp-content\/uploads\/2020\/02\/Creme-Contour-des-Yeux-Biosensible-Pack-15ml-1.jpg",12,12,false],"woocommerce_thumbnail":["https:\/\/ambassadebeaute.al\/wp-content\/uploads\/2020\/02\/Creme-Contour-des-Yeux-Biosensible-Pack-15ml-1-300x300.jpg",300,300,true],"woocommerce_single":["https:\/\/ambassadebeaute.al\/wp-content\/uploads\/2020\/02\/Creme-Contour-des-Yeux-Biosensible-Pack-15ml-1-600x600.jpg",600,600,true],"woocommerce_gallery_thumbnail":["https:\/\/ambassadebeaute.al\/wp-content\/uploads\/2020\/02\/Creme-Contour-des-Yeux-Biosensible-Pack-15ml-1-100x100.jpg",100,100,true]},"uagb_author_info":{"display_name":"admin","author_link":"https:\/\/ambassadebeaute.al\/sq\/author\/"},"uagb_comment_info":0,"uagb_excerpt":"For very sensitive, dry skin around the eyes, hydrating. Aida says: This is amazing in combination with Biologique Recherche Gel ADN Silk Gel. This anti-inflammatory cream instantly soothes stressed skin and protects skin from environmental factors. It helps improve skin\u2019s circulation, reducing dark circles and restoring brightness. A high-tolerance, highly effective skin care product, Cr\u00e8me&hellip;","_links":{"self":[{"href":"https:\/\/ambassadebeaute.al\/sq\/wp-json\/wp\/v2\/product\/147","targetHints":{"allow":["GET"]}}],"collection":[{"href":"https:\/\/ambassadebeaute.al\/sq\/wp-json\/wp\/v2\/product"}],"about":[{"href":"https:\/\/ambassadebeaute.al\/sq\/wp-json\/wp\/v2\/types\/product"}],"wp:featuredmedia":[{"embeddable":true,"href":"https:\/\/ambassadebeaute.al\/sq\/wp-json\/wp\/v2\/media\/2126"}],"wp:attachment":[{"href":"https:\/\/ambassadebeaute.al\/sq\/wp-json\/wp\/v2\/media?parent=147"}],"wp:term":[{"taxonomy":"product_brand","embeddable":true,"href":"https:\/\/ambassadebeaute.al\/sq\/wp-json\/wp\/v2\/product_brand?post=147"},{"taxonomy":"product_cat","embeddable":true,"href":"https:\/\/ambassadebeaute.al\/sq\/wp-json\/wp\/v2\/product_cat?post=147"},{"taxonomy":"product_tag","embeddable":true,"href":"https:\/\/ambassadebeaute.al\/sq\/wp-json\/wp\/v2\/product_tag?post=147"}],"curies":[{"name":"wp","href":"https:\/\/api.w.org\/{rel}","templated":true}]}}