{"id":148,"date":"2020-02-11T21:17:30","date_gmt":"2020-02-11T21:17:30","guid":{"rendered":"https:\/\/faceology.net\/product\/biokiss-15-ml\/"},"modified":"2026-03-27T20:36:08","modified_gmt":"2026-03-27T20:36:08","slug":"biokiss-15-ml","status":"publish","type":"product","link":"https:\/\/ambassadebeaute.al\/sq\/shop\/br\/face\/creams\/biokiss-15-ml\/","title":{"rendered":"BIOKISS 15 ml"},"content":{"rendered":"<p class=\" translation-block\">Nj\u00eb kur\u00eb e v\u00ebrtet\u00eb rigjeneruese dhe kujdes  p\u00ebr nj\u00eb nga zonat m\u00eb t\u00eb ndjeshme t\u00eb fytyr\u00ebs tuaj.\nVEPRIMET\nUshqen dhe riparon epiderm\u00ebn labiale\nRedukton rrudhat e dehidrimit dhe linjat e im\u00ebta\nRedukton kapjen dhe ndjesin\u00eb e shtr\u00ebngimit\nZbut duksh\u00ebm buz\u00ebt\nKontribuon n\u00eb rivendosjen e filmit hidrolipidik t\u00eb epiderm\u00ebs p\u00ebr t\u00eb rivendosur penges\u00ebn e l\u00ebkur\u00ebs s\u00eb goj\u00ebs\nRigjeneron duksh\u00ebm, ristrukturon dhe riparon l\u00ebkur\u00ebn\nL\u00eb nj\u00eb film mbrojt\u00ebs n\u00eb buz\u00eb<\/p>","protected":false},"excerpt":{"rendered":"<p class=\" translation-block\">P\u00ebrshkrimi i produktit: duke b\u00ebr\u00eb tretman t\u00eb plot\u00eb p\u00ebr buz\u00ebt edhe m\u00eb t\u00eb d\u00ebmtuara, produkti Biokiss ka shum\u00eb p\u00ebrb\u00ebr\u00ebs aktiv\u00eb p\u00ebr ushqimin e thell\u00eb t\u00eb epiderm\u00ebs  labiale dhe p\u00ebr zvog\u00eblimin e rrudhave t\u00eb dehidrimit, \u00e7arjeve t\u00eb l\u00ebkur\u00ebs, vijave t\u00eb holla dhe ndjesis\u00eb t\u00eb t\u00eb djegurit t\u00eb l\u00ebkur\u00ebs. Pastaj, ky produkt i l\u00eb buz\u00ebt t\u00eb zbutura, duke i mbrojtur nga ndikimet e jashtme negative. Nj\u00eb kur\u00eb e v\u00ebrtet\u00eb p\u00ebr rigjenerim dhe tretman p\u00ebr nj\u00eb nga pjes\u00ebt m\u00eb t\u00eb ndjeshme t\u00eb fytyr\u00ebs tuaj.<\/p>","protected":false},"featured_media":2129,"template":"","meta":{"_uag_custom_page_level_css":"","site-sidebar-layout":"default","site-content-layout":"","ast-site-content-layout":"default","site-content-style":"default","site-sidebar-style":"default","ast-global-header-display":"","ast-banner-title-visibility":"","ast-main-header-display":"","ast-hfb-above-header-display":"","ast-hfb-below-header-display":"","ast-hfb-mobile-header-display":"","site-post-title":"","ast-breadcrumbs-content":"","ast-featured-img":"","footer-sml-layout":"","ast-disable-related-posts":"","theme-transparent-header-meta":"","adv-header-id-meta":"","stick-header-meta":"","header-above-stick-meta":"","header-main-stick-meta":"","header-below-stick-meta":"","astra-migrate-meta-layouts":"default","ast-page-background-enabled":"default","ast-page-background-meta":{"desktop":{"background-color":"var(--ast-global-color-4)","background-image":"","background-repeat":"repeat","background-position":"center center","background-size":"auto","background-attachment":"scroll","background-type":"","background-media":"","overlay-type":"","overlay-color":"","overlay-opacity":"","overlay-gradient":""},"tablet":{"background-color":"","background-image":"","background-repeat":"repeat","background-position":"center center","background-size":"auto","background-attachment":"scroll","background-type":"","background-media":"","overlay-type":"","overlay-color":"","overlay-opacity":"","overlay-gradient":""},"mobile":{"background-color":"","background-image":"","background-repeat":"repeat","background-position":"center center","background-size":"auto","background-attachment":"scroll","background-type":"","background-media":"","overlay-type":"","overlay-color":"","overlay-opacity":"","overlay-gradient":""}},"ast-content-background-meta":{"desktop":{"background-color":"var(--ast-global-color-5)","background-image":"","background-repeat":"repeat","background-position":"center center","background-size":"auto","background-attachment":"scroll","background-type":"","background-media":"","overlay-type":"","overlay-color":"","overlay-opacity":"","overlay-gradient":""},"tablet":{"background-color":"var(--ast-global-color-5)","background-image":"","background-repeat":"repeat","background-position":"center center","background-size":"auto","background-attachment":"scroll","background-type":"","background-media":"","overlay-type":"","overlay-color":"","overlay-opacity":"","overlay-gradient":""},"mobile":{"background-color":"var(--ast-global-color-5)","background-image":"","background-repeat":"repeat","background-position":"center center","background-size":"auto","background-attachment":"scroll","background-type":"","background-media":"","overlay-type":"","overlay-color":"","overlay-opacity":"","overlay-gradient":""}}},"product_brand":[199],"product_cat":[27,61,114],"product_tag":[56,83],"class_list":{"0":"post-148","1":"product","2":"type-product","3":"status-publish","4":"has-post-thumbnail","6":"product_brand-biologique-recherche","7":"product_cat-br","8":"product_cat-creams","9":"product_cat-face","10":"product_tag-biologique-recherche","11":"product_tag-lip-balm","12":"desktop-align-center","13":"tablet-align-center","14":"mobile-align-center","15":"ast-product-gallery-layout-vertical-slider","16":"ast-product-gallery-with-no-image","17":"ast-product-tabs-layout-horizontal","18":"ast-qv-on-image","20":"first","21":"instock","22":"taxable","23":"shipping-taxable","24":"purchasable","25":"product-type-simple"},"uagb_featured_image_src":{"full":["https:\/\/ambassadebeaute.al\/wp-content\/uploads\/2020\/02\/Biokiss-15-ML-Biologique-Recherche.jpg",1024,1024,false],"thumbnail":["https:\/\/ambassadebeaute.al\/wp-content\/uploads\/2020\/02\/Biokiss-15-ML-Biologique-Recherche-150x150.jpg",150,150,true],"medium":["https:\/\/ambassadebeaute.al\/wp-content\/uploads\/2020\/02\/Biokiss-15-ML-Biologique-Recherche-300x300.jpg",300,300,true],"medium_large":["https:\/\/ambassadebeaute.al\/wp-content\/uploads\/2020\/02\/Biokiss-15-ML-Biologique-Recherche-768x768.jpg",768,768,true],"large":["https:\/\/ambassadebeaute.al\/wp-content\/uploads\/2020\/02\/Biokiss-15-ML-Biologique-Recherche-1024x1024.jpg",1024,1024,true],"1536x1536":["https:\/\/ambassadebeaute.al\/wp-content\/uploads\/2020\/02\/Biokiss-15-ML-Biologique-Recherche.jpg",1024,1024,false],"2048x2048":["https:\/\/ambassadebeaute.al\/wp-content\/uploads\/2020\/02\/Biokiss-15-ML-Biologique-Recherche.jpg",1024,1024,false],"trp-custom-language-flag":["https:\/\/ambassadebeaute.al\/wp-content\/uploads\/2020\/02\/Biokiss-15-ML-Biologique-Recherche.jpg",12,12,false],"woocommerce_thumbnail":["https:\/\/ambassadebeaute.al\/wp-content\/uploads\/2020\/02\/Biokiss-15-ML-Biologique-Recherche-300x300.jpg",300,300,true],"woocommerce_single":["https:\/\/ambassadebeaute.al\/wp-content\/uploads\/2020\/02\/Biokiss-15-ML-Biologique-Recherche-600x600.jpg",600,600,true],"woocommerce_gallery_thumbnail":["https:\/\/ambassadebeaute.al\/wp-content\/uploads\/2020\/02\/Biokiss-15-ML-Biologique-Recherche-100x100.jpg",100,100,true]},"uagb_author_info":{"display_name":"admin","author_link":"https:\/\/ambassadebeaute.al\/sq\/author\/"},"uagb_comment_info":0,"uagb_excerpt":"This is a must in your bag. It\u2019s the best moisturizer and can be used on top of any lipstick for added gloss. This wax soothes and calms the lips, providing nourishment and plumping the lips, making it ideal before lipstick application. Complete care for the most damaged lips, Biokiss is highly concentrated in active&hellip;","_links":{"self":[{"href":"https:\/\/ambassadebeaute.al\/sq\/wp-json\/wp\/v2\/product\/148","targetHints":{"allow":["GET"]}}],"collection":[{"href":"https:\/\/ambassadebeaute.al\/sq\/wp-json\/wp\/v2\/product"}],"about":[{"href":"https:\/\/ambassadebeaute.al\/sq\/wp-json\/wp\/v2\/types\/product"}],"wp:featuredmedia":[{"embeddable":true,"href":"https:\/\/ambassadebeaute.al\/sq\/wp-json\/wp\/v2\/media\/2129"}],"wp:attachment":[{"href":"https:\/\/ambassadebeaute.al\/sq\/wp-json\/wp\/v2\/media?parent=148"}],"wp:term":[{"taxonomy":"product_brand","embeddable":true,"href":"https:\/\/ambassadebeaute.al\/sq\/wp-json\/wp\/v2\/product_brand?post=148"},{"taxonomy":"product_cat","embeddable":true,"href":"https:\/\/ambassadebeaute.al\/sq\/wp-json\/wp\/v2\/product_cat?post=148"},{"taxonomy":"product_tag","embeddable":true,"href":"https:\/\/ambassadebeaute.al\/sq\/wp-json\/wp\/v2\/product_tag?post=148"}],"curies":[{"name":"wp","href":"https:\/\/api.w.org\/{rel}","templated":true}]}}