{"id":150,"date":"2020-02-11T21:17:30","date_gmt":"2020-02-11T21:17:30","guid":{"rendered":"https:\/\/faceology.net\/product\/creme-contour-yeux-et-levres-biofixine-30-ml\/"},"modified":"2026-03-27T20:36:08","modified_gmt":"2026-03-27T20:36:08","slug":"creme-contour-yeux-et-levres-biofixine-30-ml","status":"publish","type":"product","link":"https:\/\/ambassadebeaute.al\/sq\/shop\/br\/face\/creams\/creme-contour-yeux-et-levres-biofixine-30-ml\/","title":{"rendered":"CREME CONTOUR YEUX ET LEVRES BIOFIXINE 15 ml"},"content":{"rendered":"<p class=\" translation-block\">Rezultati: i zbut\u00eb, relakson dhe i redukton rrudhat rreth syve dhe buz\u00ebve\n<ul><li>\nZbut, qet\u00ebson dhe zvog\u00eblon rrudhat p\u00ebrreth syve dhe buz\u00ebve<\/li>\n<li>Rivitalizon dhe rikthen hidratimin e konturit t\u00eb syrit dhe buz\u00ebve<\/li>\n<li>Heq, tonifikon dhe rrit elasticitetin e l\u00ebkur\u00ebs\n<li>Plot\u00ebson dhe riformulon buz\u00ebt<\/li>\n<li>Mbron l\u00ebkur\u00ebn dhe parandalon plakjen e l\u00ebkur\u00ebs fal\u00eb vetive t\u00eb saj antioksiduese<\/li>\n<li>P\u00ebrshtatur p\u00ebr l\u00ebkur\u00ebn e syrit dhe konturit t\u00eb buz\u00ebve, dhe ideale p\u00ebr gjendjet e devitalizuara t\u00eb L\u00ebkur\u00ebs \u00a9 dhe t\u00eb prekur nga shenjat e plakjes.<\/li>\n<li>Zbut dhe heq l\u00ebkur\u00ebn, mbush rrudhat e konturit t\u00eb goj\u00ebs.<\/li>\n<li>L\u00ebkura \u00ebsht\u00eb e tonifikuar dhe m\u00eb e fort\u00eb.<\/li>\n<li>Regjimi i Par\u00eb Biologjik 2 n\u00eb 1 i p\u00ebrshtatur me konturin e syrit dhe goj\u00ebs.<\/li>\n<li>Kjo formul\u00eb rikthen hidratimin dhe forcon funksionin e penges\u00ebs s\u00eb dehidrimit.\n<\/li><\/ul>\nP\u00ebrvoja e konsumatorit \u00ebsht\u00eb p\u00ebrmir\u00ebsuar gjithashtu duke shtuar nj\u00eb aplikues t\u00eb integruar t\u00eb b\u00ebr\u00eb nga zamac (nj\u00eb p\u00ebrzierje e zinkut, aluminit, magnezit dhe bakrit). Kjo aliazh ka nj\u00eb efekt t\u00eb menj\u00ebhersh\u00ebm \"krio\" duke stimuluar mikrocirkulimin, dhe aplikuesi forcon masazhin duke aplikuar presion dekontues duke p\u00ebrmir\u00ebsuar efikasitetin e formulave.<\/p>","protected":false},"excerpt":{"rendered":"<p class=\" translation-block\">P\u00ebrshkrimi i produktit: kremi kund\u00ebr rrudhave dhe p\u00ebr shtr\u00ebngim (lifting) \u00ebsht\u00eb i adaptuar p\u00ebr l\u00ebkur\u00ebn e syve dhe t\u00eb buz\u00ebve. \u00cbsht\u00eb ideal p\u00ebr llojet e l\u00ebkurave me shenja t\u00eb plakjes. \u00cbsht\u00eb produkti i par\u00eb \u201c2 n\u00eb 1\u201d i Biologique Recherche i adaptuar p\u00ebr form\u00ebn e syve dhe buz\u00ebve.<\/p>","protected":false},"featured_media":2131,"template":"","meta":{"_uag_custom_page_level_css":"","site-sidebar-layout":"default","site-content-layout":"","ast-site-content-layout":"default","site-content-style":"default","site-sidebar-style":"default","ast-global-header-display":"","ast-banner-title-visibility":"","ast-main-header-display":"","ast-hfb-above-header-display":"","ast-hfb-below-header-display":"","ast-hfb-mobile-header-display":"","site-post-title":"","ast-breadcrumbs-content":"","ast-featured-img":"","footer-sml-layout":"","ast-disable-related-posts":"","theme-transparent-header-meta":"","adv-header-id-meta":"","stick-header-meta":"","header-above-stick-meta":"","header-main-stick-meta":"","header-below-stick-meta":"","astra-migrate-meta-layouts":"default","ast-page-background-enabled":"default","ast-page-background-meta":{"desktop":{"background-color":"var(--ast-global-color-4)","background-image":"","background-repeat":"repeat","background-position":"center center","background-size":"auto","background-attachment":"scroll","background-type":"","background-media":"","overlay-type":"","overlay-color":"","overlay-opacity":"","overlay-gradient":""},"tablet":{"background-color":"","background-image":"","background-repeat":"repeat","background-position":"center center","background-size":"auto","background-attachment":"scroll","background-type":"","background-media":"","overlay-type":"","overlay-color":"","overlay-opacity":"","overlay-gradient":""},"mobile":{"background-color":"","background-image":"","background-repeat":"repeat","background-position":"center center","background-size":"auto","background-attachment":"scroll","background-type":"","background-media":"","overlay-type":"","overlay-color":"","overlay-opacity":"","overlay-gradient":""}},"ast-content-background-meta":{"desktop":{"background-color":"var(--ast-global-color-5)","background-image":"","background-repeat":"repeat","background-position":"center center","background-size":"auto","background-attachment":"scroll","background-type":"","background-media":"","overlay-type":"","overlay-color":"","overlay-opacity":"","overlay-gradient":""},"tablet":{"background-color":"var(--ast-global-color-5)","background-image":"","background-repeat":"repeat","background-position":"center center","background-size":"auto","background-attachment":"scroll","background-type":"","background-media":"","overlay-type":"","overlay-color":"","overlay-opacity":"","overlay-gradient":""},"mobile":{"background-color":"var(--ast-global-color-5)","background-image":"","background-repeat":"repeat","background-position":"center center","background-size":"auto","background-attachment":"scroll","background-type":"","background-media":"","overlay-type":"","overlay-color":"","overlay-opacity":"","overlay-gradient":""}}},"product_brand":[199],"product_cat":[27,61,82,114],"product_tag":[56,84],"class_list":{"0":"post-150","1":"product","2":"type-product","3":"status-publish","4":"has-post-thumbnail","6":"product_brand-biologique-recherche","7":"product_cat-br","8":"product_cat-creams","9":"product_cat-eye-contour","10":"product_cat-face","11":"product_tag-biologique-recherche","12":"product_tag-eye-contour","13":"desktop-align-center","14":"tablet-align-center","15":"mobile-align-center","16":"ast-product-gallery-layout-vertical-slider","17":"ast-product-gallery-with-no-image","18":"ast-product-tabs-layout-horizontal","19":"ast-qv-on-image","21":"first","22":"instock","23":"taxable","24":"shipping-taxable","25":"purchasable","26":"product-type-simple"},"uagb_featured_image_src":{"full":["https:\/\/ambassadebeaute.al\/wp-content\/uploads\/2020\/02\/Creme-Contour-Yeux-et-levres-Biofixine-Pack-15ml-1.jpg",1024,1024,false],"thumbnail":["https:\/\/ambassadebeaute.al\/wp-content\/uploads\/2020\/02\/Creme-Contour-Yeux-et-levres-Biofixine-Pack-15ml-1-150x150.jpg",150,150,true],"medium":["https:\/\/ambassadebeaute.al\/wp-content\/uploads\/2020\/02\/Creme-Contour-Yeux-et-levres-Biofixine-Pack-15ml-1-300x300.jpg",300,300,true],"medium_large":["https:\/\/ambassadebeaute.al\/wp-content\/uploads\/2020\/02\/Creme-Contour-Yeux-et-levres-Biofixine-Pack-15ml-1-768x768.jpg",768,768,true],"large":["https:\/\/ambassadebeaute.al\/wp-content\/uploads\/2020\/02\/Creme-Contour-Yeux-et-levres-Biofixine-Pack-15ml-1-1024x1024.jpg",1024,1024,true],"1536x1536":["https:\/\/ambassadebeaute.al\/wp-content\/uploads\/2020\/02\/Creme-Contour-Yeux-et-levres-Biofixine-Pack-15ml-1.jpg",1024,1024,false],"2048x2048":["https:\/\/ambassadebeaute.al\/wp-content\/uploads\/2020\/02\/Creme-Contour-Yeux-et-levres-Biofixine-Pack-15ml-1.jpg",1024,1024,false],"trp-custom-language-flag":["https:\/\/ambassadebeaute.al\/wp-content\/uploads\/2020\/02\/Creme-Contour-Yeux-et-levres-Biofixine-Pack-15ml-1.jpg",12,12,false],"woocommerce_thumbnail":["https:\/\/ambassadebeaute.al\/wp-content\/uploads\/2020\/02\/Creme-Contour-Yeux-et-levres-Biofixine-Pack-15ml-1-300x300.jpg",300,300,true],"woocommerce_single":["https:\/\/ambassadebeaute.al\/wp-content\/uploads\/2020\/02\/Creme-Contour-Yeux-et-levres-Biofixine-Pack-15ml-1-600x600.jpg",600,600,true],"woocommerce_gallery_thumbnail":["https:\/\/ambassadebeaute.al\/wp-content\/uploads\/2020\/02\/Creme-Contour-Yeux-et-levres-Biofixine-Pack-15ml-1-100x100.jpg",100,100,true]},"uagb_author_info":{"display_name":"admin","author_link":"https:\/\/ambassadebeaute.al\/sq\/author\/"},"uagb_comment_info":0,"uagb_excerpt":"Cr\u00e8me Contour Yeux et L\u00e8vres Biofixine Smooths, relaxes and reduces wrinkles around the eyes and lips. Revitalizes and restores hydration of the eye and lip contour. Lifts, tones and increases skin elasticity. Plumps up and reshapes the lips. Protects the skin and prevents cutaneous aging thanks to its antioxidant properties.","_links":{"self":[{"href":"https:\/\/ambassadebeaute.al\/sq\/wp-json\/wp\/v2\/product\/150","targetHints":{"allow":["GET"]}}],"collection":[{"href":"https:\/\/ambassadebeaute.al\/sq\/wp-json\/wp\/v2\/product"}],"about":[{"href":"https:\/\/ambassadebeaute.al\/sq\/wp-json\/wp\/v2\/types\/product"}],"wp:featuredmedia":[{"embeddable":true,"href":"https:\/\/ambassadebeaute.al\/sq\/wp-json\/wp\/v2\/media\/2131"}],"wp:attachment":[{"href":"https:\/\/ambassadebeaute.al\/sq\/wp-json\/wp\/v2\/media?parent=150"}],"wp:term":[{"taxonomy":"product_brand","embeddable":true,"href":"https:\/\/ambassadebeaute.al\/sq\/wp-json\/wp\/v2\/product_brand?post=150"},{"taxonomy":"product_cat","embeddable":true,"href":"https:\/\/ambassadebeaute.al\/sq\/wp-json\/wp\/v2\/product_cat?post=150"},{"taxonomy":"product_tag","embeddable":true,"href":"https:\/\/ambassadebeaute.al\/sq\/wp-json\/wp\/v2\/product_tag?post=150"}],"curies":[{"name":"wp","href":"https:\/\/api.w.org\/{rel}","templated":true}]}}