{"id":151,"date":"2020-02-11T21:17:30","date_gmt":"2020-02-11T21:17:30","guid":{"rendered":"https:\/\/faceology.net\/product\/preparation-u-v-50-ml\/"},"modified":"2026-03-27T20:36:08","modified_gmt":"2026-03-27T20:36:08","slug":"pergatitja-uv-50-ml","status":"publish","type":"product","link":"https:\/\/ambassadebeaute.al\/sq\/shop\/br\/face\/creams\/preparation-u-v-50-ml\/","title":{"rendered":"P\u00cbRGATITJA UV 50 ml"},"content":{"rendered":"<div class=\"translation-block\">Rezultati: formula e cila e stimulon l\u00ebkur\u00ebn e juaj t\u00eb merr tenin (nxihet) n\u00eb m\u00ebnyr\u00eb natyrale dhe e p\u00ebrgatit p\u00ebr ekspozim rrezeve t\u00eb diellit.\n\n<Ul>\n<li> P\u00ebrgatit l\u00ebkur\u00ebn p\u00ebr ekspozimin n\u00eb diell <\/li>\n<li> Promovon sintez\u00ebn e melanin\u00ebs, duke stimuluar k\u00ebshtu rrezitje natyrale, pa vuajtur efektet e d\u00ebmshme t\u00eb rrezatimit diellor <\/li>\n<li> Parandalon shfaqjen e njollave t\u00eb err\u00ebta dhe ngadal\u00ebson plakjen e l\u00ebkur\u00ebs <\/li>\n<li> Mbron kund\u00ebr radikal\u00ebve t\u00eb lir\u00eb <\/li>\n<\/ Ul>\n<\/div>","protected":false},"excerpt":{"rendered":"<div class=\"translation-block\">P\u00ebrshkrimi i produktit: Preparation U.V. \u00ebsht\u00eb i pasur me p\u00ebrmbajtje natyrale bimore aktive, t\u00eb cilat stimulojn\u00eb krijimin e tenit t\u00eb sh\u00ebndosh\u00eb t\u00eb l\u00ebkur\u00ebs dhe e p\u00ebrgatisin at\u00eb p\u00ebr rrezitje n\u00eb diell. N\u00eb k\u00ebt\u00eb m\u00ebnyr\u00eb, ai e nxit sintez\u00ebn e melanin\u00ebs pa e ekspozuar at\u00eb rrezeve ultraviolete. Ndihmon edhe n\u00eb pengimin e paraqitjes t\u00eb njollave t\u00eb pigmentit dhe e ngadal\u00ebson plakjen e l\u00ebkur\u00ebs, duke e stimuluar aktivitetin e protezomit (lloj proteine) dhe e redukton nivelin e oksidimit t\u00eb protein\u00ebs. Ka edhe funksion p\u00ebr luftimin e radikaleve t\u00eb lira. Ky tretman, rekomandohet p\u00ebr t\u00eb gjitha llojet e l\u00ebkur\u00ebs t\u00eb cilat do t\u2019i ekspozohen rrezeve UV dhe atyre infra t\u00eb kuqe.\n<\/div>","protected":false},"featured_media":2127,"template":"","meta":{"_uag_custom_page_level_css":"","site-sidebar-layout":"default","site-content-layout":"","ast-site-content-layout":"default","site-content-style":"default","site-sidebar-style":"default","ast-global-header-display":"","ast-banner-title-visibility":"","ast-main-header-display":"","ast-hfb-above-header-display":"","ast-hfb-below-header-display":"","ast-hfb-mobile-header-display":"","site-post-title":"","ast-breadcrumbs-content":"","ast-featured-img":"","footer-sml-layout":"","ast-disable-related-posts":"","theme-transparent-header-meta":"","adv-header-id-meta":"","stick-header-meta":"","header-above-stick-meta":"","header-main-stick-meta":"","header-below-stick-meta":"","astra-migrate-meta-layouts":"default","ast-page-background-enabled":"default","ast-page-background-meta":{"desktop":{"background-color":"var(--ast-global-color-4)","background-image":"","background-repeat":"repeat","background-position":"center center","background-size":"auto","background-attachment":"scroll","background-type":"","background-media":"","overlay-type":"","overlay-color":"","overlay-opacity":"","overlay-gradient":""},"tablet":{"background-color":"","background-image":"","background-repeat":"repeat","background-position":"center center","background-size":"auto","background-attachment":"scroll","background-type":"","background-media":"","overlay-type":"","overlay-color":"","overlay-opacity":"","overlay-gradient":""},"mobile":{"background-color":"","background-image":"","background-repeat":"repeat","background-position":"center center","background-size":"auto","background-attachment":"scroll","background-type":"","background-media":"","overlay-type":"","overlay-color":"","overlay-opacity":"","overlay-gradient":""}},"ast-content-background-meta":{"desktop":{"background-color":"var(--ast-global-color-5)","background-image":"","background-repeat":"repeat","background-position":"center center","background-size":"auto","background-attachment":"scroll","background-type":"","background-media":"","overlay-type":"","overlay-color":"","overlay-opacity":"","overlay-gradient":""},"tablet":{"background-color":"var(--ast-global-color-5)","background-image":"","background-repeat":"repeat","background-position":"center center","background-size":"auto","background-attachment":"scroll","background-type":"","background-media":"","overlay-type":"","overlay-color":"","overlay-opacity":"","overlay-gradient":""},"mobile":{"background-color":"var(--ast-global-color-5)","background-image":"","background-repeat":"repeat","background-position":"center center","background-size":"auto","background-attachment":"scroll","background-type":"","background-media":"","overlay-type":"","overlay-color":"","overlay-opacity":"","overlay-gradient":""}}},"product_brand":[199],"product_cat":[27,61,114,81],"product_tag":[56,85],"class_list":{"0":"post-151","1":"product","2":"type-product","3":"status-publish","4":"has-post-thumbnail","6":"product_brand-biologique-recherche","7":"product_cat-br","8":"product_cat-creams","9":"product_cat-face","10":"product_cat-sun-protection","11":"product_tag-biologique-recherche","12":"product_tag-sun-care","13":"desktop-align-center","14":"tablet-align-center","15":"mobile-align-center","16":"ast-product-gallery-layout-vertical-slider","17":"ast-product-gallery-with-no-image","18":"ast-product-tabs-layout-horizontal","19":"ast-qv-on-image","21":"first","22":"instock","23":"taxable","24":"shipping-taxable","25":"purchasable","26":"product-type-simple"},"uagb_featured_image_src":{"full":["https:\/\/ambassadebeaute.al\/wp-content\/uploads\/2020\/02\/Preparation-UV-Pack-50ml-1.jpg",1024,1024,false],"thumbnail":["https:\/\/ambassadebeaute.al\/wp-content\/uploads\/2020\/02\/Preparation-UV-Pack-50ml-1-150x150.jpg",150,150,true],"medium":["https:\/\/ambassadebeaute.al\/wp-content\/uploads\/2020\/02\/Preparation-UV-Pack-50ml-1-300x300.jpg",300,300,true],"medium_large":["https:\/\/ambassadebeaute.al\/wp-content\/uploads\/2020\/02\/Preparation-UV-Pack-50ml-1-768x768.jpg",768,768,true],"large":["https:\/\/ambassadebeaute.al\/wp-content\/uploads\/2020\/02\/Preparation-UV-Pack-50ml-1-1024x1024.jpg",1024,1024,true],"1536x1536":["https:\/\/ambassadebeaute.al\/wp-content\/uploads\/2020\/02\/Preparation-UV-Pack-50ml-1.jpg",1024,1024,false],"2048x2048":["https:\/\/ambassadebeaute.al\/wp-content\/uploads\/2020\/02\/Preparation-UV-Pack-50ml-1.jpg",1024,1024,false],"trp-custom-language-flag":["https:\/\/ambassadebeaute.al\/wp-content\/uploads\/2020\/02\/Preparation-UV-Pack-50ml-1.jpg",12,12,false],"woocommerce_thumbnail":["https:\/\/ambassadebeaute.al\/wp-content\/uploads\/2020\/02\/Preparation-UV-Pack-50ml-1-300x300.jpg",300,300,true],"woocommerce_single":["https:\/\/ambassadebeaute.al\/wp-content\/uploads\/2020\/02\/Preparation-UV-Pack-50ml-1-600x600.jpg",600,600,true],"woocommerce_gallery_thumbnail":["https:\/\/ambassadebeaute.al\/wp-content\/uploads\/2020\/02\/Preparation-UV-Pack-50ml-1-100x100.jpg",100,100,true]},"uagb_author_info":{"display_name":"admin","author_link":"https:\/\/ambassadebeaute.al\/sq\/author\/"},"uagb_comment_info":0,"uagb_excerpt":"This treatment is the first step in the Biologique Recherche solar care system.It prepares the skin for U.V. exposure by boosting melanin synthesis and reducing oxidation, resulting in an even and healthy tan. The Biologique Recherche Pr\u00e9paration U.V. is packed with melanin-activating tripeptide, marine diatom extract and antioxidants to stimulate natural tanning and prevent photo-ageing,&hellip;","_links":{"self":[{"href":"https:\/\/ambassadebeaute.al\/sq\/wp-json\/wp\/v2\/product\/151","targetHints":{"allow":["GET"]}}],"collection":[{"href":"https:\/\/ambassadebeaute.al\/sq\/wp-json\/wp\/v2\/product"}],"about":[{"href":"https:\/\/ambassadebeaute.al\/sq\/wp-json\/wp\/v2\/types\/product"}],"wp:featuredmedia":[{"embeddable":true,"href":"https:\/\/ambassadebeaute.al\/sq\/wp-json\/wp\/v2\/media\/2127"}],"wp:attachment":[{"href":"https:\/\/ambassadebeaute.al\/sq\/wp-json\/wp\/v2\/media?parent=151"}],"wp:term":[{"taxonomy":"product_brand","embeddable":true,"href":"https:\/\/ambassadebeaute.al\/sq\/wp-json\/wp\/v2\/product_brand?post=151"},{"taxonomy":"product_cat","embeddable":true,"href":"https:\/\/ambassadebeaute.al\/sq\/wp-json\/wp\/v2\/product_cat?post=151"},{"taxonomy":"product_tag","embeddable":true,"href":"https:\/\/ambassadebeaute.al\/sq\/wp-json\/wp\/v2\/product_tag?post=151"}],"curies":[{"name":"wp","href":"https:\/\/api.w.org\/{rel}","templated":true}]}}