{"id":152,"date":"2020-02-11T21:17:30","date_gmt":"2020-02-11T21:17:30","guid":{"rendered":"https:\/\/faceology.net\/product\/protection-u-v-50-ml\/"},"modified":"2026-03-27T20:36:09","modified_gmt":"2026-03-27T20:36:09","slug":"mbrojtje-uv-50-ml","status":"publish","type":"product","link":"https:\/\/ambassadebeaute.al\/sq\/shop\/br\/face\/creams\/protection-u-v-50-ml\/","title":{"rendered":"MBROJTJE UV 50 ml"},"content":{"rendered":"<div class=\"translation-block\">Rezultati: formula e cila e stimulon l\u00ebkur\u00ebn e juaj t\u00eb merr tenin (nxihet) n\u00eb m\u00ebnyr\u00eb natyrale dhe e p\u00ebrgatit p\u00ebr ekspozim rrezeve t\u00eb diellit.\n<Ul>\n<li> Mbron l\u00ebkur\u00ebn nga UVA, UVB dhe rrezatimi infra t\u00eb kuqe <\/li>\n<li> Hidraton epiderm\u00ebn dhe kufizon tharjen e l\u00ebkur\u00ebs <\/li>\n<li> Ndihmon p\u00ebr t\u00eb parandaluar foto plakjen  dhe shfaqjen e njollave t\u00eb err\u00ebta <\/li>\n<Li>L\u00ebmon <\/ li>\n<\/ Ul>\n<\/div>","protected":false},"excerpt":{"rendered":"<div class=\"translation-block\">P\u00ebrshkrimi i produktit: duke ju fal\u00ebnderuar bashk\u00ebdyzimit t\u00eb p\u00ebrmbajtjeve 100% natyrale t\u00eb filtrave nano dhe jo nano minerale dhe p\u00ebrmbajtjeve aktive t\u00eb bazuara n\u00eb bim\u00eb, kremi Protection U.V. ndihmon mbrojtjen e epiderm\u00ebs nga efektet e d\u00ebmshme t\u00eb UVA, UVB dhe rrezeve infra t\u00eb kuqe. P\u00ebr m\u00eb tep\u00ebr, kjo formul\u00eb e pasur me p\u00ebrmbajtje aktive kund\u00ebr plakjes s\u00eb l\u00ebkur\u00ebs, atyre p\u00ebr zbutjen e saj\u00eb, p\u00ebrmbajtjeve  kund\u00ebr njollave dhe atyre p\u00ebr lag\u00ebshti, e pengon dehidrimin dhe plakjen e l\u00ebkur\u00ebs. Rekomandohet p\u00ebr t\u00eb gjitha llojet e l\u00ebkurave, t\u00eb cilat i ekspozohen rrezeve t\u00eb forta UV dhe atyre infra t\u00eb kuqe.\n<\/div>","protected":false},"featured_media":2133,"template":"","meta":{"_uag_custom_page_level_css":"","site-sidebar-layout":"default","site-content-layout":"","ast-site-content-layout":"default","site-content-style":"default","site-sidebar-style":"default","ast-global-header-display":"","ast-banner-title-visibility":"","ast-main-header-display":"","ast-hfb-above-header-display":"","ast-hfb-below-header-display":"","ast-hfb-mobile-header-display":"","site-post-title":"","ast-breadcrumbs-content":"","ast-featured-img":"","footer-sml-layout":"","ast-disable-related-posts":"","theme-transparent-header-meta":"","adv-header-id-meta":"","stick-header-meta":"","header-above-stick-meta":"","header-main-stick-meta":"","header-below-stick-meta":"","astra-migrate-meta-layouts":"default","ast-page-background-enabled":"default","ast-page-background-meta":{"desktop":{"background-color":"var(--ast-global-color-4)","background-image":"","background-repeat":"repeat","background-position":"center center","background-size":"auto","background-attachment":"scroll","background-type":"","background-media":"","overlay-type":"","overlay-color":"","overlay-opacity":"","overlay-gradient":""},"tablet":{"background-color":"","background-image":"","background-repeat":"repeat","background-position":"center center","background-size":"auto","background-attachment":"scroll","background-type":"","background-media":"","overlay-type":"","overlay-color":"","overlay-opacity":"","overlay-gradient":""},"mobile":{"background-color":"","background-image":"","background-repeat":"repeat","background-position":"center center","background-size":"auto","background-attachment":"scroll","background-type":"","background-media":"","overlay-type":"","overlay-color":"","overlay-opacity":"","overlay-gradient":""}},"ast-content-background-meta":{"desktop":{"background-color":"var(--ast-global-color-5)","background-image":"","background-repeat":"repeat","background-position":"center center","background-size":"auto","background-attachment":"scroll","background-type":"","background-media":"","overlay-type":"","overlay-color":"","overlay-opacity":"","overlay-gradient":""},"tablet":{"background-color":"var(--ast-global-color-5)","background-image":"","background-repeat":"repeat","background-position":"center center","background-size":"auto","background-attachment":"scroll","background-type":"","background-media":"","overlay-type":"","overlay-color":"","overlay-opacity":"","overlay-gradient":""},"mobile":{"background-color":"var(--ast-global-color-5)","background-image":"","background-repeat":"repeat","background-position":"center center","background-size":"auto","background-attachment":"scroll","background-type":"","background-media":"","overlay-type":"","overlay-color":"","overlay-opacity":"","overlay-gradient":""}}},"product_brand":[199],"product_cat":[27,61,114,81],"product_tag":[],"class_list":{"0":"post-152","1":"product","2":"type-product","3":"status-publish","4":"has-post-thumbnail","6":"product_brand-biologique-recherche","7":"product_cat-br","8":"product_cat-creams","9":"product_cat-face","10":"product_cat-sun-protection","11":"desktop-align-center","12":"tablet-align-center","13":"mobile-align-center","14":"ast-product-gallery-layout-vertical-slider","15":"ast-product-gallery-with-no-image","16":"ast-product-single-variable","17":"ast-product-tabs-layout-horizontal","18":"ast-qv-on-image","20":"first","21":"instock","22":"taxable","23":"shipping-taxable","24":"purchasable","25":"product-type-variable","26":"has-default-attributes"},"uagb_featured_image_src":{"full":["https:\/\/ambassadebeaute.al\/wp-content\/uploads\/2020\/03\/Protection-U.V.jpg",1024,1024,false],"thumbnail":["https:\/\/ambassadebeaute.al\/wp-content\/uploads\/2020\/03\/Protection-U.V-150x150.jpg",150,150,true],"medium":["https:\/\/ambassadebeaute.al\/wp-content\/uploads\/2020\/03\/Protection-U.V-300x300.jpg",300,300,true],"medium_large":["https:\/\/ambassadebeaute.al\/wp-content\/uploads\/2020\/03\/Protection-U.V-768x768.jpg",768,768,true],"large":["https:\/\/ambassadebeaute.al\/wp-content\/uploads\/2020\/03\/Protection-U.V-1024x1024.jpg",1024,1024,true],"1536x1536":["https:\/\/ambassadebeaute.al\/wp-content\/uploads\/2020\/03\/Protection-U.V.jpg",1024,1024,false],"2048x2048":["https:\/\/ambassadebeaute.al\/wp-content\/uploads\/2020\/03\/Protection-U.V.jpg",1024,1024,false],"trp-custom-language-flag":["https:\/\/ambassadebeaute.al\/wp-content\/uploads\/2020\/03\/Protection-U.V.jpg",12,12,false],"woocommerce_thumbnail":["https:\/\/ambassadebeaute.al\/wp-content\/uploads\/2020\/03\/Protection-U.V-300x300.jpg",300,300,true],"woocommerce_single":["https:\/\/ambassadebeaute.al\/wp-content\/uploads\/2020\/03\/Protection-U.V-600x600.jpg",600,600,true],"woocommerce_gallery_thumbnail":["https:\/\/ambassadebeaute.al\/wp-content\/uploads\/2020\/03\/Protection-U.V-100x100.jpg",100,100,true]},"uagb_author_info":{"display_name":"admin","author_link":"https:\/\/ambassadebeaute.al\/sq\/author\/"},"uagb_comment_info":0,"uagb_excerpt":"Sun exposure causes skin ageing and dehydration, which can lead to deep wrinkles and pigmentation. The Biologique Recherche Protection U.V., SPF 25 is part of the three step Biologique Recherche solar care system.Step one is Pr\u00e9paration U.V., to be used up to four weeks before sun exposure to stimulate natural tanning and prevent pigmentation. Protection&hellip;","_links":{"self":[{"href":"https:\/\/ambassadebeaute.al\/sq\/wp-json\/wp\/v2\/product\/152","targetHints":{"allow":["GET"]}}],"collection":[{"href":"https:\/\/ambassadebeaute.al\/sq\/wp-json\/wp\/v2\/product"}],"about":[{"href":"https:\/\/ambassadebeaute.al\/sq\/wp-json\/wp\/v2\/types\/product"}],"wp:featuredmedia":[{"embeddable":true,"href":"https:\/\/ambassadebeaute.al\/sq\/wp-json\/wp\/v2\/media\/2133"}],"wp:attachment":[{"href":"https:\/\/ambassadebeaute.al\/sq\/wp-json\/wp\/v2\/media?parent=152"}],"wp:term":[{"taxonomy":"product_brand","embeddable":true,"href":"https:\/\/ambassadebeaute.al\/sq\/wp-json\/wp\/v2\/product_brand?post=152"},{"taxonomy":"product_cat","embeddable":true,"href":"https:\/\/ambassadebeaute.al\/sq\/wp-json\/wp\/v2\/product_cat?post=152"},{"taxonomy":"product_tag","embeddable":true,"href":"https:\/\/ambassadebeaute.al\/sq\/wp-json\/wp\/v2\/product_tag?post=152"}],"curies":[{"name":"wp","href":"https:\/\/api.w.org\/{rel}","templated":true}]}}