{"id":153,"date":"2020-02-11T21:17:31","date_gmt":"2020-02-11T21:17:31","guid":{"rendered":"https:\/\/faceology.net\/product\/reparation-u-v-50-ml\/"},"modified":"2026-03-27T20:36:08","modified_gmt":"2026-03-27T20:36:08","slug":"riparimi-uv-50-ml","status":"publish","type":"product","link":"https:\/\/ambassadebeaute.al\/sq\/shop\/br\/face\/creams\/reparation-u-v-50-ml\/","title":{"rendered":"RIPARIMI UV 50 ml"},"content":{"rendered":"<div class=\"translation-block\">Rezultati: formula e cila e stimulon l\u00ebkur\u00ebn e juaj t\u00eb merr tenin (nxihet) n\u00eb m\u00ebnyr\u00eb natyrale dhe e p\u00ebrgatit p\u00ebr ekspozim rrezeve t\u00eb diellit.\n<Ul>\n<li> Riparon dhe zbut l\u00ebkur\u00ebn pas ekspozimit n\u00eb diell <\/li>\n<li> Hidraton shtresat e jashtme t\u00eb epiderm\u00ebs <\/li>\n<li> Lufton radikalet e lira <\/li>\n<li> Lufton kund\u00ebr shenjave t\u00eb plakjes t\u00eb shkaktuara nga ekspozimi n\u00eb diell <\/li>\n<li> Parandalon q\u00ebrimin e l\u00ebkur\u00ebs <\/li>\n<\/ Ul>\n<\/div>","protected":false},"excerpt":{"rendered":"<div class=\"translation-block\">P\u00ebrshkrimi i produktit: duke ju fal\u00ebnderuar veprimit t\u00eb kombinuar t\u00eb vektor\u00ebve t\u00eb ndrysh\u00ebm, tretmani Reparation U.V. ka efekt n\u00eb shum\u00eb probleme t\u00eb lidhura me t\u00eb ekspozuarit rrezeve t\u00eb diellit. Ai e zbut\u00eb dhe e rigjeneron l\u00ebkur\u00ebn duke ju fal\u00ebnderuar p\u00ebrmbajtjeve aktive t\u00eb tija zbut\u00ebse, q\u00eb e begatojn\u00eb l\u00ebkur\u00ebn me yndyra, si dhe atyre q\u00eb b\u00ebjn\u00eb me lag\u00ebshti. Vektor\u00ebt e tij q\u00eb veprojn\u00eb kund\u00ebr radikaleve dhe kund\u00ebr bashkimit t\u00eb sheqerit me proteine, e luftojn\u00eb n\u00eb m\u00ebnyr\u00eb aktive plakjen e l\u00ebkur\u00ebs duke e mbrojtur nga radikal\u00ebt e lir\u00eb dhe duke vepruar n\u00eb nivelin e epiderm\u00ebs dhe derm\u00ebs. Ky tretman rekomandohet p\u00ebr t\u00eb gjitha llojet e l\u00ebkur\u00ebs t\u00eb cilat i ekspozohen rrezeve t\u00eb forta UV dhe atyre infra t\u00eb kuqe.\n<\/div>","protected":false},"featured_media":2120,"template":"","meta":{"_uag_custom_page_level_css":"","site-sidebar-layout":"default","site-content-layout":"","ast-site-content-layout":"default","site-content-style":"default","site-sidebar-style":"default","ast-global-header-display":"","ast-banner-title-visibility":"","ast-main-header-display":"","ast-hfb-above-header-display":"","ast-hfb-below-header-display":"","ast-hfb-mobile-header-display":"","site-post-title":"","ast-breadcrumbs-content":"","ast-featured-img":"","footer-sml-layout":"","ast-disable-related-posts":"","theme-transparent-header-meta":"","adv-header-id-meta":"","stick-header-meta":"","header-above-stick-meta":"","header-main-stick-meta":"","header-below-stick-meta":"","astra-migrate-meta-layouts":"default","ast-page-background-enabled":"default","ast-page-background-meta":{"desktop":{"background-color":"var(--ast-global-color-4)","background-image":"","background-repeat":"repeat","background-position":"center center","background-size":"auto","background-attachment":"scroll","background-type":"","background-media":"","overlay-type":"","overlay-color":"","overlay-opacity":"","overlay-gradient":""},"tablet":{"background-color":"","background-image":"","background-repeat":"repeat","background-position":"center center","background-size":"auto","background-attachment":"scroll","background-type":"","background-media":"","overlay-type":"","overlay-color":"","overlay-opacity":"","overlay-gradient":""},"mobile":{"background-color":"","background-image":"","background-repeat":"repeat","background-position":"center center","background-size":"auto","background-attachment":"scroll","background-type":"","background-media":"","overlay-type":"","overlay-color":"","overlay-opacity":"","overlay-gradient":""}},"ast-content-background-meta":{"desktop":{"background-color":"var(--ast-global-color-5)","background-image":"","background-repeat":"repeat","background-position":"center center","background-size":"auto","background-attachment":"scroll","background-type":"","background-media":"","overlay-type":"","overlay-color":"","overlay-opacity":"","overlay-gradient":""},"tablet":{"background-color":"var(--ast-global-color-5)","background-image":"","background-repeat":"repeat","background-position":"center center","background-size":"auto","background-attachment":"scroll","background-type":"","background-media":"","overlay-type":"","overlay-color":"","overlay-opacity":"","overlay-gradient":""},"mobile":{"background-color":"var(--ast-global-color-5)","background-image":"","background-repeat":"repeat","background-position":"center center","background-size":"auto","background-attachment":"scroll","background-type":"","background-media":"","overlay-type":"","overlay-color":"","overlay-opacity":"","overlay-gradient":""}}},"product_brand":[199],"product_cat":[27,61,114,81],"product_tag":[],"class_list":{"0":"post-153","1":"product","2":"type-product","3":"status-publish","4":"has-post-thumbnail","6":"product_brand-biologique-recherche","7":"product_cat-br","8":"product_cat-creams","9":"product_cat-face","10":"product_cat-sun-protection","11":"desktop-align-center","12":"tablet-align-center","13":"mobile-align-center","14":"ast-product-gallery-layout-vertical-slider","15":"ast-product-gallery-with-no-image","16":"ast-product-tabs-layout-horizontal","17":"ast-qv-on-image","19":"first","20":"instock","21":"taxable","22":"shipping-taxable","23":"purchasable","24":"product-type-simple"},"uagb_featured_image_src":{"full":["https:\/\/ambassadebeaute.al\/wp-content\/uploads\/2020\/02\/Reparation-U.V-Pack-50ml-1.jpg",1024,1024,false],"thumbnail":["https:\/\/ambassadebeaute.al\/wp-content\/uploads\/2020\/02\/Reparation-U.V-Pack-50ml-1-150x150.jpg",150,150,true],"medium":["https:\/\/ambassadebeaute.al\/wp-content\/uploads\/2020\/02\/Reparation-U.V-Pack-50ml-1-300x300.jpg",300,300,true],"medium_large":["https:\/\/ambassadebeaute.al\/wp-content\/uploads\/2020\/02\/Reparation-U.V-Pack-50ml-1-768x768.jpg",768,768,true],"large":["https:\/\/ambassadebeaute.al\/wp-content\/uploads\/2020\/02\/Reparation-U.V-Pack-50ml-1-1024x1024.jpg",1024,1024,true],"1536x1536":["https:\/\/ambassadebeaute.al\/wp-content\/uploads\/2020\/02\/Reparation-U.V-Pack-50ml-1.jpg",1024,1024,false],"2048x2048":["https:\/\/ambassadebeaute.al\/wp-content\/uploads\/2020\/02\/Reparation-U.V-Pack-50ml-1.jpg",1024,1024,false],"trp-custom-language-flag":["https:\/\/ambassadebeaute.al\/wp-content\/uploads\/2020\/02\/Reparation-U.V-Pack-50ml-1.jpg",12,12,false],"woocommerce_thumbnail":["https:\/\/ambassadebeaute.al\/wp-content\/uploads\/2020\/02\/Reparation-U.V-Pack-50ml-1-300x300.jpg",300,300,true],"woocommerce_single":["https:\/\/ambassadebeaute.al\/wp-content\/uploads\/2020\/02\/Reparation-U.V-Pack-50ml-1-600x600.jpg",600,600,true],"woocommerce_gallery_thumbnail":["https:\/\/ambassadebeaute.al\/wp-content\/uploads\/2020\/02\/Reparation-U.V-Pack-50ml-1-100x100.jpg",100,100,true]},"uagb_author_info":{"display_name":"admin","author_link":"https:\/\/ambassadebeaute.al\/sq\/author\/"},"uagb_comment_info":0,"uagb_excerpt":"This treatment is the third step in the Biologique Recherche solar care system and delivers a burst of hydration to the skin.It repairs the skin after U.V. exposure by radically slowing down the peeling process and signs of ageing triggered by sun exposure. The Biologique Recherche R\u00e9paration U.V. fuses polysaccharides with hydrating sugar derivatives, carnosine&hellip;","_links":{"self":[{"href":"https:\/\/ambassadebeaute.al\/sq\/wp-json\/wp\/v2\/product\/153","targetHints":{"allow":["GET"]}}],"collection":[{"href":"https:\/\/ambassadebeaute.al\/sq\/wp-json\/wp\/v2\/product"}],"about":[{"href":"https:\/\/ambassadebeaute.al\/sq\/wp-json\/wp\/v2\/types\/product"}],"wp:featuredmedia":[{"embeddable":true,"href":"https:\/\/ambassadebeaute.al\/sq\/wp-json\/wp\/v2\/media\/2120"}],"wp:attachment":[{"href":"https:\/\/ambassadebeaute.al\/sq\/wp-json\/wp\/v2\/media?parent=153"}],"wp:term":[{"taxonomy":"product_brand","embeddable":true,"href":"https:\/\/ambassadebeaute.al\/sq\/wp-json\/wp\/v2\/product_brand?post=153"},{"taxonomy":"product_cat","embeddable":true,"href":"https:\/\/ambassadebeaute.al\/sq\/wp-json\/wp\/v2\/product_cat?post=153"},{"taxonomy":"product_tag","embeddable":true,"href":"https:\/\/ambassadebeaute.al\/sq\/wp-json\/wp\/v2\/product_tag?post=153"}],"curies":[{"name":"wp","href":"https:\/\/api.w.org\/{rel}","templated":true}]}}