{"id":154,"date":"2020-02-11T21:17:31","date_gmt":"2020-02-11T21:17:31","guid":{"rendered":"https:\/\/faceology.net\/product\/serum-yallo2-30-ml\/"},"modified":"2026-03-27T20:36:08","modified_gmt":"2026-03-27T20:36:08","slug":"-16","status":"publish","type":"product","link":"https:\/\/ambassadebeaute.al\/sq\/shop\/br\/face\/finishing-serums\/serum-yallo2-30-ml\/","title":{"rendered":"SERUM YALL~O2"},"content":{"rendered":"<div class=\"translation-block\">\n<Ul> \n<li> Efekt plot\u00ebsimi n\u00eb plot\u00ebsin\u00eb e fytyr\u00ebs dhe buz\u00ebve. <\/li>\n<li> Rivitalizon dhe forcon elasticitetin e l\u00ebkur\u00ebs. <\/li>\n<li> Formon nj\u00eb film mbrojt\u00ebs mbi l\u00ebkur\u00eb. <\/li>\n<li> Promovon nivelet optimale t\u00eb hidratimit t\u00eb l\u00ebkur\u00ebs. <\/li>\n<li> Rrit dhe ristrukturon plot\u00ebsin\u00eb e l\u00ebkur\u00ebs dhe buz\u00ebve. <\/li>\n<li> Arm\u00eb e madhe kund\u00ebr dehidrimit dhe plakjes, veprim shum\u00eb i synuar. <\/li>\n<li> Redukton madh\u00ebsin\u00eb dhe thell\u00ebsin\u00eb e linjave dhe rrudhave dhe rikthen pamjen e qet\u00eb t\u00eb l\u00ebkur\u00ebs. <\/li>\n<li> L\u00eb l\u00ebkuren t\u00eb rigjenerohet dhe rigjenerohet duksh\u00ebm. <\/li>\n<\/ Ul>\n<p> Sh\u00ebnim: <br \/>\n- Nj\u00eb alternativ\u00eb p\u00ebr mikrojeksionet. <\/p>\n<\/div>","protected":false},"excerpt":{"rendered":"<p class=\" translation-block\">P\u00ebrshkrimi i produktit: formula inovative e k\u00ebtij serumi e bazuar n\u00eb nano-teknologjin\u00eb dhe vektor\u00ebt oksigjenues, siguron tretman intensiv dhe efekte t\u00eb menj\u00ebhershme t\u00eb cilat zgjaten me aplikim t\u00eb rregullt. Ky eliksir regjenerues \u00ebsht\u00eb nj\u00eb fluid, jasht\u00ebzakonisht efikas, kund\u00ebr plakjes. \u00cbsht\u00eb  i pasur me acid Hyaluronic dhe ekstrakte bimore kund\u00ebr oksiduesve, q\u00eb ristrukturojn\u00eb dhe mbrojn\u00eb epiderm\u00ebn. Rekomandohet p\u00ebr t\u00eb gjitha llojet e l\u00ebkur\u00ebs s\u00eb dehidruar.<\/p>","protected":false},"featured_media":2125,"template":"","meta":{"_uag_custom_page_level_css":"","site-sidebar-layout":"default","site-content-layout":"","ast-site-content-layout":"default","site-content-style":"default","site-sidebar-style":"default","ast-global-header-display":"","ast-banner-title-visibility":"","ast-main-header-display":"","ast-hfb-above-header-display":"","ast-hfb-below-header-display":"","ast-hfb-mobile-header-display":"","site-post-title":"","ast-breadcrumbs-content":"","ast-featured-img":"","footer-sml-layout":"","ast-disable-related-posts":"","theme-transparent-header-meta":"","adv-header-id-meta":"","stick-header-meta":"","header-above-stick-meta":"","header-main-stick-meta":"","header-below-stick-meta":"","astra-migrate-meta-layouts":"default","ast-page-background-enabled":"default","ast-page-background-meta":{"desktop":{"background-color":"var(--ast-global-color-4)","background-image":"","background-repeat":"repeat","background-position":"center center","background-size":"auto","background-attachment":"scroll","background-type":"","background-media":"","overlay-type":"","overlay-color":"","overlay-opacity":"","overlay-gradient":""},"tablet":{"background-color":"","background-image":"","background-repeat":"repeat","background-position":"center center","background-size":"auto","background-attachment":"scroll","background-type":"","background-media":"","overlay-type":"","overlay-color":"","overlay-opacity":"","overlay-gradient":""},"mobile":{"background-color":"","background-image":"","background-repeat":"repeat","background-position":"center center","background-size":"auto","background-attachment":"scroll","background-type":"","background-media":"","overlay-type":"","overlay-color":"","overlay-opacity":"","overlay-gradient":""}},"ast-content-background-meta":{"desktop":{"background-color":"var(--ast-global-color-5)","background-image":"","background-repeat":"repeat","background-position":"center center","background-size":"auto","background-attachment":"scroll","background-type":"","background-media":"","overlay-type":"","overlay-color":"","overlay-opacity":"","overlay-gradient":""},"tablet":{"background-color":"var(--ast-global-color-5)","background-image":"","background-repeat":"repeat","background-position":"center center","background-size":"auto","background-attachment":"scroll","background-type":"","background-media":"","overlay-type":"","overlay-color":"","overlay-opacity":"","overlay-gradient":""},"mobile":{"background-color":"var(--ast-global-color-5)","background-image":"","background-repeat":"repeat","background-position":"center center","background-size":"auto","background-attachment":"scroll","background-type":"","background-media":"","overlay-type":"","overlay-color":"","overlay-opacity":"","overlay-gradient":""}}},"product_brand":[199],"product_cat":[27,114,75],"product_tag":[],"class_list":{"0":"post-154","1":"product","2":"type-product","3":"status-publish","4":"has-post-thumbnail","6":"product_brand-biologique-recherche","7":"product_cat-br","8":"product_cat-face","9":"product_cat-finishing-serums","10":"desktop-align-center","11":"tablet-align-center","12":"mobile-align-center","13":"ast-product-gallery-layout-vertical-slider","14":"ast-product-gallery-with-no-image","15":"ast-product-single-variable","16":"ast-product-tabs-layout-horizontal","17":"ast-qv-on-image","19":"first","20":"instock","21":"taxable","22":"shipping-taxable","23":"purchasable","24":"product-type-variable","25":"has-default-attributes"},"uagb_featured_image_src":{"full":["https:\/\/ambassadebeaute.al\/wp-content\/uploads\/2020\/03\/Serum-Yall-O2-30ml-Biologique-Recherche.jpg",1024,1024,false],"thumbnail":["https:\/\/ambassadebeaute.al\/wp-content\/uploads\/2020\/03\/Serum-Yall-O2-30ml-Biologique-Recherche-150x150.jpg",150,150,true],"medium":["https:\/\/ambassadebeaute.al\/wp-content\/uploads\/2020\/03\/Serum-Yall-O2-30ml-Biologique-Recherche-300x300.jpg",300,300,true],"medium_large":["https:\/\/ambassadebeaute.al\/wp-content\/uploads\/2020\/03\/Serum-Yall-O2-30ml-Biologique-Recherche-768x768.jpg",768,768,true],"large":["https:\/\/ambassadebeaute.al\/wp-content\/uploads\/2020\/03\/Serum-Yall-O2-30ml-Biologique-Recherche-1024x1024.jpg",1024,1024,true],"1536x1536":["https:\/\/ambassadebeaute.al\/wp-content\/uploads\/2020\/03\/Serum-Yall-O2-30ml-Biologique-Recherche.jpg",1024,1024,false],"2048x2048":["https:\/\/ambassadebeaute.al\/wp-content\/uploads\/2020\/03\/Serum-Yall-O2-30ml-Biologique-Recherche.jpg",1024,1024,false],"trp-custom-language-flag":["https:\/\/ambassadebeaute.al\/wp-content\/uploads\/2020\/03\/Serum-Yall-O2-30ml-Biologique-Recherche.jpg",12,12,false],"woocommerce_thumbnail":["https:\/\/ambassadebeaute.al\/wp-content\/uploads\/2020\/03\/Serum-Yall-O2-30ml-Biologique-Recherche-300x300.jpg",300,300,true],"woocommerce_single":["https:\/\/ambassadebeaute.al\/wp-content\/uploads\/2020\/03\/Serum-Yall-O2-30ml-Biologique-Recherche-600x600.jpg",600,600,true],"woocommerce_gallery_thumbnail":["https:\/\/ambassadebeaute.al\/wp-content\/uploads\/2020\/03\/Serum-Yall-O2-30ml-Biologique-Recherche-100x100.jpg",100,100,true]},"uagb_author_info":{"display_name":"admin","author_link":"https:\/\/ambassadebeaute.al\/sq\/author\/"},"uagb_comment_info":0,"uagb_excerpt":"This serum stimulates the fullness of skin and lips, combating the effects of dehydration and aging, while reducing the size and depth of lines and wrinkles. It reinforces skin\u2019s elasticity and forms a protect layer over the skin.","_links":{"self":[{"href":"https:\/\/ambassadebeaute.al\/sq\/wp-json\/wp\/v2\/product\/154","targetHints":{"allow":["GET"]}}],"collection":[{"href":"https:\/\/ambassadebeaute.al\/sq\/wp-json\/wp\/v2\/product"}],"about":[{"href":"https:\/\/ambassadebeaute.al\/sq\/wp-json\/wp\/v2\/types\/product"}],"wp:featuredmedia":[{"embeddable":true,"href":"https:\/\/ambassadebeaute.al\/sq\/wp-json\/wp\/v2\/media\/2125"}],"wp:attachment":[{"href":"https:\/\/ambassadebeaute.al\/sq\/wp-json\/wp\/v2\/media?parent=154"}],"wp:term":[{"taxonomy":"product_brand","embeddable":true,"href":"https:\/\/ambassadebeaute.al\/sq\/wp-json\/wp\/v2\/product_brand?post=154"},{"taxonomy":"product_cat","embeddable":true,"href":"https:\/\/ambassadebeaute.al\/sq\/wp-json\/wp\/v2\/product_cat?post=154"},{"taxonomy":"product_tag","embeddable":true,"href":"https:\/\/ambassadebeaute.al\/sq\/wp-json\/wp\/v2\/product_tag?post=154"}],"curies":[{"name":"wp","href":"https:\/\/api.w.org\/{rel}","templated":true}]}}