{"id":159,"date":"2020-02-11T21:17:32","date_gmt":"2020-02-11T21:17:32","guid":{"rendered":"https:\/\/faceology.net\/product\/complexe-royal-8-ml\/"},"modified":"2026-03-27T20:36:08","modified_gmt":"2026-03-27T20:36:08","slug":"-17","status":"publish","type":"product","link":"https:\/\/ambassadebeaute.al\/sq\/shop\/br\/face\/finishing-serums\/complexe-royal-8-ml\/","title":{"rendered":"KOMPLEKS MBRET\u00cbROR"},"content":{"rendered":"<div class=\"translation-block\">\n<Ul>\n<li> Rigjall\u00ebron epiderm\u00ebn. <\/li>\n<li> Ndihmon n\u00eb stimulimin e funksioneve t\u00eb epiderm\u00ebs. <\/li>\n<li> Ndihmon n\u00eb luftimin e shenjave t\u00eb plakjes fal\u00eb ekstraktit t\u00eb tij Royale gelee. <\/li>\n<li> P\u00ebrmir\u00ebson q\u00ebndrueshm\u00ebrin\u00eb dhe elasticitetin e l\u00ebkur\u00ebs. <\/li>\n<li> Ndri\u00e7on fytyr\u00ebn. <\/li>\n<li> Mbron l\u00ebkur\u00ebn tuaj fal\u00eb vetive t\u00eb saj rigjeneruese dhe hidratuese. <\/li>\n<li> Fytyra juaj \u00ebsht\u00eb menj\u00ebher\u00eb e ndritshme dhe e fresk\u00ebt. <\/li>\n<li> Ky serum finishi ndihmon n\u00eb luft\u00ebn kund\u00ebr shenjave t\u00eb plakjes fal\u00eb vetive t\u00eb tij kund\u00ebr plakjes. <\/li>\n<li> Kombinimi me R\u00e9novateur 14 mund\u00ebson rivendosjen e epiderm\u00ebs; l\u00ebkura \u00ebsht\u00eb rrezatuese p\u00ebrs\u00ebri. <\/li>\n<\/ Ul>\n<p> Sh\u00ebnime: <br \/>\n- Shmangni ekspozimin n\u00eb diell pas aplikimit t\u00eb produktit. <br \/>\n- Kujdes, jo i p\u00ebrshtatsh\u00ebm p\u00ebr f\u00ebmij\u00ebt. <br \/>\n- Mos e p\u00ebrdorni n\u00eb l\u00ebkur\u00eb t\u00eb irrituar. <\/p>\n<\/div>","protected":false},"excerpt":{"rendered":"<p class=\" translation-block\">P\u00ebrshkrimi i produktit: pasi q\u00eb e rigjeneron dhe e hidraton l\u00ebkur\u00ebn, Complexe Royal ndihmon n\u00eb luftimin e shenjave t\u00eb plakjes dhe e b\u00ebn l\u00ebkur\u00ebn t\u00eb shndritshme. Ky kujdes p\u00ebr fytyr\u00ebn, i stimulon funksionet e epiderm\u00ebs dhe e p\u00ebrmir\u00ebson elasticitetin e l\u00ebkur\u00ebs s\u00eb juaj. L\u00ebkura e juaj \u00ebsht\u00eb e mbrojtur dhe e b\u00ebn at\u00eb t\u00eb rrezaton rinin\u00eb dhe sh\u00ebndetin e mir\u00eb.<\/p>\n<p>&nbsp;<\/p>","protected":false},"featured_media":2115,"template":"","meta":{"_uag_custom_page_level_css":"","site-sidebar-layout":"default","site-content-layout":"","ast-site-content-layout":"default","site-content-style":"default","site-sidebar-style":"default","ast-global-header-display":"","ast-banner-title-visibility":"","ast-main-header-display":"","ast-hfb-above-header-display":"","ast-hfb-below-header-display":"","ast-hfb-mobile-header-display":"","site-post-title":"","ast-breadcrumbs-content":"","ast-featured-img":"","footer-sml-layout":"","ast-disable-related-posts":"","theme-transparent-header-meta":"","adv-header-id-meta":"","stick-header-meta":"","header-above-stick-meta":"","header-main-stick-meta":"","header-below-stick-meta":"","astra-migrate-meta-layouts":"default","ast-page-background-enabled":"default","ast-page-background-meta":{"desktop":{"background-color":"var(--ast-global-color-4)","background-image":"","background-repeat":"repeat","background-position":"center center","background-size":"auto","background-attachment":"scroll","background-type":"","background-media":"","overlay-type":"","overlay-color":"","overlay-opacity":"","overlay-gradient":""},"tablet":{"background-color":"","background-image":"","background-repeat":"repeat","background-position":"center center","background-size":"auto","background-attachment":"scroll","background-type":"","background-media":"","overlay-type":"","overlay-color":"","overlay-opacity":"","overlay-gradient":""},"mobile":{"background-color":"","background-image":"","background-repeat":"repeat","background-position":"center center","background-size":"auto","background-attachment":"scroll","background-type":"","background-media":"","overlay-type":"","overlay-color":"","overlay-opacity":"","overlay-gradient":""}},"ast-content-background-meta":{"desktop":{"background-color":"var(--ast-global-color-5)","background-image":"","background-repeat":"repeat","background-position":"center center","background-size":"auto","background-attachment":"scroll","background-type":"","background-media":"","overlay-type":"","overlay-color":"","overlay-opacity":"","overlay-gradient":""},"tablet":{"background-color":"var(--ast-global-color-5)","background-image":"","background-repeat":"repeat","background-position":"center center","background-size":"auto","background-attachment":"scroll","background-type":"","background-media":"","overlay-type":"","overlay-color":"","overlay-opacity":"","overlay-gradient":""},"mobile":{"background-color":"var(--ast-global-color-5)","background-image":"","background-repeat":"repeat","background-position":"center center","background-size":"auto","background-attachment":"scroll","background-type":"","background-media":"","overlay-type":"","overlay-color":"","overlay-opacity":"","overlay-gradient":""}}},"product_brand":[199],"product_cat":[27,114,75],"product_tag":[],"class_list":{"0":"post-159","1":"product","2":"type-product","3":"status-publish","4":"has-post-thumbnail","6":"product_brand-biologique-recherche","7":"product_cat-br","8":"product_cat-face","9":"product_cat-finishing-serums","10":"desktop-align-center","11":"tablet-align-center","12":"mobile-align-center","13":"ast-product-gallery-layout-vertical-slider","14":"ast-product-gallery-with-no-image","15":"ast-product-single-variable","16":"ast-product-tabs-layout-horizontal","17":"ast-qv-on-image","19":"first","20":"instock","21":"taxable","22":"shipping-taxable","23":"purchasable","24":"product-type-variable","25":"has-default-attributes"},"uagb_featured_image_src":{"full":["https:\/\/ambassadebeaute.al\/wp-content\/uploads\/2020\/02\/Complexe-Royal-30ml.jpg",1024,1024,false],"thumbnail":["https:\/\/ambassadebeaute.al\/wp-content\/uploads\/2020\/02\/Complexe-Royal-30ml-150x150.jpg",150,150,true],"medium":["https:\/\/ambassadebeaute.al\/wp-content\/uploads\/2020\/02\/Complexe-Royal-30ml-300x300.jpg",300,300,true],"medium_large":["https:\/\/ambassadebeaute.al\/wp-content\/uploads\/2020\/02\/Complexe-Royal-30ml-768x768.jpg",768,768,true],"large":["https:\/\/ambassadebeaute.al\/wp-content\/uploads\/2020\/02\/Complexe-Royal-30ml-1024x1024.jpg",1024,1024,true],"1536x1536":["https:\/\/ambassadebeaute.al\/wp-content\/uploads\/2020\/02\/Complexe-Royal-30ml.jpg",1024,1024,false],"2048x2048":["https:\/\/ambassadebeaute.al\/wp-content\/uploads\/2020\/02\/Complexe-Royal-30ml.jpg",1024,1024,false],"trp-custom-language-flag":["https:\/\/ambassadebeaute.al\/wp-content\/uploads\/2020\/02\/Complexe-Royal-30ml.jpg",12,12,false],"woocommerce_thumbnail":["https:\/\/ambassadebeaute.al\/wp-content\/uploads\/2020\/02\/Complexe-Royal-30ml-300x300.jpg",300,300,true],"woocommerce_single":["https:\/\/ambassadebeaute.al\/wp-content\/uploads\/2020\/02\/Complexe-Royal-30ml-600x600.jpg",600,600,true],"woocommerce_gallery_thumbnail":["https:\/\/ambassadebeaute.al\/wp-content\/uploads\/2020\/02\/Complexe-Royal-30ml-100x100.jpg",100,100,true]},"uagb_author_info":{"display_name":"admin","author_link":"https:\/\/ambassadebeaute.al\/sq\/author\/"},"uagb_comment_info":0,"uagb_excerpt":"Excellent for summer, and to be combined with Biologique Recherche Serum R\u00e9novateur 14, this serum can be used under or on top of cream. It pairs well with Cr\u00e8me Emulsion Original R\u00e9g\u00e9n\u00e9rante, Cr\u00e8me Emulsion V\u00e9g\u00e9tal Grand Mill\u00e9sime or Cr\u00e8me Grand Mill\u00e9sime. This antioxidant-rich serum combination enriches skin\u2019s hydrolipidic film. It prevents the signs of aging,&hellip;","_links":{"self":[{"href":"https:\/\/ambassadebeaute.al\/sq\/wp-json\/wp\/v2\/product\/159","targetHints":{"allow":["GET"]}}],"collection":[{"href":"https:\/\/ambassadebeaute.al\/sq\/wp-json\/wp\/v2\/product"}],"about":[{"href":"https:\/\/ambassadebeaute.al\/sq\/wp-json\/wp\/v2\/types\/product"}],"wp:featuredmedia":[{"embeddable":true,"href":"https:\/\/ambassadebeaute.al\/sq\/wp-json\/wp\/v2\/media\/2115"}],"wp:attachment":[{"href":"https:\/\/ambassadebeaute.al\/sq\/wp-json\/wp\/v2\/media?parent=159"}],"wp:term":[{"taxonomy":"product_brand","embeddable":true,"href":"https:\/\/ambassadebeaute.al\/sq\/wp-json\/wp\/v2\/product_brand?post=159"},{"taxonomy":"product_cat","embeddable":true,"href":"https:\/\/ambassadebeaute.al\/sq\/wp-json\/wp\/v2\/product_cat?post=159"},{"taxonomy":"product_tag","embeddable":true,"href":"https:\/\/ambassadebeaute.al\/sq\/wp-json\/wp\/v2\/product_tag?post=159"}],"curies":[{"name":"wp","href":"https:\/\/api.w.org\/{rel}","templated":true}]}}