{"id":160,"date":"2020-02-11T21:17:32","date_gmt":"2020-02-11T21:17:32","guid":{"rendered":"https:\/\/faceology.net\/product\/serum-grand-millesime-30-ml\/"},"modified":"2026-03-27T20:36:08","modified_gmt":"2026-03-27T20:36:08","slug":"-18","status":"publish","type":"product","link":"https:\/\/ambassadebeaute.al\/sq\/shop\/br\/face\/finishing-serums\/serum-grand-millesime-30-ml\/","title":{"rendered":"SERUM GRAND MILLESIME"},"content":{"rendered":"<div class=\"translation-block\">\n<Ul> \n<li> Tonifikon dhe zbut epiderm\u00ebn. <\/li>\n<li> Ndihmon n\u00eb forcimin e sistemit t\u00eb mbrojtjes natyrore t\u00eb l\u00ebkur\u00ebs. <\/li>\n<li> Ndri\u00e7on fytyr\u00ebn dhe hidraton shtresat e sip\u00ebrme t\u00eb epiderm\u00ebs. <\/li>\n<\/ Ul>\n<p> Sh\u00ebnim: <br \/>\n- Ky kompleks \u00ebsht\u00eb gjithashtu n\u00eb dispozicion si nj\u00eb produkt jonizues: Kompleksi R.H.R. Grand Mill\u00e9sime. <br \/>\n- \u00ebsht\u00eb nj\u00eb produkt shum\u00eb i p\u00ebrqendruar dhe skuqje e leht\u00eb mund t\u00eb shfaqet si rezultat i aplikacioneve t\u00eb para. N\u00ebse vazhdojn\u00eb, nd\u00ebrpresni trajtimin. <br \/>\n- Mos e p\u00ebrdorni menj\u00ebher\u00eb pas trajtimit t\u00eb thell\u00eb exfoliating. <br \/>\n- Shmangni ekspozimin n\u00eb diell pas aplikimit t\u00eb produktit. <br \/>\n- Jo i p\u00ebrshtatsh\u00ebm p\u00ebr f\u00ebmij\u00ebt. <\/p>\n<\/div>","protected":false},"excerpt":{"rendered":"<p class=\" translation-block\">\"P\u00ebrshkrimi i produktit: ky serum \u00ebsht\u00eb i pasur me rivitalizues, antioksidues dhe\nacid Hyaluronic, q\u00eb menj\u00ebher\u00eb e b\u00ebn l\u00ebkur\u00ebn t\u00eb ndritshme dhe e rinon at\u00eb.\n\u00cbsht\u00eb nj\u00eb eliksir i rinis\u00eb, bukuris\u00eb dhe i shk\u00eblqimit dhe p\u00ebrdoret p\u00ebr t\u2019i luftuar shenjat e plakjes. Rekomandohet p\u00ebr t\u00eb gjitha llojet e l\u00ebkur\u00ebs.\n\"<\/p>","protected":false},"featured_media":2116,"template":"","meta":{"_uag_custom_page_level_css":"","site-sidebar-layout":"default","site-content-layout":"","ast-site-content-layout":"default","site-content-style":"default","site-sidebar-style":"default","ast-global-header-display":"","ast-banner-title-visibility":"","ast-main-header-display":"","ast-hfb-above-header-display":"","ast-hfb-below-header-display":"","ast-hfb-mobile-header-display":"","site-post-title":"","ast-breadcrumbs-content":"","ast-featured-img":"","footer-sml-layout":"","ast-disable-related-posts":"","theme-transparent-header-meta":"default","adv-header-id-meta":"","stick-header-meta":"","header-above-stick-meta":"","header-main-stick-meta":"","header-below-stick-meta":"","astra-migrate-meta-layouts":"set","ast-page-background-enabled":"default","ast-page-background-meta":{"desktop":{"background-color":"var(--ast-global-color-4)","background-image":"","background-repeat":"repeat","background-position":"center center","background-size":"auto","background-attachment":"scroll","background-type":"","background-media":"","overlay-type":"","overlay-color":"","overlay-opacity":"","overlay-gradient":""},"tablet":{"background-color":"","background-image":"","background-repeat":"repeat","background-position":"center center","background-size":"auto","background-attachment":"scroll","background-type":"","background-media":"","overlay-type":"","overlay-color":"","overlay-opacity":"","overlay-gradient":""},"mobile":{"background-color":"","background-image":"","background-repeat":"repeat","background-position":"center center","background-size":"auto","background-attachment":"scroll","background-type":"","background-media":"","overlay-type":"","overlay-color":"","overlay-opacity":"","overlay-gradient":""}},"ast-content-background-meta":{"desktop":{"background-color":"var(--ast-global-color-5)","background-image":"","background-repeat":"repeat","background-position":"center center","background-size":"auto","background-attachment":"scroll","background-type":"","background-media":"","overlay-type":"","overlay-color":"","overlay-opacity":"","overlay-gradient":""},"tablet":{"background-color":"var(--ast-global-color-5)","background-image":"","background-repeat":"repeat","background-position":"center center","background-size":"auto","background-attachment":"scroll","background-type":"","background-media":"","overlay-type":"","overlay-color":"","overlay-opacity":"","overlay-gradient":""},"mobile":{"background-color":"var(--ast-global-color-5)","background-image":"","background-repeat":"repeat","background-position":"center center","background-size":"auto","background-attachment":"scroll","background-type":"","background-media":"","overlay-type":"","overlay-color":"","overlay-opacity":"","overlay-gradient":""}}},"product_brand":[199],"product_cat":[27,114,75],"product_tag":[],"class_list":{"0":"post-160","1":"product","2":"type-product","3":"status-publish","4":"has-post-thumbnail","6":"product_brand-biologique-recherche","7":"product_cat-br","8":"product_cat-face","9":"product_cat-finishing-serums","10":"desktop-align-center","11":"tablet-align-center","12":"mobile-align-center","13":"ast-product-gallery-layout-vertical-slider","14":"ast-product-gallery-with-no-image","15":"ast-product-single-variable","16":"ast-product-tabs-layout-horizontal","17":"ast-qv-on-image","19":"first","20":"instock","21":"taxable","22":"shipping-taxable","23":"purchasable","24":"product-type-variable","25":"has-default-attributes"},"uagb_featured_image_src":{"full":["https:\/\/ambassadebeaute.al\/wp-content\/uploads\/2020\/02\/Serum-Grand-Millesime-30ml-Biologique-Recherche.jpg",1024,1024,false],"thumbnail":["https:\/\/ambassadebeaute.al\/wp-content\/uploads\/2020\/02\/Serum-Grand-Millesime-30ml-Biologique-Recherche-150x150.jpg",150,150,true],"medium":["https:\/\/ambassadebeaute.al\/wp-content\/uploads\/2020\/02\/Serum-Grand-Millesime-30ml-Biologique-Recherche-300x300.jpg",300,300,true],"medium_large":["https:\/\/ambassadebeaute.al\/wp-content\/uploads\/2020\/02\/Serum-Grand-Millesime-30ml-Biologique-Recherche-768x768.jpg",768,768,true],"large":["https:\/\/ambassadebeaute.al\/wp-content\/uploads\/2020\/02\/Serum-Grand-Millesime-30ml-Biologique-Recherche-1024x1024.jpg",1024,1024,true],"1536x1536":["https:\/\/ambassadebeaute.al\/wp-content\/uploads\/2020\/02\/Serum-Grand-Millesime-30ml-Biologique-Recherche.jpg",1024,1024,false],"2048x2048":["https:\/\/ambassadebeaute.al\/wp-content\/uploads\/2020\/02\/Serum-Grand-Millesime-30ml-Biologique-Recherche.jpg",1024,1024,false],"trp-custom-language-flag":["https:\/\/ambassadebeaute.al\/wp-content\/uploads\/2020\/02\/Serum-Grand-Millesime-30ml-Biologique-Recherche.jpg",12,12,false],"woocommerce_thumbnail":["https:\/\/ambassadebeaute.al\/wp-content\/uploads\/2020\/02\/Serum-Grand-Millesime-30ml-Biologique-Recherche-300x300.jpg",300,300,true],"woocommerce_single":["https:\/\/ambassadebeaute.al\/wp-content\/uploads\/2020\/02\/Serum-Grand-Millesime-30ml-Biologique-Recherche-600x600.jpg",600,600,true],"woocommerce_gallery_thumbnail":["https:\/\/ambassadebeaute.al\/wp-content\/uploads\/2020\/02\/Serum-Grand-Millesime-30ml-Biologique-Recherche-100x100.jpg",100,100,true]},"uagb_author_info":{"display_name":"admin","author_link":"https:\/\/ambassadebeaute.al\/sq\/author\/"},"uagb_comment_info":0,"uagb_excerpt":"Like an elixir of youth, this serum moisturizes and smoothes the skin, regenerating and brightening the complexion. The S\u00e9rum Grand Mill\u00e9sime is a global anti-aging elixir, which is applied as the finishing step of the treatment. This counter time serum brightens the complexion and immediately gives a rested appearance.","_links":{"self":[{"href":"https:\/\/ambassadebeaute.al\/sq\/wp-json\/wp\/v2\/product\/160","targetHints":{"allow":["GET"]}}],"collection":[{"href":"https:\/\/ambassadebeaute.al\/sq\/wp-json\/wp\/v2\/product"}],"about":[{"href":"https:\/\/ambassadebeaute.al\/sq\/wp-json\/wp\/v2\/types\/product"}],"wp:featuredmedia":[{"embeddable":true,"href":"https:\/\/ambassadebeaute.al\/sq\/wp-json\/wp\/v2\/media\/2116"}],"wp:attachment":[{"href":"https:\/\/ambassadebeaute.al\/sq\/wp-json\/wp\/v2\/media?parent=160"}],"wp:term":[{"taxonomy":"product_brand","embeddable":true,"href":"https:\/\/ambassadebeaute.al\/sq\/wp-json\/wp\/v2\/product_brand?post=160"},{"taxonomy":"product_cat","embeddable":true,"href":"https:\/\/ambassadebeaute.al\/sq\/wp-json\/wp\/v2\/product_cat?post=160"},{"taxonomy":"product_tag","embeddable":true,"href":"https:\/\/ambassadebeaute.al\/sq\/wp-json\/wp\/v2\/product_tag?post=160"}],"curies":[{"name":"wp","href":"https:\/\/api.w.org\/{rel}","templated":true}]}}