{"id":162,"date":"2020-02-11T21:17:32","date_gmt":"2020-02-11T21:17:32","guid":{"rendered":"https:\/\/faceology.net\/product\/silk-plus-30-ml\/"},"modified":"2026-03-27T20:36:08","modified_gmt":"2026-03-27T20:36:08","slug":"-19","status":"publish","type":"product","link":"https:\/\/ambassadebeaute.al\/sq\/shop\/br\/face\/finishing-serums\/silk-plus-30-ml\/","title":{"rendered":"SILK PLUS"},"content":{"rendered":"<div class=\"translation-block\">\n<Ul> \n<li> Rigjall\u00ebron epiderm\u00ebn. <\/li>\n<li> Pasuron filmin hidro-lipidik t\u00eb l\u00ebkur\u00ebs. <\/li>\n<li> P\u00ebrmir\u00ebson mbrojtjen e epiderm\u00ebs. <\/li>\n<li> Ndihmon n\u00eb parandalimin e shenjave t\u00eb plakjes n\u00eb l\u00ebkur\u00eb. <\/li>\n<li> Zbut dhe l\u00ebmon l\u00ebkur\u00ebn. <\/li>\n<li> Nj\u00eb eliksir i but\u00eb q\u00eb hidraton dhe zbut epiderm\u00ebn. <\/li>\n<li> Ky serum delikat e b\u00ebn l\u00ebkur\u00ebn tuaj menj\u00ebher\u00eb t\u00eb zbutet dhe furnizohet dhe e l\u00eb at\u00eb t\u00eb ndihet bukur e but\u00eb. <\/li>\n<li> P\u00ebr zonjat: ajo krijon nj\u00eb baz\u00eb t\u00eb shk\u00eblqyer p\u00ebr grim, duke i dh\u00ebn\u00eb l\u00ebkur\u00ebs tuaj nj\u00eb pamje prej kadifeje. <\/li>\n<li> <b> P\u00ebr T\u00eb: <\/b> \u00ebsht\u00eb e shk\u00eblqyeshme p\u00ebr p\u00ebrdorim pas rruajtjes dhe i siguron l\u00ebkur\u00ebs tuaj rehati t\u00eb fort\u00eb. <\/li>\n<li> P\u00ebrb\u00ebr\u00ebsit aktiv\u00eb p\u00ebrb\u00ebjn\u00eb m\u00eb shum\u00eb se 40% t\u00eb k\u00ebtij serumi t\u00eb pasur, gjith\u00ebp\u00ebrfshir\u00ebs! <\/li>\n<\/ Ul>\n<p> Sh\u00ebnim: - Ky \u00ebsht\u00eb nj\u00eb produkt shum\u00eb i p\u00ebrqendruar dhe skuqje e leht\u00eb mund t\u00eb shfaqet si rezultat i aplikacioneve t\u00eb para. N\u00ebse k\u00ebto simptoma vazhdojn\u00eb, nd\u00ebrpresni trajtimin. <br \/>\n- Mos e p\u00ebrdorni menj\u00ebher\u00eb pas trajtimit t\u00eb thell\u00eb exfoliating .. <br \/>\n- Aplikoni nj\u00eb emulsion t\u00eb leht\u00eb pas Silk Plus n\u00ebse d\u00ebshironi t\u00eb p\u00ebrdorni nj\u00eb pluhur mat\u00ebs. <br \/>\n- Jo i p\u00ebrshtatsh\u00ebm p\u00ebr f\u00ebmij\u00ebt. <br \/>\n- Mos e p\u00ebrdorni n\u00eb l\u00ebkur\u00eb t\u00eb irrituar. <br \/>\n- Shmangni ekspozimin n\u00eb diell pas aplikimit t\u00eb produktit. <br \/>\n- Mbroni l\u00ebkur\u00ebn nga dielli. <\/p>\n<\/div>","protected":false},"excerpt":{"rendered":"<div class=\"translation-block\">\nP\u00ebrshkrimi i produktit: ky serum p\u00ebr hidratim dhe zbutje t\u00eb l\u00ebkur\u00ebs \u00ebs p\u00ebrmban p\u00ebrqendrime t\u00eb larta t\u00eb agjent\u00ebve rigjenerues, Acidet Hyaluronic, Kastravec dhe M\u00ebndafshi, t\u00eb cilat v\u00ebrtet qet\u00ebsojn\u00eb l\u00ebkur\u00ebn dhe e l\u00ebn\u00eb at\u00eb t\u00eb ndjehet e but\u00eb e m\u00ebndafsht\u00eb! Rekomandohet p\u00ebr t\u00eb gjitha llojet e l\u00ebkur\u00ebs.\n<\/div>","protected":false},"featured_media":2118,"template":"","meta":{"_uag_custom_page_level_css":"","site-sidebar-layout":"default","site-content-layout":"","ast-site-content-layout":"default","site-content-style":"default","site-sidebar-style":"default","ast-global-header-display":"","ast-banner-title-visibility":"","ast-main-header-display":"","ast-hfb-above-header-display":"","ast-hfb-below-header-display":"","ast-hfb-mobile-header-display":"","site-post-title":"","ast-breadcrumbs-content":"","ast-featured-img":"","footer-sml-layout":"","ast-disable-related-posts":"","theme-transparent-header-meta":"","adv-header-id-meta":"","stick-header-meta":"","header-above-stick-meta":"","header-main-stick-meta":"","header-below-stick-meta":"","astra-migrate-meta-layouts":"default","ast-page-background-enabled":"default","ast-page-background-meta":{"desktop":{"background-color":"var(--ast-global-color-4)","background-image":"","background-repeat":"repeat","background-position":"center center","background-size":"auto","background-attachment":"scroll","background-type":"","background-media":"","overlay-type":"","overlay-color":"","overlay-opacity":"","overlay-gradient":""},"tablet":{"background-color":"","background-image":"","background-repeat":"repeat","background-position":"center center","background-size":"auto","background-attachment":"scroll","background-type":"","background-media":"","overlay-type":"","overlay-color":"","overlay-opacity":"","overlay-gradient":""},"mobile":{"background-color":"","background-image":"","background-repeat":"repeat","background-position":"center center","background-size":"auto","background-attachment":"scroll","background-type":"","background-media":"","overlay-type":"","overlay-color":"","overlay-opacity":"","overlay-gradient":""}},"ast-content-background-meta":{"desktop":{"background-color":"var(--ast-global-color-5)","background-image":"","background-repeat":"repeat","background-position":"center center","background-size":"auto","background-attachment":"scroll","background-type":"","background-media":"","overlay-type":"","overlay-color":"","overlay-opacity":"","overlay-gradient":""},"tablet":{"background-color":"var(--ast-global-color-5)","background-image":"","background-repeat":"repeat","background-position":"center center","background-size":"auto","background-attachment":"scroll","background-type":"","background-media":"","overlay-type":"","overlay-color":"","overlay-opacity":"","overlay-gradient":""},"mobile":{"background-color":"var(--ast-global-color-5)","background-image":"","background-repeat":"repeat","background-position":"center center","background-size":"auto","background-attachment":"scroll","background-type":"","background-media":"","overlay-type":"","overlay-color":"","overlay-opacity":"","overlay-gradient":""}}},"product_brand":[199],"product_cat":[27,114,75],"product_tag":[],"class_list":{"0":"post-162","1":"product","2":"type-product","3":"status-publish","4":"has-post-thumbnail","6":"product_brand-biologique-recherche","7":"product_cat-br","8":"product_cat-face","9":"product_cat-finishing-serums","10":"desktop-align-center","11":"tablet-align-center","12":"mobile-align-center","13":"ast-product-gallery-layout-vertical-slider","14":"ast-product-gallery-with-no-image","15":"ast-product-single-variable","16":"ast-product-tabs-layout-horizontal","17":"ast-qv-on-image","19":"first","20":"instock","21":"taxable","22":"shipping-taxable","23":"purchasable","24":"product-type-variable"},"uagb_featured_image_src":{"full":["https:\/\/ambassadebeaute.al\/wp-content\/uploads\/2020\/03\/Silk-Plus-30ml-Biologique-Recherche.jpg",1024,1024,false],"thumbnail":["https:\/\/ambassadebeaute.al\/wp-content\/uploads\/2020\/03\/Silk-Plus-30ml-Biologique-Recherche-150x150.jpg",150,150,true],"medium":["https:\/\/ambassadebeaute.al\/wp-content\/uploads\/2020\/03\/Silk-Plus-30ml-Biologique-Recherche-300x300.jpg",300,300,true],"medium_large":["https:\/\/ambassadebeaute.al\/wp-content\/uploads\/2020\/03\/Silk-Plus-30ml-Biologique-Recherche-768x768.jpg",768,768,true],"large":["https:\/\/ambassadebeaute.al\/wp-content\/uploads\/2020\/03\/Silk-Plus-30ml-Biologique-Recherche-1024x1024.jpg",1024,1024,true],"1536x1536":["https:\/\/ambassadebeaute.al\/wp-content\/uploads\/2020\/03\/Silk-Plus-30ml-Biologique-Recherche.jpg",1024,1024,false],"2048x2048":["https:\/\/ambassadebeaute.al\/wp-content\/uploads\/2020\/03\/Silk-Plus-30ml-Biologique-Recherche.jpg",1024,1024,false],"trp-custom-language-flag":["https:\/\/ambassadebeaute.al\/wp-content\/uploads\/2020\/03\/Silk-Plus-30ml-Biologique-Recherche.jpg",12,12,false],"woocommerce_thumbnail":["https:\/\/ambassadebeaute.al\/wp-content\/uploads\/2020\/03\/Silk-Plus-30ml-Biologique-Recherche-300x300.jpg",300,300,true],"woocommerce_single":["https:\/\/ambassadebeaute.al\/wp-content\/uploads\/2020\/03\/Silk-Plus-30ml-Biologique-Recherche-600x600.jpg",600,600,true],"woocommerce_gallery_thumbnail":["https:\/\/ambassadebeaute.al\/wp-content\/uploads\/2020\/03\/Silk-Plus-30ml-Biologique-Recherche-100x100.jpg",100,100,true]},"uagb_author_info":{"display_name":"admin","author_link":"https:\/\/ambassadebeaute.al\/sq\/author\/"},"uagb_comment_info":0,"uagb_excerpt":"Result : instantly unifies the complexion leaving the skin smoother and suppler.This moisturizing, smoothing serum contains high concentrations of regenerating agents, Hyaluronic Acid, Cucumber and Silk extracts which really soothe the skin and leave it feeling silky soft! It is recommended for all skin types. This gentle serum helps skin protect itself, while its active&hellip;","_links":{"self":[{"href":"https:\/\/ambassadebeaute.al\/sq\/wp-json\/wp\/v2\/product\/162","targetHints":{"allow":["GET"]}}],"collection":[{"href":"https:\/\/ambassadebeaute.al\/sq\/wp-json\/wp\/v2\/product"}],"about":[{"href":"https:\/\/ambassadebeaute.al\/sq\/wp-json\/wp\/v2\/types\/product"}],"wp:featuredmedia":[{"embeddable":true,"href":"https:\/\/ambassadebeaute.al\/sq\/wp-json\/wp\/v2\/media\/2118"}],"wp:attachment":[{"href":"https:\/\/ambassadebeaute.al\/sq\/wp-json\/wp\/v2\/media?parent=162"}],"wp:term":[{"taxonomy":"product_brand","embeddable":true,"href":"https:\/\/ambassadebeaute.al\/sq\/wp-json\/wp\/v2\/product_brand?post=162"},{"taxonomy":"product_cat","embeddable":true,"href":"https:\/\/ambassadebeaute.al\/sq\/wp-json\/wp\/v2\/product_cat?post=162"},{"taxonomy":"product_tag","embeddable":true,"href":"https:\/\/ambassadebeaute.al\/sq\/wp-json\/wp\/v2\/product_tag?post=162"}],"curies":[{"name":"wp","href":"https:\/\/api.w.org\/{rel}","templated":true}]}}