{"id":164,"date":"2020-02-11T21:17:33","date_gmt":"2020-02-11T21:17:33","guid":{"rendered":"https:\/\/faceology.net\/product\/fluide-vip-o2-30-ml\/"},"modified":"2026-03-27T20:36:07","modified_gmt":"2026-03-27T20:36:07","slug":"-20","status":"publish","type":"product","link":"https:\/\/ambassadebeaute.al\/sq\/shop\/br\/face\/finishing-serums\/fluide-vip-o2-30-ml\/","title":{"rendered":"FLUIDE VIP O2"},"content":{"rendered":"<p class=\" translation-block\"><ul><li>Ndihmon n\u00eb stimulimin e funksioneve t\u00eb epiderm\u00ebs duke rritur p\u00ebrqendrimin e oksigjenit n\u00eb sip\u00ebrfaqen e l\u00ebkur\u00ebs.<\/li>\n<li>Zbut l\u00ebkur\u00ebn dhe zvog\u00eblon njollat \u200b\u200be kuqe.<\/li>\n<li>Rigjall\u00ebron dhe rigjeneron epiderm\u00ebn.<\/li>\n<li>Hidraton shtresat e sip\u00ebrme t\u00eb epiderm\u00ebs.<\/li>\n<li>Ndihmon n\u00eb parandalimin e shenjave t\u00eb plakjes n\u00eb l\u00ebkur\u00eb.<\/li>\n<li>Shenjat e lodhjes dhe qarqet e err\u00ebta menj\u00ebher\u00eb zvog\u00eblohen. Fytyra \u00ebsht\u00eb m\u00eb e ndritshme, l\u00ebkura \u00ebsht\u00eb m\u00eb e but\u00eb dhe duksh\u00ebm m\u00eb e bukur. Ky serum mbron l\u00ebkur\u00ebn tuaj \u00e7do dit\u00eb, duke ju dh\u00ebn\u00eb nj\u00eb \u00e7ehre t\u00eb ndritshme, rrezatuese.<\/li>\n<li>Ky l\u00ebng kund\u00ebr ndotjes mbron l\u00ebkur\u00ebn tuaj nga agresionet e jashtme gjat\u00eb gjith\u00eb dit\u00ebs.<\/li>\n<li>P\u00ebr T\u00eb: ajo formon nj\u00eb baz\u00eb t\u00eb shk\u00eblqyer p\u00ebrb\u00ebrjeje, duke rritur ngjyrat.<\/li>\n<li>P\u00ebr T\u00eb: \u00ebsht\u00eb i shk\u00eblqyesh\u00ebm p\u00ebr t\u2019u p\u00ebrdorur pas rruajtjes dhe mbron dhe zbut l\u00ebkur\u00ebn tuaj.\n<\/li><\/ul>\nSh\u00ebnim :\n- Kujdes, jo i p\u00ebrshtatsh\u00ebm p\u00ebr f\u00ebmij\u00ebt.\n- Mos e p\u00ebrdorni n\u00eb l\u00ebkur\u00eb t\u00eb irrituar.\n- Shmangni ekspozimin n\u00eb diell pas aplikimit t\u00eb produktit.<\/p>","protected":false},"excerpt":{"rendered":"<p class=\" translation-block\">P\u00ebrshkrimi i produktit: formula e \u00e7mueshme dhe unike e k\u00ebtij serumi, bllokon oksigjenin n\u00eb sip\u00ebrfaqen e l\u00ebkur\u00ebs, duke krijuar nj\u00eb mjedis q\u00eb i stimulon funksionet natyrale t\u00eb epiderm\u00ebs. Ky serum kund\u00ebr ndot\u00ebsve, oksigjenon, hidraton dhe e mbron l\u00ebkur\u00ebn gjat\u00eb gjith\u00eb dit\u00ebs nga ndot\u00ebsit urban. Formula e tij unike shfryt\u00ebzon p\u00ebrmbajtje rigjall\u00ebruese, ekstrakte t\u00eb m\u00ebndafshit dhe nj\u00eb kompleks specifik Biologique Recherche Oxygenating, q\u00eb v\u00ebrtet rikthen sh\u00ebndetin e l\u00ebkur\u00ebs. Rekomandohet p\u00ebr t\u00eb gjitha llojet e l\u00ebkur\u00ebs<\/p>","protected":false},"featured_media":2109,"template":"","meta":{"_uag_custom_page_level_css":"","site-sidebar-layout":"default","site-content-layout":"","ast-site-content-layout":"default","site-content-style":"default","site-sidebar-style":"default","ast-global-header-display":"","ast-banner-title-visibility":"","ast-main-header-display":"","ast-hfb-above-header-display":"","ast-hfb-below-header-display":"","ast-hfb-mobile-header-display":"","site-post-title":"","ast-breadcrumbs-content":"","ast-featured-img":"","footer-sml-layout":"","ast-disable-related-posts":"","theme-transparent-header-meta":"","adv-header-id-meta":"","stick-header-meta":"","header-above-stick-meta":"","header-main-stick-meta":"","header-below-stick-meta":"","astra-migrate-meta-layouts":"default","ast-page-background-enabled":"default","ast-page-background-meta":{"desktop":{"background-color":"var(--ast-global-color-4)","background-image":"","background-repeat":"repeat","background-position":"center center","background-size":"auto","background-attachment":"scroll","background-type":"","background-media":"","overlay-type":"","overlay-color":"","overlay-opacity":"","overlay-gradient":""},"tablet":{"background-color":"","background-image":"","background-repeat":"repeat","background-position":"center center","background-size":"auto","background-attachment":"scroll","background-type":"","background-media":"","overlay-type":"","overlay-color":"","overlay-opacity":"","overlay-gradient":""},"mobile":{"background-color":"","background-image":"","background-repeat":"repeat","background-position":"center center","background-size":"auto","background-attachment":"scroll","background-type":"","background-media":"","overlay-type":"","overlay-color":"","overlay-opacity":"","overlay-gradient":""}},"ast-content-background-meta":{"desktop":{"background-color":"var(--ast-global-color-5)","background-image":"","background-repeat":"repeat","background-position":"center center","background-size":"auto","background-attachment":"scroll","background-type":"","background-media":"","overlay-type":"","overlay-color":"","overlay-opacity":"","overlay-gradient":""},"tablet":{"background-color":"var(--ast-global-color-5)","background-image":"","background-repeat":"repeat","background-position":"center center","background-size":"auto","background-attachment":"scroll","background-type":"","background-media":"","overlay-type":"","overlay-color":"","overlay-opacity":"","overlay-gradient":""},"mobile":{"background-color":"var(--ast-global-color-5)","background-image":"","background-repeat":"repeat","background-position":"center center","background-size":"auto","background-attachment":"scroll","background-type":"","background-media":"","overlay-type":"","overlay-color":"","overlay-opacity":"","overlay-gradient":""}}},"product_brand":[199],"product_cat":[27,114,75],"product_tag":[],"class_list":{"0":"post-164","1":"product","2":"type-product","3":"status-publish","4":"has-post-thumbnail","6":"product_brand-biologique-recherche","7":"product_cat-br","8":"product_cat-face","9":"product_cat-finishing-serums","10":"desktop-align-center","11":"tablet-align-center","12":"mobile-align-center","13":"ast-product-gallery-layout-vertical-slider","14":"ast-product-gallery-with-no-image","15":"ast-product-single-variable","16":"ast-product-tabs-layout-horizontal","17":"ast-qv-on-image","19":"first","20":"instock","21":"taxable","22":"shipping-taxable","23":"purchasable","24":"product-type-variable","25":"has-default-attributes"},"uagb_featured_image_src":{"full":["https:\/\/ambassadebeaute.al\/wp-content\/uploads\/2020\/02\/Fluide-VIP-O2-30ml.jpg",1024,1024,false],"thumbnail":["https:\/\/ambassadebeaute.al\/wp-content\/uploads\/2020\/02\/Fluide-VIP-O2-30ml-150x150.jpg",150,150,true],"medium":["https:\/\/ambassadebeaute.al\/wp-content\/uploads\/2020\/02\/Fluide-VIP-O2-30ml-300x300.jpg",300,300,true],"medium_large":["https:\/\/ambassadebeaute.al\/wp-content\/uploads\/2020\/02\/Fluide-VIP-O2-30ml-768x768.jpg",768,768,true],"large":["https:\/\/ambassadebeaute.al\/wp-content\/uploads\/2020\/02\/Fluide-VIP-O2-30ml-1024x1024.jpg",1024,1024,true],"1536x1536":["https:\/\/ambassadebeaute.al\/wp-content\/uploads\/2020\/02\/Fluide-VIP-O2-30ml.jpg",1024,1024,false],"2048x2048":["https:\/\/ambassadebeaute.al\/wp-content\/uploads\/2020\/02\/Fluide-VIP-O2-30ml.jpg",1024,1024,false],"trp-custom-language-flag":["https:\/\/ambassadebeaute.al\/wp-content\/uploads\/2020\/02\/Fluide-VIP-O2-30ml.jpg",12,12,false],"woocommerce_thumbnail":["https:\/\/ambassadebeaute.al\/wp-content\/uploads\/2020\/02\/Fluide-VIP-O2-30ml-300x300.jpg",300,300,true],"woocommerce_single":["https:\/\/ambassadebeaute.al\/wp-content\/uploads\/2020\/02\/Fluide-VIP-O2-30ml-600x600.jpg",600,600,true],"woocommerce_gallery_thumbnail":["https:\/\/ambassadebeaute.al\/wp-content\/uploads\/2020\/02\/Fluide-VIP-O2-30ml-100x100.jpg",100,100,true]},"uagb_author_info":{"display_name":"admin","author_link":"https:\/\/ambassadebeaute.al\/sq\/author\/"},"uagb_comment_info":0,"uagb_excerpt":"For every type of skin except oily. Anti-pollutant, very firming, for stressed skin, especially for people who live in big cities. Aida says: A must for all skin. This serum is like a layer of protection against pollution and is great to mix with any foundation. I love it with Biologique Recherche Serum Yall-O2. I&hellip;","_links":{"self":[{"href":"https:\/\/ambassadebeaute.al\/sq\/wp-json\/wp\/v2\/product\/164","targetHints":{"allow":["GET"]}}],"collection":[{"href":"https:\/\/ambassadebeaute.al\/sq\/wp-json\/wp\/v2\/product"}],"about":[{"href":"https:\/\/ambassadebeaute.al\/sq\/wp-json\/wp\/v2\/types\/product"}],"wp:featuredmedia":[{"embeddable":true,"href":"https:\/\/ambassadebeaute.al\/sq\/wp-json\/wp\/v2\/media\/2109"}],"wp:attachment":[{"href":"https:\/\/ambassadebeaute.al\/sq\/wp-json\/wp\/v2\/media?parent=164"}],"wp:term":[{"taxonomy":"product_brand","embeddable":true,"href":"https:\/\/ambassadebeaute.al\/sq\/wp-json\/wp\/v2\/product_brand?post=164"},{"taxonomy":"product_cat","embeddable":true,"href":"https:\/\/ambassadebeaute.al\/sq\/wp-json\/wp\/v2\/product_cat?post=164"},{"taxonomy":"product_tag","embeddable":true,"href":"https:\/\/ambassadebeaute.al\/sq\/wp-json\/wp\/v2\/product_tag?post=164"}],"curies":[{"name":"wp","href":"https:\/\/api.w.org\/{rel}","templated":true}]}}