{"id":166,"date":"2020-02-11T21:17:33","date_gmt":"2020-02-11T21:17:33","guid":{"rendered":"https:\/\/faceology.net\/product\/le-grand-serum-30-ml\/"},"modified":"2026-03-27T20:36:07","modified_gmt":"2026-03-27T20:36:07","slug":"-21","status":"publish","type":"product","link":"https:\/\/ambassadebeaute.al\/sq\/shop\/br\/face\/finishing-serums\/le-grand-serum-30-ml\/","title":{"rendered":"LE GRAND SERUM"},"content":{"rendered":"<div class=\"translation-block\">\n<Ul>\n<li> Ndihmon n\u00eb parandalimin e plakjes s\u00eb parakohshme t\u00eb epiderm\u00ebs. <\/li>\n<li> Tonifikon, rigjall\u00ebron dhe qet\u00ebson epiderm\u00ebn. <\/li>\n<li> Ndihmon p\u00ebr t\u00eb forcuar sistemin natyror t\u00eb mbrojtjes s\u00eb l\u00ebkur\u00ebs. <\/li>\n<li> Ndri\u00e7on fytyr\u00ebn dhe hidraton shtresat superiore t\u00eb epiderm\u00ebs. <\/li>\n<li> Produkt Recherche Biologique me p\u00ebrmbajtjen m\u00eb t\u00eb pasur n\u00eb p\u00ebrb\u00ebr\u00ebsit aktiv (27), nj\u00eb serum i v\u00ebrtet\u00eb i kudogjendur. <\/li>\n<li> Rezultatet e jasht\u00ebzakonshme q\u00eb l\u00ebn\u00eb l\u00ebkur\u00ebn t\u00eb njome, tonifikuar lart dhe me shk\u00eblqim. <\/li>\n<\/ Ul>\n<p> Sh\u00ebnime: <br \/>\n- Shmangni ekspozimin e menj\u00ebhersh\u00ebm n\u00eb diell pas aplikimit t\u00eb produktit. <br \/>\n- Jo i p\u00ebrshtatsh\u00ebm p\u00ebr f\u00ebmij\u00ebt <\/p>\n<\/div>","protected":false},"excerpt":{"rendered":"<div class=\"translation-block\">P\u00ebrshkrimi i produktit: le Grand Serum \u00ebsht\u00eb eliksir sublim, nj\u00eb koncentrat autentik i bukuris\u00eb, veprimi i t\u00eb cilit rritet pas \u00e7do p\u00ebrdorimi t\u00eb nj\u00ebpasnj\u00ebsh\u00ebm. Rekomandohet p\u00ebr t\u00eb gjitha llojet e l\u00ebkur\u00ebs.<\/div>","protected":false},"featured_media":2110,"template":"","meta":{"_uag_custom_page_level_css":"","site-sidebar-layout":"default","site-content-layout":"","ast-site-content-layout":"default","site-content-style":"default","site-sidebar-style":"default","ast-global-header-display":"","ast-banner-title-visibility":"","ast-main-header-display":"","ast-hfb-above-header-display":"","ast-hfb-below-header-display":"","ast-hfb-mobile-header-display":"","site-post-title":"","ast-breadcrumbs-content":"","ast-featured-img":"","footer-sml-layout":"","ast-disable-related-posts":"","theme-transparent-header-meta":"default","adv-header-id-meta":"","stick-header-meta":"","header-above-stick-meta":"","header-main-stick-meta":"","header-below-stick-meta":"","astra-migrate-meta-layouts":"set","ast-page-background-enabled":"default","ast-page-background-meta":{"desktop":{"background-color":"var(--ast-global-color-4)","background-image":"","background-repeat":"repeat","background-position":"center center","background-size":"auto","background-attachment":"scroll","background-type":"","background-media":"","overlay-type":"","overlay-color":"","overlay-opacity":"","overlay-gradient":""},"tablet":{"background-color":"","background-image":"","background-repeat":"repeat","background-position":"center center","background-size":"auto","background-attachment":"scroll","background-type":"","background-media":"","overlay-type":"","overlay-color":"","overlay-opacity":"","overlay-gradient":""},"mobile":{"background-color":"","background-image":"","background-repeat":"repeat","background-position":"center center","background-size":"auto","background-attachment":"scroll","background-type":"","background-media":"","overlay-type":"","overlay-color":"","overlay-opacity":"","overlay-gradient":""}},"ast-content-background-meta":{"desktop":{"background-color":"var(--ast-global-color-5)","background-image":"","background-repeat":"repeat","background-position":"center center","background-size":"auto","background-attachment":"scroll","background-type":"","background-media":"","overlay-type":"","overlay-color":"","overlay-opacity":"","overlay-gradient":""},"tablet":{"background-color":"var(--ast-global-color-5)","background-image":"","background-repeat":"repeat","background-position":"center center","background-size":"auto","background-attachment":"scroll","background-type":"","background-media":"","overlay-type":"","overlay-color":"","overlay-opacity":"","overlay-gradient":""},"mobile":{"background-color":"var(--ast-global-color-5)","background-image":"","background-repeat":"repeat","background-position":"center center","background-size":"auto","background-attachment":"scroll","background-type":"","background-media":"","overlay-type":"","overlay-color":"","overlay-opacity":"","overlay-gradient":""}}},"product_brand":[199],"product_cat":[27,114,75],"product_tag":[],"class_list":{"0":"post-166","1":"product","2":"type-product","3":"status-publish","4":"has-post-thumbnail","6":"product_brand-biologique-recherche","7":"product_cat-br","8":"product_cat-face","9":"product_cat-finishing-serums","10":"desktop-align-center","11":"tablet-align-center","12":"mobile-align-center","13":"ast-product-gallery-layout-vertical-slider","14":"ast-product-gallery-with-no-image","15":"ast-product-single-variable","16":"ast-product-tabs-layout-horizontal","17":"ast-qv-on-image","19":"first","20":"instock","21":"taxable","22":"shipping-taxable","23":"purchasable","24":"product-type-variable","25":"has-default-attributes"},"uagb_featured_image_src":{"full":["https:\/\/ambassadebeaute.al\/wp-content\/uploads\/2020\/02\/Le-Grand-Serum-30ml.jpg",1024,1024,false],"thumbnail":["https:\/\/ambassadebeaute.al\/wp-content\/uploads\/2020\/02\/Le-Grand-Serum-30ml-150x150.jpg",150,150,true],"medium":["https:\/\/ambassadebeaute.al\/wp-content\/uploads\/2020\/02\/Le-Grand-Serum-30ml-300x300.jpg",300,300,true],"medium_large":["https:\/\/ambassadebeaute.al\/wp-content\/uploads\/2020\/02\/Le-Grand-Serum-30ml-768x768.jpg",768,768,true],"large":["https:\/\/ambassadebeaute.al\/wp-content\/uploads\/2020\/02\/Le-Grand-Serum-30ml-1024x1024.jpg",1024,1024,true],"1536x1536":["https:\/\/ambassadebeaute.al\/wp-content\/uploads\/2020\/02\/Le-Grand-Serum-30ml.jpg",1024,1024,false],"2048x2048":["https:\/\/ambassadebeaute.al\/wp-content\/uploads\/2020\/02\/Le-Grand-Serum-30ml.jpg",1024,1024,false],"trp-custom-language-flag":["https:\/\/ambassadebeaute.al\/wp-content\/uploads\/2020\/02\/Le-Grand-Serum-30ml.jpg",12,12,false],"woocommerce_thumbnail":["https:\/\/ambassadebeaute.al\/wp-content\/uploads\/2020\/02\/Le-Grand-Serum-30ml-300x300.jpg",300,300,true],"woocommerce_single":["https:\/\/ambassadebeaute.al\/wp-content\/uploads\/2020\/02\/Le-Grand-Serum-30ml-600x600.jpg",600,600,true],"woocommerce_gallery_thumbnail":["https:\/\/ambassadebeaute.al\/wp-content\/uploads\/2020\/02\/Le-Grand-Serum-30ml-100x100.jpg",100,100,true]},"uagb_author_info":{"display_name":"admin","author_link":"https:\/\/ambassadebeaute.al\/sq\/author\/"},"uagb_comment_info":0,"uagb_excerpt":"For dry, more mature skin. Has the most concentration of active ingredients, top of all finishing serums. Gives skin a healthy glow. le Grand S\u00e9rum is a sublimating elixir, a genuine concentrate of beauty whose action grows more intense with each consecutive application. It is recommended for all Skin Instants.With 27 active ingredients this serum&hellip;","_links":{"self":[{"href":"https:\/\/ambassadebeaute.al\/sq\/wp-json\/wp\/v2\/product\/166","targetHints":{"allow":["GET"]}}],"collection":[{"href":"https:\/\/ambassadebeaute.al\/sq\/wp-json\/wp\/v2\/product"}],"about":[{"href":"https:\/\/ambassadebeaute.al\/sq\/wp-json\/wp\/v2\/types\/product"}],"wp:featuredmedia":[{"embeddable":true,"href":"https:\/\/ambassadebeaute.al\/sq\/wp-json\/wp\/v2\/media\/2110"}],"wp:attachment":[{"href":"https:\/\/ambassadebeaute.al\/sq\/wp-json\/wp\/v2\/media?parent=166"}],"wp:term":[{"taxonomy":"product_brand","embeddable":true,"href":"https:\/\/ambassadebeaute.al\/sq\/wp-json\/wp\/v2\/product_brand?post=166"},{"taxonomy":"product_cat","embeddable":true,"href":"https:\/\/ambassadebeaute.al\/sq\/wp-json\/wp\/v2\/product_cat?post=166"},{"taxonomy":"product_tag","embeddable":true,"href":"https:\/\/ambassadebeaute.al\/sq\/wp-json\/wp\/v2\/product_tag?post=166"}],"curies":[{"name":"wp","href":"https:\/\/api.w.org\/{rel}","templated":true}]}}