{"id":170,"date":"2020-02-11T21:17:34","date_gmt":"2020-02-11T21:17:34","guid":{"rendered":"https:\/\/faceology.net\/product\/gommage-p50-corps-200-ml\/"},"modified":"2026-03-27T20:36:07","modified_gmt":"2026-03-27T20:36:07","slug":"-22","status":"publish","type":"product","link":"https:\/\/ambassadebeaute.al\/sq\/shop\/br\/body-products\/body-masks\/gommage-p50-corps-200-ml\/","title":{"rendered":"GOMMAGE P50 CORPS 200 ml"},"content":{"rendered":"<div class=\"translation-block\">E rrit\u00eb procesin natyror t\u00eb largimit t\u00eb qelizave t\u00eb vdekura t\u00eb epiderm\u00ebs. Ofron p\u00ebrfitime t\u00eb dyfishta, si n\u00eb largimin mekanik ashtu edhe n\u00eb at\u00eb biologjik t\u00eb qelizave t\u00eb vdekura. Stimulon funksionet e epiderm\u00ebs, duke dh\u00ebn\u00eb rezultate optimale n\u00eb rigjenerimin e qelizave. P\u00ebrmir\u00ebson kualitetin e epiderm\u00ebs. E rrit\u00eb efektin.\n<\/div>","protected":false},"excerpt":{"rendered":"<p>Gommage P50 Corps : Kjo faz\u00eb fillestare e trajtimit me produkt p\u00ebr l\u00ebkur\u00eb me p\u00ebrb\u00ebrje m\u00eb t\u00eb koncentruar (booster), e p\u00ebrgatit\u00eb m\u00eb mir\u00eb l\u00ebkur\u00ebn e trupit, duke ofruar p\u00ebrfitimet e kombinuara e heqjes s\u00eb dyfisht\u00eb t\u00eb qelizave t\u00eb vdekura t\u00eb epiderm\u00ebs (si n\u00eb m\u00ebnyr\u00eb mekanike ashtu edhe at\u00eb biologjike) n\u00eb nj\u00eb produkt i cili e krijon l\u00ebkur\u00ebn e re. Ka efekt mbres\u00ebl\u00ebn\u00ebs n\u00eb l\u00ebkur\u00ebn q\u00eb ka shtres\u00eb intensive t\u00eb qelizave t\u00eb vdekura (me keratin\u00eb). Ku e keni  l\u00ebkur\u00ebn e ndjeshme, p\u00ebrdorni k\u00ebt\u00eb vet\u00ebm n\u00eb sip\u00ebrfaqet e vrazhda, si\u00e7 jan\u00eb thembrat, gjunj\u00ebt, b\u00ebrrylat. Gommage P50 Corps \u00ebsht\u00eb xhelatin\u00eb luksoze e pasur me Lotion P50. Ajo p\u00ebrb\u00ebn granula natyrore dhe \u00ebsht\u00eb e sajuar p\u00ebr t\u2019i hequr qelizat e vdekura dhe p\u00ebr t\u2019a stimuluar epiderm\u00ebn n\u00eb m\u00ebnyr\u00eb efektive n\u00eb t\u00eb gjitha sip\u00ebrfaqet e trupit. Formula e tij \u00ebsht\u00eb e pasur me Alpha, Poly-Alpha, Beta-Hydroxy-Acide, si dhe me p\u00ebrmbajtje aktive p\u00ebr hidratim dhe rigjenerim, t\u00eb cilat jan\u00eb posa\u00e7\u00ebrisht t\u00eb p\u00ebrzgjedhura, p\u00ebr t\u00eb ofruar largimin delikat biologjik t\u00eb qelizave t\u00eb vdekura, duke e liruar but\u00ebsisht l\u00ebkur\u00ebn e trupit nga qelizat e vdekura dhe duke e pasuruar epiderm\u00ebn me antioksidant\u00eb t\u00eb fuqish\u00ebm. Kokrrat e thelbit t\u00eb arr\u00ebs, t\u00eb shtypur me dor\u00eb, ofrojn\u00eb largim mekanik m\u00eb intensiv t\u00eb qelizave t\u00eb vdekura t\u00eb l\u00ebkur\u00ebs n\u00ebp\u00ebr sip\u00ebrfaqet e vrazhda dhe e p\u00ebrmir\u00ebsojn\u00eb kualitetin e k\u00ebtij tretmani. Kjo xhelatin\u00eb, p\u00ebrmban substanca p\u00ebr hidratim t\u00eb l\u00ebkur\u00ebs si Acidi Hyaluronic, si dhe acide esenciale yndyrore si vaji i pambukut dhe vaj argani, t\u00eb cil\u00ebt e rinovojn\u00eb l\u00ebkur\u00ebn dhe e stimulojn\u00eb rinovimin e qelizave, duke e ruajtur balancimin e epiderm\u00ebs s\u00eb juaj. Tretmani, e b\u00ebn l\u00ebkur\u00ebn e juaj t\u00eb rafinuar, t\u00eb shk\u00eblqyeshme, t\u00eb but\u00eb dhe t\u00eb gatshme p\u00ebr tretman t\u00eb ardhsh\u00ebm me produktet Biologique Recherche.<\/p>","protected":false},"featured_media":2107,"template":"","meta":{"_uag_custom_page_level_css":"","site-sidebar-layout":"default","site-content-layout":"","ast-site-content-layout":"default","site-content-style":"default","site-sidebar-style":"default","ast-global-header-display":"","ast-banner-title-visibility":"","ast-main-header-display":"","ast-hfb-above-header-display":"","ast-hfb-below-header-display":"","ast-hfb-mobile-header-display":"","site-post-title":"","ast-breadcrumbs-content":"","ast-featured-img":"","footer-sml-layout":"","ast-disable-related-posts":"","theme-transparent-header-meta":"","adv-header-id-meta":"","stick-header-meta":"","header-above-stick-meta":"","header-main-stick-meta":"","header-below-stick-meta":"","astra-migrate-meta-layouts":"default","ast-page-background-enabled":"default","ast-page-background-meta":{"desktop":{"background-color":"var(--ast-global-color-4)","background-image":"","background-repeat":"repeat","background-position":"center center","background-size":"auto","background-attachment":"scroll","background-type":"","background-media":"","overlay-type":"","overlay-color":"","overlay-opacity":"","overlay-gradient":""},"tablet":{"background-color":"","background-image":"","background-repeat":"repeat","background-position":"center center","background-size":"auto","background-attachment":"scroll","background-type":"","background-media":"","overlay-type":"","overlay-color":"","overlay-opacity":"","overlay-gradient":""},"mobile":{"background-color":"","background-image":"","background-repeat":"repeat","background-position":"center center","background-size":"auto","background-attachment":"scroll","background-type":"","background-media":"","overlay-type":"","overlay-color":"","overlay-opacity":"","overlay-gradient":""}},"ast-content-background-meta":{"desktop":{"background-color":"var(--ast-global-color-5)","background-image":"","background-repeat":"repeat","background-position":"center center","background-size":"auto","background-attachment":"scroll","background-type":"","background-media":"","overlay-type":"","overlay-color":"","overlay-opacity":"","overlay-gradient":""},"tablet":{"background-color":"var(--ast-global-color-5)","background-image":"","background-repeat":"repeat","background-position":"center center","background-size":"auto","background-attachment":"scroll","background-type":"","background-media":"","overlay-type":"","overlay-color":"","overlay-opacity":"","overlay-gradient":""},"mobile":{"background-color":"var(--ast-global-color-5)","background-image":"","background-repeat":"repeat","background-position":"center center","background-size":"auto","background-attachment":"scroll","background-type":"","background-media":"","overlay-type":"","overlay-color":"","overlay-opacity":"","overlay-gradient":""}}},"product_brand":[199],"product_cat":[27,72,131],"product_tag":[],"class_list":{"0":"post-170","1":"product","2":"type-product","3":"status-publish","4":"has-post-thumbnail","6":"product_brand-biologique-recherche","7":"product_cat-br","8":"product_cat-body-masks","9":"product_cat-body-products","10":"desktop-align-center","11":"tablet-align-center","12":"mobile-align-center","13":"ast-product-gallery-layout-vertical-slider","14":"ast-product-gallery-with-no-image","15":"ast-product-tabs-layout-horizontal","16":"ast-qv-on-image","18":"first","19":"instock","20":"taxable","21":"shipping-taxable","22":"purchasable","23":"product-type-simple"},"uagb_featured_image_src":{"full":["https:\/\/ambassadebeaute.al\/wp-content\/uploads\/2020\/02\/Gommage-P50-Corps-1.jpg",1024,1024,false],"thumbnail":["https:\/\/ambassadebeaute.al\/wp-content\/uploads\/2020\/02\/Gommage-P50-Corps-1-150x150.jpg",150,150,true],"medium":["https:\/\/ambassadebeaute.al\/wp-content\/uploads\/2020\/02\/Gommage-P50-Corps-1-300x300.jpg",300,300,true],"medium_large":["https:\/\/ambassadebeaute.al\/wp-content\/uploads\/2020\/02\/Gommage-P50-Corps-1-768x768.jpg",768,768,true],"large":["https:\/\/ambassadebeaute.al\/wp-content\/uploads\/2020\/02\/Gommage-P50-Corps-1-1024x1024.jpg",1024,1024,true],"1536x1536":["https:\/\/ambassadebeaute.al\/wp-content\/uploads\/2020\/02\/Gommage-P50-Corps-1.jpg",1024,1024,false],"2048x2048":["https:\/\/ambassadebeaute.al\/wp-content\/uploads\/2020\/02\/Gommage-P50-Corps-1.jpg",1024,1024,false],"trp-custom-language-flag":["https:\/\/ambassadebeaute.al\/wp-content\/uploads\/2020\/02\/Gommage-P50-Corps-1.jpg",12,12,false],"woocommerce_thumbnail":["https:\/\/ambassadebeaute.al\/wp-content\/uploads\/2020\/02\/Gommage-P50-Corps-1-300x300.jpg",300,300,true],"woocommerce_single":["https:\/\/ambassadebeaute.al\/wp-content\/uploads\/2020\/02\/Gommage-P50-Corps-1-600x600.jpg",600,600,true],"woocommerce_gallery_thumbnail":["https:\/\/ambassadebeaute.al\/wp-content\/uploads\/2020\/02\/Gommage-P50-Corps-1-100x100.jpg",100,100,true]},"uagb_author_info":{"display_name":"admin","author_link":"https:\/\/ambassadebeaute.al\/sq\/author\/"},"uagb_comment_info":0,"uagb_excerpt":"For every type of skin. Very mild, smooth scrub with small particles, feels like a cream. Leaves the skin smooth and clean, like a masque for the body. Use instead of thick, rough, coarse scrubs that irritate, dry out, and damage the skin in the long run by causing spider veins and blemishes. It contains&hellip;","_links":{"self":[{"href":"https:\/\/ambassadebeaute.al\/sq\/wp-json\/wp\/v2\/product\/170","targetHints":{"allow":["GET"]}}],"collection":[{"href":"https:\/\/ambassadebeaute.al\/sq\/wp-json\/wp\/v2\/product"}],"about":[{"href":"https:\/\/ambassadebeaute.al\/sq\/wp-json\/wp\/v2\/types\/product"}],"wp:featuredmedia":[{"embeddable":true,"href":"https:\/\/ambassadebeaute.al\/sq\/wp-json\/wp\/v2\/media\/2107"}],"wp:attachment":[{"href":"https:\/\/ambassadebeaute.al\/sq\/wp-json\/wp\/v2\/media?parent=170"}],"wp:term":[{"taxonomy":"product_brand","embeddable":true,"href":"https:\/\/ambassadebeaute.al\/sq\/wp-json\/wp\/v2\/product_brand?post=170"},{"taxonomy":"product_cat","embeddable":true,"href":"https:\/\/ambassadebeaute.al\/sq\/wp-json\/wp\/v2\/product_cat?post=170"},{"taxonomy":"product_tag","embeddable":true,"href":"https:\/\/ambassadebeaute.al\/sq\/wp-json\/wp\/v2\/product_tag?post=170"}],"curies":[{"name":"wp","href":"https:\/\/api.w.org\/{rel}","templated":true}]}}