{"id":171,"date":"2020-02-11T21:17:38","date_gmt":"2020-02-11T21:17:38","guid":{"rendered":"https:\/\/faceology.net\/product\/masque-gommage-mains-75-ml\/"},"modified":"2026-03-27T20:35:45","modified_gmt":"2026-03-27T20:35:45","slug":"maske-gommage-mains-75-ml","status":"publish","type":"product","link":"https:\/\/ambassadebeaute.al\/sq\/shop\/br\/body-products\/body-masks\/masque-gommage-mains-75-ml\/","title":{"rendered":"MASKUE GOMMAGE MAINS 75 ml"},"content":{"rendered":"<div class=\"translation-block\">E b\u00ebn l\u00ebkur\u00ebn t\u00eb but\u00eb dhe pa njolla t\u00eb err\u00ebta. I redukton ndryshimet negative t\u00eb pigmentit. E zbut\u00eb   l\u00ebkur\u00ebn rreth thonjve. I forcon thonjt\u00eb dhe e stimulon rritjen  tyre.\n<Ul>\n<li> Eksfolion dhe stimulon rinovimin e qelizave <\/li>\n<li> Hidraton dhe zbut. <\/li>\n<li> Unifikon epiderm\u00ebn <\/li>\n<li> Redukton pap\u00ebrsosm\u00ebrit\u00eb e pigmentit <\/li>\n<li> Pastron dhe dezinfekton zon\u00ebn e thonj\u00ebve<\/li>\n<\/ Ul>\n<\/div>","protected":false},"excerpt":{"rendered":"<div class=\"translation-block\">Masque Gommage Mains \u00ebsht\u00eb posa\u00e7\u00ebrisht e krijuar p\u00ebr t\u2019i plot\u00ebsuar nevojat e struktur\u00ebs s\u00eb l\u00ebkur\u00ebs t\u00eb that\u00eb, qelizave t\u00eb vdekura (t\u00eb keratinizuara) dhe\/apo duarve t\u00eb dehidratuara. \u00cbsht\u00eb nj\u00eb veprim efektiv i trefisht\u00eb:   1 \u2013 i largon qeliza e vdekura,  2 \u2013 hidraton dhe riparon shtresat e ep\u00ebrme t\u00eb epiderm\u00ebs,  3 \u2013 i bashkon. Ky krem i g\u00ebrryen me but\u00ebsi qelizat e vdekura t\u00eb l\u00ebkur\u00ebs. Ai p\u00ebrmban argjil\u00eb t\u00eb bardh\u00eb (Kaolin) dhe Jojoba rruaza t\u00eb dyllit, q\u00eb luajn\u00eb rolin e mask\u00ebs p\u00ebr l\u00ebkur\u00eb. P\u00ebrb\u00ebrja e tij Poly-Alpha-Hydrox acide, e ndihmon procesin natyral t\u00eb largimit t\u00eb qelizave t\u00eb vdekura t\u00eb l\u00ebkur\u00ebs duke e plot\u00ebsuar procesin e till\u00eb mekanik.  Ai \u00ebsht\u00eb i pasur, me p\u00ebrmbajt\u00ebs aktiv t\u00eb koncentruar p\u00ebr hidratim dhe zbutjen e rrudhave, si\u00e7 \u00ebsht\u00eb acidi Hijaluronik, si dhe pastruesit, si\u00e7 \u00ebsht\u00eb ekstrakti Burdock dhe p\u00ebrmbajtjet si limoni dhe ekstraktet nga bim\u00ebt e tharta. Rezultati: l\u00ebkura e hidratuar, e but\u00eb dhe pa njolla t\u00eb err\u00ebta.\"\n<\/div>","protected":false},"featured_media":2100,"template":"","meta":{"_uag_custom_page_level_css":"","site-sidebar-layout":"default","site-content-layout":"","ast-site-content-layout":"default","site-content-style":"default","site-sidebar-style":"default","ast-global-header-display":"","ast-banner-title-visibility":"","ast-main-header-display":"","ast-hfb-above-header-display":"","ast-hfb-below-header-display":"","ast-hfb-mobile-header-display":"","site-post-title":"","ast-breadcrumbs-content":"","ast-featured-img":"","footer-sml-layout":"","ast-disable-related-posts":"","theme-transparent-header-meta":"","adv-header-id-meta":"","stick-header-meta":"","header-above-stick-meta":"","header-main-stick-meta":"","header-below-stick-meta":"","astra-migrate-meta-layouts":"default","ast-page-background-enabled":"default","ast-page-background-meta":{"desktop":{"background-color":"var(--ast-global-color-4)","background-image":"","background-repeat":"repeat","background-position":"center center","background-size":"auto","background-attachment":"scroll","background-type":"","background-media":"","overlay-type":"","overlay-color":"","overlay-opacity":"","overlay-gradient":""},"tablet":{"background-color":"","background-image":"","background-repeat":"repeat","background-position":"center center","background-size":"auto","background-attachment":"scroll","background-type":"","background-media":"","overlay-type":"","overlay-color":"","overlay-opacity":"","overlay-gradient":""},"mobile":{"background-color":"","background-image":"","background-repeat":"repeat","background-position":"center center","background-size":"auto","background-attachment":"scroll","background-type":"","background-media":"","overlay-type":"","overlay-color":"","overlay-opacity":"","overlay-gradient":""}},"ast-content-background-meta":{"desktop":{"background-color":"var(--ast-global-color-5)","background-image":"","background-repeat":"repeat","background-position":"center center","background-size":"auto","background-attachment":"scroll","background-type":"","background-media":"","overlay-type":"","overlay-color":"","overlay-opacity":"","overlay-gradient":""},"tablet":{"background-color":"var(--ast-global-color-5)","background-image":"","background-repeat":"repeat","background-position":"center center","background-size":"auto","background-attachment":"scroll","background-type":"","background-media":"","overlay-type":"","overlay-color":"","overlay-opacity":"","overlay-gradient":""},"mobile":{"background-color":"var(--ast-global-color-5)","background-image":"","background-repeat":"repeat","background-position":"center center","background-size":"auto","background-attachment":"scroll","background-type":"","background-media":"","overlay-type":"","overlay-color":"","overlay-opacity":"","overlay-gradient":""}}},"product_brand":[199],"product_cat":[27,72,131],"product_tag":[],"class_list":{"0":"post-171","1":"product","2":"type-product","3":"status-publish","4":"has-post-thumbnail","6":"product_brand-biologique-recherche","7":"product_cat-br","8":"product_cat-body-masks","9":"product_cat-body-products","10":"desktop-align-center","11":"tablet-align-center","12":"mobile-align-center","13":"ast-product-gallery-layout-vertical-slider","14":"ast-product-gallery-with-no-image","15":"ast-product-tabs-layout-horizontal","16":"ast-qv-on-image","18":"first","19":"instock","20":"taxable","21":"shipping-taxable","22":"purchasable","23":"product-type-simple"},"uagb_featured_image_src":{"full":["https:\/\/ambassadebeaute.al\/wp-content\/uploads\/2020\/02\/Masque-Gommage-Mains-75ml-1.jpg",1024,1024,false],"thumbnail":["https:\/\/ambassadebeaute.al\/wp-content\/uploads\/2020\/02\/Masque-Gommage-Mains-75ml-1-150x150.jpg",150,150,true],"medium":["https:\/\/ambassadebeaute.al\/wp-content\/uploads\/2020\/02\/Masque-Gommage-Mains-75ml-1-300x300.jpg",300,300,true],"medium_large":["https:\/\/ambassadebeaute.al\/wp-content\/uploads\/2020\/02\/Masque-Gommage-Mains-75ml-1-768x768.jpg",768,768,true],"large":["https:\/\/ambassadebeaute.al\/wp-content\/uploads\/2020\/02\/Masque-Gommage-Mains-75ml-1-1024x1024.jpg",1024,1024,true],"1536x1536":["https:\/\/ambassadebeaute.al\/wp-content\/uploads\/2020\/02\/Masque-Gommage-Mains-75ml-1.jpg",1024,1024,false],"2048x2048":["https:\/\/ambassadebeaute.al\/wp-content\/uploads\/2020\/02\/Masque-Gommage-Mains-75ml-1.jpg",1024,1024,false],"trp-custom-language-flag":["https:\/\/ambassadebeaute.al\/wp-content\/uploads\/2020\/02\/Masque-Gommage-Mains-75ml-1.jpg",12,12,false],"woocommerce_thumbnail":["https:\/\/ambassadebeaute.al\/wp-content\/uploads\/2020\/02\/Masque-Gommage-Mains-75ml-1-300x300.jpg",300,300,true],"woocommerce_single":["https:\/\/ambassadebeaute.al\/wp-content\/uploads\/2020\/02\/Masque-Gommage-Mains-75ml-1-600x600.jpg",600,600,true],"woocommerce_gallery_thumbnail":["https:\/\/ambassadebeaute.al\/wp-content\/uploads\/2020\/02\/Masque-Gommage-Mains-75ml-1-100x100.jpg",100,100,true]},"uagb_author_info":{"display_name":"admin","author_link":"https:\/\/ambassadebeaute.al\/sq\/author\/"},"uagb_comment_info":0,"uagb_excerpt":"The silky smooth hand treatment!This dual action hand scrub chemically buffs and exfoliates, as well as helping to reduce pigmentation imperfections on the hands. The Biologique Recherche Masque Gommage Mains is packed with hydrating hyaluronic acid and exfoliating hydroxy acids. Your hands will be soft and supple, and your cuticales will be thoroughly conditioned -&hellip;","_links":{"self":[{"href":"https:\/\/ambassadebeaute.al\/sq\/wp-json\/wp\/v2\/product\/171","targetHints":{"allow":["GET"]}}],"collection":[{"href":"https:\/\/ambassadebeaute.al\/sq\/wp-json\/wp\/v2\/product"}],"about":[{"href":"https:\/\/ambassadebeaute.al\/sq\/wp-json\/wp\/v2\/types\/product"}],"wp:featuredmedia":[{"embeddable":true,"href":"https:\/\/ambassadebeaute.al\/sq\/wp-json\/wp\/v2\/media\/2100"}],"wp:attachment":[{"href":"https:\/\/ambassadebeaute.al\/sq\/wp-json\/wp\/v2\/media?parent=171"}],"wp:term":[{"taxonomy":"product_brand","embeddable":true,"href":"https:\/\/ambassadebeaute.al\/sq\/wp-json\/wp\/v2\/product_brand?post=171"},{"taxonomy":"product_cat","embeddable":true,"href":"https:\/\/ambassadebeaute.al\/sq\/wp-json\/wp\/v2\/product_cat?post=171"},{"taxonomy":"product_tag","embeddable":true,"href":"https:\/\/ambassadebeaute.al\/sq\/wp-json\/wp\/v2\/product_tag?post=171"}],"curies":[{"name":"wp","href":"https:\/\/api.w.org\/{rel}","templated":true}]}}