{"id":174,"date":"2020-02-11T21:17:38","date_gmt":"2020-02-11T21:17:38","guid":{"rendered":"https:\/\/faceology.net\/product\/huile-sous-ombilicale-100-ml\/"},"modified":"2026-03-27T20:36:07","modified_gmt":"2026-03-27T20:36:07","slug":"-23","status":"publish","type":"product","link":"https:\/\/ambassadebeaute.al\/sq\/shop\/br\/body-products\/body-oils-treatments\/huile-sous-ombilicale-100-ml\/","title":{"rendered":"HUILE SOUS-OMBILICALE 100 ml"},"content":{"rendered":"<div class=\"translation-block\">P\u00ebr rezultate m\u00eb t\u00eb mira, p\u00ebrzieni me Body Cr\u00e8me Amnicissante MC 110 dhe p\u00ebrdorni dorez\u00ebn silikoni, duke masazhuar n\u00eb l\u00ebvizje rrethore derisa l\u00ebkura t\u00eb kthehet n\u00eb roz\u00eb.\nP\u00ebr rezultate m\u00eb t\u00eb mira, p\u00ebrdorni \u00e7do dit\u00eb.\nKy vaj ndihmon n\u00eb eliminimin e toksinave dhe ujit t\u00eb tep\u00ebrt, dhe \u00ebsht\u00eb ve\u00e7an\u00ebrisht i efektsh\u00ebm n\u00eb rregullimin e zorr\u00ebve, uljen e bloz\u00ebs s\u00eb stomakut dhe fuqizimin e muskujve t\u00eb legenit.\n<ul><li>\nNdihmon n\u00eb eliminimin e toksinave dhe ujit t\u00eb tep\u00ebrt.<\/li>\n<li>Ndihmon n\u00eb p\u00ebrmir\u00ebsimin e tranzitit t\u00eb zorr\u00ebve.<\/li>\n<li>Dinamizon muskujt e pelvikut.<\/li>\n<li>Redukton plumbness rreth stomakut.<\/li>\n<li>Posedon veti termike dhe qet\u00ebsuese.<\/li>\n<li>Trajtimi kund\u00ebr stresit q\u00eb nd\u00ebrthur k\u00ebnaq\u00ebsin\u00eb me efektivitetin.<\/li>\n<li>Nj\u00eb kombinim i aktiviteteve t\u00eb formuluara p\u00ebr t\u00eb l\u00ebn\u00eb l\u00ebkur\u00ebn tuaj t\u00eb tonifikuar, zbutur dhe stomaku juaj zvog\u00eblohet dhe rip\u00ebrcaktohet duksh\u00ebm.<\/li><\/ul>\nSh\u00ebnim :\n- I pa p\u00ebrshtatsh\u00ebm p\u00ebr grat\u00eb shtatz\u00ebna.\n- I pa p\u00ebrshtatsh\u00ebm p\u00ebr f\u00ebmij\u00ebt.\n<\/div>","protected":false},"excerpt":{"rendered":"<p class=\" translation-block\">P\u00ebrshkrimi i produktit: Huile sous ombilicale p\u00ebrmban p\u00ebrzierje t\u00eb kedrit (Cedar), d\u00ebllinj\u00eb, pish\u00eb dhe vajrat esenciale t\u00eb karafilit dhe \u00ebsht\u00eb i modeluar p\u00ebr tretman t\u00eb drenimit, largimit t\u00eb toksikeve dhe rivitalizim t\u00eb sip\u00ebrfaqeve specifike.<\/p>","protected":false},"featured_media":2104,"template":"","meta":{"_uag_custom_page_level_css":"","site-sidebar-layout":"default","site-content-layout":"","ast-site-content-layout":"default","site-content-style":"default","site-sidebar-style":"default","ast-global-header-display":"","ast-banner-title-visibility":"","ast-main-header-display":"","ast-hfb-above-header-display":"","ast-hfb-below-header-display":"","ast-hfb-mobile-header-display":"","site-post-title":"","ast-breadcrumbs-content":"","ast-featured-img":"","footer-sml-layout":"","ast-disable-related-posts":"","theme-transparent-header-meta":"","adv-header-id-meta":"","stick-header-meta":"","header-above-stick-meta":"","header-main-stick-meta":"","header-below-stick-meta":"","astra-migrate-meta-layouts":"default","ast-page-background-enabled":"default","ast-page-background-meta":{"desktop":{"background-color":"var(--ast-global-color-4)","background-image":"","background-repeat":"repeat","background-position":"center center","background-size":"auto","background-attachment":"scroll","background-type":"","background-media":"","overlay-type":"","overlay-color":"","overlay-opacity":"","overlay-gradient":""},"tablet":{"background-color":"","background-image":"","background-repeat":"repeat","background-position":"center center","background-size":"auto","background-attachment":"scroll","background-type":"","background-media":"","overlay-type":"","overlay-color":"","overlay-opacity":"","overlay-gradient":""},"mobile":{"background-color":"","background-image":"","background-repeat":"repeat","background-position":"center center","background-size":"auto","background-attachment":"scroll","background-type":"","background-media":"","overlay-type":"","overlay-color":"","overlay-opacity":"","overlay-gradient":""}},"ast-content-background-meta":{"desktop":{"background-color":"var(--ast-global-color-5)","background-image":"","background-repeat":"repeat","background-position":"center center","background-size":"auto","background-attachment":"scroll","background-type":"","background-media":"","overlay-type":"","overlay-color":"","overlay-opacity":"","overlay-gradient":""},"tablet":{"background-color":"var(--ast-global-color-5)","background-image":"","background-repeat":"repeat","background-position":"center center","background-size":"auto","background-attachment":"scroll","background-type":"","background-media":"","overlay-type":"","overlay-color":"","overlay-opacity":"","overlay-gradient":""},"mobile":{"background-color":"var(--ast-global-color-5)","background-image":"","background-repeat":"repeat","background-position":"center center","background-size":"auto","background-attachment":"scroll","background-type":"","background-media":"","overlay-type":"","overlay-color":"","overlay-opacity":"","overlay-gradient":""}}},"product_brand":[199],"product_cat":[27,70,131],"product_tag":[],"class_list":{"0":"post-174","1":"product","2":"type-product","3":"status-publish","4":"has-post-thumbnail","6":"product_brand-biologique-recherche","7":"product_cat-br","8":"product_cat-body-oils-treatments","9":"product_cat-body-products","10":"desktop-align-center","11":"tablet-align-center","12":"mobile-align-center","13":"ast-product-gallery-layout-vertical-slider","14":"ast-product-gallery-with-no-image","15":"ast-product-tabs-layout-horizontal","16":"ast-qv-on-image","18":"first","19":"instock","20":"virtual","21":"taxable","22":"purchasable","23":"product-type-simple"},"uagb_featured_image_src":{"full":["https:\/\/ambassadebeaute.al\/wp-content\/uploads\/2020\/02\/Huile-Sous-Ombilicale-100ml-2.jpg",1024,1024,false],"thumbnail":["https:\/\/ambassadebeaute.al\/wp-content\/uploads\/2020\/02\/Huile-Sous-Ombilicale-100ml-2-150x150.jpg",150,150,true],"medium":["https:\/\/ambassadebeaute.al\/wp-content\/uploads\/2020\/02\/Huile-Sous-Ombilicale-100ml-2-300x300.jpg",300,300,true],"medium_large":["https:\/\/ambassadebeaute.al\/wp-content\/uploads\/2020\/02\/Huile-Sous-Ombilicale-100ml-2-768x768.jpg",768,768,true],"large":["https:\/\/ambassadebeaute.al\/wp-content\/uploads\/2020\/02\/Huile-Sous-Ombilicale-100ml-2-1024x1024.jpg",1024,1024,true],"1536x1536":["https:\/\/ambassadebeaute.al\/wp-content\/uploads\/2020\/02\/Huile-Sous-Ombilicale-100ml-2.jpg",1024,1024,false],"2048x2048":["https:\/\/ambassadebeaute.al\/wp-content\/uploads\/2020\/02\/Huile-Sous-Ombilicale-100ml-2.jpg",1024,1024,false],"trp-custom-language-flag":["https:\/\/ambassadebeaute.al\/wp-content\/uploads\/2020\/02\/Huile-Sous-Ombilicale-100ml-2.jpg",12,12,false],"woocommerce_thumbnail":["https:\/\/ambassadebeaute.al\/wp-content\/uploads\/2020\/02\/Huile-Sous-Ombilicale-100ml-2-300x300.jpg",300,300,true],"woocommerce_single":["https:\/\/ambassadebeaute.al\/wp-content\/uploads\/2020\/02\/Huile-Sous-Ombilicale-100ml-2-600x600.jpg",600,600,true],"woocommerce_gallery_thumbnail":["https:\/\/ambassadebeaute.al\/wp-content\/uploads\/2020\/02\/Huile-Sous-Ombilicale-100ml-2-100x100.jpg",100,100,true]},"uagb_author_info":{"display_name":"admin","author_link":"https:\/\/ambassadebeaute.al\/sq\/author\/"},"uagb_comment_info":0,"uagb_excerpt":"For swelling and water retention. First use Biologique Recherche Lotion P50 Corps on stomach and thighs. If you have cellulite use Biologique Recherche Huile Dermotonique after Sous-Ombilicale. Always apply with hands, then massage upwards with a Biologique Recherche silicone glove.","_links":{"self":[{"href":"https:\/\/ambassadebeaute.al\/sq\/wp-json\/wp\/v2\/product\/174","targetHints":{"allow":["GET"]}}],"collection":[{"href":"https:\/\/ambassadebeaute.al\/sq\/wp-json\/wp\/v2\/product"}],"about":[{"href":"https:\/\/ambassadebeaute.al\/sq\/wp-json\/wp\/v2\/types\/product"}],"wp:featuredmedia":[{"embeddable":true,"href":"https:\/\/ambassadebeaute.al\/sq\/wp-json\/wp\/v2\/media\/2104"}],"wp:attachment":[{"href":"https:\/\/ambassadebeaute.al\/sq\/wp-json\/wp\/v2\/media?parent=174"}],"wp:term":[{"taxonomy":"product_brand","embeddable":true,"href":"https:\/\/ambassadebeaute.al\/sq\/wp-json\/wp\/v2\/product_brand?post=174"},{"taxonomy":"product_cat","embeddable":true,"href":"https:\/\/ambassadebeaute.al\/sq\/wp-json\/wp\/v2\/product_cat?post=174"},{"taxonomy":"product_tag","embeddable":true,"href":"https:\/\/ambassadebeaute.al\/sq\/wp-json\/wp\/v2\/product_tag?post=174"}],"curies":[{"name":"wp","href":"https:\/\/api.w.org\/{rel}","templated":true}]}}