{"id":180,"date":"2020-02-11T21:17:39","date_gmt":"2020-02-11T21:17:39","guid":{"rendered":"https:\/\/faceology.net\/product\/lipogen-ac-100ml\/"},"modified":"2026-03-27T20:35:45","modified_gmt":"2026-03-27T20:35:45","slug":"-27","status":"publish","type":"product","link":"https:\/\/ambassadebeaute.al\/sq\/shop\/br\/body-products\/body-oils-treatments\/lipogen-ac-100ml\/","title":{"rendered":"LIPOGEN AC 100ml"},"content":{"rendered":"<div class=\"translation-block\">\n<ul><li>\nN\u00eb m\u00ebnyr\u00eb t\u00eb dukshme p\u00ebrmir\u00ebson pamjen e celulitit dhe vrimave<\/li>\n<li>Redukton efektin \"l\u00ebvore portokalli\"<\/li>\n<li>Aktivizon kullimin dhe qarkullimin<\/li>\n<li>L\u00ebkura \u00ebsht\u00eb m\u00eb e tonifikuar, m\u00eb e but\u00eb dhe m\u00eb e fort\u00eb n\u00eb prekje<\/li>\n<li>Zbut l\u00ebkur\u00ebn nd\u00ebrsa zvog\u00eblon dhimbjen kur pickohet<\/li><\/ul>\n<\/div>","protected":false},"excerpt":{"rendered":"<p class=\" translation-block\">Lipogen AC \u00ebsht\u00eb vaj p\u00ebr kujdesin ndaj l\u00ebkur\u00ebs, i cili e p\u00ebrmir\u00ebson duksh\u00ebm gjendjen e l\u00ebkur\u00ebs t\u00eb ashtuquajtur \u201cl\u00ebvore e portokallit\u201d. Formula e tij, e pasur me p\u00ebrmbajt\u00ebs aktiv t\u00eb koncentruar, ndihmon reduktimin e celulitit dhe e b\u00ebn l\u00ebkur\u00ebn dhe tenin e saj\u00eb m\u00eb t\u00eb bukur. Grop\u00ebzat e sh\u00ebmtuara t\u00eb celulitit eliminohen, dhe k\u00ebshtu krijohet nj\u00eb figur\u00eb m\u00eb e bukur e trupit.<\/p>","protected":false},"featured_media":2088,"template":"","meta":{"_uag_custom_page_level_css":"","site-sidebar-layout":"default","site-content-layout":"","ast-site-content-layout":"default","site-content-style":"default","site-sidebar-style":"default","ast-global-header-display":"","ast-banner-title-visibility":"","ast-main-header-display":"","ast-hfb-above-header-display":"","ast-hfb-below-header-display":"","ast-hfb-mobile-header-display":"","site-post-title":"","ast-breadcrumbs-content":"","ast-featured-img":"","footer-sml-layout":"","ast-disable-related-posts":"","theme-transparent-header-meta":"","adv-header-id-meta":"","stick-header-meta":"","header-above-stick-meta":"","header-main-stick-meta":"","header-below-stick-meta":"","astra-migrate-meta-layouts":"default","ast-page-background-enabled":"default","ast-page-background-meta":{"desktop":{"background-color":"var(--ast-global-color-4)","background-image":"","background-repeat":"repeat","background-position":"center center","background-size":"auto","background-attachment":"scroll","background-type":"","background-media":"","overlay-type":"","overlay-color":"","overlay-opacity":"","overlay-gradient":""},"tablet":{"background-color":"","background-image":"","background-repeat":"repeat","background-position":"center center","background-size":"auto","background-attachment":"scroll","background-type":"","background-media":"","overlay-type":"","overlay-color":"","overlay-opacity":"","overlay-gradient":""},"mobile":{"background-color":"","background-image":"","background-repeat":"repeat","background-position":"center center","background-size":"auto","background-attachment":"scroll","background-type":"","background-media":"","overlay-type":"","overlay-color":"","overlay-opacity":"","overlay-gradient":""}},"ast-content-background-meta":{"desktop":{"background-color":"var(--ast-global-color-5)","background-image":"","background-repeat":"repeat","background-position":"center center","background-size":"auto","background-attachment":"scroll","background-type":"","background-media":"","overlay-type":"","overlay-color":"","overlay-opacity":"","overlay-gradient":""},"tablet":{"background-color":"var(--ast-global-color-5)","background-image":"","background-repeat":"repeat","background-position":"center center","background-size":"auto","background-attachment":"scroll","background-type":"","background-media":"","overlay-type":"","overlay-color":"","overlay-opacity":"","overlay-gradient":""},"mobile":{"background-color":"var(--ast-global-color-5)","background-image":"","background-repeat":"repeat","background-position":"center center","background-size":"auto","background-attachment":"scroll","background-type":"","background-media":"","overlay-type":"","overlay-color":"","overlay-opacity":"","overlay-gradient":""}}},"product_brand":[199],"product_cat":[27,70,131],"product_tag":[],"class_list":{"0":"post-180","1":"product","2":"type-product","3":"status-publish","4":"has-post-thumbnail","6":"product_brand-biologique-recherche","7":"product_cat-br","8":"product_cat-body-oils-treatments","9":"product_cat-body-products","10":"desktop-align-center","11":"tablet-align-center","12":"mobile-align-center","13":"ast-product-gallery-layout-vertical-slider","14":"ast-product-gallery-with-no-image","15":"ast-product-tabs-layout-horizontal","16":"ast-qv-on-image","18":"first","19":"instock","20":"virtual","21":"taxable","22":"purchasable","23":"product-type-simple"},"uagb_featured_image_src":{"full":["https:\/\/ambassadebeaute.al\/wp-content\/uploads\/2020\/02\/Lipogen-AC-100ml-1.jpg",1024,1024,false],"thumbnail":["https:\/\/ambassadebeaute.al\/wp-content\/uploads\/2020\/02\/Lipogen-AC-100ml-1-150x150.jpg",150,150,true],"medium":["https:\/\/ambassadebeaute.al\/wp-content\/uploads\/2020\/02\/Lipogen-AC-100ml-1-300x300.jpg",300,300,true],"medium_large":["https:\/\/ambassadebeaute.al\/wp-content\/uploads\/2020\/02\/Lipogen-AC-100ml-1-768x768.jpg",768,768,true],"large":["https:\/\/ambassadebeaute.al\/wp-content\/uploads\/2020\/02\/Lipogen-AC-100ml-1-1024x1024.jpg",1024,1024,true],"1536x1536":["https:\/\/ambassadebeaute.al\/wp-content\/uploads\/2020\/02\/Lipogen-AC-100ml-1.jpg",1024,1024,false],"2048x2048":["https:\/\/ambassadebeaute.al\/wp-content\/uploads\/2020\/02\/Lipogen-AC-100ml-1.jpg",1024,1024,false],"trp-custom-language-flag":["https:\/\/ambassadebeaute.al\/wp-content\/uploads\/2020\/02\/Lipogen-AC-100ml-1.jpg",12,12,false],"woocommerce_thumbnail":["https:\/\/ambassadebeaute.al\/wp-content\/uploads\/2020\/02\/Lipogen-AC-100ml-1-300x300.jpg",300,300,true],"woocommerce_single":["https:\/\/ambassadebeaute.al\/wp-content\/uploads\/2020\/02\/Lipogen-AC-100ml-1-600x600.jpg",600,600,true],"woocommerce_gallery_thumbnail":["https:\/\/ambassadebeaute.al\/wp-content\/uploads\/2020\/02\/Lipogen-AC-100ml-1-100x100.jpg",100,100,true]},"uagb_author_info":{"display_name":"admin","author_link":"https:\/\/ambassadebeaute.al\/sq\/author\/"},"uagb_comment_info":0,"uagb_excerpt":"Lipogen AC is a skincare oil which visibly improves the \"orange peel\" effect. Its formula rich in concentrated active ingredients helps reduce the appearance of cellulite to make the skin firmer and more toned. Unsightly pits are eliminated, for a smoother figure.","_links":{"self":[{"href":"https:\/\/ambassadebeaute.al\/sq\/wp-json\/wp\/v2\/product\/180","targetHints":{"allow":["GET"]}}],"collection":[{"href":"https:\/\/ambassadebeaute.al\/sq\/wp-json\/wp\/v2\/product"}],"about":[{"href":"https:\/\/ambassadebeaute.al\/sq\/wp-json\/wp\/v2\/types\/product"}],"wp:featuredmedia":[{"embeddable":true,"href":"https:\/\/ambassadebeaute.al\/sq\/wp-json\/wp\/v2\/media\/2088"}],"wp:attachment":[{"href":"https:\/\/ambassadebeaute.al\/sq\/wp-json\/wp\/v2\/media?parent=180"}],"wp:term":[{"taxonomy":"product_brand","embeddable":true,"href":"https:\/\/ambassadebeaute.al\/sq\/wp-json\/wp\/v2\/product_brand?post=180"},{"taxonomy":"product_cat","embeddable":true,"href":"https:\/\/ambassadebeaute.al\/sq\/wp-json\/wp\/v2\/product_cat?post=180"},{"taxonomy":"product_tag","embeddable":true,"href":"https:\/\/ambassadebeaute.al\/sq\/wp-json\/wp\/v2\/product_tag?post=180"}],"curies":[{"name":"wp","href":"https:\/\/api.w.org\/{rel}","templated":true}]}}