{"id":189,"date":"2020-02-11T21:17:40","date_gmt":"2020-02-11T21:17:40","guid":{"rendered":"https:\/\/faceology.net\/product\/emulsion-renovatrice-mains-75-ml\/"},"modified":"2026-03-27T20:35:45","modified_gmt":"2026-03-27T20:35:45","slug":"emulsion-renovatrice-mains-75-ml","status":"publish","type":"product","link":"https:\/\/ambassadebeaute.al\/sq\/shop\/br\/body-products\/body-creams\/emulsion-renovatrice-mains-75-ml\/","title":{"rendered":"EMULSION RENOVATRICE MAINS 75 ml"},"content":{"rendered":"<div class=\"translation-block\">\nRezultati: epiderma \u00ebsht\u00eb e hidratuar, e but\u00eb dhe e nj\u00ebtrajtshme. Emulsioni krijon nj\u00eb shtres\u00eb t\u00eb holl\u00eb mbrojt\u00ebse n\u00eb sip\u00ebrfaqe t\u00eb l\u00ebkur\u00ebs e cila e mbron at\u00eb nga ndikimet e faktor\u00ebve t\u00eb jasht\u00ebm. Thonjt\u00eb jan\u00eb m\u00eb t\u00eb fort\u00eb. Tretmani i rinovuar p\u00ebr duart dhe thonjt\u00eb e juaj.\n\n<Ul>\n<li> Mbron l\u00ebkur\u00ebn nga agresionet klimatike (era, dielli, i ftohti). <\/li>\n<li> Z\u00ebvend\u00ebson mang\u00ebsit\u00eb e epiderm\u00ebs n\u00eb substancat yndyrore. <\/li>\n<li> Rigjeneron, ristrukturon dhe rikondicionon duksh\u00ebm epiderm\u00ebn. <\/li>\n<li> Krijon nj\u00eb ndjenj\u00eb t\u00eb rehatshme, sapo q\u00eb t\u00eb aplikohet dhe zgjat\u00eb gjith\u00eb dit\u00ebs. <\/li>\n<li> Hidraton shtresat e sip\u00ebrme t\u00eb epiderm\u00ebs <\/li>\n<li> Nj\u00eb trajtim shum\u00eb p\u00ebrfitues p\u00ebr t\u00eb luftuar \u00e7ekuilibrat n\u00eb duar t\u00eb thata. <\/li>\n<li> Barriera epidermale \u00ebsht\u00eb rikonstruktuar, duke siguruar mbrojtje m\u00eb t\u00eb mir\u00eb kund\u00ebr ashp\u00ebrsis\u00eb s\u00eb dimrit dhe that\u00ebsis\u00eb s\u00eb ver\u00ebs. <\/li>\n<li> P\u00ebrhapet shpejt pa l\u00ebn\u00eb nj\u00eb film me yndyr\u00eb k\u00ebshtu q\u00eb mund t\u00eb aplikohet n\u00eb \u00e7do koh\u00eb t\u00eb dit\u00ebs. <\/li>\n<li> Mbron duart p\u00ebr t\u00eb p\u00ebrballuar nevojat e p\u00ebrditshme. <\/li>\n<li> Nj\u00eb formul\u00eb e krijuar fillimisht dhe e zhvilluar p\u00ebr pasagjer\u00ebt e Klasit t\u00eb par\u00eb Air France. <\/li>\n<\/ Ul>\n<\/div>","protected":false},"excerpt":{"rendered":"<p class=\" translation-block\">P\u00ebrshkrimi i produktit: Emulsion Renovatrice Mains \u00ebsht\u00eb emulsion p\u00ebr hidratim dhe p\u00ebr rinovim, i cili ndihmon rikthimin e shtres\u00ebs ujore-yndyrore t\u00eb l\u00ebkur\u00ebs s\u00eb duarve t\u00eb that\u00eb, t\u00eb ngurt\u00eb (keratinuar) apo edhe asaj t\u00eb ndjeshme. P\u00ebrmbajtja e tij e mir\u00eb ofron hidratim intensiv t\u00eb duarve dhe e ushqen l\u00ebkur\u00ebn e that\u00eb dhe t\u00eb ngurt\u00ebsuar. Kombinimi i yndyrave t\u00eb mjedr\u00ebs, Sacha Inchi dhe t\u00eb pambukut, e forcon shtres\u00ebn ujore-yndyrore t\u00eb l\u00ebkur\u00ebs s\u00eb that\u00eb dhe t\u00eb d\u00ebmtuar t\u00eb duarve. Ky krem luksoz dhe ushqyes p\u00ebr l\u00ebkur\u00ebn e ndjeshme dhe t\u00eb d\u00ebmtuar t\u00eb duarve, p\u00ebrmban uj\u00eb qelizash t\u00eb frytit Kiwi, i cili \u00ebsht\u00eb i pasur me vitamina A dhe C, p\u00ebrmbajtje p\u00ebr hidratim si acidi \u201cHyaluronic\u201d, p\u00ebrmbajtja q\u00eb e rikthen faktorin natyral t\u00eb hidratimit (NMF) si dhe p\u00ebrmbajtje aktive p\u00ebr rigjenerim si ekstrakti Mimosa Tenuiflora. Emulsioni Renovatrice Mains p\u00ebrmban edhe ekstrakt t\u00eb limonit i cili ndihmon n\u00eb luftimin e degjenerimeve t\u00eb l\u00ebkur\u00ebs q\u00eb paraqiten me mosh\u00eb<\/p>","protected":false},"featured_media":2085,"template":"","meta":{"_uag_custom_page_level_css":"","site-sidebar-layout":"default","site-content-layout":"","ast-site-content-layout":"default","site-content-style":"default","site-sidebar-style":"default","ast-global-header-display":"","ast-banner-title-visibility":"","ast-main-header-display":"","ast-hfb-above-header-display":"","ast-hfb-below-header-display":"","ast-hfb-mobile-header-display":"","site-post-title":"","ast-breadcrumbs-content":"","ast-featured-img":"","footer-sml-layout":"","ast-disable-related-posts":"","theme-transparent-header-meta":"","adv-header-id-meta":"","stick-header-meta":"","header-above-stick-meta":"","header-main-stick-meta":"","header-below-stick-meta":"","astra-migrate-meta-layouts":"default","ast-page-background-enabled":"default","ast-page-background-meta":{"desktop":{"background-color":"var(--ast-global-color-4)","background-image":"","background-repeat":"repeat","background-position":"center center","background-size":"auto","background-attachment":"scroll","background-type":"","background-media":"","overlay-type":"","overlay-color":"","overlay-opacity":"","overlay-gradient":""},"tablet":{"background-color":"","background-image":"","background-repeat":"repeat","background-position":"center center","background-size":"auto","background-attachment":"scroll","background-type":"","background-media":"","overlay-type":"","overlay-color":"","overlay-opacity":"","overlay-gradient":""},"mobile":{"background-color":"","background-image":"","background-repeat":"repeat","background-position":"center center","background-size":"auto","background-attachment":"scroll","background-type":"","background-media":"","overlay-type":"","overlay-color":"","overlay-opacity":"","overlay-gradient":""}},"ast-content-background-meta":{"desktop":{"background-color":"var(--ast-global-color-5)","background-image":"","background-repeat":"repeat","background-position":"center center","background-size":"auto","background-attachment":"scroll","background-type":"","background-media":"","overlay-type":"","overlay-color":"","overlay-opacity":"","overlay-gradient":""},"tablet":{"background-color":"var(--ast-global-color-5)","background-image":"","background-repeat":"repeat","background-position":"center center","background-size":"auto","background-attachment":"scroll","background-type":"","background-media":"","overlay-type":"","overlay-color":"","overlay-opacity":"","overlay-gradient":""},"mobile":{"background-color":"var(--ast-global-color-5)","background-image":"","background-repeat":"repeat","background-position":"center center","background-size":"auto","background-attachment":"scroll","background-type":"","background-media":"","overlay-type":"","overlay-color":"","overlay-opacity":"","overlay-gradient":""}}},"product_brand":[199],"product_cat":[27,62,63],"product_tag":[],"class_list":{"0":"post-189","1":"product","2":"type-product","3":"status-publish","4":"has-post-thumbnail","6":"product_brand-biologique-recherche","7":"product_cat-br","8":"product_cat-body-creams","9":"product_cat-hand-creams","10":"desktop-align-center","11":"tablet-align-center","12":"mobile-align-center","13":"ast-product-gallery-layout-vertical-slider","14":"ast-product-gallery-with-no-image","15":"ast-product-tabs-layout-horizontal","16":"ast-qv-on-image","18":"first","19":"instock","20":"virtual","21":"taxable","22":"purchasable","23":"product-type-simple"},"uagb_featured_image_src":{"full":["https:\/\/ambassadebeaute.al\/wp-content\/uploads\/2020\/02\/Emulsion-Renovatrice-Mains-75ml-1.jpg",1024,1024,false],"thumbnail":["https:\/\/ambassadebeaute.al\/wp-content\/uploads\/2020\/02\/Emulsion-Renovatrice-Mains-75ml-1-150x150.jpg",150,150,true],"medium":["https:\/\/ambassadebeaute.al\/wp-content\/uploads\/2020\/02\/Emulsion-Renovatrice-Mains-75ml-1-300x300.jpg",300,300,true],"medium_large":["https:\/\/ambassadebeaute.al\/wp-content\/uploads\/2020\/02\/Emulsion-Renovatrice-Mains-75ml-1-768x768.jpg",768,768,true],"large":["https:\/\/ambassadebeaute.al\/wp-content\/uploads\/2020\/02\/Emulsion-Renovatrice-Mains-75ml-1-1024x1024.jpg",1024,1024,true],"1536x1536":["https:\/\/ambassadebeaute.al\/wp-content\/uploads\/2020\/02\/Emulsion-Renovatrice-Mains-75ml-1.jpg",1024,1024,false],"2048x2048":["https:\/\/ambassadebeaute.al\/wp-content\/uploads\/2020\/02\/Emulsion-Renovatrice-Mains-75ml-1.jpg",1024,1024,false],"trp-custom-language-flag":["https:\/\/ambassadebeaute.al\/wp-content\/uploads\/2020\/02\/Emulsion-Renovatrice-Mains-75ml-1.jpg",12,12,false],"woocommerce_thumbnail":["https:\/\/ambassadebeaute.al\/wp-content\/uploads\/2020\/02\/Emulsion-Renovatrice-Mains-75ml-1-300x300.jpg",300,300,true],"woocommerce_single":["https:\/\/ambassadebeaute.al\/wp-content\/uploads\/2020\/02\/Emulsion-Renovatrice-Mains-75ml-1-600x600.jpg",600,600,true],"woocommerce_gallery_thumbnail":["https:\/\/ambassadebeaute.al\/wp-content\/uploads\/2020\/02\/Emulsion-Renovatrice-Mains-75ml-1-100x100.jpg",100,100,true]},"uagb_author_info":{"display_name":"admin","author_link":"https:\/\/ambassadebeaute.al\/sq\/author\/"},"uagb_comment_info":0,"uagb_excerpt":"For every type of skin. Hydrates, protects, and prevents hands from looking old. This hand cream strengthens the nails, restores the skin\u2019s pH and leaves a protective coating on the surface protecting hands from environmental elements.","_links":{"self":[{"href":"https:\/\/ambassadebeaute.al\/sq\/wp-json\/wp\/v2\/product\/189","targetHints":{"allow":["GET"]}}],"collection":[{"href":"https:\/\/ambassadebeaute.al\/sq\/wp-json\/wp\/v2\/product"}],"about":[{"href":"https:\/\/ambassadebeaute.al\/sq\/wp-json\/wp\/v2\/types\/product"}],"wp:featuredmedia":[{"embeddable":true,"href":"https:\/\/ambassadebeaute.al\/sq\/wp-json\/wp\/v2\/media\/2085"}],"wp:attachment":[{"href":"https:\/\/ambassadebeaute.al\/sq\/wp-json\/wp\/v2\/media?parent=189"}],"wp:term":[{"taxonomy":"product_brand","embeddable":true,"href":"https:\/\/ambassadebeaute.al\/sq\/wp-json\/wp\/v2\/product_brand?post=189"},{"taxonomy":"product_cat","embeddable":true,"href":"https:\/\/ambassadebeaute.al\/sq\/wp-json\/wp\/v2\/product_cat?post=189"},{"taxonomy":"product_tag","embeddable":true,"href":"https:\/\/ambassadebeaute.al\/sq\/wp-json\/wp\/v2\/product_tag?post=189"}],"curies":[{"name":"wp","href":"https:\/\/api.w.org\/{rel}","templated":true}]}}