{"id":193,"date":"2020-02-11T21:17:41","date_gmt":"2020-02-11T21:17:41","guid":{"rendered":"https:\/\/faceology.net\/product\/emulsion-mains-pigm-400-75ml\/"},"modified":"2026-03-27T20:35:25","modified_gmt":"2026-03-27T20:35:25","slug":"emulsion-mains-pigm-400-75ml","status":"publish","type":"product","link":"https:\/\/ambassadebeaute.al\/sq\/shop\/br\/body-products\/body-creams\/emulsion-mains-pigm-400-75ml\/","title":{"rendered":"EMULSION MAINS PIGM 400 75ML"},"content":{"rendered":"<div class=\"translation-block\">\n<ul><li> Unifikohet menj\u00ebher\u00eb, zvog\u00eblon \u00e7\u00ebshtjet e parregullsis\u00eb dhe ndri\u00e7on tonin e l\u00ebkur\u00ebs <\/li>\n<li> Zvog\u00eblon shfaqjen e njollave ekzistuese t\u00eb mosh\u00ebs <\/li>\n<li> Kufizon shfaqjen e njollave t\u00eb reja pigmentuese <\/li>\n<li> Ndri\u00e7on duart <\/li>\n<li> Rigjeneron, ristrukturon dhe riparon epiderm\u00ebn <\/li>\n<li> Mbron l\u00ebkur\u00ebn kund\u00ebr agresioneve t\u00eb motit (er\u00ebs, diellit, t\u00eb ftohtit) <\/li>\n<li> Jep nj\u00eb ndjenj\u00eb rehatije sa m\u00eb shpejt q\u00eb t\u00eb aplikohet q\u00eb zgjat gjat\u00eb gjith\u00eb dit\u00ebs <\/li>\n<li> Hidraton shtresat e jashtme t\u00eb epiderm\u00ebs <\/li><\/ul>\n<\/div>","protected":false},"excerpt":{"rendered":"<p class=\" translation-block\">P\u00ebrshkrimi i produktit: Emulsion Mains PIGM 400 \u00ebsht\u00eb krem me nj\u00eb koncentrik t\u00eb lart\u00eb t\u00eb p\u00ebrmbajtjeve aktive. Ai e redukton paraqitjen e njollave t\u00eb pigmentit, ndihmon pengimin e paraqitjes t\u00eb njollave t\u00eb reja n\u00eb duar dhe krijon n\u00eb l\u00ebkur\u00eb nj\u00eb barrier\u00eb mbrojt\u00ebse nga ndikimet jashtme negative. Andaj, duart jan\u00eb t\u00eb mbrojtura kurse l\u00ebkura b\u00ebhet e nj\u00ebtrajtshme. Ky tretman rekomandohet posa\u00e7\u00ebrisht p\u00ebr llojet e l\u00ebkurave t\u00eb pigmentuar, t\u00eb dehidruar dhe t\u00eb depiluar.<\/p>","protected":false},"featured_media":2075,"template":"","meta":{"_uag_custom_page_level_css":"","site-sidebar-layout":"default","site-content-layout":"","ast-site-content-layout":"default","site-content-style":"default","site-sidebar-style":"default","ast-global-header-display":"","ast-banner-title-visibility":"","ast-main-header-display":"","ast-hfb-above-header-display":"","ast-hfb-below-header-display":"","ast-hfb-mobile-header-display":"","site-post-title":"","ast-breadcrumbs-content":"","ast-featured-img":"","footer-sml-layout":"","ast-disable-related-posts":"","theme-transparent-header-meta":"","adv-header-id-meta":"","stick-header-meta":"","header-above-stick-meta":"","header-main-stick-meta":"","header-below-stick-meta":"","astra-migrate-meta-layouts":"default","ast-page-background-enabled":"default","ast-page-background-meta":{"desktop":{"background-color":"var(--ast-global-color-4)","background-image":"","background-repeat":"repeat","background-position":"center center","background-size":"auto","background-attachment":"scroll","background-type":"","background-media":"","overlay-type":"","overlay-color":"","overlay-opacity":"","overlay-gradient":""},"tablet":{"background-color":"","background-image":"","background-repeat":"repeat","background-position":"center center","background-size":"auto","background-attachment":"scroll","background-type":"","background-media":"","overlay-type":"","overlay-color":"","overlay-opacity":"","overlay-gradient":""},"mobile":{"background-color":"","background-image":"","background-repeat":"repeat","background-position":"center center","background-size":"auto","background-attachment":"scroll","background-type":"","background-media":"","overlay-type":"","overlay-color":"","overlay-opacity":"","overlay-gradient":""}},"ast-content-background-meta":{"desktop":{"background-color":"var(--ast-global-color-5)","background-image":"","background-repeat":"repeat","background-position":"center center","background-size":"auto","background-attachment":"scroll","background-type":"","background-media":"","overlay-type":"","overlay-color":"","overlay-opacity":"","overlay-gradient":""},"tablet":{"background-color":"var(--ast-global-color-5)","background-image":"","background-repeat":"repeat","background-position":"center center","background-size":"auto","background-attachment":"scroll","background-type":"","background-media":"","overlay-type":"","overlay-color":"","overlay-opacity":"","overlay-gradient":""},"mobile":{"background-color":"var(--ast-global-color-5)","background-image":"","background-repeat":"repeat","background-position":"center center","background-size":"auto","background-attachment":"scroll","background-type":"","background-media":"","overlay-type":"","overlay-color":"","overlay-opacity":"","overlay-gradient":""}}},"product_brand":[199],"product_cat":[27,62,131],"product_tag":[],"class_list":{"0":"post-193","1":"product","2":"type-product","3":"status-publish","4":"has-post-thumbnail","6":"product_brand-biologique-recherche","7":"product_cat-br","8":"product_cat-body-creams","9":"product_cat-body-products","10":"desktop-align-center","11":"tablet-align-center","12":"mobile-align-center","13":"ast-product-gallery-layout-vertical-slider","14":"ast-product-gallery-with-no-image","15":"ast-product-tabs-layout-horizontal","16":"ast-qv-on-image","18":"first","19":"instock","20":"virtual","21":"taxable","22":"purchasable","23":"product-type-simple"},"uagb_featured_image_src":{"full":["https:\/\/ambassadebeaute.al\/wp-content\/uploads\/2020\/02\/Emulsion-Mains-Pigm-400-75ml-1.jpg",1024,1024,false],"thumbnail":["https:\/\/ambassadebeaute.al\/wp-content\/uploads\/2020\/02\/Emulsion-Mains-Pigm-400-75ml-1-150x150.jpg",150,150,true],"medium":["https:\/\/ambassadebeaute.al\/wp-content\/uploads\/2020\/02\/Emulsion-Mains-Pigm-400-75ml-1-300x300.jpg",300,300,true],"medium_large":["https:\/\/ambassadebeaute.al\/wp-content\/uploads\/2020\/02\/Emulsion-Mains-Pigm-400-75ml-1-768x768.jpg",768,768,true],"large":["https:\/\/ambassadebeaute.al\/wp-content\/uploads\/2020\/02\/Emulsion-Mains-Pigm-400-75ml-1-1024x1024.jpg",1024,1024,true],"1536x1536":["https:\/\/ambassadebeaute.al\/wp-content\/uploads\/2020\/02\/Emulsion-Mains-Pigm-400-75ml-1.jpg",1024,1024,false],"2048x2048":["https:\/\/ambassadebeaute.al\/wp-content\/uploads\/2020\/02\/Emulsion-Mains-Pigm-400-75ml-1.jpg",1024,1024,false],"trp-custom-language-flag":["https:\/\/ambassadebeaute.al\/wp-content\/uploads\/2020\/02\/Emulsion-Mains-Pigm-400-75ml-1.jpg",12,12,false],"woocommerce_thumbnail":["https:\/\/ambassadebeaute.al\/wp-content\/uploads\/2020\/02\/Emulsion-Mains-Pigm-400-75ml-1-300x300.jpg",300,300,true],"woocommerce_single":["https:\/\/ambassadebeaute.al\/wp-content\/uploads\/2020\/02\/Emulsion-Mains-Pigm-400-75ml-1-600x600.jpg",600,600,true],"woocommerce_gallery_thumbnail":["https:\/\/ambassadebeaute.al\/wp-content\/uploads\/2020\/02\/Emulsion-Mains-Pigm-400-75ml-1-100x100.jpg",100,100,true]},"uagb_author_info":{"display_name":"admin","author_link":"https:\/\/ambassadebeaute.al\/sq\/author\/"},"uagb_comment_info":0,"uagb_excerpt":"Emulsion Mains PIGM 400 is a cream with a high concentration of active ingredients. It reduces the appearance of pigmentary spots, helps prevent the appearance of new spots on the hands and creates a protective barrier on skin against external aggressions. Hands are thereby protected and skin is evened out. This treatment is especially recommended&hellip;","_links":{"self":[{"href":"https:\/\/ambassadebeaute.al\/sq\/wp-json\/wp\/v2\/product\/193","targetHints":{"allow":["GET"]}}],"collection":[{"href":"https:\/\/ambassadebeaute.al\/sq\/wp-json\/wp\/v2\/product"}],"about":[{"href":"https:\/\/ambassadebeaute.al\/sq\/wp-json\/wp\/v2\/types\/product"}],"wp:featuredmedia":[{"embeddable":true,"href":"https:\/\/ambassadebeaute.al\/sq\/wp-json\/wp\/v2\/media\/2075"}],"wp:attachment":[{"href":"https:\/\/ambassadebeaute.al\/sq\/wp-json\/wp\/v2\/media?parent=193"}],"wp:term":[{"taxonomy":"product_brand","embeddable":true,"href":"https:\/\/ambassadebeaute.al\/sq\/wp-json\/wp\/v2\/product_brand?post=193"},{"taxonomy":"product_cat","embeddable":true,"href":"https:\/\/ambassadebeaute.al\/sq\/wp-json\/wp\/v2\/product_cat?post=193"},{"taxonomy":"product_tag","embeddable":true,"href":"https:\/\/ambassadebeaute.al\/sq\/wp-json\/wp\/v2\/product_tag?post=193"}],"curies":[{"name":"wp","href":"https:\/\/api.w.org\/{rel}","templated":true}]}}