{"id":207,"date":"2020-02-11T21:17:47","date_gmt":"2020-02-11T21:17:47","guid":{"rendered":"https:\/\/faceology.net\/product\/gant-de-massage-corps\/"},"modified":"2026-03-27T20:35:24","modified_gmt":"2026-03-27T20:35:24","slug":"gant-de-masazh-trupi","status":"publish","type":"product","link":"https:\/\/ambassadebeaute.al\/sq\/shop\/br\/body-products\/gant-de-massage-corps\/","title":{"rendered":"KORPS GANT DE MASSAGE"},"content":{"rendered":"","protected":false},"excerpt":{"rendered":"<p>P\u00ebrshkrimi i produktit: doreza p\u00ebr masazh e Biologique Recherche \u00ebsht\u00eb nj\u00eb mjet ndihm\u00ebs (aksesor) q\u00eb ndihmon absorbimin e p\u00ebrb\u00ebr\u00ebsve aktiv\u00eb dhe rrit rezultatet e tretmanit. \u00cbsht\u00eb e modeluar p\u00ebr t\u2019a mund\u00ebsuar qarkullimin e energjis\u00eb s\u00eb l\u00ebkur\u00ebs. Nj\u00ebra an\u00eb \u00ebsht\u00eb e mbuluar me thumba t\u00eb trasha p\u00ebr t\u00eb p\u00ebrgatitur l\u00ebkur\u00ebn dhe p\u00ebr t\u2019a iniciuar dep\u00ebrtimin e p\u00ebrb\u00ebr\u00ebsve aktiv. Ana tjet\u00ebr ka thumba t\u00eb but\u00eb p\u00ebr t\u00eb liruar dhe eliminuar yndyr\u00ebn e grumbulluar t\u00eb ngurt\u00eb. Kjo dorez\u00eb silikoni \u00ebsht\u00eb shum\u00eb e leht\u00eb p\u00ebr p\u00ebrdorim dhe mund t\u00eb p\u00ebrdoret p\u00ebr t\u00eb ri-modeluar gjith\u00eb trupin. \u00cbsht\u00eb ideale p\u00ebr t\u2019a p\u00ebrdorur s\u00ebbashku me produkte t\u00eb ndryshme t\u00eb Biologique Recherche (eliminuesit e qelizave t\u00eb vdekura, preparatet p\u00ebr lag\u00ebshti t\u00eb l\u00ebkur\u00ebs, kremrat p\u00ebr bukuri t\u00eb l\u00ebkur\u00ebs, etj.).<\/p>","protected":false},"featured_media":2063,"template":"","meta":{"_uag_custom_page_level_css":"","site-sidebar-layout":"default","site-content-layout":"","ast-site-content-layout":"default","site-content-style":"default","site-sidebar-style":"default","ast-global-header-display":"","ast-banner-title-visibility":"","ast-main-header-display":"","ast-hfb-above-header-display":"","ast-hfb-below-header-display":"","ast-hfb-mobile-header-display":"","site-post-title":"","ast-breadcrumbs-content":"","ast-featured-img":"","footer-sml-layout":"","ast-disable-related-posts":"","theme-transparent-header-meta":"","adv-header-id-meta":"","stick-header-meta":"","header-above-stick-meta":"","header-main-stick-meta":"","header-below-stick-meta":"","astra-migrate-meta-layouts":"default","ast-page-background-enabled":"default","ast-page-background-meta":{"desktop":{"background-color":"var(--ast-global-color-4)","background-image":"","background-repeat":"repeat","background-position":"center center","background-size":"auto","background-attachment":"scroll","background-type":"","background-media":"","overlay-type":"","overlay-color":"","overlay-opacity":"","overlay-gradient":""},"tablet":{"background-color":"","background-image":"","background-repeat":"repeat","background-position":"center center","background-size":"auto","background-attachment":"scroll","background-type":"","background-media":"","overlay-type":"","overlay-color":"","overlay-opacity":"","overlay-gradient":""},"mobile":{"background-color":"","background-image":"","background-repeat":"repeat","background-position":"center center","background-size":"auto","background-attachment":"scroll","background-type":"","background-media":"","overlay-type":"","overlay-color":"","overlay-opacity":"","overlay-gradient":""}},"ast-content-background-meta":{"desktop":{"background-color":"var(--ast-global-color-5)","background-image":"","background-repeat":"repeat","background-position":"center center","background-size":"auto","background-attachment":"scroll","background-type":"","background-media":"","overlay-type":"","overlay-color":"","overlay-opacity":"","overlay-gradient":""},"tablet":{"background-color":"var(--ast-global-color-5)","background-image":"","background-repeat":"repeat","background-position":"center center","background-size":"auto","background-attachment":"scroll","background-type":"","background-media":"","overlay-type":"","overlay-color":"","overlay-opacity":"","overlay-gradient":""},"mobile":{"background-color":"var(--ast-global-color-5)","background-image":"","background-repeat":"repeat","background-position":"center center","background-size":"auto","background-attachment":"scroll","background-type":"","background-media":"","overlay-type":"","overlay-color":"","overlay-opacity":"","overlay-gradient":""}}},"product_brand":[199],"product_cat":[27,131,54],"product_tag":[55,56],"class_list":{"0":"post-207","1":"product","2":"type-product","3":"status-publish","4":"has-post-thumbnail","6":"product_brand-biologique-recherche","7":"product_cat-br","8":"product_cat-body-products","9":"product_cat-tools","10":"product_tag-accessories","11":"product_tag-biologique-recherche","12":"desktop-align-center","13":"tablet-align-center","14":"mobile-align-center","15":"ast-product-gallery-layout-vertical-slider","16":"ast-product-gallery-with-no-image","17":"ast-product-tabs-layout-horizontal","18":"ast-qv-on-image","20":"first","21":"instock","22":"virtual","23":"taxable","24":"purchasable","25":"product-type-simple"},"uagb_featured_image_src":{"full":["https:\/\/ambassadebeaute.al\/wp-content\/uploads\/2020\/02\/bodyGlove-1.jpg",1024,1024,false],"thumbnail":["https:\/\/ambassadebeaute.al\/wp-content\/uploads\/2020\/02\/bodyGlove-1-150x150.jpg",150,150,true],"medium":["https:\/\/ambassadebeaute.al\/wp-content\/uploads\/2020\/02\/bodyGlove-1-300x300.jpg",300,300,true],"medium_large":["https:\/\/ambassadebeaute.al\/wp-content\/uploads\/2020\/02\/bodyGlove-1-768x768.jpg",768,768,true],"large":["https:\/\/ambassadebeaute.al\/wp-content\/uploads\/2020\/02\/bodyGlove-1-1024x1024.jpg",1024,1024,true],"1536x1536":["https:\/\/ambassadebeaute.al\/wp-content\/uploads\/2020\/02\/bodyGlove-1.jpg",1024,1024,false],"2048x2048":["https:\/\/ambassadebeaute.al\/wp-content\/uploads\/2020\/02\/bodyGlove-1.jpg",1024,1024,false],"trp-custom-language-flag":["https:\/\/ambassadebeaute.al\/wp-content\/uploads\/2020\/02\/bodyGlove-1.jpg",12,12,false],"woocommerce_thumbnail":["https:\/\/ambassadebeaute.al\/wp-content\/uploads\/2020\/02\/bodyGlove-1-300x300.jpg",300,300,true],"woocommerce_single":["https:\/\/ambassadebeaute.al\/wp-content\/uploads\/2020\/02\/bodyGlove-1-600x600.jpg",600,600,true],"woocommerce_gallery_thumbnail":["https:\/\/ambassadebeaute.al\/wp-content\/uploads\/2020\/02\/bodyGlove-1-100x100.jpg",100,100,true]},"uagb_author_info":{"display_name":"admin","author_link":"https:\/\/ambassadebeaute.al\/sq\/author\/"},"uagb_comment_info":0,"uagb_excerpt":"The Biologique Recherche Massage Glove is an accessory that helps absorption of active ingredients and enhances treatment results. Its design accounts for the skin\u2019s energy flows. One side is covered in thick spikes to prepare the skin and encourage the penetration of active ingredients. The other side has fine spikes to loosen and eliminate stubborn&hellip;","_links":{"self":[{"href":"https:\/\/ambassadebeaute.al\/sq\/wp-json\/wp\/v2\/product\/207","targetHints":{"allow":["GET"]}}],"collection":[{"href":"https:\/\/ambassadebeaute.al\/sq\/wp-json\/wp\/v2\/product"}],"about":[{"href":"https:\/\/ambassadebeaute.al\/sq\/wp-json\/wp\/v2\/types\/product"}],"wp:featuredmedia":[{"embeddable":true,"href":"https:\/\/ambassadebeaute.al\/sq\/wp-json\/wp\/v2\/media\/2063"}],"wp:attachment":[{"href":"https:\/\/ambassadebeaute.al\/sq\/wp-json\/wp\/v2\/media?parent=207"}],"wp:term":[{"taxonomy":"product_brand","embeddable":true,"href":"https:\/\/ambassadebeaute.al\/sq\/wp-json\/wp\/v2\/product_brand?post=207"},{"taxonomy":"product_cat","embeddable":true,"href":"https:\/\/ambassadebeaute.al\/sq\/wp-json\/wp\/v2\/product_cat?post=207"},{"taxonomy":"product_tag","embeddable":true,"href":"https:\/\/ambassadebeaute.al\/sq\/wp-json\/wp\/v2\/product_tag?post=207"}],"curies":[{"name":"wp","href":"https:\/\/api.w.org\/{rel}","templated":true}]}}