{"id":2760,"date":"2022-04-01T17:45:40","date_gmt":"2022-04-01T17:45:40","guid":{"rendered":"https:\/\/ambassadebeaute.al\/?post_type=product&#038;p=2760"},"modified":"2026-03-27T20:35:24","modified_gmt":"2026-03-27T20:35:24","slug":"serum-iso-placenta-authentique","status":"publish","type":"product","link":"https:\/\/ambassadebeaute.al\/sq\/shop\/br\/face\/face-serums\/iso-placenta-serum-authentique\/","title":{"rendered":"ISO PLACENTA SERUM AUTENTIQUE"},"content":{"rendered":"<p>Veprimet<\/p>\n<ul>\n<li>Korigjon gjurm\u00ebt e akneve<\/li>\n<li>Rregullon sintez\u00ebn e faktor\u00ebve t\u00eb rritjes p\u00ebr t\u00eb mb\u00ebshtetur rritjen, diferencimin dhe migrimin e qelizave<\/li>\n<li>Rigjeneron dhe p\u00ebrmir\u00ebson restaurimin e l\u00ebkur\u00ebs<\/li>\n<li>Zbut mikrorelievin e l\u00ebkur\u00ebs<\/li>\n<li>Redukton skuqjen dhe shenjat<\/li>\n<li>Redukton njollat dhe fsheh njollat<\/li>\n<\/ul>\n<p>Sh\u00ebnim :<br \/>\n\u2013 Shmangni zon\u00ebn e syve.<br \/>\n\u2013 Vet\u00ebm p\u00ebrdorim i jasht\u00ebm.<\/p>","protected":false},"excerpt":{"rendered":"<p>* Anti Njolla * Post Akne * Rigjenerues<\/p>\n<p class=\"para-text-bold translation-block\">Serumi Iso-Placenta ka nj\u00eb veprim specifik rigjenerues n\u00eb l\u00ebkurat me prirje seborreike. Formula e saj unike p\u00ebrmban nj\u00eb p\u00ebrb\u00ebr\u00ebs aktiv, placent\u00ebn Biomimetike, e cila imiton p\u00ebrb\u00ebrjen e placent\u00ebs njer\u00ebzore p\u00ebr t'i siguruar l\u00ebkur\u00ebs t\u00eb gjith\u00eb element\u00ebt q\u00eb i nevojiten p\u00ebr t'u rigjeneruar.<br>\nNga nj\u00ebra an\u00eb, ai stimulon sh\u00ebnuesit kryesor\u00eb t\u00eb p\u00ebrfshir\u00eb n\u00eb mekanizmat e restaurimit t\u00eb epiderm\u00ebs p\u00ebr t\u00eb nxitur ristrukturimin e l\u00ebkur\u00ebs dhe korrigjuar mikroreliefin e saj. Nga ana tjet\u00ebr, qet\u00ebson l\u00ebkur\u00ebn p\u00ebr t\u00eb reduktuar skuqjen p\u00ebr shkak t\u00eb inflamacionit t\u00eb l\u00ebkur\u00ebs.<br>\nNdihmon n\u00eb zbutjen e shfaqjes s\u00eb gjurm\u00ebve t\u00eb vjetra dhe t\u00eb reja t\u00eb akneve. L\u00ebkura \u00ebsht\u00eb rigjeneruar dhe m\u00eb e l\u00ebmuar, \u00e7ehre \u00ebsht\u00eb e unifikuar. L\u00ebkurat e dob\u00ebsuara rifitojn\u00eb pamjen e tyre origjinale. Rekomandohet p\u00ebr Skin Instant\u00a9 me gjurm\u00eb aknesh.<\/p>\n<p class=\"para-text-bold\">Rekomandohet p\u00ebr Skin Instants\u00a9 intolerant.<sup>\u00a9<\/sup>\u00a0me gjurm\u00eb aknesh<\/p>","protected":false},"featured_media":2766,"template":"","meta":{"_uag_custom_page_level_css":"","site-sidebar-layout":"default","site-content-layout":"","ast-site-content-layout":"default","site-content-style":"default","site-sidebar-style":"default","ast-global-header-display":"","ast-banner-title-visibility":"","ast-main-header-display":"","ast-hfb-above-header-display":"","ast-hfb-below-header-display":"","ast-hfb-mobile-header-display":"","site-post-title":"","ast-breadcrumbs-content":"","ast-featured-img":"","footer-sml-layout":"","ast-disable-related-posts":"","theme-transparent-header-meta":"","adv-header-id-meta":"","stick-header-meta":"","header-above-stick-meta":"","header-main-stick-meta":"","header-below-stick-meta":"","astra-migrate-meta-layouts":"default","ast-page-background-enabled":"default","ast-page-background-meta":{"desktop":{"background-color":"var(--ast-global-color-4)","background-image":"","background-repeat":"repeat","background-position":"center center","background-size":"auto","background-attachment":"scroll","background-type":"","background-media":"","overlay-type":"","overlay-color":"","overlay-opacity":"","overlay-gradient":""},"tablet":{"background-color":"","background-image":"","background-repeat":"repeat","background-position":"center center","background-size":"auto","background-attachment":"scroll","background-type":"","background-media":"","overlay-type":"","overlay-color":"","overlay-opacity":"","overlay-gradient":""},"mobile":{"background-color":"","background-image":"","background-repeat":"repeat","background-position":"center center","background-size":"auto","background-attachment":"scroll","background-type":"","background-media":"","overlay-type":"","overlay-color":"","overlay-opacity":"","overlay-gradient":""}},"ast-content-background-meta":{"desktop":{"background-color":"var(--ast-global-color-5)","background-image":"","background-repeat":"repeat","background-position":"center center","background-size":"auto","background-attachment":"scroll","background-type":"","background-media":"","overlay-type":"","overlay-color":"","overlay-opacity":"","overlay-gradient":""},"tablet":{"background-color":"var(--ast-global-color-5)","background-image":"","background-repeat":"repeat","background-position":"center center","background-size":"auto","background-attachment":"scroll","background-type":"","background-media":"","overlay-type":"","overlay-color":"","overlay-opacity":"","overlay-gradient":""},"mobile":{"background-color":"var(--ast-global-color-5)","background-image":"","background-repeat":"repeat","background-position":"center center","background-size":"auto","background-attachment":"scroll","background-type":"","background-media":"","overlay-type":"","overlay-color":"","overlay-opacity":"","overlay-gradient":""}}},"product_brand":[199],"product_cat":[27,79,92],"product_tag":[148,56,133,150,149],"class_list":{"0":"post-2760","1":"product","2":"type-product","3":"status-publish","4":"has-post-thumbnail","6":"product_brand-biologique-recherche","7":"product_cat-br","8":"product_cat-face-serums","9":"product_cat-quintessential-serums","10":"product_tag-acne","11":"product_tag-biologique-recherche","12":"product_tag-face-products","13":"product_tag-quintessential-serum","14":"product_tag-regenerating","15":"desktop-align-center","16":"tablet-align-center","17":"mobile-align-center","18":"ast-product-gallery-layout-vertical-slider","19":"ast-product-single-variable","20":"ast-product-tabs-layout-horizontal","21":"ast-qv-on-image","23":"first","24":"instock","25":"taxable","26":"shipping-taxable","27":"purchasable","28":"product-type-variable","29":"has-default-attributes"},"uagb_featured_image_src":{"full":["https:\/\/ambassadebeaute.al\/wp-content\/uploads\/2022\/04\/Iso-Placenta30ML.jpg",1024,1024,false],"thumbnail":["https:\/\/ambassadebeaute.al\/wp-content\/uploads\/2022\/04\/Iso-Placenta30ML-150x150.jpg",150,150,true],"medium":["https:\/\/ambassadebeaute.al\/wp-content\/uploads\/2022\/04\/Iso-Placenta30ML-300x300.jpg",300,300,true],"medium_large":["https:\/\/ambassadebeaute.al\/wp-content\/uploads\/2022\/04\/Iso-Placenta30ML-768x768.jpg",768,768,true],"large":["https:\/\/ambassadebeaute.al\/wp-content\/uploads\/2022\/04\/Iso-Placenta30ML-1024x1024.jpg",1024,1024,true],"1536x1536":["https:\/\/ambassadebeaute.al\/wp-content\/uploads\/2022\/04\/Iso-Placenta30ML.jpg",1024,1024,false],"2048x2048":["https:\/\/ambassadebeaute.al\/wp-content\/uploads\/2022\/04\/Iso-Placenta30ML.jpg",1024,1024,false],"trp-custom-language-flag":["https:\/\/ambassadebeaute.al\/wp-content\/uploads\/2022\/04\/Iso-Placenta30ML-12x12.jpg",12,12,true],"woocommerce_thumbnail":["https:\/\/ambassadebeaute.al\/wp-content\/uploads\/2022\/04\/Iso-Placenta30ML-300x300.jpg",300,300,true],"woocommerce_single":["https:\/\/ambassadebeaute.al\/wp-content\/uploads\/2022\/04\/Iso-Placenta30ML-600x600.jpg",600,600,true],"woocommerce_gallery_thumbnail":["https:\/\/ambassadebeaute.al\/wp-content\/uploads\/2022\/04\/Iso-Placenta30ML-100x100.jpg",100,100,true]},"uagb_author_info":{"display_name":"admin","author_link":"https:\/\/ambassadebeaute.al\/sq\/author\/"},"uagb_comment_info":0,"uagb_excerpt":"\u2022 ANTI DARK SPOTS \u2022 POST ACNE \u2022 REGENERATING Iso-Placenta serum has a specific regenerating action on seborrheic-prone skins. Its unique formula contains an active ingredient, the Biomimetic placenta, which mimics the composition of human placenta to provide the skin with all the elements it needs to regenerate. On one hand, it stimulates the key&hellip;","_links":{"self":[{"href":"https:\/\/ambassadebeaute.al\/sq\/wp-json\/wp\/v2\/product\/2760","targetHints":{"allow":["GET"]}}],"collection":[{"href":"https:\/\/ambassadebeaute.al\/sq\/wp-json\/wp\/v2\/product"}],"about":[{"href":"https:\/\/ambassadebeaute.al\/sq\/wp-json\/wp\/v2\/types\/product"}],"wp:featuredmedia":[{"embeddable":true,"href":"https:\/\/ambassadebeaute.al\/sq\/wp-json\/wp\/v2\/media\/2766"}],"wp:attachment":[{"href":"https:\/\/ambassadebeaute.al\/sq\/wp-json\/wp\/v2\/media?parent=2760"}],"wp:term":[{"taxonomy":"product_brand","embeddable":true,"href":"https:\/\/ambassadebeaute.al\/sq\/wp-json\/wp\/v2\/product_brand?post=2760"},{"taxonomy":"product_cat","embeddable":true,"href":"https:\/\/ambassadebeaute.al\/sq\/wp-json\/wp\/v2\/product_cat?post=2760"},{"taxonomy":"product_tag","embeddable":true,"href":"https:\/\/ambassadebeaute.al\/sq\/wp-json\/wp\/v2\/product_tag?post=2760"}],"curies":[{"name":"wp","href":"https:\/\/api.w.org\/{rel}","templated":true}]}}