{"id":2771,"date":"2022-04-01T18:53:45","date_gmt":"2022-04-01T18:53:45","guid":{"rendered":"https:\/\/ambassadebeaute.al\/?post_type=product&#038;p=2771"},"modified":"2026-03-27T20:35:24","modified_gmt":"2026-03-27T20:35:24","slug":"lekure-toleske-m","status":"publish","type":"product","link":"https:\/\/ambassadebeaute.al\/sq\/shop\/br\/face\/face-masks\/toleskin-m\/","title":{"rendered":"Toleskin [M]"},"content":{"rendered":"<p>P\u00cbRFITIMET<\/p>\n<ul>\n<li>Ofron rehati p\u00ebr epiderm\u00ebn para ose pas nj\u00eb krize t\u00eb l\u00ebkur\u00ebs<\/li>\n<li>Qet\u00ebson menj\u00ebher\u00eb l\u00ebkur\u00ebn<\/li>\n<li>Qet\u00ebson skuqjen p\u00ebr t\u00eb rehatuar dhe qet\u00ebsuar l\u00ebkur\u00ebn<\/li>\n<li>Kufizon humbjen transepidermale t\u00eb ujit<\/li>\n<li>Rind\u00ebrton barrier\u00ebn e l\u00ebkur\u00ebs<\/li>\n<li>Mbron nga faktor\u00ebt e p\u00ebrditsh\u00ebm t\u00eb stresit t\u00eb jasht\u00ebm<\/li>\n<\/ul>","protected":false},"excerpt":{"rendered":"<p class=\"para-text text-uppercase mb-2 mt-4\">\u2022 ANTI REDNESS \u2022 SOOTHING \u2022 LIPID-REPLENISHING<\/p>\n<p class=\"para-text-bold\">An essential ally against skin reactions, Toleskin [M] is the \u00ab anti-atopy crisis \u00bb mask. Based on Balloon plant Extract, the ultimate soothing active ingredient, it will provide the necessary comfort to the epidermis before or after the skin outbreak. Its replenishing formula will provide the skin with the fatty acids required to limit water loss and truly strengthen the skin barrier.<br \/>\nIt immediately calms the redness, providing a comforting and soothing effect. The skin is left healthier and stronger, able to protect itself against the external aggressions of everyday life. Serum manufactured in a sterile environment. Tested under dermatological control.<\/p>\n<p class=\"para-text-bold\">Recommended for intolerant Skin Instants<sup>\u00a9<\/sup>.<\/p>\n","protected":false},"featured_media":2773,"template":"","meta":{"_uag_custom_page_level_css":"","site-sidebar-layout":"default","site-content-layout":"","ast-site-content-layout":"default","site-content-style":"default","site-sidebar-style":"default","ast-global-header-display":"","ast-banner-title-visibility":"","ast-main-header-display":"","ast-hfb-above-header-display":"","ast-hfb-below-header-display":"","ast-hfb-mobile-header-display":"","site-post-title":"","ast-breadcrumbs-content":"","ast-featured-img":"","footer-sml-layout":"","ast-disable-related-posts":"","theme-transparent-header-meta":"","adv-header-id-meta":"","stick-header-meta":"","header-above-stick-meta":"","header-main-stick-meta":"","header-below-stick-meta":"","astra-migrate-meta-layouts":"default","ast-page-background-enabled":"default","ast-page-background-meta":{"desktop":{"background-color":"var(--ast-global-color-4)","background-image":"","background-repeat":"repeat","background-position":"center center","background-size":"auto","background-attachment":"scroll","background-type":"","background-media":"","overlay-type":"","overlay-color":"","overlay-opacity":"","overlay-gradient":""},"tablet":{"background-color":"","background-image":"","background-repeat":"repeat","background-position":"center center","background-size":"auto","background-attachment":"scroll","background-type":"","background-media":"","overlay-type":"","overlay-color":"","overlay-opacity":"","overlay-gradient":""},"mobile":{"background-color":"","background-image":"","background-repeat":"repeat","background-position":"center center","background-size":"auto","background-attachment":"scroll","background-type":"","background-media":"","overlay-type":"","overlay-color":"","overlay-opacity":"","overlay-gradient":""}},"ast-content-background-meta":{"desktop":{"background-color":"var(--ast-global-color-5)","background-image":"","background-repeat":"repeat","background-position":"center center","background-size":"auto","background-attachment":"scroll","background-type":"","background-media":"","overlay-type":"","overlay-color":"","overlay-opacity":"","overlay-gradient":""},"tablet":{"background-color":"var(--ast-global-color-5)","background-image":"","background-repeat":"repeat","background-position":"center center","background-size":"auto","background-attachment":"scroll","background-type":"","background-media":"","overlay-type":"","overlay-color":"","overlay-opacity":"","overlay-gradient":""},"mobile":{"background-color":"var(--ast-global-color-5)","background-image":"","background-repeat":"repeat","background-position":"center center","background-size":"auto","background-attachment":"scroll","background-type":"","background-media":"","overlay-type":"","overlay-color":"","overlay-opacity":"","overlay-gradient":""}}},"product_brand":[199],"product_cat":[27,58],"product_tag":[137,56,133,138,151],"class_list":{"0":"post-2771","1":"product","2":"type-product","3":"status-publish","4":"has-post-thumbnail","6":"product_brand-biologique-recherche","7":"product_cat-br","8":"product_cat-face-masks","9":"product_tag-all-skin-types","10":"product_tag-biologique-recherche","11":"product_tag-face-products","12":"product_tag-hydrating","13":"product_tag-masks","14":"desktop-align-center","15":"tablet-align-center","16":"mobile-align-center","17":"ast-product-gallery-layout-vertical-slider","18":"ast-product-gallery-with-no-image","19":"ast-product-tabs-layout-horizontal","20":"ast-qv-on-image","22":"first","23":"instock","24":"taxable","25":"shipping-taxable","26":"purchasable","27":"product-type-simple"},"uagb_featured_image_src":{"full":["https:\/\/ambassadebeaute.al\/wp-content\/uploads\/2022\/04\/ToleskinMopen.jpg",1024,1024,false],"thumbnail":["https:\/\/ambassadebeaute.al\/wp-content\/uploads\/2022\/04\/ToleskinMopen-150x150.jpg",150,150,true],"medium":["https:\/\/ambassadebeaute.al\/wp-content\/uploads\/2022\/04\/ToleskinMopen-300x300.jpg",300,300,true],"medium_large":["https:\/\/ambassadebeaute.al\/wp-content\/uploads\/2022\/04\/ToleskinMopen-768x768.jpg",768,768,true],"large":["https:\/\/ambassadebeaute.al\/wp-content\/uploads\/2022\/04\/ToleskinMopen-1024x1024.jpg",1024,1024,true],"1536x1536":["https:\/\/ambassadebeaute.al\/wp-content\/uploads\/2022\/04\/ToleskinMopen.jpg",1024,1024,false],"2048x2048":["https:\/\/ambassadebeaute.al\/wp-content\/uploads\/2022\/04\/ToleskinMopen.jpg",1024,1024,false],"trp-custom-language-flag":["https:\/\/ambassadebeaute.al\/wp-content\/uploads\/2022\/04\/ToleskinMopen-12x12.jpg",12,12,true],"woocommerce_thumbnail":["https:\/\/ambassadebeaute.al\/wp-content\/uploads\/2022\/04\/ToleskinMopen-300x300.jpg",300,300,true],"woocommerce_single":["https:\/\/ambassadebeaute.al\/wp-content\/uploads\/2022\/04\/ToleskinMopen-600x600.jpg",600,600,true],"woocommerce_gallery_thumbnail":["https:\/\/ambassadebeaute.al\/wp-content\/uploads\/2022\/04\/ToleskinMopen-100x100.jpg",100,100,true]},"uagb_author_info":{"display_name":"admin","author_link":"https:\/\/ambassadebeaute.al\/sq\/author\/"},"uagb_comment_info":0,"uagb_excerpt":"\u2022 ANTI REDNESS \u2022 SOOTHING \u2022 LIPID-REPLENISHING An essential ally against skin reactions, Toleskin [M] is the \u00ab anti-atopy crisis \u00bb mask. Based on Balloon plant Extract, the ultimate soothing active ingredient, it will provide the necessary comfort to the epidermis before or after the skin outbreak. Its replenishing formula will provide the skin with&hellip;","_links":{"self":[{"href":"https:\/\/ambassadebeaute.al\/sq\/wp-json\/wp\/v2\/product\/2771","targetHints":{"allow":["GET"]}}],"collection":[{"href":"https:\/\/ambassadebeaute.al\/sq\/wp-json\/wp\/v2\/product"}],"about":[{"href":"https:\/\/ambassadebeaute.al\/sq\/wp-json\/wp\/v2\/types\/product"}],"wp:featuredmedia":[{"embeddable":true,"href":"https:\/\/ambassadebeaute.al\/sq\/wp-json\/wp\/v2\/media\/2773"}],"wp:attachment":[{"href":"https:\/\/ambassadebeaute.al\/sq\/wp-json\/wp\/v2\/media?parent=2771"}],"wp:term":[{"taxonomy":"product_brand","embeddable":true,"href":"https:\/\/ambassadebeaute.al\/sq\/wp-json\/wp\/v2\/product_brand?post=2771"},{"taxonomy":"product_cat","embeddable":true,"href":"https:\/\/ambassadebeaute.al\/sq\/wp-json\/wp\/v2\/product_cat?post=2771"},{"taxonomy":"product_tag","embeddable":true,"href":"https:\/\/ambassadebeaute.al\/sq\/wp-json\/wp\/v2\/product_tag?post=2771"}],"curies":[{"name":"wp","href":"https:\/\/api.w.org\/{rel}","templated":true}]}}