{"id":2778,"date":"2022-04-02T14:19:09","date_gmt":"2022-04-02T14:19:09","guid":{"rendered":"https:\/\/ambassadebeaute.al\/?post_type=product&#038;p=2778"},"modified":"2026-03-27T20:35:24","modified_gmt":"2026-03-27T20:35:24","slug":"%c2%b5-mbushje-pigm-400","status":"publish","type":"product","link":"https:\/\/ambassadebeaute.al\/sq\/shop\/br\/face\/face-masks\/%c2%b5-fill-pigm-400\/","title":{"rendered":"\u00b5-FILL PIGM 400"},"content":{"rendered":"<p>\u03bc-Fill PIGM 400 \u00ebsht\u00eb nj\u00eb risi teknologjike q\u00eb vepron n\u00eb shenjat e lokalizuara t\u00eb pigmentimit. T\u00eb mbuluara me mikrokone, k\u00ebto cop\u00ebza t\u00eb p\u00ebrb\u00ebra nga p\u00ebrb\u00ebr\u00ebs aktiv\u00eb 100% t\u00eb ngurt\u00ebsuar jan\u00eb n\u00eb gjendje t\u00eb dep\u00ebrtojn\u00eb n\u00eb shtresat e ndryshme t\u00eb epiderm\u00ebs. Ato treten plot\u00ebsisht p\u00ebr t\u00eb \u00e7liruar dhe shp\u00ebrndar\u00eb p\u00ebrb\u00ebr\u00ebsit aktiv\u00eb. Veprimi i tyre ndri\u00e7ues ndihmon n\u00eb reduktimin e shfaqjes s\u00eb njollave t\u00eb err\u00ebta n\u00eb sip\u00ebrfaqen e l\u00ebkur\u00ebs, duke promovuar k\u00ebshtu nj\u00eb zon\u00eb m\u00eb homogjene dhe uniforme.<\/p>","protected":false},"excerpt":{"rendered":"<div>* Anti Njolla * 100% P\u00ebrb\u00ebr\u00ebs Aktiv n\u00eb Mikro-Kone * Inovacion Teknologjik<\/div>\n<div><\/p>\n<ul class=\"tabs-content\"> \t<\/p>\n<li style=\"list-style-type: none\">\n<ul> \t<\/p>\n<li>\n<div>Veprimet<\/div>\n<p><\/p>\n<ul class=\"tabs-content\"> \t<\/p>\n<li style=\"list-style-type: none\">\n<ul> \t<\/p>\n<li>\n<div>Ndri\u00e7on n\u00eb thell\u00ebsi<\/div>\n<\/li>\n<p> \t<\/p>\n<li>\n<div>Kufizon melanogjenez\u00ebn<\/div>\n<\/li>\n<p> \t<\/p>\n<li>\n<div>Rregullon nivelin e melanin\u00ebs n\u00eb shtresat e ndryshme t\u00eb epiderm\u00ebs<\/div>\n<\/li>\n<p> \t<\/p>\n<li>\n<div>Frenon sintez\u00ebn e lipofuscin\u00ebs<\/div>\n<\/li>\n<p> \t<\/p>\n<li>\n<div>Redukton shenjat e pigmentimit<\/div>\n<\/li>\n<p>.<\/ul>\n<p><\/li>\n<p><\/ul>\n<p><\/li>\n<p><\/ul>\n<p><\/li>\n<p><\/ul>\n<p><\/div>","protected":false},"featured_media":2779,"template":"","meta":{"_uag_custom_page_level_css":"","site-sidebar-layout":"default","site-content-layout":"","ast-site-content-layout":"default","site-content-style":"default","site-sidebar-style":"default","ast-global-header-display":"","ast-banner-title-visibility":"","ast-main-header-display":"","ast-hfb-above-header-display":"","ast-hfb-below-header-display":"","ast-hfb-mobile-header-display":"","site-post-title":"","ast-breadcrumbs-content":"","ast-featured-img":"","footer-sml-layout":"","ast-disable-related-posts":"","theme-transparent-header-meta":"","adv-header-id-meta":"","stick-header-meta":"","header-above-stick-meta":"","header-main-stick-meta":"","header-below-stick-meta":"","astra-migrate-meta-layouts":"default","ast-page-background-enabled":"default","ast-page-background-meta":{"desktop":{"background-color":"var(--ast-global-color-4)","background-image":"","background-repeat":"repeat","background-position":"center center","background-size":"auto","background-attachment":"scroll","background-type":"","background-media":"","overlay-type":"","overlay-color":"","overlay-opacity":"","overlay-gradient":""},"tablet":{"background-color":"","background-image":"","background-repeat":"repeat","background-position":"center center","background-size":"auto","background-attachment":"scroll","background-type":"","background-media":"","overlay-type":"","overlay-color":"","overlay-opacity":"","overlay-gradient":""},"mobile":{"background-color":"","background-image":"","background-repeat":"repeat","background-position":"center center","background-size":"auto","background-attachment":"scroll","background-type":"","background-media":"","overlay-type":"","overlay-color":"","overlay-opacity":"","overlay-gradient":""}},"ast-content-background-meta":{"desktop":{"background-color":"var(--ast-global-color-5)","background-image":"","background-repeat":"repeat","background-position":"center center","background-size":"auto","background-attachment":"scroll","background-type":"","background-media":"","overlay-type":"","overlay-color":"","overlay-opacity":"","overlay-gradient":""},"tablet":{"background-color":"var(--ast-global-color-5)","background-image":"","background-repeat":"repeat","background-position":"center center","background-size":"auto","background-attachment":"scroll","background-type":"","background-media":"","overlay-type":"","overlay-color":"","overlay-opacity":"","overlay-gradient":""},"mobile":{"background-color":"var(--ast-global-color-5)","background-image":"","background-repeat":"repeat","background-position":"center center","background-size":"auto","background-attachment":"scroll","background-type":"","background-media":"","overlay-type":"","overlay-color":"","overlay-opacity":"","overlay-gradient":""}}},"product_brand":[199],"product_cat":[27,58],"product_tag":[56,133,151,152],"class_list":{"0":"post-2778","1":"product","2":"type-product","3":"status-publish","4":"has-post-thumbnail","6":"product_brand-biologique-recherche","7":"product_cat-br","8":"product_cat-face-masks","9":"product_tag-biologique-recherche","10":"product_tag-face-products","11":"product_tag-masks","12":"product_tag-pigmentation-skin","13":"desktop-align-center","14":"tablet-align-center","15":"mobile-align-center","16":"ast-product-gallery-layout-vertical-slider","17":"ast-product-gallery-with-no-image","18":"ast-product-tabs-layout-horizontal","19":"ast-qv-on-image","21":"first","22":"instock","23":"taxable","24":"shipping-taxable","25":"purchasable","26":"product-type-simple"},"uagb_featured_image_src":{"full":["https:\/\/ambassadebeaute.al\/wp-content\/uploads\/2022\/04\/\u03bc-Fill-PIGM-400.jpg",1024,1024,false],"thumbnail":["https:\/\/ambassadebeaute.al\/wp-content\/uploads\/2022\/04\/\u03bc-Fill-PIGM-400-150x150.jpg",150,150,true],"medium":["https:\/\/ambassadebeaute.al\/wp-content\/uploads\/2022\/04\/\u03bc-Fill-PIGM-400-300x300.jpg",300,300,true],"medium_large":["https:\/\/ambassadebeaute.al\/wp-content\/uploads\/2022\/04\/\u03bc-Fill-PIGM-400-768x768.jpg",768,768,true],"large":["https:\/\/ambassadebeaute.al\/wp-content\/uploads\/2022\/04\/\u03bc-Fill-PIGM-400-1024x1024.jpg",1024,1024,true],"1536x1536":["https:\/\/ambassadebeaute.al\/wp-content\/uploads\/2022\/04\/\u03bc-Fill-PIGM-400.jpg",1024,1024,false],"2048x2048":["https:\/\/ambassadebeaute.al\/wp-content\/uploads\/2022\/04\/\u03bc-Fill-PIGM-400.jpg",1024,1024,false],"trp-custom-language-flag":["https:\/\/ambassadebeaute.al\/wp-content\/uploads\/2022\/04\/\u03bc-Fill-PIGM-400-12x12.jpg",12,12,true],"woocommerce_thumbnail":["https:\/\/ambassadebeaute.al\/wp-content\/uploads\/2022\/04\/\u03bc-Fill-PIGM-400-300x300.jpg",300,300,true],"woocommerce_single":["https:\/\/ambassadebeaute.al\/wp-content\/uploads\/2022\/04\/\u03bc-Fill-PIGM-400-600x600.jpg",600,600,true],"woocommerce_gallery_thumbnail":["https:\/\/ambassadebeaute.al\/wp-content\/uploads\/2022\/04\/\u03bc-Fill-PIGM-400-100x100.jpg",100,100,true]},"uagb_author_info":{"display_name":"admin","author_link":"https:\/\/ambassadebeaute.al\/sq\/author\/"},"uagb_comment_info":0,"uagb_excerpt":"\u2022 ANTI DARK SPOTS \u2022 100% ACTIVE INGREDIENTS MICRO-CONES \u2022 TECHNOLOGICAL INNOVATION ACTIONS Lightens in-depth Limits melanogenesis Regulates the level of melanin in the various layers of the epidermis Inhibits lipofuscin synthesis Reduces pigmentation marks.","_links":{"self":[{"href":"https:\/\/ambassadebeaute.al\/sq\/wp-json\/wp\/v2\/product\/2778","targetHints":{"allow":["GET"]}}],"collection":[{"href":"https:\/\/ambassadebeaute.al\/sq\/wp-json\/wp\/v2\/product"}],"about":[{"href":"https:\/\/ambassadebeaute.al\/sq\/wp-json\/wp\/v2\/types\/product"}],"wp:featuredmedia":[{"embeddable":true,"href":"https:\/\/ambassadebeaute.al\/sq\/wp-json\/wp\/v2\/media\/2779"}],"wp:attachment":[{"href":"https:\/\/ambassadebeaute.al\/sq\/wp-json\/wp\/v2\/media?parent=2778"}],"wp:term":[{"taxonomy":"product_brand","embeddable":true,"href":"https:\/\/ambassadebeaute.al\/sq\/wp-json\/wp\/v2\/product_brand?post=2778"},{"taxonomy":"product_cat","embeddable":true,"href":"https:\/\/ambassadebeaute.al\/sq\/wp-json\/wp\/v2\/product_cat?post=2778"},{"taxonomy":"product_tag","embeddable":true,"href":"https:\/\/ambassadebeaute.al\/sq\/wp-json\/wp\/v2\/product_tag?post=2778"}],"curies":[{"name":"wp","href":"https:\/\/api.w.org\/{rel}","templated":true}]}}