{"id":2782,"date":"2022-04-02T16:20:38","date_gmt":"2022-04-02T16:20:38","guid":{"rendered":"https:\/\/ambassadebeaute.al\/?post_type=product&#038;p=2782"},"modified":"2026-03-27T20:35:24","modified_gmt":"2026-03-27T20:35:24","slug":"platysma-1-qeske-14-ml","status":"publish","type":"product","link":"https:\/\/ambassadebeaute.al\/sq\/shop\/br\/face\/face-masks\/platysma-1-sachet-14-ml\/","title":{"rendered":"Platysma 1 qese 14 ml"},"content":{"rendered":"<p class=\"para-text-bold\">Me form\u00ebn e saj unike dhe indin elastik t\u00eb p\u00ebrshtatur p\u00ebr zon\u00ebn n\u00ebn mjek\u00ebr, Platysma kombinon p\u00ebrfitimet e nj\u00eb maske kund\u00ebr gravitetit dhe anti-ptosis n\u00eb nj\u00eb hap t\u00eb vet\u00ebm. Veprimi mekanik i suportit i kombinuar me p\u00ebrb\u00ebr\u00ebs aktiv\u00eb forcues \u00ebsht\u00eb i ngjash\u00ebm me masazhin e fytyr\u00ebs dhe ofron nj\u00eb efekt \u201clifting\u201d p\u00ebr t\u00eb shtr\u00ebnguar l\u00ebkur\u00ebn.\nKonturet e fytyr\u00ebs rip\u00ebrcaktohen, v\u00ebllimet e saj jan\u00eb m\u00eb harmonike dhe linja e nofull\u00ebs \u00ebsht\u00eb rip\u00ebrcaktuar duksh\u00ebm duke zbuluar nj\u00eb ovale t\u00eb sublimuar.\n\nSkin Instants\u00a9 me konturet e varura<\/p>\n<p class=\"para-text-bold\">L\u00ebkura e \u00e7astit<sup>\u00a9<\/sup>\u00a0me konturet e varura.<\/p>","protected":false},"excerpt":{"rendered":"<p>\u2022 FORMUES \u2022 ANTI PTOZA<\/p>\n<div>P\u00cbRFITIMET<\/div>\n<ul>\n<li>\n<div>Redukton fenomenin e ptoz\u00ebs s\u00eb fytyr\u00ebs<\/div>\n<\/li>\n<li>\n<div>Rikthen mekanikisht ovalin e fytyr\u00ebs<\/div>\n<\/li>\n<li>\n<div>Ofron nj\u00eb efekt t\u00eb menj\u00ebhersh\u00ebm \"lift\".<\/div>\n<\/li>\n<li>\n<div>Ristrukturon linj\u00ebn mandibulare<\/div>\n<\/li>\n<li>\n<div>Rivizaton konturet e fytyr\u00ebs<\/div>\n<\/li>\n<\/ul>","protected":false},"featured_media":2772,"template":"","meta":{"_uag_custom_page_level_css":"","site-sidebar-layout":"default","site-content-layout":"","ast-site-content-layout":"default","site-content-style":"default","site-sidebar-style":"default","ast-global-header-display":"","ast-banner-title-visibility":"","ast-main-header-display":"","ast-hfb-above-header-display":"","ast-hfb-below-header-display":"","ast-hfb-mobile-header-display":"","site-post-title":"","ast-breadcrumbs-content":"","ast-featured-img":"","footer-sml-layout":"","ast-disable-related-posts":"","theme-transparent-header-meta":"","adv-header-id-meta":"","stick-header-meta":"","header-above-stick-meta":"","header-main-stick-meta":"","header-below-stick-meta":"","astra-migrate-meta-layouts":"default","ast-page-background-enabled":"default","ast-page-background-meta":{"desktop":{"background-color":"var(--ast-global-color-4)","background-image":"","background-repeat":"repeat","background-position":"center center","background-size":"auto","background-attachment":"scroll","background-type":"","background-media":"","overlay-type":"","overlay-color":"","overlay-opacity":"","overlay-gradient":""},"tablet":{"background-color":"","background-image":"","background-repeat":"repeat","background-position":"center center","background-size":"auto","background-attachment":"scroll","background-type":"","background-media":"","overlay-type":"","overlay-color":"","overlay-opacity":"","overlay-gradient":""},"mobile":{"background-color":"","background-image":"","background-repeat":"repeat","background-position":"center center","background-size":"auto","background-attachment":"scroll","background-type":"","background-media":"","overlay-type":"","overlay-color":"","overlay-opacity":"","overlay-gradient":""}},"ast-content-background-meta":{"desktop":{"background-color":"var(--ast-global-color-5)","background-image":"","background-repeat":"repeat","background-position":"center center","background-size":"auto","background-attachment":"scroll","background-type":"","background-media":"","overlay-type":"","overlay-color":"","overlay-opacity":"","overlay-gradient":""},"tablet":{"background-color":"var(--ast-global-color-5)","background-image":"","background-repeat":"repeat","background-position":"center center","background-size":"auto","background-attachment":"scroll","background-type":"","background-media":"","overlay-type":"","overlay-color":"","overlay-opacity":"","overlay-gradient":""},"mobile":{"background-color":"var(--ast-global-color-5)","background-image":"","background-repeat":"repeat","background-position":"center center","background-size":"auto","background-attachment":"scroll","background-type":"","background-media":"","overlay-type":"","overlay-color":"","overlay-opacity":"","overlay-gradient":""}}},"product_brand":[199],"product_cat":[27,114,58],"product_tag":[56,133,138,129,153],"class_list":{"0":"post-2782","1":"product","2":"type-product","3":"status-publish","4":"has-post-thumbnail","6":"product_brand-biologique-recherche","7":"product_cat-br","8":"product_cat-face","9":"product_cat-face-masks","10":"product_tag-biologique-recherche","11":"product_tag-face-products","12":"product_tag-hydrating","13":"product_tag-mature","14":"product_tag-sagging-skin","15":"desktop-align-center","16":"tablet-align-center","17":"mobile-align-center","18":"ast-product-gallery-layout-vertical-slider","19":"ast-product-gallery-with-no-image","20":"ast-product-tabs-layout-horizontal","21":"ast-qv-on-image","23":"first","24":"instock","25":"taxable","26":"shipping-taxable","27":"purchasable","28":"product-type-simple"},"uagb_featured_image_src":{"full":["https:\/\/ambassadebeaute.al\/wp-content\/uploads\/2022\/04\/Platysma.jpg",920,920,false],"thumbnail":["https:\/\/ambassadebeaute.al\/wp-content\/uploads\/2022\/04\/Platysma-150x150.jpg",150,150,true],"medium":["https:\/\/ambassadebeaute.al\/wp-content\/uploads\/2022\/04\/Platysma-300x300.jpg",300,300,true],"medium_large":["https:\/\/ambassadebeaute.al\/wp-content\/uploads\/2022\/04\/Platysma-768x768.jpg",768,768,true],"large":["https:\/\/ambassadebeaute.al\/wp-content\/uploads\/2022\/04\/Platysma.jpg",920,920,false],"1536x1536":["https:\/\/ambassadebeaute.al\/wp-content\/uploads\/2022\/04\/Platysma.jpg",920,920,false],"2048x2048":["https:\/\/ambassadebeaute.al\/wp-content\/uploads\/2022\/04\/Platysma.jpg",920,920,false],"trp-custom-language-flag":["https:\/\/ambassadebeaute.al\/wp-content\/uploads\/2022\/04\/Platysma-12x12.jpg",12,12,true],"woocommerce_thumbnail":["https:\/\/ambassadebeaute.al\/wp-content\/uploads\/2022\/04\/Platysma-300x300.jpg",300,300,true],"woocommerce_single":["https:\/\/ambassadebeaute.al\/wp-content\/uploads\/2022\/04\/Platysma-600x600.jpg",600,600,true],"woocommerce_gallery_thumbnail":["https:\/\/ambassadebeaute.al\/wp-content\/uploads\/2022\/04\/Platysma-100x100.jpg",100,100,true]},"uagb_author_info":{"display_name":"admin","author_link":"https:\/\/ambassadebeaute.al\/sq\/author\/"},"uagb_comment_info":0,"uagb_excerpt":"\u2022 FIRMING \u2022 ANTI PTOSIS BENEFITS Reduces the phenomenon of facial ptosis Mechanically restores the oval of the face Provides an immediate \u201clift\u201d effect Restructures the mandibular line Redraws the contours of the face","_links":{"self":[{"href":"https:\/\/ambassadebeaute.al\/sq\/wp-json\/wp\/v2\/product\/2782","targetHints":{"allow":["GET"]}}],"collection":[{"href":"https:\/\/ambassadebeaute.al\/sq\/wp-json\/wp\/v2\/product"}],"about":[{"href":"https:\/\/ambassadebeaute.al\/sq\/wp-json\/wp\/v2\/types\/product"}],"wp:featuredmedia":[{"embeddable":true,"href":"https:\/\/ambassadebeaute.al\/sq\/wp-json\/wp\/v2\/media\/2772"}],"wp:attachment":[{"href":"https:\/\/ambassadebeaute.al\/sq\/wp-json\/wp\/v2\/media?parent=2782"}],"wp:term":[{"taxonomy":"product_brand","embeddable":true,"href":"https:\/\/ambassadebeaute.al\/sq\/wp-json\/wp\/v2\/product_brand?post=2782"},{"taxonomy":"product_cat","embeddable":true,"href":"https:\/\/ambassadebeaute.al\/sq\/wp-json\/wp\/v2\/product_cat?post=2782"},{"taxonomy":"product_tag","embeddable":true,"href":"https:\/\/ambassadebeaute.al\/sq\/wp-json\/wp\/v2\/product_tag?post=2782"}],"curies":[{"name":"wp","href":"https:\/\/api.w.org\/{rel}","templated":true}]}}