{"id":2785,"date":"2022-04-02T16:46:44","date_gmt":"2022-04-02T16:46:44","guid":{"rendered":"https:\/\/ambassadebeaute.al\/?post_type=product&#038;p=2785"},"modified":"2026-03-27T20:35:24","modified_gmt":"2026-03-27T20:35:24","slug":"serum-liposmoze-kunder-enjtjes-per-syte","status":"publish","type":"product","link":"https:\/\/ambassadebeaute.al\/sq\/shop\/br\/face\/face-serums\/liposmose-anti-puffiness-serum-for-the-eyes\/","title":{"rendered":"LIPOSMOSE SERUM ANTI-FRYRJE PER SYTE"},"content":{"rendered":"<p class=\"para-text-bold translation-block\">I formuluar n\u00eb m\u00ebnyr\u00eb specifike p\u00ebr syt\u00eb e mbingarkuar, Liposmose ofron nj\u00eb zgjidhje afatgjat\u00eb duke synuar ujin dhe qeskat yndyrore n\u00ebn sy, si dhe ato p\u00ebr shkak t\u00eb plakjes s\u00eb l\u00ebkur\u00ebs.\nFormula e tij p\u00ebrmban p\u00ebrb\u00ebr\u00ebs aktiv\u00eb me nj\u00eb veprim t\u00eb trefisht\u00eb osmorregullues, lipolitik dhe forcues, p\u00ebr t\u00eb ndihmuar n\u00eb korrigjimin dhe mbrojtjen e l\u00ebkur\u00ebs nga agresionet e jashtme, duke rikthyer shk\u00eblqimin n\u00eb sy. Dit\u00eb pas dite, v\u00ebllimi i fryrjes zvog\u00eblohet, syt\u00eb rigjall\u00ebrohen dhe kontura e syve zbutet.<\/p>\n<p class=\"para-text-bold translation-block\">Rekomandohet p\u00ebr Skin Instant \u00a9 me \u00ebnjtje n\u00ebn sy.<\/p>","protected":false},"excerpt":{"rendered":"<div class=\"translation-block\">\n\u2022 KUNDER QESKAVE UJORE \u2022  KUNDER QESKAVE YNDYRORE \u2022 KUND\u00cbR LEKURES SE VARUR<\/p>\n<div>VEPRIMET<\/div>\n<ul>\n<li>\n<div>Hidraton zon\u00ebn e konturit t\u00eb syve<\/div>\n<\/li>\n<li>\n<div>Redukton mbingarkes\u00ebn n\u00eb zon\u00ebn e konturit t\u00eb syve<\/div>\n<\/li>\n<li>\n<div>Redukton volumin e fryrjes<\/div>\n<\/li>\n<li>\n<div>I forcon qepallat<\/div>\n<\/li>\n<li>\n<div>Forcon l\u00ebkur\u00ebn e konturit t\u00eb syve<\/div>\n<\/li>\n<\/ul>\n<\/div>","protected":false},"featured_media":2788,"template":"","meta":{"_uag_custom_page_level_css":"","site-sidebar-layout":"default","site-content-layout":"","ast-site-content-layout":"default","site-content-style":"default","site-sidebar-style":"default","ast-global-header-display":"","ast-banner-title-visibility":"","ast-main-header-display":"","ast-hfb-above-header-display":"","ast-hfb-below-header-display":"","ast-hfb-mobile-header-display":"","site-post-title":"","ast-breadcrumbs-content":"","ast-featured-img":"","footer-sml-layout":"","ast-disable-related-posts":"","theme-transparent-header-meta":"","adv-header-id-meta":"","stick-header-meta":"","header-above-stick-meta":"","header-main-stick-meta":"","header-below-stick-meta":"","astra-migrate-meta-layouts":"default","ast-page-background-enabled":"default","ast-page-background-meta":{"desktop":{"background-color":"var(--ast-global-color-4)","background-image":"","background-repeat":"repeat","background-position":"center center","background-size":"auto","background-attachment":"scroll","background-type":"","background-media":"","overlay-type":"","overlay-color":"","overlay-opacity":"","overlay-gradient":""},"tablet":{"background-color":"","background-image":"","background-repeat":"repeat","background-position":"center center","background-size":"auto","background-attachment":"scroll","background-type":"","background-media":"","overlay-type":"","overlay-color":"","overlay-opacity":"","overlay-gradient":""},"mobile":{"background-color":"","background-image":"","background-repeat":"repeat","background-position":"center center","background-size":"auto","background-attachment":"scroll","background-type":"","background-media":"","overlay-type":"","overlay-color":"","overlay-opacity":"","overlay-gradient":""}},"ast-content-background-meta":{"desktop":{"background-color":"var(--ast-global-color-5)","background-image":"","background-repeat":"repeat","background-position":"center center","background-size":"auto","background-attachment":"scroll","background-type":"","background-media":"","overlay-type":"","overlay-color":"","overlay-opacity":"","overlay-gradient":""},"tablet":{"background-color":"var(--ast-global-color-5)","background-image":"","background-repeat":"repeat","background-position":"center center","background-size":"auto","background-attachment":"scroll","background-type":"","background-media":"","overlay-type":"","overlay-color":"","overlay-opacity":"","overlay-gradient":""},"mobile":{"background-color":"var(--ast-global-color-5)","background-image":"","background-repeat":"repeat","background-position":"center center","background-size":"auto","background-attachment":"scroll","background-type":"","background-media":"","overlay-type":"","overlay-color":"","overlay-opacity":"","overlay-gradient":""}}},"product_brand":[199],"product_cat":[27,114,79,92],"product_tag":[],"class_list":{"0":"post-2785","1":"product","2":"type-product","3":"status-publish","4":"has-post-thumbnail","6":"product_brand-biologique-recherche","7":"product_cat-br","8":"product_cat-face","9":"product_cat-face-serums","10":"product_cat-quintessential-serums","11":"desktop-align-center","12":"tablet-align-center","13":"mobile-align-center","14":"ast-product-gallery-layout-vertical-slider","15":"ast-product-gallery-with-no-image","16":"ast-product-single-variable","17":"ast-product-tabs-layout-horizontal","18":"ast-qv-on-image","20":"first","21":"instock","22":"taxable","23":"shipping-taxable","24":"purchasable","25":"product-type-variable","26":"has-default-attributes"},"uagb_featured_image_src":{"full":["https:\/\/ambassadebeaute.al\/wp-content\/uploads\/2022\/04\/Lipsosmose30ml.jpg",2020,2020,false],"thumbnail":["https:\/\/ambassadebeaute.al\/wp-content\/uploads\/2022\/04\/Lipsosmose30ml-150x150.jpg",150,150,true],"medium":["https:\/\/ambassadebeaute.al\/wp-content\/uploads\/2022\/04\/Lipsosmose30ml-300x300.jpg",300,300,true],"medium_large":["https:\/\/ambassadebeaute.al\/wp-content\/uploads\/2022\/04\/Lipsosmose30ml-768x768.jpg",768,768,true],"large":["https:\/\/ambassadebeaute.al\/wp-content\/uploads\/2022\/04\/Lipsosmose30ml-1024x1024.jpg",1024,1024,true],"1536x1536":["https:\/\/ambassadebeaute.al\/wp-content\/uploads\/2022\/04\/Lipsosmose30ml-1536x1536.jpg",1536,1536,true],"2048x2048":["https:\/\/ambassadebeaute.al\/wp-content\/uploads\/2022\/04\/Lipsosmose30ml.jpg",2020,2020,false],"trp-custom-language-flag":["https:\/\/ambassadebeaute.al\/wp-content\/uploads\/2022\/04\/Lipsosmose30ml-12x12.jpg",12,12,true],"woocommerce_thumbnail":["https:\/\/ambassadebeaute.al\/wp-content\/uploads\/2022\/04\/Lipsosmose30ml-300x300.jpg",300,300,true],"woocommerce_single":["https:\/\/ambassadebeaute.al\/wp-content\/uploads\/2022\/04\/Lipsosmose30ml-600x600.jpg",600,600,true],"woocommerce_gallery_thumbnail":["https:\/\/ambassadebeaute.al\/wp-content\/uploads\/2022\/04\/Lipsosmose30ml-100x100.jpg",100,100,true]},"uagb_author_info":{"display_name":"admin","author_link":"https:\/\/ambassadebeaute.al\/sq\/author\/"},"uagb_comment_info":0,"uagb_excerpt":"\u2022 ANTI AQUEOUS BAGS \u2022 ANTI GREASE POCKETS \u2022 ANTI CUTANEOUS SAGGING ACTIONS Moisturizes the eye contour area Reduces congestion in the eye contour area Reduces puffiness volume Firms eyelids Strengthens the skin of the eye contour","_links":{"self":[{"href":"https:\/\/ambassadebeaute.al\/sq\/wp-json\/wp\/v2\/product\/2785","targetHints":{"allow":["GET"]}}],"collection":[{"href":"https:\/\/ambassadebeaute.al\/sq\/wp-json\/wp\/v2\/product"}],"about":[{"href":"https:\/\/ambassadebeaute.al\/sq\/wp-json\/wp\/v2\/types\/product"}],"wp:featuredmedia":[{"embeddable":true,"href":"https:\/\/ambassadebeaute.al\/sq\/wp-json\/wp\/v2\/media\/2788"}],"wp:attachment":[{"href":"https:\/\/ambassadebeaute.al\/sq\/wp-json\/wp\/v2\/media?parent=2785"}],"wp:term":[{"taxonomy":"product_brand","embeddable":true,"href":"https:\/\/ambassadebeaute.al\/sq\/wp-json\/wp\/v2\/product_brand?post=2785"},{"taxonomy":"product_cat","embeddable":true,"href":"https:\/\/ambassadebeaute.al\/sq\/wp-json\/wp\/v2\/product_cat?post=2785"},{"taxonomy":"product_tag","embeddable":true,"href":"https:\/\/ambassadebeaute.al\/sq\/wp-json\/wp\/v2\/product_tag?post=2785"}],"curies":[{"name":"wp","href":"https:\/\/api.w.org\/{rel}","templated":true}]}}