{"id":2808,"date":"2022-04-03T18:04:29","date_gmt":"2022-04-03T18:04:29","guid":{"rendered":"https:\/\/ambassadebeaute.al\/?post_type=product&#038;p=2808"},"modified":"2026-03-27T20:35:24","modified_gmt":"2026-03-27T20:35:24","slug":"krem-kolagjeni","status":"publish","type":"product","link":"https:\/\/ambassadebeaute.al\/sq\/shop\/br\/face\/creams\/creme-collagene\/","title":{"rendered":"KREME KOLAGJEN"},"content":{"rendered":"<p class=\" translation-block\">Cr\u00e8me Collag\u00e8ne \u00ebsht\u00eb nj\u00eb produkt rigjenerues p\u00ebr kujdesin e l\u00ebkur\u00ebs i cili ridenson duksh\u00ebm epiderm\u00ebn. Formuluar rreth nj\u00eb segmenti kolagjeni, fibra proteinike mb\u00ebshtet\u00ebse e l\u00ebkur\u00ebs, ndihmon n\u00eb rikthimin e struktur\u00ebs s\u00eb l\u00ebkur\u00ebs.\nI kombinuar me p\u00ebrb\u00ebr\u00ebs aktiv\u00eb t\u00eb ngopur me uj\u00eb, hidraton menj\u00ebher\u00eb indin e l\u00ebkur\u00ebs, i cili mbushet dhe shtr\u00ebngohet. Tekstura e saj e leht\u00eb \u00ebsht\u00eb e p\u00ebrshtatshme p\u00ebr l\u00ebkur\u00ebn e prirur ndaj seborres\u00eb.<\/p>\n<ul>\n<li style=\"list-style-type: none;\">\n<ul>\n<li>\n<div><\/div>\n<\/li>\n<\/ul>\n<\/li>\n<\/ul>","protected":false},"excerpt":{"rendered":"<p>P\u00ebr l\u00ebkur\u00eb t\u00eb dehidruar<\/p>\n<p>Krem ridensifikimi i fytyr\u00ebs<\/p>\n<p>\u2022 HIDRATUES \u2022 RISTRUKTUES \u2022 RIGJENERUES<\/p>\n<ul>\n<li style=\"list-style-type: none;\">\n<ul>\n<li>\n<div>Hidraton menj\u00ebher\u00eb l\u00ebkur\u00ebn<\/div>\n<\/li>\n<li>\n<div>Stimulon sintez\u00ebn e kolagjenit<\/div>\n<\/li>\n<li>\n<div>Ridensifikon struktur\u00ebn e l\u00ebkur\u00ebs<\/div>\n<\/li>\n<li>\n<div>Shtr\u00ebngon indet p\u00ebr ta b\u00ebr\u00eb l\u00ebkur\u00ebn t\u00eb duket m\u00eb e l\u00ebmuar<\/div>\n<\/li>\n<\/ul>\n<\/li>\n<\/ul>","protected":false},"featured_media":2809,"template":"","meta":{"_uag_custom_page_level_css":"","site-sidebar-layout":"default","site-content-layout":"","ast-site-content-layout":"default","site-content-style":"default","site-sidebar-style":"default","ast-global-header-display":"","ast-banner-title-visibility":"","ast-main-header-display":"","ast-hfb-above-header-display":"","ast-hfb-below-header-display":"","ast-hfb-mobile-header-display":"","site-post-title":"","ast-breadcrumbs-content":"","ast-featured-img":"","footer-sml-layout":"","ast-disable-related-posts":"","theme-transparent-header-meta":"","adv-header-id-meta":"","stick-header-meta":"","header-above-stick-meta":"","header-main-stick-meta":"","header-below-stick-meta":"","astra-migrate-meta-layouts":"default","ast-page-background-enabled":"default","ast-page-background-meta":{"desktop":{"background-color":"var(--ast-global-color-4)","background-image":"","background-repeat":"repeat","background-position":"center center","background-size":"auto","background-attachment":"scroll","background-type":"","background-media":"","overlay-type":"","overlay-color":"","overlay-opacity":"","overlay-gradient":""},"tablet":{"background-color":"","background-image":"","background-repeat":"repeat","background-position":"center center","background-size":"auto","background-attachment":"scroll","background-type":"","background-media":"","overlay-type":"","overlay-color":"","overlay-opacity":"","overlay-gradient":""},"mobile":{"background-color":"","background-image":"","background-repeat":"repeat","background-position":"center center","background-size":"auto","background-attachment":"scroll","background-type":"","background-media":"","overlay-type":"","overlay-color":"","overlay-opacity":"","overlay-gradient":""}},"ast-content-background-meta":{"desktop":{"background-color":"var(--ast-global-color-5)","background-image":"","background-repeat":"repeat","background-position":"center center","background-size":"auto","background-attachment":"scroll","background-type":"","background-media":"","overlay-type":"","overlay-color":"","overlay-opacity":"","overlay-gradient":""},"tablet":{"background-color":"var(--ast-global-color-5)","background-image":"","background-repeat":"repeat","background-position":"center center","background-size":"auto","background-attachment":"scroll","background-type":"","background-media":"","overlay-type":"","overlay-color":"","overlay-opacity":"","overlay-gradient":""},"mobile":{"background-color":"var(--ast-global-color-5)","background-image":"","background-repeat":"repeat","background-position":"center center","background-size":"auto","background-attachment":"scroll","background-type":"","background-media":"","overlay-type":"","overlay-color":"","overlay-opacity":"","overlay-gradient":""}}},"product_brand":[199],"product_cat":[27,61,114],"product_tag":[56,154,156,133],"class_list":{"0":"post-2808","1":"product","2":"type-product","3":"status-publish","4":"has-post-thumbnail","6":"product_brand-biologique-recherche","7":"product_cat-br","8":"product_cat-creams","9":"product_cat-face","10":"product_tag-biologique-recherche","11":"product_tag-creams","12":"product_tag-dehydrated-skin","13":"product_tag-face-products","14":"desktop-align-center","15":"tablet-align-center","16":"mobile-align-center","17":"ast-product-gallery-layout-vertical-slider","18":"ast-product-gallery-with-no-image","19":"ast-product-tabs-layout-horizontal","20":"ast-qv-on-image","22":"first","23":"instock","24":"taxable","25":"shipping-taxable","26":"purchasable","27":"product-type-simple"},"uagb_featured_image_src":{"full":["https:\/\/ambassadebeaute.al\/wp-content\/uploads\/2022\/04\/Creme-Collagene.jpg",1024,1024,false],"thumbnail":["https:\/\/ambassadebeaute.al\/wp-content\/uploads\/2022\/04\/Creme-Collagene-150x150.jpg",150,150,true],"medium":["https:\/\/ambassadebeaute.al\/wp-content\/uploads\/2022\/04\/Creme-Collagene-300x300.jpg",300,300,true],"medium_large":["https:\/\/ambassadebeaute.al\/wp-content\/uploads\/2022\/04\/Creme-Collagene-768x768.jpg",768,768,true],"large":["https:\/\/ambassadebeaute.al\/wp-content\/uploads\/2022\/04\/Creme-Collagene-1024x1024.jpg",1024,1024,true],"1536x1536":["https:\/\/ambassadebeaute.al\/wp-content\/uploads\/2022\/04\/Creme-Collagene.jpg",1024,1024,false],"2048x2048":["https:\/\/ambassadebeaute.al\/wp-content\/uploads\/2022\/04\/Creme-Collagene.jpg",1024,1024,false],"trp-custom-language-flag":["https:\/\/ambassadebeaute.al\/wp-content\/uploads\/2022\/04\/Creme-Collagene-12x12.jpg",12,12,true],"woocommerce_thumbnail":["https:\/\/ambassadebeaute.al\/wp-content\/uploads\/2022\/04\/Creme-Collagene-300x300.jpg",300,300,true],"woocommerce_single":["https:\/\/ambassadebeaute.al\/wp-content\/uploads\/2022\/04\/Creme-Collagene-600x600.jpg",600,600,true],"woocommerce_gallery_thumbnail":["https:\/\/ambassadebeaute.al\/wp-content\/uploads\/2022\/04\/Creme-Collagene-100x100.jpg",100,100,true]},"uagb_author_info":{"display_name":"admin","author_link":"https:\/\/ambassadebeaute.al\/sq\/author\/"},"uagb_comment_info":0,"uagb_excerpt":"Dehydrated and altered Skin Instants\u00a9 Redensifying face cream \u2022 MOISTURIZING \u2022 RESTRUCTURING \u2022 REGENERATING Immediately moisturizes the skin Stimulates collagen synthesis Redensifies the skin\u2019s structure Tightens tissues to make the skin look smoother","_links":{"self":[{"href":"https:\/\/ambassadebeaute.al\/sq\/wp-json\/wp\/v2\/product\/2808","targetHints":{"allow":["GET"]}}],"collection":[{"href":"https:\/\/ambassadebeaute.al\/sq\/wp-json\/wp\/v2\/product"}],"about":[{"href":"https:\/\/ambassadebeaute.al\/sq\/wp-json\/wp\/v2\/types\/product"}],"wp:featuredmedia":[{"embeddable":true,"href":"https:\/\/ambassadebeaute.al\/sq\/wp-json\/wp\/v2\/media\/2809"}],"wp:attachment":[{"href":"https:\/\/ambassadebeaute.al\/sq\/wp-json\/wp\/v2\/media?parent=2808"}],"wp:term":[{"taxonomy":"product_brand","embeddable":true,"href":"https:\/\/ambassadebeaute.al\/sq\/wp-json\/wp\/v2\/product_brand?post=2808"},{"taxonomy":"product_cat","embeddable":true,"href":"https:\/\/ambassadebeaute.al\/sq\/wp-json\/wp\/v2\/product_cat?post=2808"},{"taxonomy":"product_tag","embeddable":true,"href":"https:\/\/ambassadebeaute.al\/sq\/wp-json\/wp\/v2\/product_tag?post=2808"}],"curies":[{"name":"wp","href":"https:\/\/api.w.org\/{rel}","templated":true}]}}