{"id":2817,"date":"2022-04-07T15:50:23","date_gmt":"2022-04-07T15:50:23","guid":{"rendered":"https:\/\/ambassadebeaute.al\/?post_type=product&#038;p=2817"},"modified":"2026-03-27T20:35:24","modified_gmt":"2026-03-27T20:35:24","slug":"kolostrum-i-serumit-vg","status":"publish","type":"product","link":"https:\/\/ambassadebeaute.al\/sq\/shop\/br\/face\/quintessential-serums\/serum-colostrum-vg\/","title":{"rendered":"SERUM COLOSTRUM VG"},"content":{"rendered":"<div class=\"translation-block\">\n<div>VEPRIMET<\/div>\n<ul class=\"tabs-content\">\n<li style=\"list-style-type: none\">\n<ul>\n<li>\n<div>Rivendos intensivisht lipidet n\u00eb l\u00ebkur\u00eb\n<\/div>\n<\/li>\n<li>\n<div>Ruan hidratimin e thelluar te lekures\n<\/div>\n<\/li>\n<li>\n<div>Forcon barrier\u00ebn e l\u00ebkur\u00ebs\n<\/div>\n<\/li>\n<li>\n<div>Ofron nj\u00eb ndjesi rehati dhe but\u00ebsi\n<\/div>\n<\/li>\n<li>\n<div>Parandalon shtr\u00ebngimin<\/div>\n<\/li>\n<\/ul>\n<\/li>\n<\/ul>\n<\/div>","protected":false},"excerpt":{"rendered":"<div class=\"translation-block\">\n<h2 class=\"heading-small mb-0\">Fundamental hydration serum +++<\/h2>\n<p class=\"para-text text-uppercase mb-2 mt-4\">\u2022 HIDRATUES \u2022 PLOT\u00cbSIM I LIPIDEVE<\/p>\n\nSerumi Colostrum VG \u00ebsht\u00eb nj\u00eb trajtim repidues intensiv q\u00eb do t\u00eb veproj\u00eb si nj\u00eb jast\u00ebk i l\u00ebngsh\u00ebm p\u00ebr t\u00eb mbrojtur l\u00ebkur\u00ebn nga that\u00ebsia e p\u00ebrs\u00ebritur.Formula e saj baz\u00eb i jep veti ushqyese t\u00eb pakrahasueshme q\u00eb ndihmojn\u00eb n\u00eb zvog\u00eblimin e tharjes s\u00eb sip\u00ebrfaqes dhe ruajtjen e hidratimit t\u00eb l\u00ebkur\u00ebs gjat\u00eb gjith\u00eb dit\u00ebs. P\u00ebrmbajtja e ujit t\u00eb epiderm\u00ebs rivendoset duke nxitur rind\u00ebrtimin e filmit mbrojt\u00ebs lipide t\u00eb p\u00ebrkeq\u00ebsuar. L\u00ebkura rifiton p\u00ebrgj\u00ebrime dhe rehati t\u00eb q\u00ebndrueshme.\n\nT\u00eb rekomanduara p\u00ebr lloje t\u00eb dehidratuar dhe t\u00eb kequshqyer t\u00eb Skin Instants\u00a9.<\/div>","protected":false},"featured_media":2821,"template":"","meta":{"_uag_custom_page_level_css":"","site-sidebar-layout":"default","site-content-layout":"","ast-site-content-layout":"default","site-content-style":"default","site-sidebar-style":"default","ast-global-header-display":"","ast-banner-title-visibility":"","ast-main-header-display":"","ast-hfb-above-header-display":"","ast-hfb-below-header-display":"","ast-hfb-mobile-header-display":"","site-post-title":"","ast-breadcrumbs-content":"","ast-featured-img":"","footer-sml-layout":"","ast-disable-related-posts":"","theme-transparent-header-meta":"","adv-header-id-meta":"","stick-header-meta":"","header-above-stick-meta":"","header-main-stick-meta":"","header-below-stick-meta":"","astra-migrate-meta-layouts":"default","ast-page-background-enabled":"default","ast-page-background-meta":{"desktop":{"background-color":"var(--ast-global-color-4)","background-image":"","background-repeat":"repeat","background-position":"center center","background-size":"auto","background-attachment":"scroll","background-type":"","background-media":"","overlay-type":"","overlay-color":"","overlay-opacity":"","overlay-gradient":""},"tablet":{"background-color":"","background-image":"","background-repeat":"repeat","background-position":"center center","background-size":"auto","background-attachment":"scroll","background-type":"","background-media":"","overlay-type":"","overlay-color":"","overlay-opacity":"","overlay-gradient":""},"mobile":{"background-color":"","background-image":"","background-repeat":"repeat","background-position":"center center","background-size":"auto","background-attachment":"scroll","background-type":"","background-media":"","overlay-type":"","overlay-color":"","overlay-opacity":"","overlay-gradient":""}},"ast-content-background-meta":{"desktop":{"background-color":"var(--ast-global-color-5)","background-image":"","background-repeat":"repeat","background-position":"center center","background-size":"auto","background-attachment":"scroll","background-type":"","background-media":"","overlay-type":"","overlay-color":"","overlay-opacity":"","overlay-gradient":""},"tablet":{"background-color":"var(--ast-global-color-5)","background-image":"","background-repeat":"repeat","background-position":"center center","background-size":"auto","background-attachment":"scroll","background-type":"","background-media":"","overlay-type":"","overlay-color":"","overlay-opacity":"","overlay-gradient":""},"mobile":{"background-color":"var(--ast-global-color-5)","background-image":"","background-repeat":"repeat","background-position":"center center","background-size":"auto","background-attachment":"scroll","background-type":"","background-media":"","overlay-type":"","overlay-color":"","overlay-opacity":"","overlay-gradient":""}}},"product_brand":[199],"product_cat":[27,114,92],"product_tag":[],"class_list":{"0":"post-2817","1":"product","2":"type-product","3":"status-publish","4":"has-post-thumbnail","6":"product_brand-biologique-recherche","7":"product_cat-br","8":"product_cat-face","9":"product_cat-quintessential-serums","10":"desktop-align-center","11":"tablet-align-center","12":"mobile-align-center","13":"ast-product-gallery-layout-vertical-slider","14":"ast-product-gallery-with-no-image","15":"ast-product-single-variable","16":"ast-product-tabs-layout-horizontal","17":"ast-qv-on-image","19":"first","20":"instock","21":"featured","22":"taxable","23":"shipping-taxable","24":"purchasable","25":"product-type-variable","26":"has-default-attributes"},"uagb_featured_image_src":{"full":["https:\/\/ambassadebeaute.al\/wp-content\/uploads\/2022\/04\/colostrumVG30ml.jpg",1024,1024,false],"thumbnail":["https:\/\/ambassadebeaute.al\/wp-content\/uploads\/2022\/04\/colostrumVG30ml-150x150.jpg",150,150,true],"medium":["https:\/\/ambassadebeaute.al\/wp-content\/uploads\/2022\/04\/colostrumVG30ml-300x300.jpg",300,300,true],"medium_large":["https:\/\/ambassadebeaute.al\/wp-content\/uploads\/2022\/04\/colostrumVG30ml-768x768.jpg",768,768,true],"large":["https:\/\/ambassadebeaute.al\/wp-content\/uploads\/2022\/04\/colostrumVG30ml-1024x1024.jpg",1024,1024,true],"1536x1536":["https:\/\/ambassadebeaute.al\/wp-content\/uploads\/2022\/04\/colostrumVG30ml.jpg",1024,1024,false],"2048x2048":["https:\/\/ambassadebeaute.al\/wp-content\/uploads\/2022\/04\/colostrumVG30ml.jpg",1024,1024,false],"trp-custom-language-flag":["https:\/\/ambassadebeaute.al\/wp-content\/uploads\/2022\/04\/colostrumVG30ml-12x12.jpg",12,12,true],"woocommerce_thumbnail":["https:\/\/ambassadebeaute.al\/wp-content\/uploads\/2022\/04\/colostrumVG30ml-300x300.jpg",300,300,true],"woocommerce_single":["https:\/\/ambassadebeaute.al\/wp-content\/uploads\/2022\/04\/colostrumVG30ml-600x600.jpg",600,600,true],"woocommerce_gallery_thumbnail":["https:\/\/ambassadebeaute.al\/wp-content\/uploads\/2022\/04\/colostrumVG30ml-100x100.jpg",100,100,true]},"uagb_author_info":{"display_name":"admin","author_link":"https:\/\/ambassadebeaute.al\/sq\/author\/"},"uagb_comment_info":0,"uagb_excerpt":"Fundamental hydration serum +++ \u2022 MOISTURIZING \u2022 LIPID-REPLENISHING Colostrum VG serum is an intensive lipid-restoring treatment that will act as a liquid cushion to help strengthen the skin barrier. Its core formula gives it incomparable nourishing properties, helping to reduce surface dryness and maintain deep hydration in the skin. The water content of the epidermis&hellip;","_links":{"self":[{"href":"https:\/\/ambassadebeaute.al\/sq\/wp-json\/wp\/v2\/product\/2817","targetHints":{"allow":["GET"]}}],"collection":[{"href":"https:\/\/ambassadebeaute.al\/sq\/wp-json\/wp\/v2\/product"}],"about":[{"href":"https:\/\/ambassadebeaute.al\/sq\/wp-json\/wp\/v2\/types\/product"}],"wp:featuredmedia":[{"embeddable":true,"href":"https:\/\/ambassadebeaute.al\/sq\/wp-json\/wp\/v2\/media\/2821"}],"wp:attachment":[{"href":"https:\/\/ambassadebeaute.al\/sq\/wp-json\/wp\/v2\/media?parent=2817"}],"wp:term":[{"taxonomy":"product_brand","embeddable":true,"href":"https:\/\/ambassadebeaute.al\/sq\/wp-json\/wp\/v2\/product_brand?post=2817"},{"taxonomy":"product_cat","embeddable":true,"href":"https:\/\/ambassadebeaute.al\/sq\/wp-json\/wp\/v2\/product_cat?post=2817"},{"taxonomy":"product_tag","embeddable":true,"href":"https:\/\/ambassadebeaute.al\/sq\/wp-json\/wp\/v2\/product_tag?post=2817"}],"curies":[{"name":"wp","href":"https:\/\/api.w.org\/{rel}","templated":true}]}}