{"id":2829,"date":"2022-04-07T16:45:35","date_gmt":"2022-04-07T16:45:35","guid":{"rendered":"https:\/\/ambassadebeaute.al\/?post_type=product&#038;p=2829"},"modified":"2026-03-27T20:35:24","modified_gmt":"2026-03-27T20:35:24","slug":"maske-biofixine-100-ml","status":"publish","type":"product","link":"https:\/\/ambassadebeaute.al\/sq\/shop\/br\/face\/face-masks\/masque-biofixine-100-ml\/","title":{"rendered":"MASKA BIOFIXINE 100 ML"},"content":{"rendered":"<ul>\n<li>\n<div>Efekt i menj\u00ebhersh\u00ebm miorelaksues.<\/div>\n<\/li>\n<li>\n<div>Redukton thell\u00ebsin\u00eb dhe gjat\u00ebsin\u00eb e rrudhave.<\/div>\n<\/li>\n<li>\n<div>Zbut rrudhat, linjat e holla dhe linjat e shprehjes.<\/div>\n<\/li>\n<li>\n<div>Parandalon plakjen e l\u00ebkur\u00ebs fal\u00eb veprimit t\u00eb tij antioksidues.<\/div>\n<\/li>\n<\/ul>","protected":false},"excerpt":{"rendered":"<div>Maska kund\u00ebr plakjes s\u00eb fytyr\u00ebs<\/div>\n<div>Faza e Fillimit -Mask\u00eb<\/div>\n<div>\u2022 ANTI RRUDHA \u2022 MIORELAKSUES \u2022 RIGJENERIM<\/div>\n<div class=\" translation-block\">Nj\u00eb aleat i v\u00ebrtet\u00eb kund\u00ebr rrudhave, Masque Biofixine vepron n\u00eb sip\u00ebrfaqen dhe pamjen e rrudhave, qofshin ato statike (p\u00ebr shkak t\u00eb plakjes s\u00eb l\u00ebkur\u00ebs) ose mekanike (p\u00ebr shkak t\u00eb kontraktimeve t\u00eb muskujve). Myorelax Peptide, i njohur p\u00ebr efektin e tij relaksues n\u00eb mikrotensionin e muskujve, ndihmon n\u00eb korrigjimin e linjave t\u00eb shprehjes n\u00eb fytyr\u00eb.<br> P\u00ebrb\u00ebr\u00ebsit e tij aktiv\u00eb hidratues dhe antioksidues formojn\u00eb nj\u00eb shtres\u00eb mbrojt\u00ebse dhe ndihmojn\u00eb n\u00eb ruajtjen e integritetit t\u00eb barrier\u00ebs s\u00eb l\u00ebkur\u00ebs p\u00ebr t\u00eb vepruar n\u00eb linjat e dehidrimit. Rrudhat jan\u00eb ngopur duksh\u00ebm, l\u00ebkura \u00ebsht\u00eb m\u00eb e l\u00ebmuar, tiparet e fytyr\u00ebs jan\u00eb shtr\u00ebnguar. Rekomandohet p\u00ebr Skin Instants\u00a9 duke shfaqur shenjat e para t\u00eb rrudhave.<\/div>\n<div>Rekomandohet p\u00ebr Skin Instants\u00a9 q\u00eb shfaqin shenjat e para t\u00eb rrudhave.<\/div>","protected":false},"featured_media":2830,"template":"","meta":{"_uag_custom_page_level_css":"","site-sidebar-layout":"default","site-content-layout":"","ast-site-content-layout":"default","site-content-style":"default","site-sidebar-style":"default","ast-global-header-display":"","ast-banner-title-visibility":"","ast-main-header-display":"","ast-hfb-above-header-display":"","ast-hfb-below-header-display":"","ast-hfb-mobile-header-display":"","site-post-title":"","ast-breadcrumbs-content":"","ast-featured-img":"","footer-sml-layout":"","ast-disable-related-posts":"","theme-transparent-header-meta":"","adv-header-id-meta":"","stick-header-meta":"","header-above-stick-meta":"","header-main-stick-meta":"","header-below-stick-meta":"","astra-migrate-meta-layouts":"default","ast-page-background-enabled":"default","ast-page-background-meta":{"desktop":{"background-color":"var(--ast-global-color-4)","background-image":"","background-repeat":"repeat","background-position":"center center","background-size":"auto","background-attachment":"scroll","background-type":"","background-media":"","overlay-type":"","overlay-color":"","overlay-opacity":"","overlay-gradient":""},"tablet":{"background-color":"","background-image":"","background-repeat":"repeat","background-position":"center center","background-size":"auto","background-attachment":"scroll","background-type":"","background-media":"","overlay-type":"","overlay-color":"","overlay-opacity":"","overlay-gradient":""},"mobile":{"background-color":"","background-image":"","background-repeat":"repeat","background-position":"center center","background-size":"auto","background-attachment":"scroll","background-type":"","background-media":"","overlay-type":"","overlay-color":"","overlay-opacity":"","overlay-gradient":""}},"ast-content-background-meta":{"desktop":{"background-color":"var(--ast-global-color-5)","background-image":"","background-repeat":"repeat","background-position":"center center","background-size":"auto","background-attachment":"scroll","background-type":"","background-media":"","overlay-type":"","overlay-color":"","overlay-opacity":"","overlay-gradient":""},"tablet":{"background-color":"var(--ast-global-color-5)","background-image":"","background-repeat":"repeat","background-position":"center center","background-size":"auto","background-attachment":"scroll","background-type":"","background-media":"","overlay-type":"","overlay-color":"","overlay-opacity":"","overlay-gradient":""},"mobile":{"background-color":"var(--ast-global-color-5)","background-image":"","background-repeat":"repeat","background-position":"center center","background-size":"auto","background-attachment":"scroll","background-type":"","background-media":"","overlay-type":"","overlay-color":"","overlay-opacity":"","overlay-gradient":""}}},"product_brand":[199],"product_cat":[27,114,58],"product_tag":[161,56,133,151],"class_list":{"0":"post-2829","1":"product","2":"type-product","3":"status-publish","4":"has-post-thumbnail","6":"product_brand-biologique-recherche","7":"product_cat-br","8":"product_cat-face","9":"product_cat-face-masks","10":"product_tag-ageing-skin","11":"product_tag-biologique-recherche","12":"product_tag-face-products","13":"product_tag-masks","14":"desktop-align-center","15":"tablet-align-center","16":"mobile-align-center","17":"ast-product-gallery-layout-vertical-slider","18":"ast-product-gallery-with-no-image","19":"ast-product-tabs-layout-horizontal","20":"ast-qv-on-image","22":"first","23":"instock","24":"taxable","25":"shipping-taxable","26":"purchasable","27":"product-type-simple"},"uagb_featured_image_src":{"full":["https:\/\/ambassadebeaute.al\/wp-content\/uploads\/2022\/04\/Masque_Biofixine_Etuifull.jpg",1024,1024,false],"thumbnail":["https:\/\/ambassadebeaute.al\/wp-content\/uploads\/2022\/04\/Masque_Biofixine_Etuifull-150x150.jpg",150,150,true],"medium":["https:\/\/ambassadebeaute.al\/wp-content\/uploads\/2022\/04\/Masque_Biofixine_Etuifull-300x300.jpg",300,300,true],"medium_large":["https:\/\/ambassadebeaute.al\/wp-content\/uploads\/2022\/04\/Masque_Biofixine_Etuifull-768x768.jpg",768,768,true],"large":["https:\/\/ambassadebeaute.al\/wp-content\/uploads\/2022\/04\/Masque_Biofixine_Etuifull-1024x1024.jpg",1024,1024,true],"1536x1536":["https:\/\/ambassadebeaute.al\/wp-content\/uploads\/2022\/04\/Masque_Biofixine_Etuifull.jpg",1024,1024,false],"2048x2048":["https:\/\/ambassadebeaute.al\/wp-content\/uploads\/2022\/04\/Masque_Biofixine_Etuifull.jpg",1024,1024,false],"trp-custom-language-flag":["https:\/\/ambassadebeaute.al\/wp-content\/uploads\/2022\/04\/Masque_Biofixine_Etuifull-12x12.jpg",12,12,true],"woocommerce_thumbnail":["https:\/\/ambassadebeaute.al\/wp-content\/uploads\/2022\/04\/Masque_Biofixine_Etuifull-300x300.jpg",300,300,true],"woocommerce_single":["https:\/\/ambassadebeaute.al\/wp-content\/uploads\/2022\/04\/Masque_Biofixine_Etuifull-600x600.jpg",600,600,true],"woocommerce_gallery_thumbnail":["https:\/\/ambassadebeaute.al\/wp-content\/uploads\/2022\/04\/Masque_Biofixine_Etuifull-100x100.jpg",100,100,true]},"uagb_author_info":{"display_name":"admin","author_link":"https:\/\/ambassadebeaute.al\/sq\/author\/"},"uagb_comment_info":0,"uagb_excerpt":"Anti-aging facial mask Initialization Stage -Mask \u2022 ANTI WRINKLE \u2022 MYORELAXING \u2022 REGENERATING A genuine ally against wrinkles, Masque Biofixine acts on the surface and appearance of wrinkles, whether they are static (due to skin aging) or mechanical (due to muscle contractions). Myorelax Peptide, known for its relaxing effect on muscle micro-tension, helps correct expression&hellip;","_links":{"self":[{"href":"https:\/\/ambassadebeaute.al\/sq\/wp-json\/wp\/v2\/product\/2829","targetHints":{"allow":["GET"]}}],"collection":[{"href":"https:\/\/ambassadebeaute.al\/sq\/wp-json\/wp\/v2\/product"}],"about":[{"href":"https:\/\/ambassadebeaute.al\/sq\/wp-json\/wp\/v2\/types\/product"}],"wp:featuredmedia":[{"embeddable":true,"href":"https:\/\/ambassadebeaute.al\/sq\/wp-json\/wp\/v2\/media\/2830"}],"wp:attachment":[{"href":"https:\/\/ambassadebeaute.al\/sq\/wp-json\/wp\/v2\/media?parent=2829"}],"wp:term":[{"taxonomy":"product_brand","embeddable":true,"href":"https:\/\/ambassadebeaute.al\/sq\/wp-json\/wp\/v2\/product_brand?post=2829"},{"taxonomy":"product_cat","embeddable":true,"href":"https:\/\/ambassadebeaute.al\/sq\/wp-json\/wp\/v2\/product_cat?post=2829"},{"taxonomy":"product_tag","embeddable":true,"href":"https:\/\/ambassadebeaute.al\/sq\/wp-json\/wp\/v2\/product_tag?post=2829"}],"curies":[{"name":"wp","href":"https:\/\/api.w.org\/{rel}","templated":true}]}}