{"id":2838,"date":"2022-04-07T19:40:45","date_gmt":"2022-04-07T19:40:45","guid":{"rendered":"https:\/\/ambassadebeaute.al\/?post_type=product&#038;p=2838"},"modified":"2026-04-08T20:23:48","modified_gmt":"2026-04-08T20:23:48","slug":"lekure-toleske-c-40-ml","status":"publish","type":"product","link":"https:\/\/ambassadebeaute.al\/sq\/shop\/br\/face\/creams\/toleskin-c-40-ml\/","title":{"rendered":"TOLESKIN C 40 ML"},"content":{"rendered":"<ul>\n<li>\n<div>Ndihmon n\u00eb rivendosjen e ekuilibrit t\u00eb mikrobiot\u00ebs<\/div>\n<\/li>\n<li>\n<div>Redukton reaksionet e l\u00ebkur\u00ebs dhe rrit integritetin e saj<\/div>\n<\/li>\n<li>\n<div>Rivendos dhe forcon penges\u00ebn<\/div>\n<\/li>\n<li>\n<div>P\u00ebrmir\u00ebson toleranc\u00ebn e l\u00ebkur\u00ebs<\/div>\n<\/li>\n<li>\n<div>Redukton ndjeshm\u00ebrin\u00eb, kruajtjen dhe shqet\u00ebsimin e l\u00ebkur\u00ebs<\/div>\n<\/li>\n<\/ul>","protected":false},"excerpt":{"rendered":"<div>Reconditioning and soothing sterile cream<\/div>\n<div>\u2022 SOOTHING \u2022 PROTECTIVE \u2022 RECONDITIONING<\/div>\n<div>Highly soothing, Toleskin [C] reduces skin sensitivity, itching sensations and discomfort. Intolerant skins are characterized by a disruption in the normal cutaneous microbiota and a skin barrier impairment that can allow allergens and pathogens to enter the epidermis. Its formula helps to restore the microbiota balance to prevent skin from reacting and preserve its integrity.<br \/>\nIt also helps to restore and strengthen the cutaneous barrier, which protects the skin from external stress factors by reducing itching. The skin becomes more tolerant and is soothed. The skin\u2019s texture is less rough and redness is reduced, leaving the epidermis feeling comfortable. Manufactured in a sterile environment. Tested under dermatological control.<\/div>\n<div>Recommended for intolerant Skin Instants\u00a9.<\/div>\n","protected":false},"featured_media":2839,"template":"","meta":{"_uag_custom_page_level_css":"","site-sidebar-layout":"default","site-content-layout":"","ast-site-content-layout":"default","site-content-style":"default","site-sidebar-style":"default","ast-global-header-display":"","ast-banner-title-visibility":"","ast-main-header-display":"","ast-hfb-above-header-display":"","ast-hfb-below-header-display":"","ast-hfb-mobile-header-display":"","site-post-title":"","ast-breadcrumbs-content":"","ast-featured-img":"","footer-sml-layout":"","ast-disable-related-posts":"","theme-transparent-header-meta":"","adv-header-id-meta":"","stick-header-meta":"","header-above-stick-meta":"","header-main-stick-meta":"","header-below-stick-meta":"","astra-migrate-meta-layouts":"default","ast-page-background-enabled":"default","ast-page-background-meta":{"desktop":{"background-color":"var(--ast-global-color-4)","background-image":"","background-repeat":"repeat","background-position":"center center","background-size":"auto","background-attachment":"scroll","background-type":"","background-media":"","overlay-type":"","overlay-color":"","overlay-opacity":"","overlay-gradient":""},"tablet":{"background-color":"","background-image":"","background-repeat":"repeat","background-position":"center center","background-size":"auto","background-attachment":"scroll","background-type":"","background-media":"","overlay-type":"","overlay-color":"","overlay-opacity":"","overlay-gradient":""},"mobile":{"background-color":"","background-image":"","background-repeat":"repeat","background-position":"center center","background-size":"auto","background-attachment":"scroll","background-type":"","background-media":"","overlay-type":"","overlay-color":"","overlay-opacity":"","overlay-gradient":""}},"ast-content-background-meta":{"desktop":{"background-color":"var(--ast-global-color-5)","background-image":"","background-repeat":"repeat","background-position":"center center","background-size":"auto","background-attachment":"scroll","background-type":"","background-media":"","overlay-type":"","overlay-color":"","overlay-opacity":"","overlay-gradient":""},"tablet":{"background-color":"var(--ast-global-color-5)","background-image":"","background-repeat":"repeat","background-position":"center center","background-size":"auto","background-attachment":"scroll","background-type":"","background-media":"","overlay-type":"","overlay-color":"","overlay-opacity":"","overlay-gradient":""},"mobile":{"background-color":"var(--ast-global-color-5)","background-image":"","background-repeat":"repeat","background-position":"center center","background-size":"auto","background-attachment":"scroll","background-type":"","background-media":"","overlay-type":"","overlay-color":"","overlay-opacity":"","overlay-gradient":""}}},"product_brand":[199],"product_cat":[27,61,114],"product_tag":[56,154,133,162],"class_list":{"0":"post-2838","1":"product","2":"type-product","3":"status-publish","4":"has-post-thumbnail","6":"product_brand-biologique-recherche","7":"product_cat-br","8":"product_cat-creams","9":"product_cat-face","10":"product_tag-biologique-recherche","11":"product_tag-creams","12":"product_tag-face-products","13":"product_tag-intolerant-skin","14":"desktop-align-center","15":"tablet-align-center","16":"mobile-align-center","17":"ast-product-gallery-layout-vertical-slider","18":"ast-product-gallery-with-no-image","19":"ast-product-tabs-layout-horizontal","20":"ast-qv-on-image","22":"first","23":"instock","24":"taxable","25":"shipping-taxable","26":"purchasable","27":"product-type-simple"},"uagb_featured_image_src":{"full":["https:\/\/ambassadebeaute.al\/wp-content\/uploads\/2022\/04\/ToleskinCbox.jpg",1024,1024,false],"thumbnail":["https:\/\/ambassadebeaute.al\/wp-content\/uploads\/2022\/04\/ToleskinCbox-150x150.jpg",150,150,true],"medium":["https:\/\/ambassadebeaute.al\/wp-content\/uploads\/2022\/04\/ToleskinCbox-300x300.jpg",300,300,true],"medium_large":["https:\/\/ambassadebeaute.al\/wp-content\/uploads\/2022\/04\/ToleskinCbox-768x768.jpg",768,768,true],"large":["https:\/\/ambassadebeaute.al\/wp-content\/uploads\/2022\/04\/ToleskinCbox-1024x1024.jpg",1024,1024,true],"1536x1536":["https:\/\/ambassadebeaute.al\/wp-content\/uploads\/2022\/04\/ToleskinCbox.jpg",1024,1024,false],"2048x2048":["https:\/\/ambassadebeaute.al\/wp-content\/uploads\/2022\/04\/ToleskinCbox.jpg",1024,1024,false],"trp-custom-language-flag":["https:\/\/ambassadebeaute.al\/wp-content\/uploads\/2022\/04\/ToleskinCbox-12x12.jpg",12,12,true],"woocommerce_thumbnail":["https:\/\/ambassadebeaute.al\/wp-content\/uploads\/2022\/04\/ToleskinCbox-300x300.jpg",300,300,true],"woocommerce_single":["https:\/\/ambassadebeaute.al\/wp-content\/uploads\/2022\/04\/ToleskinCbox-600x600.jpg",600,600,true],"woocommerce_gallery_thumbnail":["https:\/\/ambassadebeaute.al\/wp-content\/uploads\/2022\/04\/ToleskinCbox-100x100.jpg",100,100,true]},"uagb_author_info":{"display_name":"admin","author_link":"https:\/\/ambassadebeaute.al\/sq\/author\/"},"uagb_comment_info":0,"uagb_excerpt":"Reconditioning and soothing sterile cream \u2022 SOOTHING \u2022 PROTECTIVE \u2022 RECONDITIONING Highly soothing, Toleskin [C] reduces skin sensitivity, itching sensations and discomfort. Intolerant skins are characterized by a disruption in the normal cutaneous microbiota and a skin barrier impairment that can allow allergens and pathogens to enter the epidermis. Its formula helps to restore the&hellip;","_links":{"self":[{"href":"https:\/\/ambassadebeaute.al\/sq\/wp-json\/wp\/v2\/product\/2838","targetHints":{"allow":["GET"]}}],"collection":[{"href":"https:\/\/ambassadebeaute.al\/sq\/wp-json\/wp\/v2\/product"}],"about":[{"href":"https:\/\/ambassadebeaute.al\/sq\/wp-json\/wp\/v2\/types\/product"}],"wp:featuredmedia":[{"embeddable":true,"href":"https:\/\/ambassadebeaute.al\/sq\/wp-json\/wp\/v2\/media\/2839"}],"wp:attachment":[{"href":"https:\/\/ambassadebeaute.al\/sq\/wp-json\/wp\/v2\/media?parent=2838"}],"wp:term":[{"taxonomy":"product_brand","embeddable":true,"href":"https:\/\/ambassadebeaute.al\/sq\/wp-json\/wp\/v2\/product_brand?post=2838"},{"taxonomy":"product_cat","embeddable":true,"href":"https:\/\/ambassadebeaute.al\/sq\/wp-json\/wp\/v2\/product_cat?post=2838"},{"taxonomy":"product_tag","embeddable":true,"href":"https:\/\/ambassadebeaute.al\/sq\/wp-json\/wp\/v2\/product_tag?post=2838"}],"curies":[{"name":"wp","href":"https:\/\/api.w.org\/{rel}","templated":true}]}}