{"id":2842,"date":"2022-04-10T15:26:24","date_gmt":"2022-04-10T15:26:24","guid":{"rendered":"https:\/\/ambassadebeaute.al\/?post_type=product&#038;p=2842"},"modified":"2026-04-08T20:23:48","modified_gmt":"2026-04-08T20:23:48","slug":"krem-aux-acides-frutash-30-ml","status":"publish","type":"product","link":"https:\/\/ambassadebeaute.al\/sq\/shop\/br\/face\/creams\/creme-aux-acides-des-fruits-30-ml\/","title":{"rendered":"CREME AUX ACIDES DES FRUITS 30 ML"},"content":{"rendered":"<div class=\"translation-block\">\n<ul><li>\nZbut, pastron dhe detoksifikon epiderm\u00ebn.\n<li>Zbut rrudhat e holla.<\/li>\n<li>Ndri\u00e7on \u00e7ehre, duke e l\u00ebn\u00eb at\u00eb rrezatuese.<\/li>\n<li>Eksfolion zbut dhe p\u00ebrsos struktur\u00ebn e l\u00ebkur\u00ebs.<\/li>\n<li>Hidraton shtresat e sip\u00ebrme t\u00eb epiderm\u00ebs.<\/li>\n<li>Kombinimi i AHA dhe NMF rrit efektin rigjenerues, hidratues, rigjall\u00ebrues t\u00eb epiderm\u00ebs.<\/li>\n<li>L\u00ebkura juaj e tonifikuar \u00ebsht\u00eb e transformuar dhe rrezatuese.<\/li><\/ul>\n<\/div>","protected":false},"excerpt":{"rendered":"<div class=\"translation-block\">\u2022 SHKOR\u00cbZUES \u2022 HIDRATUES \u2022 NDRI\u00c7UES\n\nNj\u00eb krem i v\u00ebrtet\u00eb perfeksionues, Cr\u00e8me aux Acides de Fruits p\u00ebrmban t\u00eb gjith\u00eb element\u00ebt thelb\u00ebsor\u00eb t\u00eb nevojsh\u00ebm p\u00ebr eksfolimin e but\u00eb, t\u00eb l\u00ebmuar dhe p\u00ebrsosjen e struktur\u00ebs s\u00eb l\u00ebkur\u00ebs. Formuluar me AHA, BHA dhe PHA, \u00e7liron epiderm\u00ebn nga papast\u00ebrtit\u00eb e grumbulluara n\u00eb sip\u00ebrfaqe p\u00ebr t\u00eb rritur shk\u00eblqimin e \u00e7ehr\u00ebs dhe l\u00ebkur\u00ebs.\n\nRekomandohet p\u00ebr Skin Instants\u00a9 t\u00eb pjekur dhe\/ose t\u00eb prirur ndaj akneve<\/div>","protected":false},"featured_media":2843,"template":"","meta":{"_uag_custom_page_level_css":"","site-sidebar-layout":"default","site-content-layout":"","ast-site-content-layout":"default","site-content-style":"default","site-sidebar-style":"default","ast-global-header-display":"","ast-banner-title-visibility":"","ast-main-header-display":"","ast-hfb-above-header-display":"","ast-hfb-below-header-display":"","ast-hfb-mobile-header-display":"","site-post-title":"","ast-breadcrumbs-content":"","ast-featured-img":"","footer-sml-layout":"","ast-disable-related-posts":"","theme-transparent-header-meta":"","adv-header-id-meta":"","stick-header-meta":"","header-above-stick-meta":"","header-main-stick-meta":"","header-below-stick-meta":"","astra-migrate-meta-layouts":"default","ast-page-background-enabled":"default","ast-page-background-meta":{"desktop":{"background-color":"var(--ast-global-color-4)","background-image":"","background-repeat":"repeat","background-position":"center center","background-size":"auto","background-attachment":"scroll","background-type":"","background-media":"","overlay-type":"","overlay-color":"","overlay-opacity":"","overlay-gradient":""},"tablet":{"background-color":"","background-image":"","background-repeat":"repeat","background-position":"center center","background-size":"auto","background-attachment":"scroll","background-type":"","background-media":"","overlay-type":"","overlay-color":"","overlay-opacity":"","overlay-gradient":""},"mobile":{"background-color":"","background-image":"","background-repeat":"repeat","background-position":"center center","background-size":"auto","background-attachment":"scroll","background-type":"","background-media":"","overlay-type":"","overlay-color":"","overlay-opacity":"","overlay-gradient":""}},"ast-content-background-meta":{"desktop":{"background-color":"var(--ast-global-color-5)","background-image":"","background-repeat":"repeat","background-position":"center center","background-size":"auto","background-attachment":"scroll","background-type":"","background-media":"","overlay-type":"","overlay-color":"","overlay-opacity":"","overlay-gradient":""},"tablet":{"background-color":"var(--ast-global-color-5)","background-image":"","background-repeat":"repeat","background-position":"center center","background-size":"auto","background-attachment":"scroll","background-type":"","background-media":"","overlay-type":"","overlay-color":"","overlay-opacity":"","overlay-gradient":""},"mobile":{"background-color":"var(--ast-global-color-5)","background-image":"","background-repeat":"repeat","background-position":"center center","background-size":"auto","background-attachment":"scroll","background-type":"","background-media":"","overlay-type":"","overlay-color":"","overlay-opacity":"","overlay-gradient":""}}},"product_brand":[199],"product_cat":[27,61,114],"product_tag":[],"class_list":{"0":"post-2842","1":"product","2":"type-product","3":"status-publish","4":"has-post-thumbnail","6":"product_brand-biologique-recherche","7":"product_cat-br","8":"product_cat-creams","9":"product_cat-face","10":"desktop-align-center","11":"tablet-align-center","12":"mobile-align-center","13":"ast-product-gallery-layout-vertical-slider","14":"ast-product-gallery-with-no-image","15":"ast-product-tabs-layout-horizontal","16":"ast-qv-on-image","18":"first","19":"instock","20":"taxable","21":"shipping-taxable","22":"purchasable","23":"product-type-simple"},"uagb_featured_image_src":{"full":["https:\/\/ambassadebeaute.al\/wp-content\/uploads\/2022\/04\/Creme-aux-Acides-de-Fruits-30ml.jpg",1024,1024,false],"thumbnail":["https:\/\/ambassadebeaute.al\/wp-content\/uploads\/2022\/04\/Creme-aux-Acides-de-Fruits-30ml-150x150.jpg",150,150,true],"medium":["https:\/\/ambassadebeaute.al\/wp-content\/uploads\/2022\/04\/Creme-aux-Acides-de-Fruits-30ml-300x300.jpg",300,300,true],"medium_large":["https:\/\/ambassadebeaute.al\/wp-content\/uploads\/2022\/04\/Creme-aux-Acides-de-Fruits-30ml-768x768.jpg",768,768,true],"large":["https:\/\/ambassadebeaute.al\/wp-content\/uploads\/2022\/04\/Creme-aux-Acides-de-Fruits-30ml-1024x1024.jpg",1024,1024,true],"1536x1536":["https:\/\/ambassadebeaute.al\/wp-content\/uploads\/2022\/04\/Creme-aux-Acides-de-Fruits-30ml.jpg",1024,1024,false],"2048x2048":["https:\/\/ambassadebeaute.al\/wp-content\/uploads\/2022\/04\/Creme-aux-Acides-de-Fruits-30ml.jpg",1024,1024,false],"trp-custom-language-flag":["https:\/\/ambassadebeaute.al\/wp-content\/uploads\/2022\/04\/Creme-aux-Acides-de-Fruits-30ml-12x12.jpg",12,12,true],"woocommerce_thumbnail":["https:\/\/ambassadebeaute.al\/wp-content\/uploads\/2022\/04\/Creme-aux-Acides-de-Fruits-30ml-300x300.jpg",300,300,true],"woocommerce_single":["https:\/\/ambassadebeaute.al\/wp-content\/uploads\/2022\/04\/Creme-aux-Acides-de-Fruits-30ml-600x600.jpg",600,600,true],"woocommerce_gallery_thumbnail":["https:\/\/ambassadebeaute.al\/wp-content\/uploads\/2022\/04\/Creme-aux-Acides-de-Fruits-30ml-100x100.jpg",100,100,true]},"uagb_author_info":{"display_name":"admin","author_link":"https:\/\/ambassadebeaute.al\/sq\/author\/"},"uagb_comment_info":0,"uagb_excerpt":"Renovating face cream \u2022 EXFOLIATING \u2022 MOISTURIZING \u2022 BRIGHTENING A true perfecting cream, Cr\u00e8me aux Acides de Fruits contains all the essential elements needed to gently exfoliate, smooth and refine skin texture. Formulated with AHA, BHA and PHA, it frees the epidermis from impurities accumulated on the surface to enhance the radiance of the complexion&hellip;","_links":{"self":[{"href":"https:\/\/ambassadebeaute.al\/sq\/wp-json\/wp\/v2\/product\/2842","targetHints":{"allow":["GET"]}}],"collection":[{"href":"https:\/\/ambassadebeaute.al\/sq\/wp-json\/wp\/v2\/product"}],"about":[{"href":"https:\/\/ambassadebeaute.al\/sq\/wp-json\/wp\/v2\/types\/product"}],"wp:featuredmedia":[{"embeddable":true,"href":"https:\/\/ambassadebeaute.al\/sq\/wp-json\/wp\/v2\/media\/2843"}],"wp:attachment":[{"href":"https:\/\/ambassadebeaute.al\/sq\/wp-json\/wp\/v2\/media?parent=2842"}],"wp:term":[{"taxonomy":"product_brand","embeddable":true,"href":"https:\/\/ambassadebeaute.al\/sq\/wp-json\/wp\/v2\/product_brand?post=2842"},{"taxonomy":"product_cat","embeddable":true,"href":"https:\/\/ambassadebeaute.al\/sq\/wp-json\/wp\/v2\/product_cat?post=2842"},{"taxonomy":"product_tag","embeddable":true,"href":"https:\/\/ambassadebeaute.al\/sq\/wp-json\/wp\/v2\/product_tag?post=2842"}],"curies":[{"name":"wp","href":"https:\/\/api.w.org\/{rel}","templated":true}]}}